{"id":416,"date":"2025-04-11T11:52:55","date_gmt":"2025-04-11T11:52:55","guid":{"rendered":"https:\/\/red-lighttherapy.com\/?post_type=product&#038;p=416"},"modified":"2025-04-20T05:59:36","modified_gmt":"2025-04-20T05:59:36","slug":"lid-and-base-box-mobile-cell-phone-packaging-box-factory","status":"publish","type":"product","link":"https:\/\/red-lighttherapy.com\/it\/lid-and-base-box-mobile-cell-phone-packaging-box-factory\/","title":{"rendered":"Coperchio e scatola di base Mobile Cell Phone Packaging Box Factory"},"content":{"rendered":"<h2 id=\"-product-description-of-mobile-phone-box-with-top-and-bottom-cover-\"><strong>Descrizione del prodotto di coperchio e scatola di base Mobile Cell Phone Packaging Box Factory<\/strong><\/h2>\n<h2 id=\"-1-box-design-top-and-bottom-cover-structure-practical-and-environmentally-friendly-\"><strong>1. Design della scatola: Struttura del coperchio e della base, pratica e rispettosa dell'ambiente.<\/strong><\/h2>\n<p>Questo prodotto adotta il classico design del coperchio e della scatola di base. Il coperchio superiore e la scatola di fondo sono fissati insieme con precisione. \u00c8 comodo da aprire e chiudere e ha un forte senso del rituale, offrendo ai consumatori un'esperienza unica di unboxing. La struttura del coperchio superiore e inferiore non solo protegge efficacemente la sicurezza del trasporto del prodotto, ma presenta anche i seguenti vantaggi:<\/p>\n<ul>\n<li><strong>Utilizzo secondario<\/strong>: Il corpo della scatola adotta un design modulare e pu\u00f2 essere facilmente separato senza colla o smontaggio complicato. I consumatori possono riutilizzarla come scatola di stoccaggio, espositore, ecc. in linea con il concetto di tutela ambientale.<\/li>\n<li><strong>Elevata adattabilit\u00e0<\/strong>: Supporta dimensioni personalizzate (altezza, larghezza e profondit\u00e0 illimitate), adatte a telefoni cellulari, accessori digitali, beni di lusso e altri prodotti.<\/li>\n<\/ul>\n<h2 id=\"-2-appearance-craftsmanship-light-luxury-blue-and-gold-color-matching-highlighting-brand-style-\"><strong>2. Aspetto Artigianato: Abbinamento dei colori blu chiaro e oro, per evidenziare lo stile del marchio.<\/strong><\/h2>\n<ul>\n<li><strong>Abbinamento dei colori<\/strong>: Il colore principale \u00e8 il blu mare profondo, abbinato alla tecnologia di stampa a caldo (come il LOGO del marchio, i motivi, ecc.), che forma un forte contrasto visivo, creando un'atmosfera leggera, lussuosa e nobile.<\/li>\n<li><strong>Tecnologia di stampa a caldo<\/strong>: L'uso di attrezzature di alta precisione per la stampa a caldo garantisce che i bordi del modello siano chiari e privi di sbavature, mentre gli sfondi oro e blu formano un senso di gerarchia tridimensionale che aumenta l'attrattiva dell'esposizione del prodotto.<\/li>\n<\/ul>\n<h2 id=\"-3-core-material-high-load-bearing-gray-board-coated-paper-quality-and-performance-\"><strong>3. Materiale dell'anima: cartone grigio ad alta resistenza + carta patinata, qualit\u00e0 e prestazioni<\/strong><\/h2>\n<ul>\n<li><strong>Substrato di cartone grigio<\/strong>: Selezionare un cartone grigio ad alta densit\u00e0 da 1200 GSM, con spessore uniforme, forte legame tra gli strati e prestazioni di compressione superiori a 150 kg, che impediscono efficacemente la deformazione da trasporto. La superficie del cartone grigio \u00e8 piatta, comoda per il successivo processo di montaggio, e supporta la piegatura e la formatura, con bordi e angoli nitidi e un aspetto squisito.<\/li>\n<li><strong>Materiale della carta di rivestimento<\/strong>: Lo strato esterno \u00e8 rivestito di carta patinata da 157 GSM, con un'elevata riproduzione dei colori, in grado di supportare la stampa offset, la stampa UV e altri processi; il motivo \u00e8 delicato, resistente all'usura e ai graffi.<\/li>\n<\/ul>\n<h2 id=\"-4-inner-support-design-multiple-material-selection-precise-product-fixation-\"><strong>4. Design del supporto interno: selezione di pi\u00f9 materiali, fissaggio preciso del prodotto.<\/strong><\/h2>\n<ul>\n<li><strong>Soluzione di supporto interno<\/strong>: Fornire EVA, cotone perlato, spugna, carta blister e altri materiali di rivestimento, personalizzare le scanalature di forma speciale in base alla forma del prodotto per garantire che il telefono cellulare e gli accessori siano stabili e antiurto.<\/li>\n<li><strong>Ottimizzazione delle funzioni<\/strong>:<\/li>\n<li><strong>EVA\/Cotone perlato<\/strong>: Tampone ad alta elasticit\u00e0, adatto agli oggetti fragili;<\/li>\n<li><strong>Blister di carta<\/strong>: Rispettoso dell'ambiente e degradabile, adatto al posizionamento di regali di alta gamma;<\/li>\n<li><strong>Fissazione della lingua<\/strong>: La struttura con linguetta e martinetto consente di assemblare rapidamente il vassoio interno e il corpo della scatola per migliorare l'efficienza dell'imballaggio.<\/li>\n<\/ul>\n<h2 id=\"-5-production-capacity-automated-production-line-efficient-delivery-of-large-scale-orders-\"><strong>5. Capacit\u00e0 di produzione: Linea di produzione automatizzata, consegna efficiente di ordini su larga scala.<\/strong><\/h2>\n<ul>\n<li><strong>Apparecchiature intelligenti<\/strong>Dotata di fustellatrici completamente automatiche, macchine per la formazione di blister, macchine per lo stampaggio a caldo e altre attrezzature per ottenere una produzione integrata dalla scanalatura, all'incollaggio degli angoli fino allo stampaggio, con una capacit\u00e0 produttiva media giornaliera di oltre 100.000 pezzi.<\/li>\n<li><strong>Vantaggi del processo<\/strong>:<\/li>\n<li><strong>Fustellatura precisa<\/strong>: La tecnologia di posizionamento laser garantisce che l'errore di scanalatura del cartone grigio sia \u22641 mm, evitando le sbavature della scatola pieghevole;<\/li>\n<li><strong>Cambio rapido dello stampo<\/strong>: Gli stampi modulari consentono di cambiare le specifiche del prodotto in 15 minuti per soddisfare le esigenze di pi\u00f9 lotti di ordini.<\/li>\n<\/ul>\n<h2 id=\"-6-quality-control-full-process-inspection-to-ensure-zero-product-defects-\"><strong>6. Controllo di qualit\u00e0: ispezione completa del processo per garantire l'assenza di difetti del prodotto.<\/strong><\/h2>\n<ul>\n<li><strong>Ispezione delle materie prime<\/strong>I parametri come la permeabilit\u00e0 del cartoncino grigio e la grammatura della carta patinata sono tutti certificati FSC per eliminare il rischio di delaminazione e deformazione.<\/li>\n<li><strong>Monitoraggio del processo<\/strong>:<\/li>\n<li><strong>Ispezione del primo pezzo<\/strong>Prima di ogni lotto di produzione vengono eseguite la prova di pressione e la verifica delle dimensioni del primo pezzo;<\/li>\n<li><strong>Ispezione online<\/strong>Monitoraggio in tempo reale della deviazione della posizione di stampa a caldo, della differenza di colore di stampa, ecc. attraverso il sistema di visione artificiale.<\/li>\n<li><strong>Accettazione del prodotto finito<\/strong>: Sono stati applicati gli standard ASTM e sono stati simulati i test di vibrazione del trasporto per garantire che il tasso di superamento del test di caduta sia \u226599,9%.<\/li>\n<\/ul>\n<h2 id=\"-cooperation-advantages-and-service-commitments-\"><strong>Vantaggi della cooperazione e impegni di servizio<\/strong><\/h2>\n<ul>\n<li><strong>Servizio personalizzato<\/strong>: Le bozze di design 3D e le prove fisiche sono fornite gratuitamente e i campioni vengono consegnati entro 3 giorni;<\/li>\n<li><strong>Certificazione ambientale<\/strong>: i materiali sono conformi agli standard REACH e RoHS e supportano processi degradabili;<\/li>\n<li><strong>Garanzia post-vendita<\/strong>La qualit\u00e0 del prodotto \u00e8 garantita: rilavorazione incondizionata per i problemi di qualit\u00e0 e un rapporto di tracciabilit\u00e0 della qualit\u00e0 per l'intero ciclo di vita.<\/li>\n<\/ul>\n<p>Grazie alla profonda integrazione dei progetti, dei materiali e dei processi di cui sopra, le scatole per il coperchio e l'imballaggio superiore prodotte da questa fabbrica non solo soddisfano le esigenze funzionali, ma rafforzano anche il valore del marchio con un'estetica leggera e lussuosa e concetti di protezione ambientale, aiutando i clienti a creare un'immagine differenziata del prodotto di fascia alta.<\/p>","protected":false},"excerpt":{"rendered":"<p>Questa scatola da imballaggio con coperchio e base adotta una struttura con coperchio superiore e inferiore, facile da prendere. Il processo di stampa a caldo UV + oro conferisce alla confezione un senso di lusso e ne aumenta il valore aggiunto.<\/p>","protected":false},"featured_media":425,"template":"","meta":{"_kad_post_transparent":"default","_kad_post_title":"","_kad_post_layout":"default","_kad_post_sidebar_id":"","_kad_post_content_style":"default","_kad_post_vertical_padding":"default","_kad_post_feature":"","_kad_post_feature_position":"","_kad_post_header":false,"_kad_post_footer":false,"_kad_post_classname":""},"product_brand":[],"product_cat":[15,19,17],"product_tag":[129,128,127],"class_list":{"0":"post-416","1":"product","2":"type-product","3":"status-publish","4":"has-post-thumbnail","6":"product_cat-red-light-therapy","7":"product_cat-red-light-therapy-stand","8":"product_cat-services","9":"product_tag-cell-phone-packaging-factory","10":"product_tag-cellphone-packaging-box","11":"product_tag-mobile-phone-boxes","13":"first","14":"instock","15":"shipping-taxable","16":"product-type-simple","17":"entry","18":"content-bg","19":"loop-entry"},"_links":{"self":[{"href":"https:\/\/red-lighttherapy.com\/it\/wp-json\/wp\/v2\/product\/416","targetHints":{"allow":["GET"]}}],"collection":[{"href":"https:\/\/red-lighttherapy.com\/it\/wp-json\/wp\/v2\/product"}],"about":[{"href":"https:\/\/red-lighttherapy.com\/it\/wp-json\/wp\/v2\/types\/product"}],"wp:featuredmedia":[{"embeddable":true,"href":"https:\/\/red-lighttherapy.com\/it\/wp-json\/wp\/v2\/media\/425"}],"wp:attachment":[{"href":"https:\/\/red-lighttherapy.com\/it\/wp-json\/wp\/v2\/media?parent=416"}],"wp:term":[{"taxonomy":"product_brand","embeddable":true,"href":"https:\/\/red-lighttherapy.com\/it\/wp-json\/wp\/v2\/product_brand?post=416"},{"taxonomy":"product_cat","embeddable":true,"href":"https:\/\/red-lighttherapy.com\/it\/wp-json\/wp\/v2\/product_cat?post=416"},{"taxonomy":"product_tag","embeddable":true,"href":"https:\/\/red-lighttherapy.com\/it\/wp-json\/wp\/v2\/product_tag?post=416"}],"curies":[{"name":"wp","href":"https:\/\/api.w.org\/{rel}","templated":true}]}}