{"id":367,"date":"2025-04-11T06:02:12","date_gmt":"2025-04-11T06:02:12","guid":{"rendered":"https:\/\/red-lighttherapy.com\/?post_type=product&#038;p=367"},"modified":"2025-04-11T06:30:31","modified_gmt":"2025-04-11T06:30:31","slug":"luxury-perfume-cosmetics-clamshell-rigid-boxes-suppliers","status":"publish","type":"product","link":"https:\/\/red-lighttherapy.com\/it\/luxury-perfume-cosmetics-clamshell-rigid-boxes-suppliers\/","title":{"rendered":"Profumo di lusso cosmetici Clamshell scatole rigide fornitori"},"content":{"rendered":"<h2 id=\"-product-description-of-high-end-perfume-and-cosmetics-flip-top-hard-box-\"><strong>Descrizione del prodotto di lusso profumo cosmetici Clamshell rigida scatole fornitori<\/strong><\/h2>\n<p><strong>--Artigianalit\u00e0, soluzioni di imballaggio di lusso personalizzate<\/strong><\/p>\n<h2 id=\"-i-innovative-design-one-handed-operation-smooth-opening-and-closing-\"><strong>1. Design innovativo: funzionamento con una sola mano, apertura e chiusura senza problemi.<\/strong><\/h2>\n<p>Questa confezione regalo a conchiglia adotta il regalo a conchiglia<strong>\u00a0progettazione della struttura<\/strong>La parte della cerniera \u00e8 lavorata con stampi di precisione per garantire un'apertura e una chiusura fluide e pu\u00f2 essere facilmente azionata con una sola mano. Il corpo della scatola \u00e8 stato testato per garantire la durata e il supporto.\u00a0<strong>oltre 10.000 aperture e chiusure ripetute<\/strong>che soddisfa le esigenze di utilizzo a lungo termine dei cosmetici di fascia alta. Il coperchio a ribalta \u00e8 abbinato a un design a ventosa magnetica o a una fibbia (opzionale) per migliorare la stabilit\u00e0 della chiusura ed evitare l'apertura accidentale durante il trasporto.<\/p>\n<h2 id=\"-ii-material-and-structure-stable-protection-upgraded-touch-\"><strong>2. Materiale e struttura: protezione stabile, tocco migliorato<\/strong><\/h2>\n<ol>\n<li><strong>Carta patinata 157GGSM<\/strong>: superficie liscia e delicata, alta riproduzione dei colori, disegno stampato chiaro e tridimensionale.<\/li>\n<li><strong>Pannello grigio ad alta densit\u00e0 1200GSM<\/strong>: la durezza del corpo della scatola raggiunge il livello leader del settore e la resistenza alla compressione \u00e8 aumentata di 30%, resistendo efficacemente agli urti esterni.<\/li>\n<li>Il colore principale \u00e8\u00a0<strong>verde scuro e nero opaco<\/strong>. La tonalit\u00e0 verde scuro trasmette una sensazione di lusso naturale e le linee nere delineano un profilo semplice, che riduce l'affaticamento visivo e rafforza il riconoscimento del marchio.<\/li>\n<\/ol>\n<h2 id=\"-third-surface-technology-long-term-protection-excellent-texture-\"><strong>3. Tecnologia di superficie: protezione a lungo termine, texture eccellente<\/strong><\/h2>\n<p>Il corpo della scatola \u00e8 trattato con\u00a0<strong>tecnologia di laminazione completa<\/strong>\u00a0(pellicola luminosa\/opaca\/film tattile opzionale):<\/p>\n<ul>\n<li><strong>Impermeabile e antivegetativa<\/strong>: bloccano efficacemente la penetrazione dei liquidi e prolungano la durata dell'imballaggio.<\/li>\n<li><strong>Resistente all'usura e ai graffi<\/strong>: La durezza della superficie raggiunge 3H per evitare graffi durante il trasporto o la visualizzazione.<\/li>\n<li><strong>Personalizzazione del gloss<\/strong>: La pellicola opaca presenta un lusso di basso livello, la pellicola luminosa aumenta l'impatto visivo e la pellicola tattile conferisce un'esclusiva texture vellutata.<\/li>\n<\/ul>\n<h2 id=\"-fourth-functional-lining-shock-resistant-and-cushioning-details-win-\"><strong>4. Fodera funzionale: resistente agli urti e ammortizzante, dettagli vinti<\/strong><\/h2>\n<ol>\n<li><strong>Fodera in EVA<\/strong>Si adatta al contorno della bottiglia, le prestazioni di ammortizzazione sono migliori rispetto alle spugne tradizionali e possono ridurre l'80% della forza d'impatto nel test di caduta.<\/li>\n<li><strong>Struttura a strati in cartone<\/strong>: Il design a nido d'ape migliora la capacit\u00e0 di carico ed \u00e8 adatto ad articoli fragili come bottiglie di vetro e barattoli di ceramica.<\/li>\n<li><strong>Fodera in tessuto di seta\/raffia<\/strong>: Panno di seta opzionale per migliorare il tocco, o rafia naturale per aggiungere una texture ecologica per soddisfare il tono di diversi marchi.<\/li>\n<\/ol>\n<h2 id=\"-v-deep-customization-flexible-adaptation-to-multiple-needs-\"><strong>5. Profonda personalizzazione: Adattamento flessibile a molteplici esigenze<\/strong><\/h2>\n<ol>\n<li>Supporti\u00a0<strong>fondo e coperchio inferiore, tipo cassetto, tipo coperchio scorrevole<\/strong>\u00a0e altri tipi di scatole, con una gamma di dimensioni da 50\u00d750\u00d750 mm a 300\u00d7300\u00d7200 mm, adatte a bottiglie di profumo, essenze, rossetti e altri prodotti.<\/li>\n<li><strong>Stampa a caldo\/goffratura UV<\/strong>: LOGO parziale stampato a caldo o stampa UV tridimensionale per migliorare la memoria visiva del marchio.<\/li>\n<li><strong>Finestra vuota<\/strong>: Grazie al materiale PET trasparente, i prodotti possono essere esposti in modo intuitivo e l'attrattiva dell'esposizione \u00e8 maggiore.<\/li>\n<\/ol>\n<h2 id=\"-six-production-guarantee-large-scale-intelligent-manufacturing-worry-free-delivery-\"><strong>6. Garanzia di produzione: produzione intelligente su larga scala, consegna senza preoccupazioni.<\/strong><\/h2>\n<ul>\n<li><strong>Forza della fabbrica<\/strong>: 5320\u33a1 fabbrica standardizzata, 16 anni di esperienza nel settore, dotata di fustellatrice completamente automatica, laminatrice e linea di stampa digitale, con una capacit\u00e0 produttiva giornaliera di 50.000 pezzi.<\/li>\n<li><strong>Sistema di controllo della qualit\u00e0<\/strong>: Certificazione ISO 9001 superata, controllo rigoroso di 12 collegamenti di ispezione della qualit\u00e0 dall'approvvigionamento di materie prime alla consegna del prodotto finito, e il tasso di difetti \u00e8 inferiore a 0,3%.<\/li>\n<li><strong>Tempi di consegna<\/strong>: Gli ordini regolari vengono consegnati in 7-10 giorni e gli ordini urgenti possono essere ridotti a 3 giorni, supportando la cooperazione logistica globale.<\/li>\n<\/ul>\n<h2 id=\"-application-scenarios-\"><strong>Scenari di applicazione<\/strong><\/h2>\n<ul>\n<li><strong>Profumo di alta gamma<\/strong>: Scatola magnetica personalizzata con rivestimento in EVA per proteggere la bottiglia di vetro ed evidenziare lo stile del marchio.<\/li>\n<li><strong>Confezione regalo per la cura della pelle<\/strong>: La struttura a cassetti multistrato accoglie essenze, creme e altre categorie, mentre la pellicola tattile \u00e8 ricoperta per migliorare il senso di cerimonia dell'apertura della scatola.<\/li>\n<li><strong>Trucco in edizione limitata<\/strong>: Il corpo della scatola, dalla forma particolare, \u00e8 abbinato ad accessori metallici per creare un packaging di livello collezionistico.<\/li>\n<\/ul>","protected":false},"excerpt":{"rendered":"<p>Questa scatola regalo a conchiglia \u00e8 facile da aprire e chiudere e pu\u00f2 essere riutilizzata. Il corpo della scatola \u00e8 prevalentemente verde per ridurre l'affaticamento visivo. Pu\u00f2 essere altamente personalizzata per adattarsi al packaging di profumi e cosmetici.<\/p>","protected":false},"featured_media":372,"template":"","meta":{"_kad_post_transparent":"default","_kad_post_title":"","_kad_post_layout":"default","_kad_post_sidebar_id":"","_kad_post_content_style":"default","_kad_post_vertical_padding":"default","_kad_post_feature":"","_kad_post_feature_position":"","_kad_post_header":false,"_kad_post_footer":false,"_kad_post_classname":""},"product_brand":[],"product_cat":[15,28,27,17],"product_tag":[121,122,120],"class_list":{"0":"post-367","1":"product","2":"type-product","3":"status-publish","4":"has-post-thumbnail","6":"product_cat-red-light-therapy","7":"product_cat-customize","8":"product_cat-red-light-therapy-belt","9":"product_cat-services","10":"product_tag-cosmetics-rigid-boxes","11":"product_tag-luxury-perfume-boxes-suppliers","12":"product_tag-perfume-clamshell-boxes","14":"first","15":"instock","16":"shipping-taxable","17":"product-type-simple","18":"entry","19":"content-bg","20":"loop-entry"},"_links":{"self":[{"href":"https:\/\/red-lighttherapy.com\/it\/wp-json\/wp\/v2\/product\/367","targetHints":{"allow":["GET"]}}],"collection":[{"href":"https:\/\/red-lighttherapy.com\/it\/wp-json\/wp\/v2\/product"}],"about":[{"href":"https:\/\/red-lighttherapy.com\/it\/wp-json\/wp\/v2\/types\/product"}],"wp:featuredmedia":[{"embeddable":true,"href":"https:\/\/red-lighttherapy.com\/it\/wp-json\/wp\/v2\/media\/372"}],"wp:attachment":[{"href":"https:\/\/red-lighttherapy.com\/it\/wp-json\/wp\/v2\/media?parent=367"}],"wp:term":[{"taxonomy":"product_brand","embeddable":true,"href":"https:\/\/red-lighttherapy.com\/it\/wp-json\/wp\/v2\/product_brand?post=367"},{"taxonomy":"product_cat","embeddable":true,"href":"https:\/\/red-lighttherapy.com\/it\/wp-json\/wp\/v2\/product_cat?post=367"},{"taxonomy":"product_tag","embeddable":true,"href":"https:\/\/red-lighttherapy.com\/it\/wp-json\/wp\/v2\/product_tag?post=367"}],"curies":[{"name":"wp","href":"https:\/\/api.w.org\/{rel}","templated":true}]}}