{"id":344,"date":"2025-04-11T03:46:15","date_gmt":"2025-04-11T03:46:15","guid":{"rendered":"https:\/\/red-lighttherapy.com\/?post_type=product&#038;p=344"},"modified":"2025-04-11T04:15:32","modified_gmt":"2025-04-11T04:15:32","slug":"direct-factory-magnetic-closure-box-oral-irrigator-packaging","status":"publish","type":"product","link":"https:\/\/red-lighttherapy.com\/it\/direct-factory-magnetic-closure-box-oral-irrigator-packaging\/","title":{"rendered":"Fabbrica diretta Chiusura magnetica Box Irrigatore orale Packaging"},"content":{"rendered":"<h2 id=\"-product-description-of-the-factory-direct-magnetic-sealed-box-oral-irrigator-packaging-\"><strong>Descrizione del prodotto di Fabbrica diretta Chiusura magnetica scatola irrigatore orale imballaggio<\/strong><\/h2>\n<h2 id=\"-1-magnetic-sealing-design-convenient-and-durable-\"><strong>1. Chiusura magnetica Design di tenuta: Conveniente e durevole<\/strong><\/h2>\n<ul>\n<li><strong>Progettazione del magnete incorporato<\/strong>: Il coperchio della scatola adotta una struttura di chiusura magnetica nascosta e il magnete \u00e8 incorporato nel bordo del corpo della scatola e del coperchio per evitare l'usura o la caduta causata dall'esposizione.<\/li>\n<li><strong>Allineamento automatico dell'adsorbimento<\/strong>: La forza magnetica si assorbe automaticamente durante l'apertura e la chiusura, si allinea con precisione e pu\u00f2 essere facilmente azionata con una sola mano per migliorare l'esperienza dell'utente.<\/li>\n<li><strong>Durata nel tempo<\/strong>: Il sistema magnetico \u00e8 stato testato per l'apertura e la chiusura migliaia di volte per garantire che mantenga un adsorbimento stabile anche dopo un uso prolungato, adatto a scenari di utilizzo ad alta frequenza.<\/li>\n<\/ul>\n<h2 id=\"-2-simple-aesthetic-design-blue-and-white-color-matching-and-brand-recognition-\"><strong>2. Design estetico semplice: Abbinamento dei colori blu e bianco e riconoscimento del marchio<\/strong><\/h2>\n<ul>\n<li><strong>Linguaggio visivo<\/strong>: Il corpo della scatola \u00e8 principalmente blu e bianco. Il blu simboleggia professionalit\u00e0 e pulizia, mentre il bianco trasmette semplicit\u00e0 e tecnologia. L'abbinamento di colori tenui pu\u00f2 alleviare la pressione psicologica degli utenti prima dell'uso.<\/li>\n<li><strong>Valorizzazione del marchio<\/strong>: La superficie della scatola adotta la tecnologia opaca per stampare il logo del marchio, con un design dalle linee minimaliste per migliorare il riconoscimento visivo e trasmettere un senso di qualit\u00e0 di alto livello.<\/li>\n<\/ul>\n<h2 id=\"-3-double-sided-printing-process-dual-optimization-of-environmental-protection-and-information-communication-\"><strong>3. Processo di stampa fronte\/retro: doppia ottimizzazione della protezione dell'ambiente e della comunicazione delle informazioni.<\/strong><\/h2>\n<ul>\n<li><strong>Concetto di protezione ambientale<\/strong>: Adotta materiali cartacei riciclabili, tecnologia di stampa fronte-retro per ridurre gli sprechi di carta, in linea con la tendenza del packaging verde.<\/li>\n<li><strong>Divisione funzionale<\/strong>:<\/li>\n<li><strong>Esterno<\/strong>: Il logo del marchio e i punti chiave di vendita (come \"risciacquo di livello medico\" e \"design portatile\") sono esposti in modo evidente per rafforzare il posizionamento sul mercato.<\/li>\n<li><strong>Interno<\/strong>: Stampa dettagliata delle istruzioni per l'uso del prodotto, delle informazioni sugli ingredienti e della certificazione di sicurezza per aumentare la fiducia degli utenti.<\/li>\n<\/ul>\n<h2 id=\"-4-customized-inner-tray-design-impact-resistance-and-personalized-adaptation-\"><strong>4. Design personalizzato del vassoio interno: resistenza agli urti e adattamento personalizzato.<\/strong><\/h2>\n<ul>\n<li><strong>Vassoio interno resistente agli urti<\/strong>: Adotta un vassoio interno in plastica PP ad alta resistenza, supera la prova d'urto della trave semplice secondo lo standard ISO 179 e pu\u00f2 resistere alle vibrazioni e alle cadute durante il trasporto.<\/li>\n<li><strong>Opzioni di personalizzazione flessibili<\/strong>:<\/li>\n<li><strong>Selezione del materiale<\/strong>: Forniscono un rivestimento in EVA, spugna, tessuto di seta o rafia per adattarsi alle diverse forme di prodotto (come l'host della macchina di lavaggio, l'ugello, il cavo di ricarica, ecc.<\/li>\n<li><strong>Ottimizzazione strutturale<\/strong>: I vassoi interni stratificati o integrati possono essere progettati in base alle dimensioni del prodotto per massimizzare l'utilizzo dello spazio.<\/li>\n<\/ul>\n<h2 id=\"-5-factory-strength-and-service-guarantee-\"><strong>5. Forza della fabbrica e garanzia di servizio<\/strong><\/h2>\n<ul>\n<li><strong>Leadership del settore<\/strong>: In qualit\u00e0 di fabbrica di stampa e imballaggio tra le prime 3 in Cina, ha servito oltre 5.000 clienti di marca, che coprono i settori medico, elettronico, dei beni di consumo in rapida evoluzione e altri campi.<\/li>\n<li><strong>Sistema di produzione efficiente<\/strong>:<\/li>\n<li><strong>Attrezzature e capacit\u00e0 produttiva<\/strong>: Dotata di fustellatrici completamente automatiche, macchine per la stampa digitale UV e sistemi intelligenti di ispezione della qualit\u00e0, la capacit\u00e0 produttiva giornaliera raggiunge oltre 1 milione di pezzi, supportando la consegna in 48 ore degli ordini di emergenza.<\/li>\n<li><strong>Controllo qualit\u00e0<\/strong>: Superata la certificazione ISO 9001, ogni lotto di prodotti \u00e8 sottoposto a test multidimensionali come la resistenza alla compressione, la resistenza all'usura e la differenza di colore per garantire che il tasso qualificato di prodotti di imballaggio finiti sia \u226599,8%.<\/li>\n<li><strong>Servizio unico<\/strong>: Seguire la progettazione, le prove di stampa e la produzione in serie, fornire suggerimenti gratuiti per l'ottimizzazione del design e ridurre i costi decisionali del cliente.<\/li>\n<\/ul>\n<h2 id=\"-reasons-for-choosing-us-\"><strong>Motivi per scegliere noi<\/strong><\/h2>\n<ul>\n<li><strong>Innovazione del design<\/strong>: La combinazione di struttura di aspirazione magnetica e design estetico tiene conto sia della funzione che della comunicazione del marchio.<\/li>\n<li><strong>Conformit\u00e0 ambientale<\/strong>: I materiali e i processi sono conformi alla certificazione FSC e agli standard ambientali REACH dell'UE.<\/li>\n<li><strong>Vantaggio di costo<\/strong>: La produzione su larga scala riduce i costi unitari e i servizi personalizzati non hanno vincoli di quantit\u00e0 minima d'ordine.<\/li>\n<\/ul>","protected":false},"excerpt":{"rendered":"<p>Questa scatola con chiusura magnetica si assorbe e si allinea automaticamente, \u00e8 facile da aprire e chiudere, ha un design semplice ed elegante ed \u00e8 stampata su due lati per risparmiare risorse.<\/p>","protected":false},"featured_media":348,"template":"","meta":{"_kad_post_transparent":"default","_kad_post_title":"","_kad_post_layout":"default","_kad_post_sidebar_id":"","_kad_post_content_style":"default","_kad_post_vertical_padding":"default","_kad_post_feature":"","_kad_post_feature_position":"","_kad_post_header":false,"_kad_post_footer":false,"_kad_post_classname":""},"product_brand":[],"product_cat":[15,28,17],"product_tag":[113,112,111],"class_list":{"0":"post-344","1":"product","2":"type-product","3":"status-publish","4":"has-post-thumbnail","6":"product_cat-red-light-therapy","7":"product_cat-customize","8":"product_cat-services","9":"product_tag-custom-oral-irrigator-packaging","10":"product_tag-magnetic-closure-oral-irrigator-box","11":"product_tag-oral-irrigator-packaging","13":"first","14":"instock","15":"shipping-taxable","16":"product-type-simple","17":"entry","18":"content-bg","19":"loop-entry"},"_links":{"self":[{"href":"https:\/\/red-lighttherapy.com\/it\/wp-json\/wp\/v2\/product\/344","targetHints":{"allow":["GET"]}}],"collection":[{"href":"https:\/\/red-lighttherapy.com\/it\/wp-json\/wp\/v2\/product"}],"about":[{"href":"https:\/\/red-lighttherapy.com\/it\/wp-json\/wp\/v2\/types\/product"}],"wp:featuredmedia":[{"embeddable":true,"href":"https:\/\/red-lighttherapy.com\/it\/wp-json\/wp\/v2\/media\/348"}],"wp:attachment":[{"href":"https:\/\/red-lighttherapy.com\/it\/wp-json\/wp\/v2\/media?parent=344"}],"wp:term":[{"taxonomy":"product_brand","embeddable":true,"href":"https:\/\/red-lighttherapy.com\/it\/wp-json\/wp\/v2\/product_brand?post=344"},{"taxonomy":"product_cat","embeddable":true,"href":"https:\/\/red-lighttherapy.com\/it\/wp-json\/wp\/v2\/product_cat?post=344"},{"taxonomy":"product_tag","embeddable":true,"href":"https:\/\/red-lighttherapy.com\/it\/wp-json\/wp\/v2\/product_tag?post=344"}],"curies":[{"name":"wp","href":"https:\/\/api.w.org\/{rel}","templated":true}]}}