{"id":338,"date":"2025-04-11T03:21:02","date_gmt":"2025-04-11T03:21:02","guid":{"rendered":"https:\/\/red-lighttherapy.com\/?post_type=product&#038;p=338"},"modified":"2025-04-11T03:46:10","modified_gmt":"2025-04-11T03:46:10","slug":"custom-tempered-glass-screen-protector-packaging-box-factory","status":"publish","type":"product","link":"https:\/\/red-lighttherapy.com\/it\/custom-tempered-glass-screen-protector-packaging-box-factory\/","title":{"rendered":"Fabbrica della scatola d'imballaggio del protettore dello schermo di vetro temperato su ordinazione"},"content":{"rendered":"<h2 id=\"-customized-tempered-glass-screen-protector-packaging-box-factory-product-description-\"><strong>Descrizione del prodotto della fabbrica della scatola di imballaggio del protettore dello schermo di vetro temperato su misura<\/strong><\/h2>\n<h2 id=\"-i-top-and-bottom-cover-box-design-both-ritual-and-practicality-\"><strong>1. Design del coperchio e della base: rituale e pratico<\/strong><\/h2>\n<ol>\n<li><strong>Struttura classica del coperchio e della base<\/strong>\u00a0Il design della scatola con coperchio superiore e inferiore separati \u00e8 semplice e comodo da aprire e chiudere, conferendo al prodotto un senso rituale unico. Il corpo della scatola \u00e8 tagliato da stampi di precisione e l'errore \u00e8 controllato entro \u00b10,1 mm per garantire che si adatti saldamente quando \u00e8 chiuso, migliorando la consistenza di alto livello del prodotto.<\/li>\n<li><strong>Ottimizzazione della protezione e della convenienza<\/strong>\u00a0Il materiale del corpo della scatola utilizza un processo composito di 1200GSM di base grigia e 157G di carta di rame, con una resistenza alla compressione di 50kg di pressione statica senza deformazioni, resistendo efficacemente all'estrusione e alla collisione durante il trasporto. La struttura di aspirazione magnetica incorporata, l'errore di adattamento \u00e8 \u22640,2 mm quando \u00e8 chiusa, e pu\u00f2 essere aperta e chiusa senza problemi con una sola mano, tenendo conto della sicurezza e della convenienza.<\/li>\n<\/ol>\n<h2 id=\"-second-orange-main-visual-design-stimulate-brand-vitality-\"><strong>2. Design visivo principale arancione: stimola la vitalit\u00e0 del marchio<\/strong><\/h2>\n<ol>\n<li><strong>La psicologia del colore d\u00e0 potere al marchio<\/strong>\u00a0L'arancione \u00e8 il colore principale, combinato con la tecnologia a bassa saturazione a gradiente, per trasmettere vitalit\u00e0, calore ed emozioni positive. La lunghezza d'onda dell'arancione (590-610 nm) rappresenta un equilibrio tra penetrazione visiva e comfort, in grado di aumentare il riconoscimento a scaffale di 20%-30% e di migliorare il ricordo del marchio da parte dei consumatori.<\/li>\n<li><strong>Il logo del marchio \u00e8 presentato in modo chiaro<\/strong>\u00a0La superficie adotta la tecnologia di stampa offset in quadricromia, supporta la corrispondenza accurata dei numeri di colore Pantone e garantisce l'assenza di differenze di colore nella stampa. Il logo del marchio pu\u00f2 essere combinato con la tecnologia di stampa a caldo, UV o goffratura per formare un forte contrasto visivo sulla base arancione e rafforzare l'effetto del marchio.<\/li>\n<\/ol>\n<h2 id=\"-third-customized-adaptation-solution-accurately-match-product-needs-\"><strong>3. Soluzione di adattamento personalizzata: corrisponde accuratamente alle esigenze del prodotto<\/strong><\/h2>\n<ol>\n<li><strong>Personalizzazione flessibile del tipo di scatola<\/strong>\u00a0Supporta l'adattamento a grandezza naturale e pu\u00f2 personalizzare tipi di scatole esclusive in base alle dimensioni del film temperato (ad esempio, spessore da 0,15 mm a 0,33 mm) e alla curvatura della superficie (2,5D\/3D\/superficie a profondit\u00e0 uguale a quattro curve). Ad esempio:<\/li>\n<li><strong>Versione ultrasottile<\/strong>: Adatto per film temperato ultrasottile da 0,15 mm, lo spessore della scatola \u00e8 controllato entro 1,5 cm;<\/li>\n<li><strong>Versione curva<\/strong>: Supporto interno con scanalatura a U per film temperato 3D piegato a caldo per adattarsi alla curvatura del film.<\/li>\n<li><strong>Diverse scelte di materiali di rivestimento<\/strong>\u00a0Fornisce opzioni di rivestimento quali floccaggio EVA, tessuto di seta, cartone, spugna, ecc:<\/li>\n<li><strong>Rivestimento in EVA<\/strong>: Eccellenti prestazioni antiurto, adatte alla protezione di precisione dei bordi con pellicola temperata;<\/li>\n<li><strong>Fodera in tessuto di seta<\/strong>: Tocco delicato, adatto a confezioni regalo di alto livello;<\/li>\n<li><strong>Stratificazione della spugna<\/strong>: Le pellicole temperate possono essere riposte in divisori multipli, a prova di graffio e di risparmio di spazio.<\/li>\n<\/ol>\n<h2 id=\"-fourth-china-s-source-factory-advantages-one-stop-service-and-cost-optimization-\"><strong>4. Vantaggi della Cina: servizio unico e ottimizzazione dei costi.<\/strong><\/h2>\n<ol>\n<li><strong>Campioni gratuiti e supporto alla progettazione<\/strong>\u00a0Forniamo un servizio di prova gratuito, inviamo campioni fisici entro 3-5 giorni lavorativi e supportiamo l'adeguamento completo del tipo di scatola, della stampa e del rivestimento. Il team di progettazione pu\u00f2 fornire l'ottimizzazione della struttura dell'imballaggio e la personalizzazione della soluzione visiva in base al sistema VI del marchio per ridurre i costi di sviluppo del cliente.<\/li>\n<li><strong>Soluzione di produzione di massa ad alto rendimento economico<\/strong>\u00a0La fabbrica di origine a Dongguan\/Shenzhen, Guangdong, adotta una linea di produzione automatizzata e supporta un ordine minimo di 10 pezzi. Il costo di una singola scatola \u00e8 30%-40% inferiore al prezzo medio del mercato. Offre una variet\u00e0 di opzioni di confezionamento come sacchetti OPP, scatole blister e scatole colorate per soddisfare le esigenze della logistica transfrontaliera e della vendita al dettaglio.<\/li>\n<li><strong>Garanzia di qualit\u00e0 e certificazione<\/strong>\u00a0Il materiale di rivestimento soddisfa gli standard di grado medico (YY\/T 0114) e il corpo della scatola supera i test di temperatura e umidit\u00e0 da -25\u2103 a 50\u2103 per garantire la stabilit\u00e0 del trasporto globale. Supporta la certificazione CE e la stampa con inchiostro ecologico e soddisfa i requisiti per l'accesso al mercato in Europa e negli Stati Uniti.<\/li>\n<\/ol>\n<h2 id=\"-v-technical-parameters-and-service-process-\"><strong>5. Parametri tecnici e processo di assistenza<\/strong><\/h2>\n<table>\n<thead>\n<tr>\n<th>Progetto<\/th>\n<th>Parametri\/Dettagli del servizio<\/th>\n<\/tr>\n<\/thead>\n<tbody>\n<tr>\n<td><strong>Tipo di scatola<\/strong><\/td>\n<td>Coperchio superiore e inferiore (personalizzabile a cassetto, a finestra e in altre varianti)<\/td>\n<\/tr>\n<tr>\n<td><strong>Materiale<\/strong><\/td>\n<td>Carta patinata 157G + cartoncino grigio 1200GSM, pellicola opaca in superficie<\/td>\n<\/tr>\n<tr>\n<td><strong>Processo di stampa<\/strong><\/td>\n<td>Stampa offset in quadricromia + stampa parziale UV\/caldo, corrispondenza colori Pantone<\/td>\n<\/tr>\n<tr>\n<td><strong>Ciclo di consegna<\/strong><\/td>\n<td>3-5 giorni per i campioni, 7-15 giorni per la produzione di massa (consegna rapida supportata)<\/td>\n<\/tr>\n<tr>\n<td><strong>Imballaggi per la logistica<\/strong><\/td>\n<td>Borsa OPP indipendente + cartone a nido d'ape resistente agli urti, supporto DHL\/FedEx consegna diretta<\/td>\n<\/tr>\n<\/tbody>\n<\/table>","protected":false},"excerpt":{"rendered":"<p>Il tipo di scatola con coperchio e base \u00e8 separato e il metodo di apertura e chiusura \u00e8 semplice e comodo, conferendo al prodotto un rituale unico e rendendolo facile da usare.<\/p>","protected":false},"featured_media":341,"template":"","meta":{"_kad_post_transparent":"default","_kad_post_title":"","_kad_post_layout":"default","_kad_post_sidebar_id":"","_kad_post_content_style":"default","_kad_post_vertical_padding":"default","_kad_post_feature":"","_kad_post_feature_position":"","_kad_post_header":false,"_kad_post_footer":false,"_kad_post_classname":""},"product_brand":[],"product_cat":[15,19,17],"product_tag":[108,109,110],"class_list":{"0":"post-338","1":"product","2":"type-product","3":"status-publish","4":"has-post-thumbnail","6":"product_cat-red-light-therapy","7":"product_cat-red-light-therapy-stand","8":"product_cat-services","9":"product_tag-custom-tempered-glass-packaging","10":"product_tag-screen-protector-packaging-box","11":"product_tag-screen-protector-packaging-factory","13":"first","14":"instock","15":"shipping-taxable","16":"product-type-simple","17":"entry","18":"content-bg","19":"loop-entry"},"_links":{"self":[{"href":"https:\/\/red-lighttherapy.com\/it\/wp-json\/wp\/v2\/product\/338","targetHints":{"allow":["GET"]}}],"collection":[{"href":"https:\/\/red-lighttherapy.com\/it\/wp-json\/wp\/v2\/product"}],"about":[{"href":"https:\/\/red-lighttherapy.com\/it\/wp-json\/wp\/v2\/types\/product"}],"wp:featuredmedia":[{"embeddable":true,"href":"https:\/\/red-lighttherapy.com\/it\/wp-json\/wp\/v2\/media\/341"}],"wp:attachment":[{"href":"https:\/\/red-lighttherapy.com\/it\/wp-json\/wp\/v2\/media?parent=338"}],"wp:term":[{"taxonomy":"product_brand","embeddable":true,"href":"https:\/\/red-lighttherapy.com\/it\/wp-json\/wp\/v2\/product_brand?post=338"},{"taxonomy":"product_cat","embeddable":true,"href":"https:\/\/red-lighttherapy.com\/it\/wp-json\/wp\/v2\/product_cat?post=338"},{"taxonomy":"product_tag","embeddable":true,"href":"https:\/\/red-lighttherapy.com\/it\/wp-json\/wp\/v2\/product_tag?post=338"}],"curies":[{"name":"wp","href":"https:\/\/api.w.org\/{rel}","templated":true}]}}