{"id":314,"date":"2025-04-11T02:01:19","date_gmt":"2025-04-11T02:01:19","guid":{"rendered":"https:\/\/red-lighttherapy.com\/?post_type=product&#038;p=314"},"modified":"2025-04-11T02:38:29","modified_gmt":"2025-04-11T02:38:29","slug":"custom-jewelry-drawer-style-rigid-packaging-boxes-wholesale","status":"publish","type":"product","link":"https:\/\/red-lighttherapy.com\/it\/custom-jewelry-drawer-style-rigid-packaging-boxes-wholesale\/","title":{"rendered":"Scatole d'imballaggio rigide di stile del cassetto dei gioielli personalizzati all'ingrosso"},"content":{"rendered":"<h2 id=\"-customized-jewelry-drawer-style-hard-packaging-box-product-description-\">Scatole d'imballaggio rigide di stile del cassetto dei gioielli personalizzati all'ingrosso<\/h2>\n<h2 id=\"-i-design-concept-dual-presentation-of-simple-aesthetics-and-ritual-sense-\"><strong>1. Concetto di design: doppia presentazione di estetica semplice e senso del rituale<\/strong><\/h2>\n<ol>\n<li><strong>Texture nera pura e opaca<\/strong>\u00a0Utilizzare carta speciale riempita di pelle nera pura come materiale della scatola esterna, e trattamento superficiale opaco per evitare interferenze riflettenti, creando una\u00a0<strong>lusso low-key<\/strong>\u00a0effetto visivo. La base nera \u00e8 abbinata a un design dalle linee minimaliste che rafforza l'immagine del marchio.\u00a0<strong>posizionamento di fascia alta<\/strong>in contrasto con la brillantezza dei gioielli, evidenziando il valore fondamentale del prodotto.<\/li>\n<li><strong>Design dell'apertura estraibile<\/strong>\u00a0Abbandonando la tradizionale struttura a cassetti del cielo e della terra, il design a cassetti estraibili esalta il senso del rituale attraverso una\u00a0<strong>esperienza di apertura progressiva della scatola<\/strong>. Il processo di estrazione \u00e8 accompagnato da una sensazione di smorzamento setoso, che d\u00e0 agli utenti l'aspettativa psicologica di \"esplorare tesori\". La scatola interna e il telaio esterno sono incastrati con precisione per garantire un'estrazione fluida e senza scosse, migliorando cos\u00ec la\u00a0<strong>senso di alta gamma<\/strong>\u00a0dell'esperienza dell'utente.<\/li>\n<\/ol>\n<h2 id=\"-second-material-and-structure-taking-into-account-both-protection-and-uniqueness-\"><strong>2. Materiale e struttura: tenere conto della protezione e dell'unicit\u00e0.<\/strong><\/h2>\n<ol>\n<li><strong>Materiale composito ad alta resistenza<\/strong><\/li>\n<li><strong>Carta speciale da 120 g riempita di pelle<\/strong>: La superficie \u00e8 delicata come quella della pelle, con propriet\u00e0 antiusura e antivegetative, adatta per lo stoccaggio e il trasporto a lungo termine.<\/li>\n<li><strong>Pannello grigio 1200GSM<\/strong>: Il pannello grigio ad alta densit\u00e0 offre\u00a0<strong>supporto super resistente<\/strong>La resistenza alla compressione del corpo della scatola \u00e8 pi\u00f9 di 2 volte superiore allo standard industriale e resiste efficacemente agli urti e all'estrusione durante il trasporto.<\/li>\n<li><strong>Design strutturale modulare<\/strong>\u00a0Il corpo della scatola adotta una struttura divisa, che sostiene\u00a0<strong>personalizzazione flessibile delle dimensioni<\/strong>\u00a0(supporto da un minimo di 10 cm\u00b3 a un massimo di 50 cm\u00b3). Il rivestimento pu\u00f2 essere personalizzato con scanalature in flanella EVA o scomparti regolabili in base alla forma dei gioielli, adatti a diverse esigenze di conservazione come anelli, collane e orecchini.<\/li>\n<\/ol>\n<h2 id=\"-iii-craftsmanship-details-exquisite-touch-and-brand-enhancement-\"><strong>3. Dettagli di artigianato: tocco squisito e valorizzazione del marchio<\/strong><\/h2>\n<ol>\n<li><strong>Artigianato in rilievo e accessori in nastro<\/strong><\/li>\n<li><strong>LOGO\/modello tridimensionale in rilievo<\/strong>: Grazie allo stampo di precisione, il logo del marchio o il motivo personalizzato vengono presentati sul coperchio o sul lato della scatola, con un tocco tridimensionale e un ricco strato visivo.<\/li>\n<li><strong>Anello di trazione del nastro e accessori in metallo<\/strong>: L'estremit\u00e0 anteriore del cassetto \u00e8 abbinata a un nastro di raso o a un tiretto in metallo dello stesso colore per migliorare la praticit\u00e0 dell'apertura della scatola e della\u00a0<strong>fascino visivo<\/strong>Il nastro pu\u00f2 essere personalizzato con la stampa a caldo del colore o del testo del marchio per migliorarne la riconoscibilit\u00e0.<\/li>\n<li><strong>Protezione dell'ambiente e durata nel tempo<\/strong>\u00a0Sia la carta di cuoio che il cartoncino grigio sono certificati FSC e soddisfano i requisiti di sicurezza.\u00a0<strong>standard di protezione ambientale<\/strong>La scatola \u00e8 incollata con colla alimentare, che non ha un odore irritante e garantisce la sicurezza della conservazione dei gioielli.<\/li>\n<\/ol>\n<h2 id=\"-iv-customized-service-full-process-personalized-solution-\"><strong>4. Servizio personalizzato: soluzione personalizzata per l'intero processo<\/strong><\/h2>\n<ol>\n<li><strong>Supporto approfondito alla progettazione<\/strong><\/li>\n<li>Fornire\u00a0<strong>Prova di modellazione 3D<\/strong>\u00a0I clienti possono partecipare alla regolazione dettagliata del tipo di scatola, del modello e della struttura del rivestimento per garantire che il grado di restauro del design raggiunga 99%.<\/li>\n<li>Supporti\u00a0<strong>20+ processi di superficie<\/strong>\u00a0come la stampa a caldo, l'incisione UV, l'incisione laser, ecc. per soddisfare le diverse esigenze di stile (come i modelli scuri di lusso, il laser aurora, ecc.)<\/li>\n<li><strong>Produzione di massa e garanzia logistica<\/strong><\/li>\n<li>Quantit\u00e0 minima ordinabile\u00a0<strong>500<\/strong>ciclo di prova 3-5 giorni, ciclo di produzione in serie 7-14 giorni.<\/li>\n<li>Supportare SF Express\/Deppon Logistics a livello nazionale, fornire\u00a0<strong>risarcimento danni<\/strong>\u00a0per garantire una consegna senza preoccupazioni.<\/li>\n<\/ol>\n<h2 id=\"-v-application-scenarios-and-brand-value-\"><strong>5. Scenari di applicazione e valore del marchio<\/strong><\/h2>\n<ul>\n<li><strong>Scenari applicabili<\/strong>: negozi di marca di gioielli, personalizzazione di regali di alta gamma, confezioni congiunte di lusso, set di gioielli per matrimoni, ecc.<\/li>\n<li><strong>Potenziamento del marchio<\/strong>: Attraverso il\u00a0<strong>unit\u00e0 visiva<\/strong>\u00a0e\u00a0<strong>punti di memoria tattile<\/strong> della confezione, rafforzare la percezione dei consumatori di \"squisitezza, professionalit\u00e0 e rispetto dell'ambiente\" del marchio, aumentare il tasso di riacquisto e il potenziale di comunicazione sociale.<\/li>\n<\/ul>\n<p>Questa scatola di imballaggio non \u00e8 solo un contenitore, ma anche un vettore di storie del marchio e un punto di contatto per le emozioni degli utenti, aiutandovi a distinguervi nel mercato dei gioielli.<\/p>","protected":false},"excerpt":{"rendered":"<p>Questa scatola di carta per cassetti di gioielli ha un maggiore impatto visivo e un senso di rituale rispetto al metodo tradizionale di apertura della scatola. Il LOGO \u00e8 lavorato in rilievo, il che aggiunge un senso di raffinatezza visiva e una ricca esperienza tattile.<\/p>","protected":false},"featured_media":316,"template":"","meta":{"_kad_post_transparent":"default","_kad_post_title":"","_kad_post_layout":"default","_kad_post_sidebar_id":"","_kad_post_content_style":"default","_kad_post_vertical_padding":"default","_kad_post_feature":"","_kad_post_feature_position":"","_kad_post_header":false,"_kad_post_footer":false,"_kad_post_classname":""},"product_brand":[],"product_cat":[15,20,17],"product_tag":[101,100,99],"class_list":{"0":"post-314","1":"product","2":"type-product","3":"status-publish","4":"has-post-thumbnail","6":"product_cat-red-light-therapy","7":"product_cat-led-face-light-therapy","8":"product_cat-services","9":"product_tag-custom-boxes-wholesale","10":"product_tag-jewelry-packaging-boxes","11":"product_tag-jewelry-rigid-boxes","13":"first","14":"instock","15":"shipping-taxable","16":"product-type-simple","17":"entry","18":"content-bg","19":"loop-entry"},"_links":{"self":[{"href":"https:\/\/red-lighttherapy.com\/it\/wp-json\/wp\/v2\/product\/314","targetHints":{"allow":["GET"]}}],"collection":[{"href":"https:\/\/red-lighttherapy.com\/it\/wp-json\/wp\/v2\/product"}],"about":[{"href":"https:\/\/red-lighttherapy.com\/it\/wp-json\/wp\/v2\/types\/product"}],"wp:featuredmedia":[{"embeddable":true,"href":"https:\/\/red-lighttherapy.com\/it\/wp-json\/wp\/v2\/media\/316"}],"wp:attachment":[{"href":"https:\/\/red-lighttherapy.com\/it\/wp-json\/wp\/v2\/media?parent=314"}],"wp:term":[{"taxonomy":"product_brand","embeddable":true,"href":"https:\/\/red-lighttherapy.com\/it\/wp-json\/wp\/v2\/product_brand?post=314"},{"taxonomy":"product_cat","embeddable":true,"href":"https:\/\/red-lighttherapy.com\/it\/wp-json\/wp\/v2\/product_cat?post=314"},{"taxonomy":"product_tag","embeddable":true,"href":"https:\/\/red-lighttherapy.com\/it\/wp-json\/wp\/v2\/product_tag?post=314"}],"curies":[{"name":"wp","href":"https:\/\/api.w.org\/{rel}","templated":true}]}}