{"id":308,"date":"2025-04-11T01:44:45","date_gmt":"2025-04-11T01:44:45","guid":{"rendered":"https:\/\/red-lighttherapy.com\/?post_type=product&#038;p=308"},"modified":"2025-04-11T02:01:12","modified_gmt":"2025-04-11T02:01:12","slug":"premium-quality-custom-tea-packaging-pouches-boxes-wholesale","status":"publish","type":"product","link":"https:\/\/red-lighttherapy.com\/it\/premium-quality-custom-tea-packaging-pouches-boxes-wholesale\/","title":{"rendered":"Premium-Quality Custom Tea Packaging Pouches Boxes all'ingrosso"},"content":{"rendered":"<h2 id=\"-high-end-customized-tea-gift-box-a-packaging-solution-that-combines-traditional-aesthetics-with-modern-practicality-\"><strong>Confezioni di t\u00e8 personalizzate di qualit\u00e0 superiore - Una soluzione di imballaggio che combina l'estetica tradizionale con la praticit\u00e0 moderna.<\/strong><\/h2>\n<h2 id=\"-1-core-material-a-perfect-balance-between-environmental-protection-and-pressure-resistance-\"><strong>1. Materiale di base: un perfetto equilibrio tra protezione dell'ambiente e resistenza alla pressione.<\/strong><\/h2>\n<p>Questa scatola per il confezionamento del t\u00e8 adotta un\u00a0<strong>progettazione della struttura composita a doppio strato\u00a0<\/strong>: lo strato esterno \u00e8\u00a0<strong>Cartone rosso certificato FSC\u00a0<\/strong>e lo strato interno \u00e8 integrato con\u00a0<strong>pannello grigio ad alta densit\u00e0\u00a0<\/strong>ottenendo un doppio risultato in termini di protezione dell'ambiente e di funzionalit\u00e0.<\/p>\n<ul>\n<li><strong>Certificazione ambientale\u00a0<\/strong>: Ha superato i test SGS e gli standard di sicurezza EN71, utilizzando pasta di legno pura e coloranti di grado alimentare per garantire il contatto diretto con le foglie di t\u00e8.<\/li>\n<li><strong>Resistenza alla compressione\u00a0<\/strong>: Secondo i test di laboratorio, la scatola pu\u00f2 sopportare 15 kg senza deformarsi e le sue prestazioni antisismiche sono 30% migliori dello standard industriale (dati tratti dal libro bianco dell'Associazione dell'industria dell'imballaggio).<\/li>\n<li><strong>Elaborazione dei dettagli\u00a0<\/strong>: La superficie \u00e8 ricoperta dalla tecnologia della pellicola opaca, che ha un tocco delicato e un residuo anti-impronta, migliorando la texture di alto livello.<\/li>\n<\/ul>\n<h2 id=\"-ii-humanized-design-innovative-experience-of-pull-out-opening-and-closing-\"><strong>2. Design umanizzato: esperienza innovativa di apertura e chiusura a strappo.<\/strong><\/h2>\n<p>Adottare\u00a0<strong>sistema di estrazione del nucleo a gravit\u00e0<\/strong>Il sistema \u00e8 in grado di garantire il funzionamento regolare di \"apertura con un solo sollevamento e chiusura con una sola spinta\":<\/p>\n<ul>\n<li><strong>Senso del cerimoniale migliorato<\/strong>: Il design con smorzamento di 3 mm rende il processo di estrazione come l'apertura di un libro prezioso, migliorando l'esperienza interattiva dei consumatori.<\/li>\n<li><strong>Struttura stabile<\/strong>: Il binario adotta la tecnologia di rinforzo inclinato a 45\u00b0 e rimane liscio come prima dopo 5000 test di apertura e chiusura (in linea con lo standard GB\/T 4857).<\/li>\n<li><strong>Ottimizzazione dello spazio<\/strong>: La profondit\u00e0 della scatola \u00e8 20% inferiore a quella del tipo tradizionale a conchiglia, pi\u00f9 adatto all'esposizione nei supermercati, allo stoccaggio e al trasporto.<\/li>\n<\/ul>\n<h2 id=\"-iii-visual-communication-modern-expression-of-oriental-aesthetics-\"><strong>3. Comunicazione visiva: espressione moderna dell'estetica orientale<\/strong><\/h2>\n<p><strong>Linguaggio di progettazione<\/strong>\u00a0Il concetto di base \u00e8 \"meno \u00e8 meglio\":<\/p>\n<ul>\n<li><strong>Sistema di colori<\/strong>: Il colore principale \u00e8\u00a0<strong>Muro rosso della Citt\u00e0 Proibita (Pantone 18-1663TPX)<\/strong>che simboleggia dignit\u00e0 e buon auspicio. \u00c8 stato verificato dalla psicologia del colore che pu\u00f2 aumentare la disponibilit\u00e0 ad acquistare regali di 32%.<\/li>\n<li><strong>Focus visivo<\/strong>Il design centrato del logo in oro opaco da 2 mm, combinato con la cornice concava ultrafine da 0,3 mm, aumenta il riconoscimento del marchio di 57% (dati del sondaggio della China Packaging Design Association).<\/li>\n<li><strong>Simboli culturali<\/strong>: Opzionale 24 termini solari modelli di stampaggio a caldo o Tea Horse Ancient Road artigianato rilievo per approfondire gli attributi culturali.<\/li>\n<\/ul>\n<h2 id=\"-fourth-lining-protection-dual-upgrade-of-function-and-aesthetics-\"><strong>4. Protezione del rivestimento: duplice miglioramento della funzione e dell'estetica<\/strong><\/h2>\n<p>Innovativo\u00a0<strong>sistema tampone a tre stadi<\/strong>\u00a0garantisce la sicurezza del t\u00e8:<\/p>\n<ol>\n<li><strong>Primo strato di protezione<\/strong>Supporto interno in schiuma EVA nera da 2 mm, che ha superato il test di trasporto ISTA 3A.<\/li>\n<li><strong>Stabilit\u00e0 dello strato intermedio<\/strong>: divisorio in cartone ondulato, disperde efficacemente l'impatto della forza esterna<\/li>\n<li><strong>Supporto dello strato inferiore<\/strong>La carta per acido solforico alimentare \u00e8 confezionata in modo indipendente, con un tasso di resistenza all'umidit\u00e0 del 98,7%.\u00a0<em>Nota: il rivestimento in cartone nero \u00e8 calibrato dal colorimetro LAB, che pu\u00f2 aumentare il contrasto di colore del t\u00e8 di 41%.<\/em><\/li>\n<\/ol>\n<h2 id=\"-five-flexible-customization-adapt-to-full-scene-needs-\"><strong>5. Personalizzazione flessibile: si adatta alle esigenze di ogni scena<\/strong><\/h2>\n<p>Forniamo\u00a0<strong>Servizi di personalizzazione modulare<\/strong>:<\/p>\n<ul>\n<li><strong>Adattamento delle dimensioni<\/strong>: supporto 50g-5kg copertura completa delle specifiche, tipo di scatola speciale 3D proofing ciclo \u00e8 solo 24 ore<\/li>\n<li><strong>Espansione della funzione<\/strong>: chip anticontraffazione NFC opzionale finestra di scansione magazzino\/AR e altri moduli intelligenti<\/li>\n<li><strong>Servizio a valore aggiunto<\/strong>Pacchetto di materiale di marketing gratuito per la scena (incluso un breve video di unboxing, modello di pagina di dettaglio per l'e-commerce).<\/li>\n<\/ul>\n<h2 id=\"-cooperation-process-\"><strong>Processo di cooperazione<\/strong><\/h2>\n<ol>\n<li><strong>Conferma dei requisiti<\/strong>: Fornire i requisiti relativi alle dimensioni del prodotto, al posizionamento sulla scena e agli elementi culturali.<\/li>\n<li><strong>Soluzione di uscita<\/strong>: Fornire 3 serie di proposte di progettazione entro 3 giorni lavorativi.<\/li>\n<li><strong>Conferma della prova di stampa<\/strong>: Supporto della verifica duale del modello fisico\/3D<\/li>\n<li><strong>Produzione di massa<\/strong>: Ordine minimo di 1.000 pezzi, supporto alla spedizione diretta da tre magazzini in Cina orientale, Cina meridionale e Cina sudoccidentale.<\/li>\n<\/ol>","protected":false},"excerpt":{"rendered":"<p>Questa scatola ha un design classico con apertura e chiusura a cassetto. \u00c8 realizzata in cartone rigido rosso e cartone artistico grigio, materiali sostenibili ed ecologici in grado di proteggere i prodotti all'interno della scatola.<\/p>","protected":false},"featured_media":311,"template":"","meta":{"_kad_post_transparent":"default","_kad_post_title":"","_kad_post_layout":"default","_kad_post_sidebar_id":"","_kad_post_content_style":"default","_kad_post_vertical_padding":"default","_kad_post_feature":"","_kad_post_feature_position":"","_kad_post_header":false,"_kad_post_footer":false,"_kad_post_classname":""},"product_brand":[],"product_cat":[15,20,17],"product_tag":[98,96,97],"class_list":{"0":"post-308","1":"product","2":"type-product","3":"status-publish","4":"has-post-thumbnail","6":"product_cat-red-light-therapy","7":"product_cat-led-face-light-therapy","8":"product_cat-services","9":"product_tag-custom-tea-packaging-wholesale","10":"product_tag-tea-packaging-boxes","11":"product_tag-tea-pouches-boxes","13":"first","14":"instock","15":"shipping-taxable","16":"product-type-simple","17":"entry","18":"content-bg","19":"loop-entry"},"_links":{"self":[{"href":"https:\/\/red-lighttherapy.com\/it\/wp-json\/wp\/v2\/product\/308","targetHints":{"allow":["GET"]}}],"collection":[{"href":"https:\/\/red-lighttherapy.com\/it\/wp-json\/wp\/v2\/product"}],"about":[{"href":"https:\/\/red-lighttherapy.com\/it\/wp-json\/wp\/v2\/types\/product"}],"wp:featuredmedia":[{"embeddable":true,"href":"https:\/\/red-lighttherapy.com\/it\/wp-json\/wp\/v2\/media\/311"}],"wp:attachment":[{"href":"https:\/\/red-lighttherapy.com\/it\/wp-json\/wp\/v2\/media?parent=308"}],"wp:term":[{"taxonomy":"product_brand","embeddable":true,"href":"https:\/\/red-lighttherapy.com\/it\/wp-json\/wp\/v2\/product_brand?post=308"},{"taxonomy":"product_cat","embeddable":true,"href":"https:\/\/red-lighttherapy.com\/it\/wp-json\/wp\/v2\/product_cat?post=308"},{"taxonomy":"product_tag","embeddable":true,"href":"https:\/\/red-lighttherapy.com\/it\/wp-json\/wp\/v2\/product_tag?post=308"}],"curies":[{"name":"wp","href":"https:\/\/api.w.org\/{rel}","templated":true}]}}