{"id":296,"date":"2025-04-10T14:37:20","date_gmt":"2025-04-10T14:37:20","guid":{"rendered":"https:\/\/red-lighttherapy.com\/?post_type=product&#038;p=296"},"modified":"2025-04-10T14:47:44","modified_gmt":"2025-04-10T14:47:44","slug":"wholesale-perfume-cosmetic-packaging-gift-boxes-supplier","status":"publish","type":"product","link":"https:\/\/red-lighttherapy.com\/it\/wholesale-perfume-cosmetic-packaging-gift-boxes-supplier\/","title":{"rendered":"Fornitore all'ingrosso delle scatole di regalo d'imballaggio del profumo cosmetico"},"content":{"rendered":"<h3 id=\"product-description-of-perfume-and-cosmetics-gift-box-with-top-and-bottom-cover\">Fornitore all'ingrosso delle scatole di regalo d'imballaggio del profumo cosmetico<\/h3>\n<h2 id=\"-1-top-and-bottom-cover-box-design-combining-practicality-and-aesthetic-value-\"><strong>1. Design della scatola superiore e inferiore, che unisce praticit\u00e0 e valore estetico<\/strong><\/h2>\n<p>Questa confezione regalo adotta il classico tipo di scatola con coperchio superiore e inferiore, con una struttura semplice e stabile. Il coperchio superiore e la scatola inferiore sono collegati da un preciso innesto o da un'aspirazione magnetica, comoda da aprire e chiudere e piena di senso rituale.<\/p>\n<h2 id=\"-2-high-standard-material-combination-taking-into-account-both-protection-and-texture-\"><strong>2. Combinazione di materiali di alto livello, che tiene conto sia della protezione che della consistenza.<\/strong><\/h2>\n<ul>\n<li><strong>Materiale della scatola esterna<\/strong>: Sono stati selezionati 157g di carta patinata + 1200G di cartone grigio, che ha un'elevata rigidit\u00e0 e una forte resistenza alla pressione, pu\u00f2 resistere efficacemente alla collisione e all'estrusione durante il trasporto e garantire la sicurezza dei prodotti interni.<\/li>\n<li><strong>Design della scatola interna<\/strong>: La superficie della scatola interna adotta il procedimento dell'effetto silver flash, combinato con la tecnologia di stampa serigrafica o rotocalco, che presenta una lucentezza metallica e un tocco delicato, esaltando il lusso dell'intero imballaggio.<\/li>\n<\/ul>\n<h2 id=\"-3-high-end-craft-details-creating-a-dual-visual-and-tactile-experience-\"><strong>3. Dettagli artigianali di alto livello, che creano una doppia esperienza visiva e tattile.<\/strong><\/h2>\n<ul>\n<li><strong>Artigianato in rilievo<\/strong>: La superficie della scatola esterna \u00e8 modellata con motivi o loghi di marca attraverso la tecnologia di goffratura tridimensionale per migliorare la raffinatezza visiva e la stratificazione tattile.<\/li>\n<li><strong>Argento caldo e UV parziale<\/strong>: Il logo e il testo sulla superficie della scatola sono in argento caldo, con una parziale copertura di vernice UV, che forma un contrasto opaco e lucido, evidenziando ulteriormente il tono del marchio e la qualit\u00e0 del prodotto.<\/li>\n<\/ul>\n<h2 id=\"-4-customized-lining-structure-all-round-product-protection-\"><strong>4. Struttura di rivestimento personalizzata, protezione del prodotto a tutto tondo<\/strong><\/h2>\n<p>Il vassoio interno \u00e8 realizzato in materiale EVA nero, con morbido velluto sulla superficie, in grado non solo di fissare bottiglie di profumo o cosmetici, ma anche di attutire le vibrazioni e prevenire i graffi. Supporta la personalizzazione e pu\u00f2 essere sostituito con schiuma ad alta densit\u00e0, floccatura o materiali degradabili in base alle esigenze del cliente, per adattarsi alla forma e alle necessit\u00e0 di protezione dei diversi prodotti.<\/p>\n<h2 id=\"-5-simple-aesthetic-design-conveying-the-high-end-image-of-the-brand-\"><strong>5. Design estetico semplice, che trasmette l'immagine di fascia alta del marchio.<\/strong><\/h2>\n<p>L'imballaggio complessivo \u00e8 principalmente nero e argento, con un semplice LOGO del marchio e un layout del testo, creando uno stile visivo di fascia alta, alla moda e professionale. Il linguaggio del design segue il principio \"less is more\" e rafforza il riconoscimento del marchio attraverso il contrasto dei colori e la lavorazione in bianco.<\/p>\n<h2 id=\"-6-personalized-customization-service-to-meet-diverse-needs-\"><strong>6. Servizio di personalizzazione per soddisfare le diverse esigenze<\/strong><\/h2>\n<p>Forniamo servizi di personalizzazione one-stop, dalla progettazione alla produzione:<\/p>\n<ul>\n<li><strong>Innovazione strutturale<\/strong>: Supporta i modelli a vita esposta, a bocca obliqua, con coperchio trasparente in acrilico e altri tipi di box derivati con coperchio superiore e inferiore, e pu\u00f2 essere combinato con strutture creative come la rotazione e l'illuminazione per migliorare l'interattivit\u00e0.<\/li>\n<li><strong>Processo flessibile<\/strong>: Supporta la stampa offset, la stampa rotocalco, la stampa a caldo, la serigrafia e altre combinazioni di processi per soddisfare le esigenze di ordini personalizzati in piccoli lotti.<\/li>\n<li><strong>Adattamento del marchio<\/strong>: La gestione accurata del colore pu\u00f2 essere eseguita in base alla scheda colore del marchio del cliente per garantire che l'effetto di stampa sia altamente coerente con lo standard del marchio.<\/li>\n<\/ul>\n<h2 id=\"-7-large-scale-production-capacity-to-ensure-quality-and-delivery-\"><strong>7. Capacit\u00e0 di produzione su larga scala per garantire qualit\u00e0 e consegna<\/strong><\/h2>\n<p>Lo stabilimento si estende su una superficie di 5.320 metri quadrati e vanta 16 anni di esperienza produttiva professionale. \u00c8 dotata di linee di produzione automatizzate e di attrezzature di stampa avanzate (come macchine da stampa offset e macchine da stampa UV). Grazie a processi standardizzati e a rigorosi sistemi di ispezione della qualit\u00e0, viene raggiunta una produzione giornaliera di oltre 100.000 pezzi, per garantire la stabilit\u00e0 della consegna e la costanza della qualit\u00e0 degli ordini di grandi volumi.<\/p>\n<h2 id=\"-advantages-of-cooperation-\"><strong>Vantaggi della cooperazione<\/strong>:<\/h2>\n<ul>\n<li><strong>Ottimizzazione dei costi<\/strong>: Fornire ai clienti soluzioni economicamente vantaggiose attraverso l'approvvigionamento su larga scala e l'ottimizzazione dei processi produttivi.<\/li>\n<li><strong>Concetto di protezione ambientale<\/strong>: Materiali ecologici opzionali (come cartone riciclato, EVA degradabile) per rispondere alla tendenza dello sviluppo sostenibile.<\/li>\n<li><strong>Assistenza post-vendita<\/strong>: Fornire servizi di processo completi, come la revisione della bozza di progetto, la conferma delle prove di stampa, il monitoraggio della logistica, ecc. e promettere la garanzia di restituzione e sostituzione per i problemi di qualit\u00e0.<\/li>\n<\/ul>","protected":false},"excerpt":{"rendered":"<p>Questo cofanetto \u00e8 una scatola superiore e inferiore con una struttura semplice ed elegante, facile da aprire e chiudere, e una lavorazione in rilievo, che aggiunge un senso di raffinatezza visiva e una ricca esperienza tattile.<\/p>","protected":false},"featured_media":298,"template":"","meta":{"_kad_post_transparent":"default","_kad_post_title":"","_kad_post_layout":"default","_kad_post_sidebar_id":"","_kad_post_content_style":"default","_kad_post_vertical_padding":"default","_kad_post_feature":"","_kad_post_feature_position":"","_kad_post_header":false,"_kad_post_footer":false,"_kad_post_classname":""},"product_brand":[],"product_cat":[15,28,19,17],"product_tag":[91,90,92],"class_list":{"0":"post-296","1":"product","2":"type-product","3":"status-publish","4":"has-post-thumbnail","6":"product_cat-red-light-therapy","7":"product_cat-customize","8":"product_cat-red-light-therapy-stand","9":"product_cat-services","10":"product_tag-cosmetic-packaging-supplier","11":"product_tag-perfume-boxes","12":"product_tag-perfume-cosmetic-gift-boxes","14":"first","15":"instock","16":"shipping-taxable","17":"product-type-simple","18":"entry","19":"content-bg","20":"loop-entry"},"_links":{"self":[{"href":"https:\/\/red-lighttherapy.com\/it\/wp-json\/wp\/v2\/product\/296","targetHints":{"allow":["GET"]}}],"collection":[{"href":"https:\/\/red-lighttherapy.com\/it\/wp-json\/wp\/v2\/product"}],"about":[{"href":"https:\/\/red-lighttherapy.com\/it\/wp-json\/wp\/v2\/types\/product"}],"wp:featuredmedia":[{"embeddable":true,"href":"https:\/\/red-lighttherapy.com\/it\/wp-json\/wp\/v2\/media\/298"}],"wp:attachment":[{"href":"https:\/\/red-lighttherapy.com\/it\/wp-json\/wp\/v2\/media?parent=296"}],"wp:term":[{"taxonomy":"product_brand","embeddable":true,"href":"https:\/\/red-lighttherapy.com\/it\/wp-json\/wp\/v2\/product_brand?post=296"},{"taxonomy":"product_cat","embeddable":true,"href":"https:\/\/red-lighttherapy.com\/it\/wp-json\/wp\/v2\/product_cat?post=296"},{"taxonomy":"product_tag","embeddable":true,"href":"https:\/\/red-lighttherapy.com\/it\/wp-json\/wp\/v2\/product_tag?post=296"}],"curies":[{"name":"wp","href":"https:\/\/api.w.org\/{rel}","templated":true}]}}