{"id":290,"date":"2025-04-10T14:24:46","date_gmt":"2025-04-10T14:24:46","guid":{"rendered":"https:\/\/red-lighttherapy.com\/?post_type=product&#038;p=290"},"modified":"2025-04-10T14:37:11","modified_gmt":"2025-04-10T14:37:11","slug":"custom-beauty-cosmetics-eyelash-serum-packaging-box-oem-odm","status":"publish","type":"product","link":"https:\/\/red-lighttherapy.com\/it\/custom-beauty-cosmetics-eyelash-serum-packaging-box-oem-odm\/","title":{"rendered":"OEM ODM personalizzato della scatola d'imballaggio del siero delle ciglia dei cosmetici di bellezza"},"content":{"rendered":"<h2 id=\"obsidian-luxury-series-magnetic-book-shaped-eyelash-essence-gift-box-oem-odm-customized-version-\">OEM ODM personalizzato della scatola d'imballaggio del siero delle ciglia dei cosmetici di bellezza<\/h2>\n<h2 id=\"-core-parameters-and-technical-specifications-\"><strong>Parametri fondamentali e specifiche tecniche<\/strong><\/h2>\n<ol>\n<li><strong>Materiale e struttura<\/strong><\/li>\n<li><strong>Carta di superficie<\/strong>: Carta patinata selezionata 157G ad alta lucentezza, con pellicola opaca sulla superficie, delicata al tatto, resistente all'usura e anti-fouling.<\/li>\n<li><strong>Substrato<\/strong>: Adotta un cartone grigio ad alta densit\u00e0 da 1200GSM, lavorato a depressione per garantire la planarit\u00e0 del corpo della scatola e aumentare la resistenza alla compressione di 30%, sostenendo perfettamente il prodotto e prevenendone la deformazione durante il trasporto.<\/li>\n<li><strong>Sistema di aspirazione magnetica<\/strong>: Magnete forte NdFeB incorporato, forza di aspirazione precisa di 0,8-1,2N, apertura e chiusura fluida e salda, sensazione di rituale all'apertura della scatola.<\/li>\n<li><strong>Design e artigianalit\u00e0 dell'aspetto<\/strong><\/li>\n<li><strong>Tonalit\u00e0 di colore<\/strong>Sfondo nero puro opaco, texture ossidiana profonda ottenuta con la tecnologia di stampa a tinte piatte, abbinata al logo del marchio in argento caldo (tinta piatta Pantone 877C) e oro rosso caldo (tinta piatta Pantone 871C), il contrasto di lucentezza metallica \u00e8 netto e l'impatto visivo \u00e8 forte.<\/li>\n<li><strong>Precisione della stampa a caldo<\/strong>: \u22640,1 mm di errore, supporto multi-livello tridimensionale effetto di stampa a caldo, come il marchio LOGO adotta in rilievo argento caldo + piatto processo di sovrapposizione oro rosso caldo per evidenziare il livello tridimensionale.<\/li>\n<li><strong>Tipo di scatola e design funzionale<\/strong><\/li>\n<li><strong>Struttura a libro<\/strong>: Design flip-top del coperchio superiore e inferiore, l'angolo di apertura del coperchio della scatola \u00e8 \u2265150\u00b0 e la superficie di visualizzazione \u00e8 massimizzata; la scatola interna \u00e8 incassata con una profondit\u00e0 di 5 mm per evitare che la bottiglia di essenza si agiti.<\/li>\n<li><strong>Personalizzazione della stampa<\/strong>: Supporta la stampa in quadricromia CMYK, la corrispondenza dei numeri di colore Pantone a tinte piatte e la vernice UV locale, e pu\u00f2 stampare in modo flessibile le storie del marchio, le descrizioni degli ingredienti o le illustrazioni artistiche, adatte alle edizioni limitate per le vacanze, ai modelli comuni e ad altri temi multipli.<\/li>\n<li><strong>Schema di configurazione del vassoio interno<\/strong><\/li>\n<li><strong>Opzioni del materiale<\/strong>:<\/li>\n<li><strong>Rivestimento in EVA<\/strong>: Spessore di 3 mm, floccaggio nero corto sulla superficie, antiscivolo e resistente agli urti con un tocco lussuoso.<\/li>\n<li><strong>Fodera in tessuto di seta<\/strong>: Tessuto in seta di gelso 100%, colore opzionale rosso vino\/verde scuro\/champagne, con tecnologia pieghettata a mano, che evidenzia il posizionamento di fascia alta.<\/li>\n<li><strong>Vassoio carta ecologico<\/strong>: Fustellatura della carta grigia degradabile, supporto per la progettazione di slot per bottiglie singole\/doppie, adatto a varie specifiche di bottiglie di essenza da 15-30 ml.<\/li>\n<li><strong>Espansione della funzione<\/strong>: Pu\u00f2 integrare cassetti invisibili e strutture a strati per ospitare istruzioni, pennelli per mascara e altri accessori.<\/li>\n<\/ol>\n<h2 id=\"-customized-service-advantages-\"><strong>Vantaggi del servizio personalizzato<\/strong><\/h2>\n<ul>\n<li><strong>Adattamento del design<\/strong>: Fornisce una libreria di 8+ scatole di base, come scatole a forma di libro, copertine superiori e inferiori, tipo cassetto, ecc., supporta fustellature di forma speciale (come angoli curvi, finestre cave) e combinazioni di processi superficiali (goffratura + stampa a caldo + serigrafia).<\/li>\n<li><strong>Ciclo di produzione<\/strong>: 5-7 giorni per la realizzazione del campione, 15-20 giorni per la consegna della produzione di massa (ordine minimo di 1000-5000 set), a supporto della produzione flessibile di piccoli lotti.<\/li>\n<li><strong>Certificazione ambientale<\/strong>: Ha superato la certificazione forestale FSC, il materiale del vassoio interno \u00e8 conforme agli standard REACH e RoHS e pu\u00f2 essere fornito un rapporto sull'impronta di carbonio.<\/li>\n<\/ul>\n<h2 id=\"-application-scenarios-and-value-enhancement-\"><strong>Scenari applicativi e valorizzazione<\/strong><\/h2>\n<ul>\n<li><strong>Immagine del marchio<\/strong>: Grazie all'estetica nera e dorata e al design interattivo di apertura e chiusura magnetica, rafforza il tono del marchio \"professionale, di fascia alta e squisito\" e migliora l'esperienza di unboxing e i punti di memoria dell'utente.<\/li>\n<li><strong>Potenziamento del marketing<\/strong>: Supporta la stampa a caldo di codici QR, la stampa a strati interattiva AR, il collegamento di contenuti digitali online e l'integrazione di prodotti ed effetti.<\/li>\n<\/ul>\n<h2 id=\"-service-commitment-\"><strong>Impegno di servizio<\/strong><\/h2>\n<p>Fornire un supporto ODM completo, dalla progettazione strutturale alla selezione dei materiali fino all'implementazione del processo, assicurando che ogni collegamento sia profondamente in linea con il DNA del marchio, aiutando il prodotto a distinguersi nel mercato della bellezza di fascia alta.<\/p>","protected":false},"excerpt":{"rendered":"<p>Questa scatola con chiusura magnetica ha un metodo di apertura e chiusura solenne. La squisita lavorazione artigianale in argento e oro rosso a caldo aggiunge un fascino unico e uno stile eccezionale.<\/p>","protected":false},"featured_media":292,"template":"","meta":{"_kad_post_transparent":"default","_kad_post_title":"","_kad_post_layout":"default","_kad_post_sidebar_id":"","_kad_post_content_style":"default","_kad_post_vertical_padding":"default","_kad_post_feature":"","_kad_post_feature_position":"","_kad_post_header":false,"_kad_post_footer":false,"_kad_post_classname":""},"product_brand":[],"product_cat":[15,28,17],"product_tag":[87,89,88],"class_list":{"0":"post-290","1":"product","2":"type-product","3":"status-publish","4":"has-post-thumbnail","6":"product_cat-red-light-therapy","7":"product_cat-customize","8":"product_cat-services","9":"product_tag-custom-beauty-packaging","10":"product_tag-custom-cosmetics-packaging","11":"product_tag-eyelash-serum-packaging-box","13":"first","14":"instock","15":"shipping-taxable","16":"product-type-simple","17":"entry","18":"content-bg","19":"loop-entry"},"_links":{"self":[{"href":"https:\/\/red-lighttherapy.com\/it\/wp-json\/wp\/v2\/product\/290","targetHints":{"allow":["GET"]}}],"collection":[{"href":"https:\/\/red-lighttherapy.com\/it\/wp-json\/wp\/v2\/product"}],"about":[{"href":"https:\/\/red-lighttherapy.com\/it\/wp-json\/wp\/v2\/types\/product"}],"wp:featuredmedia":[{"embeddable":true,"href":"https:\/\/red-lighttherapy.com\/it\/wp-json\/wp\/v2\/media\/292"}],"wp:attachment":[{"href":"https:\/\/red-lighttherapy.com\/it\/wp-json\/wp\/v2\/media?parent=290"}],"wp:term":[{"taxonomy":"product_brand","embeddable":true,"href":"https:\/\/red-lighttherapy.com\/it\/wp-json\/wp\/v2\/product_brand?post=290"},{"taxonomy":"product_cat","embeddable":true,"href":"https:\/\/red-lighttherapy.com\/it\/wp-json\/wp\/v2\/product_cat?post=290"},{"taxonomy":"product_tag","embeddable":true,"href":"https:\/\/red-lighttherapy.com\/it\/wp-json\/wp\/v2\/product_tag?post=290"}],"curies":[{"name":"wp","href":"https:\/\/api.w.org\/{rel}","templated":true}]}}