{"id":284,"date":"2025-04-10T14:14:31","date_gmt":"2025-04-10T14:14:31","guid":{"rendered":"https:\/\/red-lighttherapy.com\/?post_type=product&#038;p=284"},"modified":"2025-04-10T14:24:36","modified_gmt":"2025-04-10T14:24:36","slug":"wholesale-custom-cosmetic-essential-oil-packaging-boxes","status":"publish","type":"product","link":"https:\/\/red-lighttherapy.com\/it\/wholesale-custom-cosmetic-essential-oil-packaging-boxes\/","title":{"rendered":"all'ingrosso Scatole d'imballaggio per oli essenziali cosmetici"},"content":{"rendered":"<h3 id=\"high-end-customized-cosmetic-essential-oil-packaging-box-a-comprehensive-solution-that-integrates-craft-aesthetics-and-functionality\">Scatole da imballaggio per oli essenziali cosmetici all'ingrosso - Una soluzione completa che integra estetica e funzionalit\u00e0 dell'artigianato<\/h3>\n<h2 id=\"-i-visual-core-the-ultimate-collision-of-single-black-printing-and-hot-stamping-technology-\"><strong>1. Nucleo visivo: la collisione definitiva della tecnologia di stampa a nero singolo e di stampa a caldo<\/strong><\/h2>\n<ol>\n<li><strong>Stampa singola in nero<\/strong>: Utilizzando la tecnologia dell'inchiostro nero puro C0\/M0\/Y0\/K100, presenta un colore di fondo profondo con una delicata precisione di stampa, evita il rischio di errori di sovrastampa in quadricromia e garantisce che i bordi del LOGO e del testo siano nitidi e chiari. Lo sfondo nero \u00e8 misterioso come la notte e conferisce al marchio un tono visivo stabile e di alto livello, rafforzando al contempo l'estetica minimalista del logo del marchio grazie al design vuoto.<\/li>\n<li><strong>Tecnologia di stampa a caldo<\/strong>: Il LOGO utilizza la tecnologia di stampa a caldo della lamina d'oro a 24 carati, che viene fissata con precisione sulla superficie della scatola attraverso una goffratura ad alta temperatura. Lo strato di stampa a caldo ha uno spessore di 0,1 mm, \u00e8 resistente all'usura e all'ossidazione, e presenta un effetto dinamico di flusso sotto la rifrazione della luce, evidenziando la texture lussuosa del marchio.<\/li>\n<\/ol>\n<h2 id=\"-second-structural-innovation-sky-and-earth-box-and-ritual-opening-and-closing-design-\"><strong>2. Innovazione strutturale: scatola del cielo e della terra e progetto di apertura e chiusura rituale<\/strong><\/h2>\n<ol>\n<li><strong>Struttura a cielo e terra<\/strong>: Il coperchio superiore (cielo) e la scatola inferiore (terra) sono formati in modo indipendente, adottando un design terra-cielo, incorporato con un substrato di cartone grigio da 1200GSM di 1,2 mm di spessore, con una resistenza alla compressione di 50 kg\/\u33a1, che garantisce la resistenza agli urti durante il trasporto. Il bordo del corpo della scatola \u00e8 lavorato con un processo di smussatura di 5 mm e l'apertura e la chiusura sono fluide e senza inceppamenti.<\/li>\n<li><strong>Texture della griglia e senso del rituale<\/strong>: La superficie della scatola \u00e8 integrata con griglie geometriche in rilievo, con una profondit\u00e0 di 0,3 mm, e il tocco tridimensionale \u00e8 ottenuto attraverso lo stampaggio; la struttura di apertura e chiusura magnetica (forza magnetica \u22651,2N) \u00e8 abbinata a un anello di trazione a nastro nascosto, tenendo conto della praticit\u00e0 e del senso rituale dell'unboxing.<\/li>\n<\/ol>\n<h2 id=\"-third-material-and-adaptation-dual-guarantee-of-performance-and-aesthetics-\"><strong>3. Materiale e adattamento: doppia garanzia di prestazioni e di estetica.<\/strong><\/h2>\n<ol>\n<li><strong>Materiale della scatola esterna<\/strong>:<\/li>\n<li><strong>Carta del viso<\/strong>: Carta doppio rame 157G, superficie oliata opaca, tocco delicato e antimpronta.<\/li>\n<li><strong>Fodera interna<\/strong>: Cartone grigio 1200GSM, densit\u00e0 0,92g\/cm\u00b3, prestazione portante 30% migliore del cartone ordinario.<\/li>\n<li><strong>Soluzione di vassoio interno personalizzata<\/strong>:<\/li>\n<li><strong>Opzioni del materiale<\/strong>: Floccatura (0,5 mm a pelo corto, opzionale rosso vino\/verde scuro), cartoncino (cartoncino doppio bianco 350G), tessuto di seta (jacquard di seta).<\/li>\n<li><strong>Design funzionale<\/strong>: Il vassoio interno in schiuma EVA (densit\u00e0 38D-60D) \u00e8 dotato di un'accurata scanalatura, adatta alle bottiglie di olio essenziale da 5-100 ml, e le prestazioni antisismiche hanno superato la certificazione ISTA 3A.<\/li>\n<\/ol>\n<h2 id=\"-fourth-flexible-customization-various-box-types-and-printing-adaptation-\"><strong>4. Personalizzazione flessibile: vari tipi di scatola e adattamento alla stampa.<\/strong><\/h2>\n<ol>\n<li><strong>Libreria di tipo box<\/strong>: Offre 8 tipi di scatole di base, come coperchi superiori e inferiori, scatole a cassetto, a forma di libro, ecc., supporta il taglio di forme speciali (come aperture esagonali e finestre curve) ed \u00e8 adatto per regali aziendali, esposizioni al dettaglio e altri scenari.<\/li>\n<li><strong>Layout di stampa<\/strong>: Supporta molteplici combinazioni di processi, come tinte piatte Pantone, UV parziale, goffratura, ecc., con una quantit\u00e0 minima d'ordine di 500 pezzi per lotto e un ciclo di prova di 3-5 giorni, soddisfacendo le esigenze di iterazione rapida come le edizioni limitate per le festivit\u00e0 e gli articoli in co-branding.<\/li>\n<\/ol>\n<h2 id=\"-v-quality-commitment-and-value-added-services-\"><strong>5. Impegno per la qualit\u00e0 e servizi a valore aggiunto<\/strong><\/h2>\n<ul>\n<li><strong>Standard di controllo qualit\u00e0<\/strong>: Ha superato la certificazione ambientale SGS (rilevamento di metalli pesanti e migrazione), supporta il test di resistenza alla temperatura e all'umidit\u00e0 per 48 ore (ciclo -20\u2103~60\u2103).<\/li>\n<li><strong>Collegamento al servizio<\/strong>: Fornisce una soluzione unica per la prova di modellazione 3D, lo stoccaggio e la distribuzione e la logistica transfrontaliera (DDP\/DDU), con una quantit\u00e0 minima d'ordine di 500 pezzi e un ciclo di consegna di 7-14 giorni.<\/li>\n<\/ul>","protected":false},"excerpt":{"rendered":"<p>L'esclusivo design a griglia della scatola del coperchio e della base \u00e8 combinato con un metodo di apertura e chiusura cerimoniale, distintivo e comodo da usare.<\/p>","protected":false},"featured_media":289,"template":"","meta":{"_kad_post_transparent":"default","_kad_post_title":"","_kad_post_layout":"default","_kad_post_sidebar_id":"","_kad_post_content_style":"default","_kad_post_vertical_padding":"default","_kad_post_feature":"","_kad_post_feature_position":"","_kad_post_header":false,"_kad_post_footer":false,"_kad_post_classname":""},"product_brand":[],"product_cat":[15,28,19,17],"product_tag":[85,86,80],"class_list":{"0":"post-284","1":"product","2":"type-product","3":"status-publish","4":"has-post-thumbnail","6":"product_cat-red-light-therapy","7":"product_cat-customize","8":"product_cat-red-light-therapy-stand","9":"product_cat-services","10":"product_tag-cosmetic-packaging","11":"product_tag-custom-cosmetic-essential-oil-packaging","12":"product_tag-essential-oil-packaging","14":"first","15":"instock","16":"shipping-taxable","17":"product-type-simple","18":"entry","19":"content-bg","20":"loop-entry"},"_links":{"self":[{"href":"https:\/\/red-lighttherapy.com\/it\/wp-json\/wp\/v2\/product\/284","targetHints":{"allow":["GET"]}}],"collection":[{"href":"https:\/\/red-lighttherapy.com\/it\/wp-json\/wp\/v2\/product"}],"about":[{"href":"https:\/\/red-lighttherapy.com\/it\/wp-json\/wp\/v2\/types\/product"}],"wp:featuredmedia":[{"embeddable":true,"href":"https:\/\/red-lighttherapy.com\/it\/wp-json\/wp\/v2\/media\/289"}],"wp:attachment":[{"href":"https:\/\/red-lighttherapy.com\/it\/wp-json\/wp\/v2\/media?parent=284"}],"wp:term":[{"taxonomy":"product_brand","embeddable":true,"href":"https:\/\/red-lighttherapy.com\/it\/wp-json\/wp\/v2\/product_brand?post=284"},{"taxonomy":"product_cat","embeddable":true,"href":"https:\/\/red-lighttherapy.com\/it\/wp-json\/wp\/v2\/product_cat?post=284"},{"taxonomy":"product_tag","embeddable":true,"href":"https:\/\/red-lighttherapy.com\/it\/wp-json\/wp\/v2\/product_tag?post=284"}],"curies":[{"name":"wp","href":"https:\/\/api.w.org\/{rel}","templated":true}]}}