{"id":260,"date":"2025-04-10T13:18:48","date_gmt":"2025-04-10T13:18:48","guid":{"rendered":"https:\/\/red-lighttherapy.com\/?post_type=product&#038;p=260"},"modified":"2025-04-10T13:51:14","modified_gmt":"2025-04-10T13:51:14","slug":"luxury-customized-weed-cbd-oil-packaging-gift-box-wholesale","status":"publish","type":"product","link":"https:\/\/red-lighttherapy.com\/it\/luxury-customized-weed-cbd-oil-packaging-gift-box-wholesale\/","title":{"rendered":"Lusso personalizzato Weed CBD Oil Packaging Gift Box all'ingrosso"},"content":{"rendered":"<h3 id=\"luxury-customized-hemp-cbd-oil-packaging-gift-box-wholesale\">Lusso personalizzato canapa Weed CBD Oil Packaging Gift Box all'ingrosso<\/h3>\n<h2 id=\"-1-high-end-visual-design-single-black-printing-and-stylized-patterns-\"><strong>1. Design visivo di alto livello: stampa monocolore nera e motivi stilizzati.<\/strong><\/h2>\n<ul>\n<li><strong>Processo di stampa in nero singolo<\/strong>: Utilizzando la tecnologia di stampa monocromatica nera (Pantone Black), il contrasto chiaro-scuro e le linee delicate delineano un senso di semplicit\u00e0 e lusso, creando un effetto visivo profondo e di alto livello.<\/li>\n<li><strong>Estetica in bianco e nero<\/strong>: Con i classici bianco e nero come tonalit\u00e0 principale, combinati con una variet\u00e0 di disegni di pattern come texture geometriche, arte astratta o loghi di marca minimalisti, non solo riflette la texture del marchio, ma d\u00e0 anche a ogni confezione regalo uno stile unico per soddisfare le esigenze di diversi scenari di consumo (come medico, regali e vendita al dettaglio di fascia alta).<\/li>\n<\/ul>\n<h2 id=\"-2-innovative-magnetic-box-structure-function-and-experience-upgrade-\"><strong>2. Struttura innovativa della scatola magnetica: aggiornamento della funzione e dell'esperienza<\/strong><\/h2>\n<ul>\n<li><strong>Fibbia magnetica laterale<\/strong>: Il lato della scatola \u00e8 dotato di una fibbia magnetica, che offre un'esperienza di apertura e chiusura diversa da quella degli imballaggi tradizionali. \u00c8 stabile e affidabile quando \u00e8 chiusa, elegante e scorrevole quando viene aperta, il che aumenta il senso di rituale dell'interazione con l'utente.<\/li>\n<li><strong>Progettazione del rinforzo strutturale<\/strong>: La base in cartone grigio ad alta resistenza da 1200GSM garantisce la resistenza alla compressione e la durata del corpo della scatola e protegge la bottiglia di olio di CBD dall'impatto esterno durante il trasporto o lo stoccaggio.<\/li>\n<\/ul>\n<h2 id=\"-3-customized-materials-and-craftsmanship-\"><strong>3. Materiali e artigianato su misura<\/strong><\/h2>\n<ul>\n<li><strong>Combinazione di materiali di alta qualit\u00e0<\/strong>: Lo strato esterno utilizza carta patinata 157G e la superficie \u00e8 ricoperta da una pellicola opaca o da un processo UV parziale per migliorare le propriet\u00e0 tattili e antivegetative; lo strato interno \u00e8 abbinato a un cartoncino grigio 1200GSM, tenendo conto della durezza e delle caratteristiche di protezione ambientale (riciclabile).<\/li>\n<li><strong>Dettagli artigianali<\/strong>: Supporta processi aggiuntivi come la goffratura, la stampa a caldo e la serigrafia per evidenziare ulteriormente il senso tridimensionale e lussuoso dei loghi o dei motivi del marchio.<\/li>\n<\/ul>\n<h2 id=\"-4-flexible-box-type-and-differentiated-design-\"><strong>4. Tipo di scatola flessibile e design differenziato<\/strong><\/h2>\n<ul>\n<li><strong>Servizio di personalizzazione del tipo di scatola<\/strong>: Offre una variet\u00e0 di tipi di scatole, come coperture superiori e inferiori, scatole a forma di libro, scatole a cassetto, ecc. Le dimensioni e i metodi di apertura e chiusura possono essere regolati in base alle esigenze per soddisfare diversi posizionamenti, dalla piccola capacit\u00e0 portatile ai regali di lusso.<\/li>\n<li><strong>Soluzione di differenziazione<\/strong>: Grazie al design modulare, i clienti possono integrare elementi del marchio (come LOGO, slogan), combinati con strutture differenziate (come vassoio interno a strati, finestra trasparente), per migliorare il riconoscimento del prodotto e l'esperienza del consumatore.<\/li>\n<\/ul>\n<h2 id=\"-5-multifunctional-inner-tray-adaptation-solution-\"><strong>5. Soluzione di adattamento del vassoio interno multifunzionale<\/strong><\/h2>\n<ul>\n<li><strong>Materiali del vassoio interno diversificati<\/strong>:<\/li>\n<li><strong>Fodera in EVA<\/strong>: Adatto per bottiglie di vetro CBD di alto valore, il corpo della bottiglia \u00e8 fissato da scanalature personalizzate, antiurto e anticaduta.<\/li>\n<li><strong>Vassoio interno floccato<\/strong>: Esalta il lusso del tatto, adatto a scene regalo di alto livello.<\/li>\n<li><strong>Stampaggio di polpa di cellulosa degradabile<\/strong>: Opzione ecologica, in linea con il concetto di marchio sostenibile.<\/li>\n<li><strong>Progettazione funzionale della zonizzazione<\/strong>: Supporta il layout a strati e a griglia, compatibile con bottiglie di olio CBD, contagocce, manuali e altri accessori da conservare, tenendo conto sia della bellezza che della praticit\u00e0.<\/li>\n<\/ul>\n<h2 id=\"-6-one-stop-customization-service-and-quality-assurance-\"><strong>6. Servizio unico di personalizzazione e garanzia di qualit\u00e0<\/strong><\/h2>\n<ul>\n<li><strong>Supporto completo al processo, dalla progettazione alla produzione<\/strong>: Forniamo servizi di modellazione 3D e prove di stampa per garantire che l'effetto del design sia coerente con il prodotto reale, e i campioni possono essere consegnati in soli 3-5 giorni.<\/li>\n<li><strong>Produzione di massa e logistica<\/strong>: Supporta una capacit\u00e0 produttiva mensile di milioni di pezzi e l'imballaggio utilizza scatole madri personalizzate per un trasporto rinforzato, coprendo pi\u00f9 porti come Ningbo e Shanghai per l'esportazione.<\/li>\n<\/ul>\n<h2 id=\"-summary-of-product-advantages-\"><strong>Sintesi dei vantaggi del prodotto<\/strong>:<\/h2>\n<ul>\n<li><strong>Posizionamento di fascia alta<\/strong>: Grazie alla stampa nera singola e alla struttura di aspirazione magnetica, crea una struttura di imballaggio di lusso.<\/li>\n<li><strong>Sicurezza e conformit\u00e0<\/strong>: Il materiale soddisfa gli standard ambientali internazionali (come il cartone grigio riciclabile) e le informazioni dell'etichetta possono essere personalizzate in base alle normative.<\/li>\n<li><strong>Personalizzazione flessibile<\/strong>: Dalla forma della scatola al vassoio interno, soddisfa pienamente le esigenze di differenziazione del marchio e contribuisce a migliorare la competitivit\u00e0 del mercato.<\/li>\n<\/ul>","protected":false},"excerpt":{"rendered":"<p>Questa scatola con chiusura magnetica ha una fibbia sul lato e il metodo di commutazione \u00e8 nuovo e unico, il che migliora la consistenza complessiva e la fermezza della scatola.<\/p>","protected":false},"featured_media":265,"template":"","meta":{"_kad_post_transparent":"default","_kad_post_title":"","_kad_post_layout":"default","_kad_post_sidebar_id":"","_kad_post_content_style":"default","_kad_post_vertical_padding":"default","_kad_post_feature":"","_kad_post_feature_position":"","_kad_post_header":false,"_kad_post_footer":false,"_kad_post_classname":""},"product_brand":[],"product_cat":[15,17],"product_tag":[78,77,79],"class_list":{"0":"post-260","1":"product","2":"type-product","3":"status-publish","4":"has-post-thumbnail","6":"product_cat-red-light-therapy","7":"product_cat-services","8":"product_tag-cbd-oil-packaging-box","9":"product_tag-customized-weed-packaging","10":"product_tag-weed-cbd-oil-packaging-wholesale","12":"first","13":"instock","14":"shipping-taxable","15":"product-type-simple","16":"entry","17":"content-bg","18":"loop-entry"},"_links":{"self":[{"href":"https:\/\/red-lighttherapy.com\/it\/wp-json\/wp\/v2\/product\/260","targetHints":{"allow":["GET"]}}],"collection":[{"href":"https:\/\/red-lighttherapy.com\/it\/wp-json\/wp\/v2\/product"}],"about":[{"href":"https:\/\/red-lighttherapy.com\/it\/wp-json\/wp\/v2\/types\/product"}],"wp:featuredmedia":[{"embeddable":true,"href":"https:\/\/red-lighttherapy.com\/it\/wp-json\/wp\/v2\/media\/265"}],"wp:attachment":[{"href":"https:\/\/red-lighttherapy.com\/it\/wp-json\/wp\/v2\/media?parent=260"}],"wp:term":[{"taxonomy":"product_brand","embeddable":true,"href":"https:\/\/red-lighttherapy.com\/it\/wp-json\/wp\/v2\/product_brand?post=260"},{"taxonomy":"product_cat","embeddable":true,"href":"https:\/\/red-lighttherapy.com\/it\/wp-json\/wp\/v2\/product_cat?post=260"},{"taxonomy":"product_tag","embeddable":true,"href":"https:\/\/red-lighttherapy.com\/it\/wp-json\/wp\/v2\/product_tag?post=260"}],"curies":[{"name":"wp","href":"https:\/\/api.w.org\/{rel}","templated":true}]}}