{"id":254,"date":"2025-04-10T13:05:03","date_gmt":"2025-04-10T13:05:03","guid":{"rendered":"https:\/\/red-lighttherapy.com\/?post_type=product&#038;p=254"},"modified":"2025-04-10T13:36:07","modified_gmt":"2025-04-10T13:36:07","slug":"magnetic-closure-saw-blade-rigid-gift-packaging-box-factory","status":"publish","type":"product","link":"https:\/\/red-lighttherapy.com\/it\/magnetic-closure-saw-blade-rigid-gift-packaging-box-factory\/","title":{"rendered":"Chiusura magnetica lama di sega rigida regalo Packaging Box Factory"},"content":{"rendered":"<h3 id=\"magnetic-sealed-saw-blade-hard-gift-packaging-box\">Lama da sega sigillata magnetica Scatola di imballaggio regalo duro<\/h3>\n<h2 id=\"-i-core-materials-and-crafts-\"><strong>1. Materiali di base e artigianato<\/strong><\/h2>\n<ol>\n<li><strong>Selezione di materiali di alta gamma<\/strong>: Il prodotto utilizza\u00a0<strong>Carta patinata da 157 g<\/strong>\u00a0come carta per il montaggio in superficie, in combinazione con\u00a0<strong>Pannello grigio ad alta densit\u00e0 da 1200 g<\/strong>\u00a0come substrato di rivestimento. La superficie della carta patinata viene lavorata da\u00a0<strong>processo di stampa in quadricromia<\/strong>Il pannello grigio ha un'eccellente resistenza alla compressione e alla planarit\u00e0, pu\u00f2 sopportare gli urti del trasporto e garantisce che il corpo della scatola non si deformi per lungo tempo.<\/li>\n<li><strong>Design strutturale di livello industriale<\/strong>: Il\u00a0<strong>struttura della scatola flip-top<\/strong>\u00a0Il coperchio della scatola si apre e si chiude comodamente grazie a un dispositivo di tenuta magnetica. La chiusura \u00e8 salda e stabile, mentre il\u00a0<strong>modello di contorno personalizzato<\/strong>\u00a0formata dalla sovrapposizione del pannello grigio interno, fissa accuratamente la lama della sega per evitare scosse. La struttura complessiva tiene conto sia dell'esposizione che della protezione, adatta per essere esposta sugli scaffali o come confezione regalo.<\/li>\n<\/ol>\n<h2 id=\"-ii-visual-design-and-functional-features-\"><strong>2. Design visivo e caratteristiche funzionali<\/strong><\/h2>\n<ol>\n<li><strong>Aspetto tematico<\/strong>:<\/li>\n<li>Il colore principale \u00e8\u00a0<strong>nero opaco<\/strong>, con\u00a0<strong>motivo a dente di sega bianco<\/strong>\u00a0e\u00a0<strong>logo del marchio verde fluorescente<\/strong>formando un forte impatto visivo in stile industriale. Il modello di copertura restituisce la dinamica di taglio della lama della sega attraverso linee vettoriali, trasmettendo in modo intuitivo lo scopo del prodotto.<\/li>\n<li>Il progetto incorpora il\u00a0<strong>minimalismo<\/strong>\u00a0senza elementi decorativi ridondanti, evidenziando gli attributi degli strumenti professionali e migliorando la riconoscibilit\u00e0 del marchio.<\/li>\n<li><strong>Ottimizzazione del rivestimento<\/strong>: La cavit\u00e0 interna utilizza\u00a0<strong>3-4 strati di cartoncino grigio sovrapposti a taglio<\/strong>e utilizza la tecnologia di fustellatura CNC per modellare la scanalatura che si adatta alla forma della lama della sega, in modo da fornire una protezione completa del cuscinetto. Il rivestimento bianco contrasta con il corpo nero della scatola, aumentando il senso di cerimonia quando il prodotto viene estratto.<\/li>\n<\/ol>\n<h2 id=\"-three-customized-services-and-production-guarantee-\"><strong>3. Servizi personalizzati e garanzia di produzione<\/strong><\/h2>\n<ol>\n<li><strong>Schema di personalizzazione flessibile<\/strong>:<\/li>\n<li>Supporto\u00a0<strong>regolazione delle dimensioni<\/strong>\u00a0(adattarsi a lame di diverse specifiche),\u00a0<strong>riprogettazione dei modelli<\/strong>\u00a0(LOGO, testo ed elementi grafici sostituibili),\u00a0<strong>aggiornamento del materiale<\/strong>\u00a0(come la sostituzione con carta speciale o l'aggiunta del processo di stampa a caldo).<\/li>\n<li>Fornire\u00a0<strong>Cotone perlato EPE<\/strong>\u00a0o\u00a0<strong>vassoio blister<\/strong>\u00a0e altri accessori per il buffer, per soddisfare le esigenze delle confezioni regalo di alta gamma.<\/li>\n<li><strong>Controllo qualit\u00e0 e consegna full-link<\/strong>:<\/li>\n<li>Adottare\u00a0<strong>macchina fustellatrice completamente automatica<\/strong>\u00a0e\u00a0<strong>macchina da stampa in quadricromia ad alta velocit\u00e0<\/strong>con una capacit\u00e0 produttiva media giornaliera di 10.000 pezzi, in grado di supportare la consegna degli ordini urgenti in 7-10 giorni.<\/li>\n<li>Attuare\u00a0<strong>Sistema di ispezione della qualit\u00e0 a tre livelli<\/strong>ispezione del magazzino delle materie prime (contenuto di umidit\u00e0 del cartone grigio \u22648%), test di planarit\u00e0 del semilavorato, test di compressione e caduta del prodotto finito.<\/li>\n<\/ol>\n<h2 id=\"-fourth-application-scenarios-and-competitive-advantages-\"><strong>4. Scenari applicativi e vantaggi competitivi<\/strong><\/h2>\n<ol>\n<li><strong>Campi applicabili<\/strong>: Progettato specificamente per\u00a0<strong>marche di lame per seghe industriali<\/strong>,\u00a0<strong>set di utensili per ferramenta<\/strong>\u00a0e\u00a0<strong>accessori per apparecchiature meccaniche di alta gamma<\/strong>adatto per l'esposizione in un supermercato, per il trasporto di e-commerce, per i regali in una mostra e per altri scenari.<\/li>\n<li><strong>Vantaggi principali<\/strong>:<\/li>\n<li><strong>Design differenziato<\/strong>: Unisce funzionalit\u00e0 ed estetica, rompendo lo stereotipo della confezione tradizionale degli utensili.<\/li>\n<li><strong>Conformit\u00e0 ambientale<\/strong>: Sia il cartone grigio che la carta patinata sono conformi alla certificazione FSC e favoriscono il riciclaggio.<\/li>\n<li><strong>Servizio unico<\/strong>: Dalla bozza di design al confezionamento del prodotto finito, forniamo un supporto completo per le prove di stampa, la produzione e la logistica.<\/li>\n<\/ol>\n<h2 id=\"-technical-parameters-example-\"><strong>Parametri tecnici<\/strong>\u00a0(esempio)<\/h2>\n<table>\n<thead>\n<tr>\n<th>Articolo<\/th>\n<th>Valore standard<\/th>\n<\/tr>\n<\/thead>\n<tbody>\n<tr>\n<td>Peso del pannello grigio<\/td>\n<td>1200 g (\u00b15%)<\/td>\n<\/tr>\n<tr>\n<td>Stampa di superficie<\/td>\n<td>CMYK + laminazione opaca<\/td>\n<\/tr>\n<tr>\n<td>Capacit\u00e0 di carico<\/td>\n<td>Resistenza alla compressione statica \u226550kg<\/td>\n<\/tr>\n<tr>\n<td>Ciclo di consegna<\/td>\n<td>Ordini regolari 7-14 giorni<\/td>\n<\/tr>\n<\/tbody>\n<\/table>","protected":false},"excerpt":{"rendered":"<p>Il design di questa scatola per la lama della sega \u00e8 a chiusura magnetica. L'aspetto si basa sull'elemento lama di sega come contenuto principale. Il coperchio \u00e8 stampato con un motivo a lama di sega, che trasmette lo scopo del prodotto in modo pi\u00f9 intuitivo.<\/p>","protected":false},"featured_media":255,"template":"","meta":{"_kad_post_transparent":"default","_kad_post_title":"","_kad_post_layout":"default","_kad_post_sidebar_id":"","_kad_post_content_style":"default","_kad_post_vertical_padding":"default","_kad_post_feature":"","_kad_post_feature_position":"","_kad_post_header":false,"_kad_post_footer":false,"_kad_post_classname":""},"product_brand":[],"product_cat":[15,17],"product_tag":[76,75,74],"class_list":{"0":"post-254","1":"product","2":"type-product","3":"status-publish","4":"has-post-thumbnail","6":"product_cat-red-light-therapy","7":"product_cat-services","8":"product_tag-magnetic-closure-saw-blade-box","9":"product_tag-saw-blade-packaging-box-factory","10":"product_tag-saw-blade-rigid-box","12":"first","13":"instock","14":"shipping-taxable","15":"product-type-simple","16":"entry","17":"content-bg","18":"loop-entry"},"_links":{"self":[{"href":"https:\/\/red-lighttherapy.com\/it\/wp-json\/wp\/v2\/product\/254","targetHints":{"allow":["GET"]}}],"collection":[{"href":"https:\/\/red-lighttherapy.com\/it\/wp-json\/wp\/v2\/product"}],"about":[{"href":"https:\/\/red-lighttherapy.com\/it\/wp-json\/wp\/v2\/types\/product"}],"wp:featuredmedia":[{"embeddable":true,"href":"https:\/\/red-lighttherapy.com\/it\/wp-json\/wp\/v2\/media\/255"}],"wp:attachment":[{"href":"https:\/\/red-lighttherapy.com\/it\/wp-json\/wp\/v2\/media?parent=254"}],"wp:term":[{"taxonomy":"product_brand","embeddable":true,"href":"https:\/\/red-lighttherapy.com\/it\/wp-json\/wp\/v2\/product_brand?post=254"},{"taxonomy":"product_cat","embeddable":true,"href":"https:\/\/red-lighttherapy.com\/it\/wp-json\/wp\/v2\/product_cat?post=254"},{"taxonomy":"product_tag","embeddable":true,"href":"https:\/\/red-lighttherapy.com\/it\/wp-json\/wp\/v2\/product_tag?post=254"}],"curies":[{"name":"wp","href":"https:\/\/api.w.org\/{rel}","templated":true}]}}