{"id":242,"date":"2025-04-10T12:32:25","date_gmt":"2025-04-10T12:32:25","guid":{"rendered":"https:\/\/red-lighttherapy.com\/?post_type=product&#038;p=242"},"modified":"2025-04-10T12:46:01","modified_gmt":"2025-04-10T12:46:01","slug":"china-double-door-open-gourmet-food-gift-box-suppliers","status":"publish","type":"product","link":"https:\/\/red-lighttherapy.com\/it\/china-double-door-open-gourmet-food-gift-box-suppliers\/","title":{"rendered":"Cina Doppia porta aperta Gourmet Food Gift Box fornitori"},"content":{"rendered":"<h2 id=\"-double-door-open-liftable-food-gift-box\">Cina Doppia porta aperta Gourmet Food Gift Box fornitori<\/h2>\n<h2 id=\"-i-core-material-high-pressure-resistant-and-environmentally-friendly-substrate-\"><strong>1. Materiale di base: substrato resistente alle alte pressioni e rispettoso dell'ambiente.<\/strong><\/h2>\n<ol>\n<li><strong>Struttura combinata carta patinata + doppio cartone grigio<\/strong><\/li>\n<li>La scatola esterna adotta una carta patinata ad alta grammatura da 300 g con tecnologia a film opaco, con una superficie liscia e delicata e un'elevata riproduzione dei colori, mentre il processo di floccaggio\/stampa a caldo migliora il tatto e la qualit\u00e0 visiva.<\/li>\n<li>Lo strato interno utilizza un doppio pannello grigio importato da 2,5 mm con una rigidit\u00e0 superiore a 80 MPa e una resistenza alla compressione superiore allo standard industriale di 30%, in grado di sopportare una pressione verticale di 50 kg durante il trasporto senza subire deformazioni.<\/li>\n<li>Ha superato la certificazione ambientale FSC, il materiale \u00e8 riciclabile e degradabile e soddisfa gli standard di sicurezza degli imballaggi alimentari.<\/li>\n<\/ol>\n<h2 id=\"-ii-innovative-structure-double-door-flip-lift-design-\"><strong>2. Struttura innovativa: design a doppia anta con apertura a ribalta.<\/strong><\/h2>\n<ol>\n<li><strong>Apertura e chiusura magnetica a due ante<\/strong><\/li>\n<li>Adottando una struttura a doppia anta a 180\u00b0, con fibbia magnetica invisibile incorporata, l'apertura e la chiusura sono fluide e silenziose e la tenuta dopo la chiusura raggiunge il livello di protezione dalla polvere IP54.<\/li>\n<li><strong>Scatola interna a sollevamento automatico<\/strong><\/li>\n<li>Grazie al dispositivo di sollevamento lento a molla\/ingranaggio incorporato, il vassoio interno si solleva a una velocit\u00e0 uniforme di 0,5 m\/s quando viene aperto e, grazie al rivestimento in EVA di colore chiaro, forma un punto di riferimento visivo in stile \"stand\", migliorando il senso di cerimonia al momento del disimballaggio.<\/li>\n<li>Il vassoio interno pu\u00f2 essere personalizzato con moduli stratificati per soddisfare le esigenze di confezioni combinate multi-categoria come torte, prodotti secchi e vino.<\/li>\n<\/ol>\n<h2 id=\"-three-visual-design-black-and-gold-aesthetics-and-information-communication-\"><strong>3. Visual design: estetica nera e oro e comunicazione dell'informazione<\/strong><\/h2>\n<ol>\n<li><strong>Soluzione visiva principale<\/strong><\/li>\n<li>Sfondo nero opaco con motivi di cibo ad alta saturazione (come peperoni rosso-arancio, frollini dorati), il tasso di copertura della gamma di colori CMYK raggiunge 98%, ottenendo l'effetto di contrasto \"colore scuro calmo + colore luminoso accattivante\".<\/li>\n<li>Il LOGO adotta la tecnologia tridimensionale dell'argento a caldo, mentre le informazioni sul testo utilizzano il colore Pantone 872C metal spot, e l'indice di rifrazione sotto una forte luce aumenta di 200%.<\/li>\n<li><strong>Presentazione dell'approvazione della fiducia<\/strong><\/li>\n<li>I loghi delle certificazioni ISO22000, HACCP e altre sono stampati in posizione evidente sul fronte, mentre sul lato \u00e8 stato aggiunto un codice QR di tracciabilit\u00e0 anticontraffazione. La scansione del codice consente di visualizzare il lotto di produzione e il rapporto di ispezione della qualit\u00e0.<\/li>\n<\/ol>\n<h2 id=\"-iv-lining-protection-intelligent-buffer-system-\"><strong>4. Protezione del rivestimento: sistema tampone intelligente<\/strong><\/h2>\n<ol>\n<li><strong>Soluzione di rivestimento modulare<\/strong><\/li>\n<li>Versione base: fodera in cotone perlato grigio chiaro da 1,5 mm, certificazione FDA per il contatto con gli alimenti, lavabile e riutilizzabile.<\/li>\n<li>Versione aggiornata: schiuma di memoria tagliata al laser 3D, scanalature prestampate in base alla forma del prodotto e resistenza sismica che raggiunge lo standard militare MIL-STD-810G.<\/li>\n<li><strong>Tecnologia di controllo degli odori<\/strong><\/li>\n<li>Adottando una struttura microporosa permeabile all'ossigeno, con uno strato di adsorbimento di carbone di bamb\u00f9, il test chiuso di 72 ore mostra che il rilascio di TVOC \u00e8 \u22640,05mg\/m\u00b3.<\/li>\n<\/ol>\n<h2 id=\"-v-customized-service-full-link-flexible-production-\"><strong>5. Servizio personalizzato: produzione flessibile full-link<\/strong><\/h2>\n<ol>\n<li><strong>Supporto alla progettazione personalizzata<\/strong><\/li>\n<li>La gamma di dimensioni va da 80\u00d780 mm a 600\u00d7400 mm e supporta oltre 20 selezioni di librerie di scatole, come scatole di forma speciale e scatole a forma di libro.<\/li>\n<li>Fornire un sistema di progettazione intelligente AI, in grado di generare automaticamente rendering 3D dopo il caricamento dei materiali da parte dei clienti e di fornire prove di stampa entro 48 ore.<\/li>\n<li><strong>Capacit\u00e0 di consegna scalare<\/strong><\/li>\n<li>16 anni di esperienza di stampa, con una propria fabbrica intelligente da 10.000\u33a1, una capacit\u00e0 produttiva giornaliera di 100.000 pezzi e un supporto per 500.000-500.000 ordini flessibili.<\/li>\n<li>Controllo di qualit\u00e0 a processo completo: dalle materie prime che entrano in fabbrica ai prodotti finiti che vengono spediti, ci sono 12 nodi di ispezione e il controllo della differenza di colore \u0394E\u22641,5.<\/li>\n<\/ol>\n<h2 id=\"-vi-value-added-service-brand-empowerment-solution-\"><strong>6. Servizio a valore aggiunto: Soluzione di potenziamento del marchio<\/strong><\/h2>\n<ul>\n<li><strong>Soluzione unica<\/strong>: Fornire servizi di processo completi, dalla progettazione strutturale alla progettazione grafica, dalla selezione dei materiali alla distribuzione logistica e al monitoraggio del servizio clienti esclusivo 7\u00d724 ore.<\/li>\n<li><strong>Potenziamento del marketing<\/strong>: Verranno regalate 1.000 schede di prodotto personalizzate. Scansionando il codice QR si accede al micro centro commerciale del marchio, che aiuter\u00e0 a convertire il traffico del dominio privato.<\/li>\n<\/ul>","protected":false},"excerpt":{"rendered":"<p>Questa scatola dalla forma insolita \u00e8 principalmente di colore nero, con immagini luminose di alimenti, che hanno un forte impatto visivo. La parte frontale \u00e8 stampata con parole accattivanti come LOGO, per evidenziare le caratteristiche e la qualit\u00e0 del prodotto, ed \u00e8 anche contrassegnata da marchi di certificazione per aumentare la credibilit\u00e0.<\/p>","protected":false},"featured_media":246,"template":"","meta":{"_kad_post_transparent":"default","_kad_post_title":"","_kad_post_layout":"default","_kad_post_sidebar_id":"","_kad_post_content_style":"default","_kad_post_vertical_padding":"default","_kad_post_feature":"","_kad_post_feature_position":"","_kad_post_header":false,"_kad_post_footer":false,"_kad_post_classname":""},"product_brand":[],"product_cat":[15,17],"product_tag":[70,69,68],"class_list":{"0":"post-242","1":"product","2":"type-product","3":"status-publish","4":"has-post-thumbnail","6":"product_cat-red-light-therapy","7":"product_cat-services","8":"product_tag-double-door-open-food-box","9":"product_tag-food-gift-box-suppliers","10":"product_tag-gourmet-food-gift-box","12":"first","13":"instock","14":"shipping-taxable","15":"product-type-simple","16":"entry","17":"content-bg","18":"loop-entry"},"_links":{"self":[{"href":"https:\/\/red-lighttherapy.com\/it\/wp-json\/wp\/v2\/product\/242","targetHints":{"allow":["GET"]}}],"collection":[{"href":"https:\/\/red-lighttherapy.com\/it\/wp-json\/wp\/v2\/product"}],"about":[{"href":"https:\/\/red-lighttherapy.com\/it\/wp-json\/wp\/v2\/types\/product"}],"wp:featuredmedia":[{"embeddable":true,"href":"https:\/\/red-lighttherapy.com\/it\/wp-json\/wp\/v2\/media\/246"}],"wp:attachment":[{"href":"https:\/\/red-lighttherapy.com\/it\/wp-json\/wp\/v2\/media?parent=242"}],"wp:term":[{"taxonomy":"product_brand","embeddable":true,"href":"https:\/\/red-lighttherapy.com\/it\/wp-json\/wp\/v2\/product_brand?post=242"},{"taxonomy":"product_cat","embeddable":true,"href":"https:\/\/red-lighttherapy.com\/it\/wp-json\/wp\/v2\/product_cat?post=242"},{"taxonomy":"product_tag","embeddable":true,"href":"https:\/\/red-lighttherapy.com\/it\/wp-json\/wp\/v2\/product_tag?post=242"}],"curies":[{"name":"wp","href":"https:\/\/api.w.org\/{rel}","templated":true}]}}