{"id":236,"date":"2025-04-10T12:21:10","date_gmt":"2025-04-10T12:21:10","guid":{"rendered":"https:\/\/red-lighttherapy.com\/?post_type=product&#038;p=236"},"modified":"2025-04-10T12:32:14","modified_gmt":"2025-04-10T12:32:14","slug":"custom-wine-spirit-liquor-paper-tube-packaging-box-wholesale","status":"publish","type":"product","link":"https:\/\/red-lighttherapy.com\/it\/custom-wine-spirit-liquor-paper-tube-packaging-box-wholesale\/","title":{"rendered":"Personalizzato vino liquore tubo di carta Packaging Box all'ingrosso"},"content":{"rendered":"<h2 id=\"-customized-red-and-gold-curled-cylinder-packaging-box-for-wine-and-spirits-\"><strong>Scatola d'imballaggio a cilindro arricciato rosso e oro su misura per vino e liquori<\/strong><\/h2>\n<h2 id=\"-core-product-design-\"><strong>Design del prodotto principale<\/strong><\/h2>\n<ol>\n<li><strong>Materiale e struttura<\/strong><\/li>\n<li><strong>Materiale di superficie in carta patinata ecologica<\/strong>: La carta patinata con grammatura superiore a 200g\/m\u00b2 \u00e8 stata selezionata come materiale di superficie; la superficie \u00e8 liscia e delicata, con un'eccellente idoneit\u00e0 alla stampa e pu\u00f2 presentare con precisione i dettagli del processo, come la stampa a caldo e la stampa a colori. Il corpo del cilindro adotta un processo di arricciatura a spirale e la rigidit\u00e0 \u00e8 rafforzata da un processo di montaggio multistrato per garantire che la scatola del cilindro non si deformi quando sostiene il peso (singola bottiglia di vino rosso\/spirito), tenendo conto della protezione ambientale e della durata.<\/li>\n<li><strong>Tipo di scatola per cilindri arricciati<\/strong>: Struttura cilindrica del tubo di carta, linee morbide senza spigoli e angoli, comoda apertura e chiusura verso l'alto e verso il basso e buona tenuta. Il diametro e l'altezza del corpo del cilindro possono essere personalizzati per soddisfare le esigenze delle bottiglie di vino standard da 750 ml e delle bottiglie di forma speciale.<\/li>\n<li><strong>Tecnologia di decorazione e visual design<\/strong><\/li>\n<li><strong>Tecnologia di stampa a caldo<\/strong>: Utilizzando la tecnologia locale di stampa UV a caldo, sul corpo principale del barile vengono disegnate linee radiali o motivi a vite, abbinati al logo del marchio o a motivi di buon auspicio, che trasmettono un'atmosfera festosa e lussuosa, adatta ai regali di Natale, ai banchetti di nozze e ad altre scene.<\/li>\n<li><strong>Abbinamento dei colori rosso e oro classico<\/strong>: Il colore principale \u00e8 il rosso cinese altamente saturo, abbinato a elementi di stampa a caldo, e l'impatto visivo \u00e8 rafforzato dal contrasto cromatico, evidenziando la texture di alto livello e la connotazione culturale del prodotto.<\/li>\n<li><strong>Struttura di protezione interna<\/strong><\/li>\n<li><strong>Rivestimento della cornice in oro<\/strong>: Cornice tampone in EVA dorata di 0,5 mm di spessore, che si adatta perfettamente al corpo della bottiglia per evitare graffi durante il trasporto; la superficie della cornice \u00e8 ricoperta da una pellicola opaca, che mette in risalto la struttura della bottiglia di vino in modo discreto. Supporta l'aggiornamento al rivestimento in flock o alla struttura divisoria personalizzata per soddisfare le esigenze di confezionamento di pi\u00f9 bottiglie.<\/li>\n<\/ol>\n<h2 id=\"-advantages-of-customized-services-\"><strong>Vantaggi dei servizi personalizzati<\/strong><\/h2>\n<ol>\n<li><strong>Opzioni di personalizzazione flessibili<\/strong><\/li>\n<li><strong>Modello e dimensioni<\/strong>: Supporta la stampa a colori, la stampa a caldo parziale, la goffratura e altri processi, che possono essere integrati nel marchio VI, nei temi delle festivit\u00e0 o nelle illustrazioni artistiche; gli errori di altezza e diametro del cilindro sono controllati entro \u00b10,5 mm, per soddisfare con precisione le esigenze dei clienti.<\/li>\n<li><strong>Aggiornamento del materiale<\/strong>: \u00c8 possibile utilizzare cartoncini opzionali in oro e argento, carta speciale (come la grana della finta pelle, la pellicola tattile) per migliorare la texture, oppure aggiungere un rivestimento impermeabile per migliorare la praticit\u00e0.<\/li>\n<li><strong>Garanzia di produzione e consegna<\/strong><\/li>\n<li><strong>Capacit\u00e0 produttiva efficiente<\/strong>Dotata di una macchina formatrice di rotoli completamente automatica e di una linea di produzione di stampaggio a caldo, la capacit\u00e0 produttiva giornaliera raggiunge pi\u00f9 di 10.000.000 PCS, supporta un ordine minimo di 500 PCS e il ciclo di consegna dei grandi ordini \u00e8 ridotto a 7-10 giorni lavorativi.<\/li>\n<li><strong>Servizio unico<\/strong>Dalla progettazione della modellazione 3D, alla conferma delle prove di stampa, alla produzione di massa, al follow-up durante tutto il processo, alla fornitura di campionari di materiali, ai test di processo e alle soluzioni di imballaggio logistico per garantire qualit\u00e0 e tempestivit\u00e0.<\/li>\n<\/ol>\n<h2 id=\"-application-scenarios-and-competitiveness-\"><strong>Scenari di applicazione e competitivit\u00e0<\/strong><\/h2>\n<ul>\n<li><strong>Adattamento dello scenario<\/strong>: Applicabile a confezioni regalo come vino rosso, liquori, t\u00e8 di alta gamma, profumi, ecc., tenendo conto di molteplici scenari come l'esposizione al supermercato, il trasporto e-commerce, gli eventi flash del marchio, ecc.<\/li>\n<li><strong>Certificazione ambientale<\/strong>: Il materiale principale ha superato la certificazione forestale FSC, soddisfa gli standard di protezione ambientale REACH dell'UE per l'esportazione e supporta la fornitura transfrontaliera.<\/li>\n<\/ul>","protected":false},"excerpt":{"rendered":"<p>Questa scatola \u00e8 un tubo di carta arricciata dalle linee morbide, facile da aprire e chiudere, con tecnologia di stampa a caldo in oro e decorazione a linee radiali, adatta a feste o scene regalo.<\/p>","protected":false},"featured_media":240,"template":"","meta":{"_kad_post_transparent":"default","_kad_post_title":"","_kad_post_layout":"default","_kad_post_sidebar_id":"","_kad_post_content_style":"default","_kad_post_vertical_padding":"default","_kad_post_feature":"","_kad_post_feature_position":"","_kad_post_header":false,"_kad_post_footer":false,"_kad_post_classname":""},"product_brand":[],"product_cat":[15,17],"product_tag":[67,66,65],"class_list":{"0":"post-236","1":"product","2":"type-product","3":"status-publish","4":"has-post-thumbnail","6":"product_cat-red-light-therapy","7":"product_cat-services","8":"product_tag-custom-wine-box-wholesale","9":"product_tag-spirit-liquor-paper-tube","10":"product_tag-wine-paper-tube-packaging","12":"first","13":"instock","14":"shipping-taxable","15":"product-type-simple","16":"entry","17":"content-bg","18":"loop-entry"},"_links":{"self":[{"href":"https:\/\/red-lighttherapy.com\/it\/wp-json\/wp\/v2\/product\/236","targetHints":{"allow":["GET"]}}],"collection":[{"href":"https:\/\/red-lighttherapy.com\/it\/wp-json\/wp\/v2\/product"}],"about":[{"href":"https:\/\/red-lighttherapy.com\/it\/wp-json\/wp\/v2\/types\/product"}],"wp:featuredmedia":[{"embeddable":true,"href":"https:\/\/red-lighttherapy.com\/it\/wp-json\/wp\/v2\/media\/240"}],"wp:attachment":[{"href":"https:\/\/red-lighttherapy.com\/it\/wp-json\/wp\/v2\/media?parent=236"}],"wp:term":[{"taxonomy":"product_brand","embeddable":true,"href":"https:\/\/red-lighttherapy.com\/it\/wp-json\/wp\/v2\/product_brand?post=236"},{"taxonomy":"product_cat","embeddable":true,"href":"https:\/\/red-lighttherapy.com\/it\/wp-json\/wp\/v2\/product_cat?post=236"},{"taxonomy":"product_tag","embeddable":true,"href":"https:\/\/red-lighttherapy.com\/it\/wp-json\/wp\/v2\/product_tag?post=236"}],"curies":[{"name":"wp","href":"https:\/\/api.w.org\/{rel}","templated":true}]}}