{"id":224,"date":"2025-04-10T11:54:03","date_gmt":"2025-04-10T11:54:03","guid":{"rendered":"https:\/\/red-lighttherapy.com\/?post_type=product&#038;p=224"},"modified":"2025-04-10T12:08:39","modified_gmt":"2025-04-10T12:08:39","slug":"high-quality-customized-jewelry-drawer-gift-box-wholesale","status":"publish","type":"product","link":"https:\/\/red-lighttherapy.com\/it\/high-quality-customized-jewelry-drawer-gift-box-wholesale\/","title":{"rendered":"Scatola regalo del cassetto dei gioielli su misura di alta qualit\u00e0 all'ingrosso"},"content":{"rendered":"<h2 id=\"-high-quality-custom-jewelry-drawer-gift-box-product-description-\"><strong>Cassetto portagioie personalizzato di alta qualit\u00e0 Descrizione del prodotto<\/strong><\/h2>\n<h2 id=\"-1-environmentally-friendly-materials-ingenious-choice-\"><strong>1. Materiali ecologici, scelta ingegnosa<\/strong><\/h2>\n<p>Questa scatola regalo per cassetto portagioie utilizza\u00a0<strong>carta patinata e cartoncino grigio nero singolo<\/strong>\u00a0come materiali di base, tenendo conto della protezione dell'ambiente e della durata.<\/p>\n<ul>\n<li><strong>Carta patinata<\/strong>: La superficie \u00e8 liscia e delicata e l'elevata lucentezza garantisce un colore di stampa pieno. Allo stesso tempo, presenta un'eccellente resistenza allo strappo e alla pressione, garantendo una solida protezione per i gioielli.<\/li>\n<li><strong>Singola tavola nera grigia<\/strong>: \u00c8 lavorato con una tecnologia ecologica, non ha un odore irritante, \u00e8 conforme agli standard ambientali internazionali (come la RoHS), ha una resistenza alla rigidit\u00e0 e alla deformazione ed \u00e8 adatto al trasporto su lunghe distanze e allo stoccaggio a lungo termine.<\/li>\n<li><strong>Certificazione ambientale<\/strong>: Tutti i materiali hanno superato la certificazione forestale FSC e i test di degradabilit\u00e0, aiutando il marchio a praticare il concetto di sviluppo sostenibile.<\/li>\n<\/ul>\n<h2 id=\"-two-and-four-color-printing-technology-artistic-brand-expression-\"><strong>2. E tecnologia di stampa in quadricromia, espressione artistica del marchio<\/strong><\/h2>\n<p>Attraverso\u00a0<strong>tecnologia di stampa in quadricromia (CMYK)<\/strong>Il LOGO del marchio e gli elementi visivi sono stati accuratamente restaurati, conferendo alla confezione regalo una presentazione artistica:<\/p>\n<ul>\n<li><strong>Stampa ad alta definizione<\/strong>: Vengono utilizzati 300 linee\/pollice di punti ad alta precisione per garantire che i bordi dei caratteri LOGO siano nitidi e chiari, che i dettagli siano distinti e che si evitino le differenze di colore e le sbavature.<\/li>\n<li><strong>Prestazioni del colore<\/strong>: Attraverso la sovrapposizione di ciano, magenta, giallo e nero,\u00a0<strong>99% Copertura della gamma di colori Pantone<\/strong>\u00a0Si ottiene un'accurata corrispondenza con il sistema VI del marchio e si rafforza l'unit\u00e0 visiva.<\/li>\n<li><strong>Tecnologia dei caratteri in oro opaco<\/strong>: Il colore nero principale \u00e8 abbinato a\u00a0<strong>stampa a caldo parziale in oro opaco<\/strong>Il carattere presenta una texture metallica smerigliata, che forma un contrasto chiaro e scuro con il corpo della scatola, mostrando uno stile lussuoso in modo sobrio.<\/li>\n<\/ul>\n<h2 id=\"-three-black-and-gold-aesthetic-design-creating-visual-memory-points-\"><strong>3. Design estetico nero e oro, per creare punti di memoria visiva.<\/strong><\/h2>\n<p>Utilizzo\u00a0<strong>stile minimalista nero e oro<\/strong>\u00a0come linguaggio di design di base, costruiamo simboli estetici esclusivi per il marchio:<\/p>\n<ul>\n<li><strong>Abbinamento del colore principale<\/strong>: La classica base nera simboleggia stabilit\u00e0 e mistero, mentre l'abbellimento del LOGO in oro opaco aumenta l'attenzione visiva. Il contrasto cromatico \u00e8 forte e stratificato.<\/li>\n<li><strong>Integrazione del logo del marchio<\/strong>: Il LOGO adotta la tecnologia a rilievo incorporato o la stampa tridimensionale UV, che si collega perfettamente al corpo della scatola, migliora il riconoscimento tattile e visivo e rafforza la consapevolezza del marchio.<\/li>\n<li><strong>Esperienza interattiva estraibile<\/strong>: Il nastro dorato si tira senza problemi e senza impedimenti, mentre il design dell'apertura a cassetto offre un'ottima qualit\u00e0 di lettura.\u00a0<strong>un senso di rituale per l'apertura della scatola<\/strong>che risponde alle esigenze emotive di \"collezionare\" e \"svelare\" gioielli di alta gamma.<\/li>\n<\/ul>\n<h2 id=\"-four-multi-functional-lining-customization-all-round-protection-\"><strong>4. Personalizzazione della fodera multifunzionale, protezione a 360\u00b0.<\/strong><\/h2>\n<p>Fornire soluzioni di rivestimento diversificate per soddisfare le esigenze di protezione di diverse categorie di gioielli:<\/p>\n<ul>\n<li><strong>Cotone perlato<\/strong>: Morbido e resistente agli urti, adatto a gemme fragili, giada, ecc. per ridurre i danni da vibrazioni nel trasporto.<\/li>\n<li><strong>Materiale EVA<\/strong>Struttura ad alta densit\u00e0, resistente all'usura e agli urti, adatta al fissaggio di gioielli in metallo e gioielli intarsiati.<\/li>\n<li><strong>Floccaggio in spugna<\/strong>: Superficie rivestita in tessuto vellutato o satinato, delicato al tatto, migliora l'estetica del display e previene i graffi.<\/li>\n<li><strong>Divisori personalizzati<\/strong>: Supporta progetti strutturali come scomparti, fessure e scatole annidate, separa in modo flessibile collane, anelli, orecchini, ecc. e ottimizza l'utilizzo dello spazio.<\/li>\n<\/ul>\n<h2 id=\"-v-large-scale-production-strength-one-stop-customization-service-\"><strong>5. Forza produttiva su larga scala, servizio di personalizzazione one-stop<\/strong><\/h2>\n<p>Affidarsi a\u00a0<strong>5.320 metri quadrati di officina intelligente<\/strong>\u00a0fornire soluzioni di personalizzazione efficienti e accurate:<\/p>\n<ul>\n<li><strong>Catena di produzione flessibile<\/strong>: Dotato di montacarichi da 5 tonnellate e di attrezzature di taglio completamente automatiche, supporta l'accettazione flessibile di ordini da 100 a 100.000 pezzi e riduce il ciclo di consegna di 30%.<\/li>\n<li><strong>Pre-esame dell'effetto 3D<\/strong>: Grazie alla tecnologia di modellazione virtuale, la struttura della scatola, la texture del materiale e l'effetto di stampa vengono presentati in anticipo per garantire l'assenza di errori nella progettazione.<\/li>\n<li><strong>Controllo qualit\u00e0<\/strong>: Attuazione del sistema di gestione della qualit\u00e0 ISO 9001, ogni lotto di prodotti \u00e8 sottoposto a 12 test rigorosi (tra cui test di resistenza al carico, tolleranza all'umidit\u00e0, ecc.), e il tasso qualificato raggiunge il 99,8%.<\/li>\n<\/ul>\n<h2 id=\"-advantages-of-cooperation-\"><strong>Vantaggi della cooperazione<\/strong>:<\/h2>\n<ul>\n<li><strong>Team di progettazione esclusivo<\/strong>: Fornire un supporto creativo unico, dallo schizzo concettuale alla produzione di massa, ed esplorare a fondo gli elementi culturali del marchio.<\/li>\n<li><strong>Ottimizzazione dei costi<\/strong>: L'approvvigionamento su larga scala riduce il costo unitario e gli ordini completi godono di sconti esclusivi e sovvenzioni logistiche.<\/li>\n<li><strong>Supporto alla certificazione ambientale<\/strong>: Assistere i clienti a richiedere il logo di imballaggio verde e migliorare l'immagine di responsabilit\u00e0 sociale del marchio.<\/li>\n<\/ul>","protected":false},"excerpt":{"rendered":"<p>Questa scatola di carta per cassetti \u00e8 principalmente nera, con caratteri in lamina d'oro opaco stampati a caldo, che si completano a vicenda. La combinazione di colori \u00e8 armoniosa e stratificata, creando un effetto visivo lussuoso ed elegante per i consumatori.<\/p>","protected":false},"featured_media":228,"template":"","meta":{"_kad_post_transparent":"default","_kad_post_title":"","_kad_post_layout":"default","_kad_post_sidebar_id":"","_kad_post_content_style":"default","_kad_post_vertical_padding":"default","_kad_post_feature":"","_kad_post_feature_position":"","_kad_post_header":false,"_kad_post_footer":false,"_kad_post_classname":""},"product_brand":[],"product_cat":[15,20,17],"product_tag":[60,59,61],"class_list":{"0":"post-224","1":"product","2":"type-product","3":"status-publish","4":"has-post-thumbnail","6":"product_cat-red-light-therapy","7":"product_cat-led-face-light-therapy","8":"product_cat-services","9":"product_tag-customized-jewelry-gift-box","10":"product_tag-jewelry-drawer-box","11":"product_tag-jewelry-gift-box-wholesale","13":"first","14":"instock","15":"shipping-taxable","16":"product-type-simple","17":"entry","18":"content-bg","19":"loop-entry"},"_links":{"self":[{"href":"https:\/\/red-lighttherapy.com\/it\/wp-json\/wp\/v2\/product\/224","targetHints":{"allow":["GET"]}}],"collection":[{"href":"https:\/\/red-lighttherapy.com\/it\/wp-json\/wp\/v2\/product"}],"about":[{"href":"https:\/\/red-lighttherapy.com\/it\/wp-json\/wp\/v2\/types\/product"}],"wp:featuredmedia":[{"embeddable":true,"href":"https:\/\/red-lighttherapy.com\/it\/wp-json\/wp\/v2\/media\/228"}],"wp:attachment":[{"href":"https:\/\/red-lighttherapy.com\/it\/wp-json\/wp\/v2\/media?parent=224"}],"wp:term":[{"taxonomy":"product_brand","embeddable":true,"href":"https:\/\/red-lighttherapy.com\/it\/wp-json\/wp\/v2\/product_brand?post=224"},{"taxonomy":"product_cat","embeddable":true,"href":"https:\/\/red-lighttherapy.com\/it\/wp-json\/wp\/v2\/product_cat?post=224"},{"taxonomy":"product_tag","embeddable":true,"href":"https:\/\/red-lighttherapy.com\/it\/wp-json\/wp\/v2\/product_tag?post=224"}],"curies":[{"name":"wp","href":"https:\/\/api.w.org\/{rel}","templated":true}]}}