{"id":218,"date":"2025-04-10T11:34:05","date_gmt":"2025-04-10T11:34:05","guid":{"rendered":"https:\/\/red-lighttherapy.com\/?post_type=product&#038;p=218"},"modified":"2025-04-12T08:10:32","modified_gmt":"2025-04-12T08:10:32","slug":"custom-design-knife-circular-saw-blade-packaging-box-factory","status":"publish","type":"product","link":"https:\/\/red-lighttherapy.com\/it\/custom-design-knife-circular-saw-blade-packaging-box-factory\/","title":{"rendered":"Design personalizzato coltello sega circolare lama Packaging Box Factory"},"content":{"rendered":"<h2 id=\"-customized-circular-saw-blade-packaging-box-product-description-\"><strong>Descrizione del prodotto della scatola di imballaggio della lama circolare personalizzata<\/strong><\/h2>\n<h2 id=\"-1-material-and-structural-design-\"><strong>1. Materiale e progettazione strutturale<\/strong><\/h2>\n<p>L'adozione di un cartone rigido laser da 183 g ad alto peso e di una struttura composita di cartone artistico grigio ispessito da 1200 g, garantisce resistenza alla pressione, agli urti e rigidit\u00e0. Il cartone grigio ha un forte supporto che impedisce efficacemente la deformazione dell'estrusione durante il trasporto e la superficie del cartone laser \u00e8 resistente all'usura e ai graffi.<\/p>\n<h2 id=\"-2-functional-box-design-\"><strong>2. Design funzionale della scatola<\/strong><\/h2>\n<p>La scatola flip-top \u00e8 combinata con una chiusura magnetica o a scatto, facile da aprire e chiudere e con un'eccellente tenuta. Il coperchio della scatola pu\u00f2 essere completamente appiattito per l'esposizione dei prodotti; dopo la chiusura, si adatta saldamente, \u00e8 resistente alla polvere e all'umidit\u00e0 e tiene conto delle esigenze degli scenari di esposizione al dettaglio e di stoccaggio industriale.<\/p>\n<h2 id=\"-3-innovative-appearance-design-\"><strong>3. Design dall'aspetto innovativo<\/strong><\/h2>\n<ul>\n<li><strong>Elementi fondamentali<\/strong>: Ispirato all'estetica dei macchinari ad ingranaggi, presenta un effetto colorato dinamico a gradiente grazie alla tecnologia di goffratura laser 3D e mostra una lucentezza metallica a pi\u00f9 livelli sotto la rifrazione della luce, migliorando il senso della tecnologia e i punti di memoria visiva del marchio.<\/li>\n<li><strong>Abbinamento dei colori<\/strong>: Il colore principale \u00e8 il blu marino intenso, che simboleggia professionalit\u00e0 e affidabilit\u00e0, integrato dal riflesso iridescente del processo laser, che forma una gerarchia visiva tra dinamico e statico e migliora il riconoscimento dello scaffale.<\/li>\n<li><strong>Logo del marchio<\/strong>: Supporta il processo di stampa a caldo\/UV ad alta precisione per stampare il LOGO e i parametri del prodotto; i bordi del testo sono nitidi e privi di sbavature per garantire che le informazioni sul marchio siano chiare e accattivanti.<\/li>\n<\/ul>\n<h2 id=\"-4-refined-lining-system-\"><strong>4. Sistema di rivestimento perfezionato<\/strong><\/h2>\n<p>La fodera utilizza schiuma ecologica bianca EVA o vassoio blister, e lo stampo \u00e8 aperto con precisione per adattarsi all'arco della lama circolare per ottenere un fissaggio a 360\u00b0 senza angolo morto. La superficie della fodera \u00e8 rivestita di velluto fine per evitare graffi sulla superficie della lama e migliorare il senso di qualit\u00e0 al momento del disimballaggio.<\/p>\n<h2 id=\"-5-full-link-customization-service-\"><strong>5. Servizio di personalizzazione di tutti i link<\/strong><\/h2>\n<ul>\n<li><strong>Adattamento personalizzato<\/strong>: Supporta la personalizzazione delle dimensioni delle lame con un diametro di 80-500 mm e il corpo della scatola pu\u00f2 aggiungere intercalari, slot per accessori o tasche manuali a seconda delle esigenze.<\/li>\n<li><strong>Impianto profondo del marchio<\/strong>: Fornire la composizione grafica, l'impianto di codici QR, la stampa di informazioni multilingue e altri servizi per soddisfare le esigenze del commercio transfrontaliero, delle confezioni regalo promozionali e di altri scenari.<\/li>\n<li><strong>Aggiornamento del processo<\/strong>: UV locale opzionale, goffratura, serigrafia e altre oltre 20 post-elaborazioni per ottenere etichette anticontraffazione, texture antiscivolo e altre funzioni speciali.<\/li>\n<\/ul>\n<h2 id=\"-6-intelligent-manufacturing-and-quality-control-system-\"><strong>6. Sistema di produzione e controllo qualit\u00e0 intelligente<\/strong><\/h2>\n<p>La fabbrica \u00e8 dotata di macchine fustellatrici completamente automatiche, macchine per la stampa digitale e linee di produzione di griglie laser, e adotta il sistema di gestione della qualit\u00e0 ISO9001, dalla bozza di progetto al prodotto finito per raggiungere le 72 ore di prova rapida e i 15 giorni di consegna dei lotti. Ogni lotto di prodotti supera un test di vibrazione per il trasporto simulato e un test di resistenza al carico per garantire che la resistenza alla caduta dell'imballaggio sia \u22651,5 metri.<\/p>\n<h2 id=\"-7-application-scenarios-and-added-value-\"><strong>7. Scenari di applicazione e valore aggiunto<\/strong><\/h2>\n<p>Adatto per lame circolari di livello industriale, lame da taglio diamantate, accessori per seghe elettroniche e altri imballaggi per utensili di precisione, che possono essere ampliati a scatole regalo di set di utensili di fascia alta o a scatole espositive per rivenditori. Rafforzano l'immagine professionale del marchio attraverso l'imballaggio e contribuiscono al premio di vendita del terminale.<\/p>\n<h2 id=\"-technical-parameters-\"><strong>Parametri tecnici<\/strong><\/h2>\n<table>\n<thead>\n<tr>\n<th>Progetto<\/th>\n<th>Specifiche tecniche<\/th>\n<\/tr>\n<\/thead>\n<tbody>\n<tr>\n<td>Materiale<\/td>\n<td>183 g di cartone laser + 1200 g di cartone grigio<\/td>\n<\/tr>\n<tr>\n<td>Colori di stampa<\/td>\n<td>Stampa ad alta fedelt\u00e0 a 4-8 colori (calibrazione dei colori Pantone)<\/td>\n<\/tr>\n<tr>\n<td>Dimensioni della scatola<\/td>\n<td>Supporta la personalizzazione del diametro 80-500 mm<\/td>\n<\/tr>\n<tr>\n<td>Quantit\u00e0 minima ordinabile<\/td>\n<td>500 (supporta la produzione flessibile di piccoli lotti)<\/td>\n<\/tr>\n<tr>\n<td>Certificazione ambientale<\/td>\n<td>Certificazione forestale FSC\/materiali degradabili facoltativi<\/td>\n<\/tr>\n<\/tbody>\n<\/table>","protected":false},"excerpt":{"rendered":"<p>Scatola con chiusura magnetica, facile da aprire e chiudere, pratica ed espositiva. Utilizza la tecnologia laser per presentare un effetto colorato sfumato, di forte impatto visivo.<\/p>","protected":false},"featured_media":219,"template":"","meta":{"_kad_post_transparent":"default","_kad_post_title":"","_kad_post_layout":"default","_kad_post_sidebar_id":"","_kad_post_content_style":"default","_kad_post_vertical_padding":"default","_kad_post_feature":"","_kad_post_feature_position":"","_kad_post_header":false,"_kad_post_footer":false,"_kad_post_classname":""},"product_brand":[],"product_cat":[15,17],"product_tag":[57,56,58],"class_list":{"0":"post-218","1":"product","2":"type-product","3":"status-publish","4":"has-post-thumbnail","6":"product_cat-red-light-therapy","7":"product_cat-services","8":"product_tag-custom-saw-blade-packaging","9":"product_tag-saw-blade-packaging-box","10":"product_tag-saw-blade-packaging-factory","12":"first","13":"instock","14":"shipping-taxable","15":"product-type-simple","16":"entry","17":"content-bg","18":"loop-entry"},"_links":{"self":[{"href":"https:\/\/red-lighttherapy.com\/it\/wp-json\/wp\/v2\/product\/218","targetHints":{"allow":["GET"]}}],"collection":[{"href":"https:\/\/red-lighttherapy.com\/it\/wp-json\/wp\/v2\/product"}],"about":[{"href":"https:\/\/red-lighttherapy.com\/it\/wp-json\/wp\/v2\/types\/product"}],"wp:featuredmedia":[{"embeddable":true,"href":"https:\/\/red-lighttherapy.com\/it\/wp-json\/wp\/v2\/media\/219"}],"wp:attachment":[{"href":"https:\/\/red-lighttherapy.com\/it\/wp-json\/wp\/v2\/media?parent=218"}],"wp:term":[{"taxonomy":"product_brand","embeddable":true,"href":"https:\/\/red-lighttherapy.com\/it\/wp-json\/wp\/v2\/product_brand?post=218"},{"taxonomy":"product_cat","embeddable":true,"href":"https:\/\/red-lighttherapy.com\/it\/wp-json\/wp\/v2\/product_cat?post=218"},{"taxonomy":"product_tag","embeddable":true,"href":"https:\/\/red-lighttherapy.com\/it\/wp-json\/wp\/v2\/product_tag?post=218"}],"curies":[{"name":"wp","href":"https:\/\/api.w.org\/{rel}","templated":true}]}}