{"id":211,"date":"2025-04-10T11:03:57","date_gmt":"2025-04-10T11:03:57","guid":{"rendered":"https:\/\/red-lighttherapy.com\/?post_type=product&#038;p=211"},"modified":"2025-04-10T11:17:27","modified_gmt":"2025-04-10T11:17:27","slug":"personalized-perfume-bottle-paper-box-packaging-wholesale","status":"publish","type":"product","link":"https:\/\/red-lighttherapy.com\/it\/personalized-perfume-bottle-paper-box-packaging-wholesale\/","title":{"rendered":"Bottiglia di profumo personalizzato scatola di carta imballaggio all'ingrosso"},"content":{"rendered":"<h2 id=\"customized-perfume-paper-box-packaging-an-environmental-and-luxurious-feast-from-design-to-experience\">Imballaggi in carta per profumi personalizzati: una festa ambientale e lussuosa dal design all'esperienza<\/h2>\n<p>In un momento in cui la concorrenza nel mercato dei profumi \u00e8 agguerrita, l'imballaggio non \u00e8 solo un involucro protettivo per il prodotto, ma anche il primo mezzo di comunicazione dei marchi con i consumatori. Una scatola di carta per profumi personalizzata, pratica e artistica al tempo stesso, pu\u00f2 trasformare il valore di un marchio in un'esperienza sensoriale toccabile grazie a una combinazione innovativa di materiali, artigianato e struttura. Di seguito analizziamo il design innovativo delle scatole per profumi personalizzate in base a sette dimensioni fondamentali.<\/p>\n<p><img fetchpriority=\"high\" decoding=\"async\" class=\"wp-image-212 size-full\" src=\"https:\/\/red-lighttherapy.com\/wp-content\/uploads\/2025\/04\/Perfume-Bottle-Paper-Box-001.jpg\" alt=\"Scatola di carta per bottiglie di profumo\" width=\"1000\" height=\"1000\" srcset=\"https:\/\/red-lighttherapy.com\/wp-content\/uploads\/2025\/04\/Perfume-Bottle-Paper-Box-001.jpg 1000w, https:\/\/red-lighttherapy.com\/wp-content\/uploads\/2025\/04\/Perfume-Bottle-Paper-Box-001-300x300.jpg 300w, https:\/\/red-lighttherapy.com\/wp-content\/uploads\/2025\/04\/Perfume-Bottle-Paper-Box-001-150x150.jpg 150w, https:\/\/red-lighttherapy.com\/wp-content\/uploads\/2025\/04\/Perfume-Bottle-Paper-Box-001-768x768.jpg 768w, https:\/\/red-lighttherapy.com\/wp-content\/uploads\/2025\/04\/Perfume-Bottle-Paper-Box-001-12x12.jpg 12w, https:\/\/red-lighttherapy.com\/wp-content\/uploads\/2025\/04\/Perfume-Bottle-Paper-Box-001-600x600.jpg 600w, https:\/\/red-lighttherapy.com\/wp-content\/uploads\/2025\/04\/Perfume-Bottle-Paper-Box-001-100x100.jpg 100w\" sizes=\"(max-width: 1000px) 100vw, 1000px\" \/><\/p>\n<h2 id=\"1-drawer-box-type-a-perfect-balance-between-ritual-sense-and-convenience-\">1.\u00a0<strong>Tipo di cassettiera: un perfetto equilibrio tra senso del rituale e praticit\u00e0<\/strong><\/h2>\n<p>Il tipo di scatola a cassetto \u00e8 diventato la prima scelta per le confezioni di profumi di fascia alta grazie alla sua\u00a0<strong>struttura scatolare a doppio strato<\/strong>\u00a0e\u00a0<strong>design dell'apertura estraibile<\/strong>. Il corpo della scatola adotta\u00a0<strong>Tecnologia di taglio con smusso a 15\u00b0<\/strong>\u00a0per garantire un'apertura e una chiusura fluide e senza inceppamenti, e con\u00a0<strong>smorzamento magnetico<\/strong>\u00a0o\u00a0<strong>guida invisibile<\/strong>Il design del prodotto \u00e8 stato studiato per dare agli utenti la sensazione di un rituale di \"estrazione setosa\". Questo design non solo \u00e8 comodo per i clienti finali da usare ripetutamente, ma rafforza anche i punti di memoria del marchio attraverso\u00a0<strong>esperienza interattiva dinamica<\/strong>. Una volta, ad esempio, il marchio internazionale LANVIN ha trasformato il processo di apertura in un gioco visivo grazie alla decorazione a specchio incorporata nella cassettiera.<\/p>\n<h2 id=\"2-environmentally-friendly-materials-a-dual-commitment-to-sustainability-and-quality-\">2.\u00a0<strong>Materiali ecologici: un duplice impegno per la sostenibilit\u00e0 e la qualit\u00e0<\/strong><\/h2>\n<p>Il corpo della scatola \u00e8 realizzato in\u00a0<strong>Cartone grigio riciclabile da 1000 g<\/strong>\u00a0come scheletro, e la superficie \u00e8 ricoperta di\u00a0<strong>Carta patinata certificata FSC<\/strong>che sono composti da una colla ecologica a base d'acqua. La fibra di paglia 30% viene aggiunta alla materia prima del cartone grigio, riducendo l'impronta di carbonio di 63% rispetto ai materiali tradizionali.\u00a0<strong>inchiostro a base d'acqua<\/strong>\u00a0e\u00a0<strong>Rivestimento opaco UV<\/strong>\u00a0per evitare le emissioni di VOC. Questa combinazione non solo soddisfa lo standard RoHS dell'Unione Europea, ma supera anche il\u00a0<strong>Certificazione globale di riciclaggio GRS<\/strong>diventando un \"lasciapassare verde\" preferito dai consumatori della Generazione Z.<\/p>\n<h2 id=\"3-visual-impact-the-golden-rule-of-color-and-craftsmanship-\">3.\u00a0<strong>Impatto visivo: la regola d'oro del colore e dell'artigianato<\/strong><\/h2>\n<p>Il colore principale \u00e8\u00a0<strong>blu marino intenso<\/strong>\u00a0(Pantone 19-4052 Classic Blue), e la copertura della gamma cromatica di oltre 90% \u00e8 ottenuta grazie a\u00a0<strong>serigrafia a livello nanometrico<\/strong>. La stampa a caldo dell'argento adotta\u00a0<strong>tecnologia di stampaggio a freddo<\/strong>e utilizza la tecnologia del rilievo tridimensionale di precisione da 0,1 mm per delineare il LOGO del marchio o i motivi astratti sulla superficie della scatola. Ad esempio, una cassa personalizzata combina motivi di costellazioni con meteore argentate, presentando un effetto dinamico di \"cielo stellato che scorre\" sotto la rifrazione della luce, e il tasso di conversione dell'apertura della cassa \u00e8 aumentato di 27%.<\/p>\n<h2 id=\"4-protection-system-scientific-buffering-and-precise-adaptation-\">4.\u00a0<strong>Sistema di protezione: tamponamento scientifico e adattamento preciso<\/strong><\/h2>\n<p>Il vassoio interno adotta\u00a0<strong>Processo di fustellatura in EVA e spugna composita ecologica<\/strong>con una densit\u00e0 di 45 kg\/m\u00b3. Attraverso\u00a0<strong>Scansione laser 3D<\/strong>Si ottengono i dati relativi alla forma del flacone di profumo e si personalizza una scanalatura di forma speciale con una misura di 98%. La superficie del rivestimento \u00e8 rivestita con\u00a0<strong>Floccaggio in PETG riciclabile<\/strong>La densit\u00e0 della fibra di velluto \u00e8 di 12.000 fili\/cm\u00b2, con funzioni antiscivolo e ammortizzanti. I dati dei test dimostrano che la struttura \u00e8 in grado di resistere a un impatto di caduta da 1,2 metri, con una protezione 3 volte superiore rispetto al normale cotone perlato.<\/p>\n<h2 id=\"5-tactile-upgrade-delicate-expression-of-matte-film-technology-\">5.\u00a0<strong>Aggiornamento tattile: espressione delicata della tecnologia delle pellicole opache<\/strong><\/h2>\n<p>Dopo la stampa, la superficie della scatola viene ricoperta con\u00a0<strong>Pellicola opaca da 12\u03bcm<\/strong>e la tecnologia di pressatura a caldo permette di ottenere un tocco simile alla pelle. L'unicit\u00e0\u00a0<strong>propriet\u00e0 di riflessione diffusa<\/strong>\u00a0del film opaco pu\u00f2 eliminare 90% i residui di impronte digitali, migliorando al contempo la saturazione del colore e la resistenza ai graffi. Esperimenti comparativi dimostrano che la capacit\u00e0 anti-sbiadimento dell'imballaggio in pellicola opaca in un ambiente umido \u00e8 40% superiore a quella della pellicola lucida, e la texture opaca \u00e8 pi\u00f9 in linea con il posizionamento di lusso low-key dei profumi di fascia alta.<\/p>\n<h2 id=\"6-interactive-details-sensory-economics-of-ribbon-handles-\">6.\u00a0<strong>Dettagli interattivi: economia sensoriale delle maniglie a nastro<\/strong><\/h2>\n<p>La parte superiore della scatola \u00e8 incassata con un\u00a0<strong>nastro jacquard in seta<\/strong>La larghezza \u00e8 ottimizzata a 28 mm per motivi di ergonomia e gli utilizzi finali sono\u00a0<strong>tecnologia di sigillatura dei bordi con pressatura a caldo<\/strong>\u00a0per evitare il deragliamento. Il nastro pu\u00f2 essere personalizzato con i colori del tema del marchio e impiantato con\u00a0<strong>Chip NFC<\/strong>\u00a0o\u00a0<strong>inchiostro sensibile alla temperatura<\/strong>. Scansionate il codice per passare alla pagina della storia del marchio. Un marchio di profumi di nicchia trasforma il processo di unboxing in un'esperienza immersiva multisensoriale tingendo il nastro con una fragranza di lavanda, e il tasso di riacquisto \u00e8 aumentato del 34%.<\/p>\n<h2 id=\"7-full-dimensional-customization-unlimited-possibilities-for-flexible-production-\">7.\u00a0<strong>Personalizzazione full-dimensionale: possibilit\u00e0 illimitate per una produzione flessibile<\/strong><\/h2>\n<p>Cinque livelli di personalizzazione dalla progettazione alla consegna:<\/p>\n<ol>\n<li><strong>Tipo di scatola<\/strong>Forniscono 6 strutture di base, come cassettiera, coperchio superiore e inferiore, e supportano lo sviluppo di cassette di forma speciale;<\/li>\n<li><strong>Materiale<\/strong>: 12 combinazioni di cartoncino grigio opzionale montato su carta patinata, pelle in rilievo, metallo composito, ecc;<\/li>\n<li><strong>Processo<\/strong>: supporta 8 sovrapposizioni di processo come UV locale, goffratura, laser, ecc;<\/li>\n<li><strong>Componenti intelligenti<\/strong>: pu\u00f2 essere impiantato con moduli interattivi come strisce luminose a LED e codici di identificazione AR;<\/li>\n<li><strong>Flessibilit\u00e0 dei lotti<\/strong>: quantit\u00e0 minima d'ordine di 500, supporto per la consegna di campioni in 48 ore e per la produzione di massa accelerata in 72 ore.<\/li>\n<\/ol>\n<h2 id=\"conclusion-redefine-the-value-chain-of-perfume-packaging\">Conclusione: Ridefinire la catena del valore del packaging dei profumi<\/h2>\n<p>Questa scatola di carta per profumi personalizzata costruisce un sistema di valore a ciclo chiuso, dalla produzione al consumo, attraverso la collisione di\u00a0<strong>tecnologia ambientale<\/strong>\u00a0e\u00a0<strong>artigianato di lusso<\/strong>. Quando i polpastrelli dei consumatori scivolano sulla superficie opaca della pellicola, sentono il sottile attrito dei cassetti che vengono estratti e vedono i totem del marchio intrecciati con l'argento e il blu, queste esperienze multidimensionali finiranno per creare fedelt\u00e0 al marchio. In un'epoca in cui lo sviluppo sostenibile e il consumo personalizzato vanno di pari passo, questo tipo di design non solo soddisfa le esigenze aziendali, ma diventa anche un vettore concreto per le aziende di praticare il concetto ESG.<\/p>","protected":false},"excerpt":{"rendered":"<p>Scatola per profumi di lusso a cassetto, facile da aprire e chiudere. I motivi e i testi sono stampati a caldo in argento e possono far risaltare i vostri marchi.<\/p>","protected":false},"featured_media":212,"template":"","meta":{"_kad_post_transparent":"default","_kad_post_title":"","_kad_post_layout":"default","_kad_post_sidebar_id":"","_kad_post_content_style":"default","_kad_post_vertical_padding":"default","_kad_post_feature":"","_kad_post_feature_position":"","_kad_post_header":false,"_kad_post_footer":false,"_kad_post_classname":""},"product_brand":[],"product_cat":[15,20,17],"product_tag":[53,54,55],"class_list":{"0":"post-211","1":"product","2":"type-product","3":"status-publish","4":"has-post-thumbnail","6":"product_cat-red-light-therapy","7":"product_cat-led-face-light-therapy","8":"product_cat-services","9":"product_tag-perfume-bottle-paper-box","10":"product_tag-perfume-box-packaging","11":"product_tag-personalized-perfume-packaging","13":"first","14":"instock","15":"shipping-taxable","16":"product-type-simple","17":"entry","18":"content-bg","19":"loop-entry"},"_links":{"self":[{"href":"https:\/\/red-lighttherapy.com\/it\/wp-json\/wp\/v2\/product\/211","targetHints":{"allow":["GET"]}}],"collection":[{"href":"https:\/\/red-lighttherapy.com\/it\/wp-json\/wp\/v2\/product"}],"about":[{"href":"https:\/\/red-lighttherapy.com\/it\/wp-json\/wp\/v2\/types\/product"}],"wp:featuredmedia":[{"embeddable":true,"href":"https:\/\/red-lighttherapy.com\/it\/wp-json\/wp\/v2\/media\/212"}],"wp:attachment":[{"href":"https:\/\/red-lighttherapy.com\/it\/wp-json\/wp\/v2\/media?parent=211"}],"wp:term":[{"taxonomy":"product_brand","embeddable":true,"href":"https:\/\/red-lighttherapy.com\/it\/wp-json\/wp\/v2\/product_brand?post=211"},{"taxonomy":"product_cat","embeddable":true,"href":"https:\/\/red-lighttherapy.com\/it\/wp-json\/wp\/v2\/product_cat?post=211"},{"taxonomy":"product_tag","embeddable":true,"href":"https:\/\/red-lighttherapy.com\/it\/wp-json\/wp\/v2\/product_tag?post=211"}],"curies":[{"name":"wp","href":"https:\/\/api.w.org\/{rel}","templated":true}]}}