{"id":186,"date":"2025-04-10T08:21:48","date_gmt":"2025-04-10T08:21:48","guid":{"rendered":"https:\/\/red-lighttherapy.com\/?post_type=product&#038;p=186"},"modified":"2025-04-10T10:35:53","modified_gmt":"2025-04-10T10:35:53","slug":"high-end-custom-vip-card-gift-box-with-velvet-coated-holder","status":"publish","type":"product","link":"https:\/\/red-lighttherapy.com\/it\/high-end-custom-vip-card-gift-box-with-velvet-coated-holder\/","title":{"rendered":"Scatola regalo personalizzata per carte VIP di alta gamma con supporto rivestito in velluto"},"content":{"rendered":"<h2 id=\"exclusive-customization-interpretation-of-luxury-ingenious-design-and-environmental-innovation-of-high-end-vip-card-gift-boxes\">Personalizzazione esclusiva, interpretazione del lusso: design ingegnoso e innovazione ambientale delle scatole regalo per carte VIP di alta gamma<\/h2>\n<p>Nel campo delle confezioni regalo aziendali di fascia alta, l'imballaggio delle carte VIP non \u00e8 solo un vettore dell'immagine del marchio, ma anche un'espressione concreta dell'esperienza distinta dell'utente. Questo articolo prende come esempio una confezione regalo personalizzata che combina un'ingegnosa maestria artigianale e concetti di protezione ambientale, per analizzarne i sette punti salienti del design e mostrare come ottenere un doppio passo avanti in termini di funzionalit\u00e0 ed estetica attraverso l'innovazione dei dettagli.<\/p>\n<h2 id=\"1-material-innovation-the-art-of-balancing-firmness-and-luxury\">1. Innovazione dei materiali: l'arte di bilanciare fermezza e lusso<\/h2>\n<p>Il corpo principale della confezione regalo adotta una struttura composita di\u00a0<strong>pannello grigio ad alta resistenza<\/strong>\u00a0e\u00a0<strong>carta oro<\/strong>. Le prestazioni di compressione del cartone grigio forniscono un supporto stabile per l'imballaggio, mentre la superficie della carta oro presenta una texture delicata.\u00a0<strong>incisione laser<\/strong>\u00a0e\u00a0<strong>Processo di stampa a caldo UV<\/strong>formando, sotto la rifrazione della luce, un fluente alone dorato. Questa combinazione di materiali non solo conferisce alla confezione regalo\u00a0<strong>durabilit\u00e0 a livello aziendale<\/strong>ma trasmette anche un linguaggio visivo sobrio e lussuoso attraverso la lucentezza metallica.<\/p>\n<h2 id=\"2-upgraded-touch-a-win-win-design-of-environmental-protection-and-high-end\">2. Tocco aggiornato: un design vantaggioso per la protezione dell'ambiente e l'alta gamma.<\/h2>\n<p>Il vassoio interno utilizza\u00a0<strong>spugna ecologica degradabile<\/strong>\u00a0come base, e la superficie \u00e8 ricoperta di\u00a0<strong>tecnologia di floccaggio del velluto<\/strong>. La densit\u00e0 della superficie vellutata raggiunge le 12.000 fibre per centimetro quadrato e il tatto \u00e8 liscio come la seta. La spugna ecologica non solo soddisfa le esigenze di\u00a0<strong>Standard RoHS UE<\/strong>Ma la sua struttura microporosa pu\u00f2 anche attutire efficacemente le vibrazioni e proteggere le carte VIP dai danni del trasporto. L'uso della tecnologia di floccatura rende ogni rimozione della carta una\u00a0<strong>godimento sensoriale dei polpastrelli<\/strong>che \u00e8 profondamente in linea con il posizionamento di fascia alta del marchio.<\/p>\n<h2 id=\"3-structural-ingenuity-the-fusion-of-ritual-sense-and-practicality\">3. Ingegno strutturale: la fusione di senso rituale e praticit\u00e0<\/h2>\n<p>La confezione regalo adotta un\u00a0<strong>struttura di chiusura ad aspirazione magnetica flip-top<\/strong>. L'inarcamento magnetico \u00e8 stato calcolato con precisione per raggiungere il valore di\u00a0<strong>Soglia di aspirazione 15N<\/strong>. Quando si apre e si chiude, \u00e8 accompagnato da un suono nitido di \"ticchettio\", formando un'atmosfera unica.\u00a0<strong>punto di memoria uditiva<\/strong>. Il bordo del corpo della scatola viene lavorato con una\u00a0<strong>Processo di smussatura a 5\u00b0<\/strong>che non solo evita di graffiare la mano, ma migliora anche la scorrevolezza dell'apertura. La combinazione della struttura magnetica e del design del coperchio a ribalta sublima la singola funzione dell'imballaggio tradizionale in una\u00a0<strong>rituale di apertura<\/strong>, riecheggiando la logica esperienziale del packaging di lusso.<\/p>\n<h2 id=\"4-interactive-innovation-the-ultimate-expression-of-humanized-details\">4. Innovazione interattiva: la massima espressione dei dettagli umanizzati<\/h2>\n<p>La parte superiore \u00e8 incastonata con un\u00a0<strong>manico in nastro di seta jacquard<\/strong>la cui larghezza \u00e8 ottimizzata a 28 mm per motivi ergonomici e si adatta alla curvatura del palmo della mano. L'estremit\u00e0 del nastro utilizza\u00a0<strong>tecnologia di sigillatura dei bordi con pressatura a caldo<\/strong>\u00a0per evitare il deragliamento, e pu\u00f2 essere personalizzato con il colore del logo del marchio per rendere gli accessori funzionali una\u00a0<strong>pubblicit\u00e0 mobile del marchio<\/strong>. Questo design non solo migliora la portabilit\u00e0, ma rafforza anche la connessione emotiva tra utenti e marchi attraverso il tatto.<\/p>\n<h2 id=\"5-visual-language-the-golden-interpretation-of-brand-value\">5. Linguaggio visivo: l'interpretazione aurea del valore del marchio<\/h2>\n<p>La superficie della scatola adotta\u00a0<strong>tecnologia di stampa a caldo dell'oro rosa<\/strong>e il testo e il disegno sono presentati con un effetto di rilievo tridimensionale grazie a\u00a0<strong>Tecnologia di nano-imprinting con precisione di 0,1 mm<\/strong>. Lo strato di stampaggio a caldo \u00e8 sovrapposto a\u00a0<strong>rivestimento antiossidazione<\/strong>\u00a0per garantire la stabilit\u00e0 del colore in un ambiente umido. Il designer utilizza abilmente\u00a0<strong>composizione circolare<\/strong>\u00a0e\u00a0<strong>disegno a linee del paesaggio<\/strong>\u00a0di combinare l'estetica orientale con il minimalismo moderno, in modo che il LOGO del marchio trasmetta profondit\u00e0 culturale in uno spazio ridotto.<\/p>\n<h2 id=\"6-customization-freedom-unlimited-extension-of-brand-personality\">6. Libert\u00e0 di personalizzazione: estensione illimitata della personalit\u00e0 del marchio<\/h2>\n<p>La confezione regalo supporta\u00a0<strong>sistema di personalizzazione a cinque dimensioni<\/strong>:<\/p>\n<ol>\n<li><strong>Struttura della scatola<\/strong>Sono disponibili 6 tipi di box, tra cui a cassetto, con coperchio superiore e inferiore, ecc;<\/li>\n<li><strong>Combinazione di materiali<\/strong>: Sono disponibili 12 materiali di superficie, tra cui carta tattile e pelle in rilievo;<\/li>\n<li><strong>Sovrapposizione di processi<\/strong>: supporta fino a 8 combinazioni di processi, tra cui UV locale, goffratura, laser, ecc;<\/li>\n<li><strong>Modulo funzionale<\/strong>chip NFC incorporato o inchiostro che cambia colore in base alla temperatura e altri componenti intelligenti;<\/li>\n<li><strong>Certificazione ambientale<\/strong>: ha superato la certificazione forestale FSC e gli standard di riciclaggio globale GRS.<\/li>\n<\/ol>\n<h2 id=\"7-green-revolution-a-model-of-sustainable-packaging\">7. Rivoluzione verde: Un modello di imballaggio sostenibile<\/h2>\n<p>L'intero materiale della scatola \u00e8\u00a0<strong>98% riciclabile<\/strong>\u00a0, la scheda grigia utilizza\u00a0<strong>pasta riciclata da fibra di paglia<\/strong>\u00a0e il rivestimento in cartone dorato utilizza\u00a0<strong>inchiostro ecologico a base d'acqua<\/strong>\u00a0. Rispetto ai tradizionali imballaggi in metallo, un singolo prodotto riduce\u00a0<strong>Impronta di carbonio del 63%<\/strong>\u00a0. La spugna interna viene degradata nel terreno attraverso\u00a0<strong>tecnologia poliuretanica a base biologica<\/strong>\u00a0, e la fibra di floccaggio utilizza\u00a0<strong>Poliestere riciclabile PETG<\/strong>\u00a0costruendo una catena verde completa, dalla produzione ai rifiuti.<\/p>\n<h2 id=\"conclusion-defining-a-new-standard-for-high-end-packaging\">Conclusione: Definire un nuovo standard per gli imballaggi di fascia alta<\/h2>\n<p>Il design di questa confezione regalo per carte VIP supera le limitazioni del packaging tradizionale in termini di materiali, struttura, interazione, ecc. e ridefinisce la connotazione della personalizzazione di alto livello attraverso la collisione di\u00a0<strong>tecnologia ambientale<\/strong>\u00a0e\u00a0<strong>artigianato di lusso<\/strong>\u00a0. Quando i clienti fanno scorrere i polpastrelli sul velluto, il suono nitido della fibbia magnetica risuona nelle loro orecchie e l'impronta del marchio in oro rosa si riflette nei loro occhi, la sovrapposizione di queste esperienze multisensoriali si trasformer\u00e0 in un profondo riconoscimento del valore del marchio. Oggi che il concetto di sostenibilit\u00e0 \u00e8 profondamente radicato nella mente delle persone, questo tipo di design non solo soddisfa le esigenze commerciali, ma diventa anche un importante veicolo per le aziende per adempiere alle loro responsabilit\u00e0 sociali.<\/p>","protected":false},"excerpt":{"rendered":"<p>Una confezione regalo per carte VIP di alta gamma con servizi di stampa personalizzata gratuita e supporto rivestito in velluto. \u00c8 dotata di nastro di seta e testo stampato a caldo in rosa.<\/p>","protected":false},"featured_media":187,"template":"","meta":{"_kad_post_transparent":"default","_kad_post_title":"","_kad_post_layout":"default","_kad_post_sidebar_id":"","_kad_post_content_style":"default","_kad_post_vertical_padding":"default","_kad_post_feature":"","_kad_post_feature_position":"","_kad_post_header":false,"_kad_post_footer":false,"_kad_post_classname":""},"product_brand":[],"product_cat":[15,27,17],"product_tag":[50,49,48],"class_list":{"0":"post-186","1":"product","2":"type-product","3":"status-publish","4":"has-post-thumbnail","6":"product_cat-red-light-therapy","7":"product_cat-red-light-therapy-belt","8":"product_cat-services","9":"product_tag-custom-vip-card-box","10":"product_tag-high-end-gift-box","11":"product_tag-vip-card-gift-box","13":"first","14":"instock","15":"shipping-taxable","16":"product-type-simple","17":"entry","18":"content-bg","19":"loop-entry"},"_links":{"self":[{"href":"https:\/\/red-lighttherapy.com\/it\/wp-json\/wp\/v2\/product\/186","targetHints":{"allow":["GET"]}}],"collection":[{"href":"https:\/\/red-lighttherapy.com\/it\/wp-json\/wp\/v2\/product"}],"about":[{"href":"https:\/\/red-lighttherapy.com\/it\/wp-json\/wp\/v2\/types\/product"}],"wp:featuredmedia":[{"embeddable":true,"href":"https:\/\/red-lighttherapy.com\/it\/wp-json\/wp\/v2\/media\/187"}],"wp:attachment":[{"href":"https:\/\/red-lighttherapy.com\/it\/wp-json\/wp\/v2\/media?parent=186"}],"wp:term":[{"taxonomy":"product_brand","embeddable":true,"href":"https:\/\/red-lighttherapy.com\/it\/wp-json\/wp\/v2\/product_brand?post=186"},{"taxonomy":"product_cat","embeddable":true,"href":"https:\/\/red-lighttherapy.com\/it\/wp-json\/wp\/v2\/product_cat?post=186"},{"taxonomy":"product_tag","embeddable":true,"href":"https:\/\/red-lighttherapy.com\/it\/wp-json\/wp\/v2\/product_tag?post=186"}],"curies":[{"name":"wp","href":"https:\/\/api.w.org\/{rel}","templated":true}]}}