{"id":1820,"date":"2025-04-20T07:09:19","date_gmt":"2025-04-20T07:09:19","guid":{"rendered":"https:\/\/red-lighttherapy.com\/?post_type=product&#038;p=1820"},"modified":"2025-04-22T08:20:42","modified_gmt":"2025-04-22T08:20:42","slug":"texture-fancy-paper-lid-and-base-gift-box-for-jewelry-rings","status":"publish","type":"product","link":"https:\/\/red-lighttherapy.com\/it\/texture-fancy-paper-lid-and-base-gift-box-for-jewelry-rings\/","title":{"rendered":"Scatola regalo con coperchio e base in carta fantasia per anelli di gioielleria"},"content":{"rendered":"<h2 id=\"-product-name-tiangong-series-jewelry-storage-box\">Scatola regalo con coperchio e base in carta fantasia per anelli di gioielleria<\/h2>\n<h2 id=\"-1-opening-and-closing-design-of-the-top-and-bottom-lid-both-tightness-and-smoothness-\"><strong>1. Design di apertura e chiusura della scatola del coperchio e della base: tenuta e scorrevolezza<\/strong><\/h2>\n<p>Design di apertura e chiusura del coperchio superiore e inferiore: entrambi i terzi e i lubrificanti. Il coperchio superiore e inferiore adotta un accurato sistema di chiusura magnetica per garantire che la scatola del coperchio si adatti originariamente al corpo, e non \u00e8 facile da perdere o aprire apertamente durante il trasporto, fornendo 360 \u00b0 per i gioielli. Il binario di apertura e chiusura \u00e8 adattato in modo ergonomico e pu\u00f2 essere aperto senza problemi e chiuso con la stessa spinta della mano. Il funzionamento \u00e8 comodo e corrisponde alle abitudini dei consumatori moderni.<\/p>\n<h2 id=\"-2-universally-compatible-box-type-flexible-response-to-various-jewelry-sizes-\"><strong>2. Tipo di scatola universalmente compatibile: risposta flessibile alle varie dimensioni dei gioielli.<\/strong><\/h2>\n<p>L'interno della scatola adotta un design modulare a strati, dotato di scomparti regolabili per carte di flanella e divisione in spugna, che supporta la conservazione stabile di gioielli di varie dimensioni, come anelli, collane e orecchini. Regolando l'altezza e la distanza degli scomparti, pu\u00f2 essere compatibile con gioielli di altezza compresa tra 1 e 5 cm, soddisfacendo le prestazioni e le esigenze di conservazione di molte scene.<\/p>\n<h2 id=\"-3-textured-paper-material-both-texture-and-environmental-protection-\"><strong>3. Materiale cartaceo testurizzato: sia per la struttura che per la protezione dell'ambiente.<\/strong><\/h2>\n<ul>\n<li><strong>Miglioramento visivo e tattile<\/strong>: La superficie adotta una speciale tecnologia di goffratura per formare una fine texture tridimensionale, che presenta una struttura opaca sotto la rifrazione della luce e ha un tocco caldo e delicato, formando un contrasto estetico con la brillantezza dei gioielli.<\/li>\n<li><strong>Struttura leggera e compressiva<\/strong>: \u00c8 stata scelta una carta testurizzata composita di cartone grigio ad alta resistenza; il peso della scatola \u00e8 di soli 180 g e la resistenza alla compressione raggiunge i 50 kg\/\u33a1, tenendo conto sia della leggerezza che della durata.<\/li>\n<li><strong>Certificazione ambientale<\/strong>: Il materiale ha superato la certificazione forestale FSC, il processo di produzione raggiunge un'aggiunta di plastica pari a zero e il ciclo di degradazione \u00e8 inferiore a 6 mesi, soddisfacendo cos\u00ec gli standard di sviluppo sostenibile ESG.<\/li>\n<\/ul>\n<h2 id=\"-4-brand-logo-and-color-aesthetics-\"><strong>4. Logo del marchio ed estetica dei colori<\/strong><\/h2>\n<ul>\n<li><strong>Tecnologia di stampa precisa<\/strong>: Il coperchio della scatola utilizza la tecnologia di microincisione UV per stampare il logo del marchio; la precisione della linea raggiunge 0,1 mm e non ci sono sbavature o macchie sul bordo, il che rafforza l'immagine professionale del marchio.<\/li>\n<li><strong>Design verde chiaro<\/strong>: Il colore principale \u00e8 il Pantone 13-6008 TPG (soft mist green), ispirato alla giada naturale. Il colore a bassa saturazione allevia l'affaticamento visivo e si adatta alla duplice ricerca della natura e dell'alta gamma nel settore della gioielleria.<\/li>\n<\/ul>\n<h2 id=\"-5-multi-layer-protective-lining-system-\"><strong>5. Sistema di rivestimento protettivo multistrato<\/strong><\/h2>\n<p>La fodera adotta una struttura a tre strati di \"flanella + spugna ad alta densit\u00e0 + pannello grigio\":<\/p>\n<ul>\n<li><strong>Strato di flanella<\/strong>Velluto corto ultra fine da 2 mm per ridurre i danni da attrito dei gioielli e assorbire la polvere allo stesso tempo.<\/li>\n<li><strong>Strato di spugna<\/strong>: Spugna di rimbalzo da 5 mm per attutire le vibrazioni del trasporto e migliorare la resistenza agli urti 40%.<\/li>\n<li><strong>Strato di cartone grigio<\/strong>: Pannello grigio ispessito da 1,5 mm, che sostiene il corpo della scatola senza deformazioni e sopporta fino a 2 kg.<\/li>\n<\/ul>\n<h2 id=\"-applicable-scenarios-\"><strong>Scenari applicabili<\/strong><\/h2>\n<ul>\n<li><strong>Fine della vendita al dettaglio<\/strong>: espositore da banco, confezione regalo<\/li>\n<li><strong>Uso personale<\/strong>: conservazione in casa, trasporto in viaggio<\/li>\n<li><strong>Personalizzazione del marchio<\/strong>: regali aziendali, confezioni esclusive in edizione limitata<\/li>\n<\/ul>","protected":false},"excerpt":{"rendered":"<p>Con l'estetica naturale e il funzionalismo al centro, attraverso l'innovativa combinazione di struttura ergonomica e materiali ecologici, ridefiniamo il valore pratico e l'espressione artistica delle confezioni di gioielli e aiutiamo i marchi a creare un'immagine di mercato di alto livello e sostenibile.<\/p>","protected":false},"featured_media":2137,"template":"","meta":{"_kad_post_transparent":"default","_kad_post_title":"","_kad_post_layout":"default","_kad_post_sidebar_id":"","_kad_post_content_style":"default","_kad_post_vertical_padding":"default","_kad_post_feature":"","_kad_post_feature_position":"","_kad_post_header":false,"_kad_post_footer":false,"_kad_post_classname":""},"product_brand":[],"product_cat":[15,19,17],"product_tag":[542,541,540],"class_list":{"0":"post-1820","1":"product","2":"type-product","3":"status-publish","4":"has-post-thumbnail","6":"product_cat-red-light-therapy","7":"product_cat-red-light-therapy-stand","8":"product_cat-services","9":"product_tag-fancy-paper-rings-box","10":"product_tag-lid-and-base-gift-box","11":"product_tag-texture-paper-jewelry-gift-box","13":"first","14":"instock","15":"shipping-taxable","16":"product-type-simple","17":"entry","18":"content-bg","19":"loop-entry"},"_links":{"self":[{"href":"https:\/\/red-lighttherapy.com\/it\/wp-json\/wp\/v2\/product\/1820","targetHints":{"allow":["GET"]}}],"collection":[{"href":"https:\/\/red-lighttherapy.com\/it\/wp-json\/wp\/v2\/product"}],"about":[{"href":"https:\/\/red-lighttherapy.com\/it\/wp-json\/wp\/v2\/types\/product"}],"wp:featuredmedia":[{"embeddable":true,"href":"https:\/\/red-lighttherapy.com\/it\/wp-json\/wp\/v2\/media\/2137"}],"wp:attachment":[{"href":"https:\/\/red-lighttherapy.com\/it\/wp-json\/wp\/v2\/media?parent=1820"}],"wp:term":[{"taxonomy":"product_brand","embeddable":true,"href":"https:\/\/red-lighttherapy.com\/it\/wp-json\/wp\/v2\/product_brand?post=1820"},{"taxonomy":"product_cat","embeddable":true,"href":"https:\/\/red-lighttherapy.com\/it\/wp-json\/wp\/v2\/product_cat?post=1820"},{"taxonomy":"product_tag","embeddable":true,"href":"https:\/\/red-lighttherapy.com\/it\/wp-json\/wp\/v2\/product_tag?post=1820"}],"curies":[{"name":"wp","href":"https:\/\/api.w.org\/{rel}","templated":true}]}}