{"id":1273,"date":"2025-04-17T14:52:03","date_gmt":"2025-04-17T14:52:03","guid":{"rendered":"https:\/\/red-lighttherapy.com\/?post_type=product&#038;p=1273"},"modified":"2025-04-20T07:09:12","modified_gmt":"2025-04-20T07:09:12","slug":"distributor-custom-vintage-tea-rigid-drawer-boxes-packaging","status":"publish","type":"product","link":"https:\/\/red-lighttherapy.com\/it\/distributor-custom-vintage-tea-rigid-drawer-boxes-packaging\/","title":{"rendered":"Distributore di t\u00e8 vintage personalizzato Cassettiere rigide per l'imballaggio"},"content":{"rendered":"<h2 id=\"-customized-retro-tea-rigid-drawer-box-packaging-product-description-\"><strong>T\u00e8 retr\u00f2 su misura cassetto rigido imballaggio Descrizione del prodotto<\/strong><\/h2>\n<h2 id=\"-1-spot-color-printing-and-craft-design-\"><strong>1. Stampa a tinte piatte e design artigianale<\/strong><\/h2>\n<p>Questa carta da t\u00e8 retr\u00f2 per cassettiere \u00e8 fatta di\u00a0<strong>carta patinata<\/strong>\u00a0materiale. Il\u00a0<strong>tecnologia di stampa a tinte piatte<\/strong>\u00a0ripristina accuratamente il tono di colore retr\u00f2 ed \u00e8 integrato da\u00a0<strong>processo UV parziale<\/strong>\u00a0in modo da conferire al disegno o al testo un tocco tridimensionale e una morbida lucentezza, esaltando i sensi visivi e tattili. L'elevata scorrevolezza e l'assorbimento dell'inchiostro della carta patinata assicurano che il colore di stampa sia pieno e i dettagli chiari. In combinazione con le caratteristiche di resistenza all'usura della tecnologia UV, mette in risalto il temperamento di alto livello e l'eredit\u00e0 culturale del marchio.<\/p>\n<h2 id=\"-2-classic-paper-drawer-box-opening-and-closing-design-\"><strong>2. Design classico di apertura e chiusura del cassetto della carta<\/strong><\/h2>\n<p>L'imballaggio adotta un\u00a0<strong>struttura della cassettiera in carta<\/strong>Il cassetto in carta, liscio e comodo da aprire e chiudere, \u00e8 pratico e rituale. Il design del cassetto di carta non solo \u00e8 comodo per prendere il t\u00e8, ma pu\u00f2 anche aumentare l'interazione dell'esperienza del consumatore mostrando gradualmente il contenuto della scatola interna. Questo design si ispira alla cultura tradizionale del t\u00e8, combinata con un'estetica moderna, che conferisce al prodotto il senso del rituale di \"aprire una scatola come un tesoro\".<\/p>\n<h2 id=\"-3-high-density-sponge-lining-protection-\"><strong>3. Protezione del rivestimento in spugna ad alta densit\u00e0<\/strong><\/h2>\n<p>Il rivestimento interno utilizza\u00a0<strong>35KG di spugna ecologica ad alta densit\u00e0<\/strong>Il materiale \u00e8 tagliato con precisione e progettato con un vassoio incorporato per fissare saldamente la torta di t\u00e8 o il panetto di t\u00e8 per evitare scosse e collisioni durante il trasporto o lo stoccaggio. La spugna ha un'eccellente resilienza e resistenza alla pressione, pu\u00f2 mantenere una forma stabile per lungo tempo e fornire una protezione fisica e un cuscinetto di temperatura e umidit\u00e0 per il t\u00e8.<\/p>\n<h2 id=\"-4-warm-color-inner-box-visual-presentation-\"><strong>4. Presentazione visiva della scatola interna a colori caldi<\/strong><\/h2>\n<p>La scatola interna \u00e8 stampata con\u00a0<strong>Carta patinata da 157 g<\/strong>La carta patinata \u00e8 realizzata con colori caldi come tonalit\u00e0 principale (come il beige e l'ocra), mentre la texture retr\u00f2 \u00e8 esaltata dalla tecnologia di stampa opaca o a caldo. La superficie delicata e l'elevato grado di bianco della carta patinata, insieme alla morbida transizione dei colori, creano un'atmosfera visiva da \"squisito magazzino del t\u00e8\", facendo eco alle propriet\u00e0 naturali e alle connotazioni culturali del t\u00e8.<\/p>\n<h2 id=\"-5-factory-qualifications-and-design-support-\"><strong>5. Qualifiche di fabbrica e supporto alla progettazione<\/strong><\/h2>\n<p>Il produttore ha\u00a0<strong>edifici industriali indipendenti<\/strong>\u00a0e un team di progettazione professionale, dotato di attrezzature avanzate come la linea di produzione tedesca BHS e la tecnologia di prestampa digitale, in grado di realizzare un servizio one-stop dalla progettazione alla produzione di massa. Il team \u00e8 in grado di fornire suggerimenti personalizzati in base alle caratteristiche delle categorie di t\u00e8 (come il t\u00e8 Pu'er e il t\u00e8 bianco), come ad esempio strutture a strati adattate a mattoni di t\u00e8 di anni diversi, o l'integrazione di motivi tradizionali con elementi moderni e minimalisti.<\/p>\n<h2 id=\"-6-environmental-certification-and-high-cost-performance-\"><strong>6. Certificazione ambientale e prestazioni ad alto costo<\/strong><\/h2>\n<p>La fabbrica ha superato la certificazione FSC One per garantire che il materiale di imballaggio provenga da foreste gestite in modo continuativo e utilizza processi ecologici come l'inchiostro a base d'acqua e il rivestimento degradabile. Grazie alla produzione su larga scala e a una gestione intelligente (come il magazzino della carta di base e la logistica automatica), controlliamo i costi garantendo la qualit\u00e0 e fornendo ai clienti soluzioni ecologiche e convenienti.<\/p>","protected":false},"excerpt":{"rendered":"<p>Questo prodotto \u00e8 adatto a marchi di t\u00e8 di fascia alta, regali culturali e prodotti di t\u00e8 da collezione. Le dimensioni, il tipo di scatola (come coperchi superiori e inferiori, scatole di forma speciale) e gli accessori (nastri, accessori hardware) possono essere personalizzati. Grazie al coordinamento di materiali, artigianato e design, non solo soddisfa le esigenze dell'estetica retr\u00f2, ma tiene anche conto delle funzioni pratiche di protezione, aiutando i marchi ad aumentare il valore aggiunto e a creare una competitivit\u00e0 di mercato differenziata.<\/p>","protected":false},"featured_media":1815,"template":"","meta":{"_kad_post_transparent":"default","_kad_post_title":"","_kad_post_layout":"default","_kad_post_sidebar_id":"","_kad_post_content_style":"default","_kad_post_vertical_padding":"default","_kad_post_feature":"","_kad_post_feature_position":"","_kad_post_header":false,"_kad_post_footer":false,"_kad_post_classname":""},"product_brand":[],"product_cat":[15,20,17],"product_tag":[537,539,538],"class_list":{"0":"post-1273","1":"product","2":"type-product","3":"status-publish","4":"has-post-thumbnail","6":"product_cat-red-light-therapy","7":"product_cat-led-face-light-therapy","8":"product_cat-services","9":"product_tag-custom-rigid-drawer-boxes","10":"product_tag-drawer-rigid-boxes","11":"product_tag-tea-box-packaging","13":"first","14":"instock","15":"shipping-taxable","16":"product-type-simple","17":"entry","18":"content-bg","19":"loop-entry"},"_links":{"self":[{"href":"https:\/\/red-lighttherapy.com\/it\/wp-json\/wp\/v2\/product\/1273","targetHints":{"allow":["GET"]}}],"collection":[{"href":"https:\/\/red-lighttherapy.com\/it\/wp-json\/wp\/v2\/product"}],"about":[{"href":"https:\/\/red-lighttherapy.com\/it\/wp-json\/wp\/v2\/types\/product"}],"wp:featuredmedia":[{"embeddable":true,"href":"https:\/\/red-lighttherapy.com\/it\/wp-json\/wp\/v2\/media\/1815"}],"wp:attachment":[{"href":"https:\/\/red-lighttherapy.com\/it\/wp-json\/wp\/v2\/media?parent=1273"}],"wp:term":[{"taxonomy":"product_brand","embeddable":true,"href":"https:\/\/red-lighttherapy.com\/it\/wp-json\/wp\/v2\/product_brand?post=1273"},{"taxonomy":"product_cat","embeddable":true,"href":"https:\/\/red-lighttherapy.com\/it\/wp-json\/wp\/v2\/product_cat?post=1273"},{"taxonomy":"product_tag","embeddable":true,"href":"https:\/\/red-lighttherapy.com\/it\/wp-json\/wp\/v2\/product_tag?post=1273"}],"curies":[{"name":"wp","href":"https:\/\/api.w.org\/{rel}","templated":true}]}}