{"id":1243,"date":"2025-04-17T08:15:49","date_gmt":"2025-04-17T08:15:49","guid":{"rendered":"https:\/\/red-lighttherapy.com\/?post_type=product&#038;p=1243"},"modified":"2025-04-17T08:48:04","modified_gmt":"2025-04-17T08:48:04","slug":"vendor-luxury-two-pack-red-wine-double-side-open-gift-box","status":"publish","type":"product","link":"https:\/\/red-lighttherapy.com\/it\/vendor-luxury-two-pack-red-wine-double-side-open-gift-box\/","title":{"rendered":"Venditore Lusso Due Confezioni Vino Rosso Doppio Lato Aprire Scatola Regalo"},"content":{"rendered":"<h2 id=\"-double-sided-luxury-wine-gift-box-\">Venditore Lusso Due Confezioni Vino Rosso Doppio Lato Aprire Scatola Regalo<\/h2>\n<h4 id=\"-i-innovative-double-door-structure-design-\"><strong>1. Design innovativo della struttura a doppia porta<\/strong><\/h4>\n<ul>\n<li>Il corpo esterno della scatola \u00e8 realizzato in cartone grigio ad alta densit\u00e0 da 2,5 mm e la scanalatura interna adotta la tecnologia di fustellatura di precisione EVA, che si adatta con precisione alla curva della bottiglia di vino standard. Le posizioni delle bottiglie doppie sono separate in modo indipendente con una distanza di \u226515 mm per evitare la collisione delle bottiglie durante il trasporto.<\/li>\n<li>Il design completamente aperto a 180\u00b0 non richiede l'inclinazione del corpo della bottiglia durante la conservazione e il recupero del vino rosso. Con il sistema di chiusura a fibbia magnetica, l'errore di chiusura \u00e8 \u22640,3 mm.<\/li>\n<\/ul>\n<h2 id=\"-ii-minimalist-aesthetics-and-functional-integration-\"><strong>2. Estetica minimalista e integrazione funzionale<\/strong><\/h2>\n<ul>\n<li>Il colore principale del corpo della scatola adotta un disegno di collisione bifacciale di colore rosa e blu. Grazie alla pellicola tattile opaca e al processo di verniciatura UV locale, si forma un contrasto visivo tra la texture del velluto e il riflesso dello specchio.<\/li>\n<li>Soluzione di identificazione del marchio senza LOGO: i simboli di increspatura specifici del marchio sono stampati sui bordi laterali della scatola per migliorare la conoscenza attraverso la memoria tattile.<\/li>\n<\/ul>\n<h2 id=\"-three-engineering-level-protection-system-\"><strong>3. Sistema di protezione di livello ingegneristico<\/strong><\/h2>\n<ul>\n<li>La modellazione 3D \u00e8 utilizzata per personalizzare il supporto interno inclinato di 15\u00b0, con uno strato di tamponamento in EVA di densit\u00e0 40D, verificato dal test di trasporto ISTA 3A, in grado di resistere a un impatto di caduta di 1,2 m.<\/li>\n<li>Struttura di protezione a strati: strato superiore di 5 mm in cartone a nido d'ape resistente alla pressione + strato centrale in EVA che assorbe gli urti + cuscinetto inferiore in silicone antiscivolo, la tripla protezione si adatta alle variazioni di temperatura e umidit\u00e0 da -20\u2103 a 50\u2103.<\/li>\n<\/ul>\n<h2 id=\"-fourth-flexible-customization-solutions-\"><strong>4. Soluzioni di personalizzazione flessibili<\/strong><\/h2>\n<ul>\n<li><strong>Aggiornamento del materiale<\/strong>: Supporto di 12 substrati come il legno massiccio di noce e il pannello ecologico in fibra di bamb\u00f9.<\/li>\n<li><strong>Espansione del processo<\/strong>: 18 librerie di processi di trattamento della superficie come stampa a caldo\/goffratura\/incisione laser<\/li>\n<li><strong>Risposta intelligente<\/strong>: Completare il proofing della struttura 3D in 48 ore e consegnare piccoli lotti di prodotti finiti in 72 ore.<\/li>\n<\/ul>\n<h2 id=\"-five-multi-scenario-application-value-\"><strong>5. Valore applicativo multiscenario<\/strong><\/h2>\n<table>\n<thead>\n<tr>\n<th>Scenario di applicazione<\/th>\n<th>Incarnazione del vantaggio principale<\/th>\n<\/tr>\n<\/thead>\n<tbody>\n<tr>\n<td>Regali aziendali di alta gamma<\/td>\n<td>Il design a due colori a doppia foglia sottolinea il senso di nobile cerimonia<\/td>\n<\/tr>\n<tr>\n<td>Esposizione al dettaglio<\/td>\n<td>La struttura autoportante consente di risparmiare 30% di spazio in vetrina<\/td>\n<\/tr>\n<tr>\n<td>Magazzino e trasporto<\/td>\n<td>Il design impilabile migliora l'efficienza di carico di 40%<\/td>\n<\/tr>\n<tr>\n<td>Uso sostenibile<\/td>\n<td>Il vassoio interno pu\u00f2 essere sostituito da un modulo per la conservazione dei gioielli.<\/td>\n<\/tr>\n<\/tbody>\n<\/table>","protected":false},"excerpt":{"rendered":"<p>La struttura della scatola regalo aperta su due lati, il corpo esterno della scatola e la scanalatura interna formano un layout annidato, le due posizioni della bottiglia sono separate in modo indipendente, adattandosi perfettamente alla curva della bottiglia di vino rosso standard, il design completamente aperto \u00e8 facile da riporre e recuperare, il corpo della scatola si adatta saldamente quando \u00e8 chiuso, e la forma complessiva \u00e8 semplice e ordinata, che non solo soddisfa le esigenze di protezione del trasporto, ma ha anche l'aspetto estetico di visualizzazione.<\/p>","protected":false},"featured_media":1245,"template":"","meta":{"_kad_post_transparent":"default","_kad_post_title":"","_kad_post_layout":"default","_kad_post_sidebar_id":"","_kad_post_content_style":"default","_kad_post_vertical_padding":"default","_kad_post_feature":"","_kad_post_feature_position":"","_kad_post_header":false,"_kad_post_footer":false,"_kad_post_classname":""},"product_brand":[],"product_cat":[15,17],"product_tag":[488,486,487],"class_list":{"0":"post-1243","1":"product","2":"type-product","3":"status-publish","4":"has-post-thumbnail","6":"product_cat-red-light-therapy","7":"product_cat-services","8":"product_tag-luxury-red-wine-packaging","9":"product_tag-luxury-two-pack-red-wine-box","10":"product_tag-wine-gift-box","12":"first","13":"instock","14":"shipping-taxable","15":"product-type-simple","16":"entry","17":"content-bg","18":"loop-entry"},"_links":{"self":[{"href":"https:\/\/red-lighttherapy.com\/it\/wp-json\/wp\/v2\/product\/1243","targetHints":{"allow":["GET"]}}],"collection":[{"href":"https:\/\/red-lighttherapy.com\/it\/wp-json\/wp\/v2\/product"}],"about":[{"href":"https:\/\/red-lighttherapy.com\/it\/wp-json\/wp\/v2\/types\/product"}],"wp:featuredmedia":[{"embeddable":true,"href":"https:\/\/red-lighttherapy.com\/it\/wp-json\/wp\/v2\/media\/1245"}],"wp:attachment":[{"href":"https:\/\/red-lighttherapy.com\/it\/wp-json\/wp\/v2\/media?parent=1243"}],"wp:term":[{"taxonomy":"product_brand","embeddable":true,"href":"https:\/\/red-lighttherapy.com\/it\/wp-json\/wp\/v2\/product_brand?post=1243"},{"taxonomy":"product_cat","embeddable":true,"href":"https:\/\/red-lighttherapy.com\/it\/wp-json\/wp\/v2\/product_cat?post=1243"},{"taxonomy":"product_tag","embeddable":true,"href":"https:\/\/red-lighttherapy.com\/it\/wp-json\/wp\/v2\/product_tag?post=1243"}],"curies":[{"name":"wp","href":"https:\/\/api.w.org\/{rel}","templated":true}]}}