{"id":1236,"date":"2025-04-17T08:00:30","date_gmt":"2025-04-17T08:00:30","guid":{"rendered":"https:\/\/red-lighttherapy.com\/?post_type=product&#038;p=1236"},"modified":"2025-04-17T08:15:29","modified_gmt":"2025-04-17T08:15:29","slug":"glitter-paper-collapsible-magnetic-gift-boxes-for-hair-wigs","status":"publish","type":"product","link":"https:\/\/red-lighttherapy.com\/it\/glitter-paper-collapsible-magnetic-gift-boxes-for-hair-wigs\/","title":{"rendered":"Scatole regalo magnetiche pieghevoli in carta glitterata per parrucche e capelli"},"content":{"rendered":"<h2 id=\"glitter-paper-foldable-magnetic-wig-gift-box-product-description\">Carta glitterata pieghevole coperchio magnetico parrucca confezione regalo Descrizione del prodotto<\/h2>\n<h2 id=\"-1-easy-to-open-and-close-and-stable-folding-design-optimizes-transportation-and-storage-\"><strong>1. Facile da aprire e chiudere e stabile, il design pieghevole ottimizza il trasporto e lo stoccaggio.<\/strong><\/h2>\n<p>Questo prodotto adotta un'innovativa struttura pieghevole. Dopo essere stata dispiegata, la scatola pu\u00f2 essere aperta e chiusa rapidamente grazie al sistema di chiusura magnetica. Quando \u00e8 chiusa, la forza magnetica \u00e8 distribuita uniformemente per garantire la stabilit\u00e0; lo spessore dopo la piegatura \u00e8 solo 1\/5 del volume originale, il che consente di risparmiare spazio di stoccaggio e logistica e di ridurre i costi di trasporto di oltre 30%. Il corpo della scatola \u00e8 dotato di un telaio di supporto in cartone grigio ad alta resistenza, con una precisa tecnologia di cordonatura, che non si deforma dopo un uso prolungato e pu\u00f2 essere piegato ripetutamente per pi\u00f9 di 500 volte senza subire perdite, il che \u00e8 adatto al trasporto transfrontaliero e alle esigenze di stoccaggio a lungo termine.<\/p>\n<h2 id=\"-2-magnetic-box-design-neat-lines-and-high-space-utilization-\"><strong>2. Design a scatola magnetica, linee pulite ed elevato utilizzo dello spazio.<\/strong><\/h2>\n<p>Il corpo della scatola adotta un sistema di chiusura magnetica integrato e il lato \u00e8 incorporato con un forte foglio magnetico NdFeB, con una forza di aspirazione di 0,8N\/cm\u00b2, una sensazione di apertura e chiusura fluida e una tenuta eccellente. Il design dello spazio interno segue il rapporto aureo e pu\u00f2 contenere in modo flessibile oggetti di lusso leggeri come parrucche, gioielli e cosmetici. \u00c8 adatto a una variet\u00e0 di articoli di altezza compresa tra 5 e 30 cm ed \u00e8 dotato di un rivestimento a strati regolabile, che aumenta il tasso di utilizzo dello spazio di 40%.<\/p>\n<h2 id=\"-3-glitter-paper-material-smart-light-and-shadow-high-end-texture-\"><strong>3. Materiale carta glitterata: luci e ombre intelligenti, texture di alto livello.<\/strong><\/h2>\n<p>La superficie \u00e8 realizzata con carta glitterata ecologica importata e incorporata con particelle glitterate a livello di micron, che presentano un effetto stella a pi\u00f9 livelli sotto la rifrazione della luce. Il materiale \u00e8 certificato SGS, resistente all'usura e ai graffi ed \u00e8 conforme agli standard di protezione ambientale REACH dell'UE. \u00c8 disponibile in quattro colori: nero, oro, argento e verde. Il colore principale \u00e8 il \"verde\", in linea con il concetto di protezione ambientale e con l'immagine giovanile del marchio.<\/p>\n<h2 id=\"-4-precision-technology-industrial-grade-quality-control-and-detail-processing-\"><strong>4. Tecnologia di precisione: controllo di qualit\u00e0 e lavorazione dei dettagli di livello industriale.<\/strong><\/h2>\n<ul>\n<li><strong>Elaborazione dei bordi<\/strong>: Viene utilizzata la tecnologia di taglio laser di precisione, l'incisione \u00e8 liscia e priva di bave e l'errore \u00e8 \u22640,1 mm;<\/li>\n<li><strong>Processo di giunzione<\/strong>: Incollaggio senza cuciture con la colla ecologica tedesca Henkel, la resistenza alla trazione raggiunge i 50N\/cm e le cuciture non presentano crepe dopo migliaia di test di apertura e chiusura;<\/li>\n<li><strong>Stampa di superficie<\/strong>: Supporta la stampa a colori spot 4C+0C (numero di colore Pantone \/ Pantone + CMYK) e la precisione dell'effetto gradiente raggiunge le 175 linee\/pollice.<\/li>\n<\/ul>\n<h2 id=\"-5-environmental-protection-theme-and-scene-adaptation-\"><strong>5. Tema della protezione ambientale e adattamento della scena<\/strong><\/h2>\n<p>Il colore principale \u00e8 il \"verde\", ispirato all'ecologia forestale e abbinato a un rivestimento UV opaco per trasmettere un lusso di basso profilo. Il corpo della scatola pu\u00f2 essere personalizzato con motivi di stampa a caldo per le festivit\u00e0 (come i fiocchi di neve di Natale e le nuvole del Festival di Primavera), adatti per le confezioni regalo di San Valentino, per le confezioni di marchi in edizione limitata e per altre scene, tenendo conto dei concetti di protezione ambientale e di creazione di un'atmosfera festosa.<\/p>\n<h2 id=\"-6-ribbon-lifting-a-balance-between-function-and-aesthetics-\"><strong>6. Sollevamento del nastro: un equilibrio tra funzione ed estetica<\/strong><\/h2>\n<p>La parte superiore della scatola \u00e8 pre-incorporata con un nastro di poliestere ad alta tenacit\u00e0, che pu\u00f2 sopportare fino a 5 kg. L'angolo di sollevamento \u00e8 progettato ergonomicamente e la forza di apertura della scatola \u00e8 \u226410N. Il nastro pu\u00f2 essere personalizzato con stampa a caldo\/goffratura del logo e sono disponibili due opzioni di texture, opaca e satinata, per migliorare il senso di cerimonia del disimballaggio.<\/p>\n<h2 id=\"-8-full-link-personalized-customization-service-\"><strong>8. Servizio di personalizzazione personalizzata full-link<\/strong><\/h2>\n<ul>\n<li><strong>Dimensione<\/strong>: Supporta la regolazione del rapporto tra lunghezza, larghezza e altezza da 1:1 a 1:3, con una quantit\u00e0 minima d'ordine di 500 pezzi;<\/li>\n<li><strong>Tipo di scatola<\/strong>6 tipi di cassette di base, come la cassetta a forma di libro, il coperchio superiore e inferiore, la cassettiera, ecc. sono opzionali, ed \u00e8 supportato lo sviluppo di strutture di forma speciale;<\/li>\n<li><strong>Stampa e processo<\/strong>: LOGO pu\u00f2 scegliere 12 processi come la stampa a caldo, la goffratura e l'UV locale, con una risoluzione di \u22651200dpi;<\/li>\n<li><strong>Certificazione ambientale<\/strong>: Fornire soluzioni di produzione ecologiche come carta certificata FSC e inchiostro a base d'acqua.<\/li>\n<\/ul>","protected":false},"excerpt":{"rendered":"<p>Questa scatola con coperchio magnetico pieghevole \u00e8 facile da aprire e chiudere ed \u00e8 stabile. \u00c8 facile da trasportare e da riporre dopo la piegatura, il che riduce i costi logistici e impedisce al corpo della scatola di deformarsi per lungo tempo. Il corpo della scatola \u00e8 prevalentemente verde, in linea con il tema della protezione ambientale e trasmette il tono di giovinezza e vitalit\u00e0 del marchio. \u00c8 adatta per l'imballaggio di parrucche e altre scene.<\/p>","protected":false},"featured_media":1238,"template":"","meta":{"_kad_post_transparent":"default","_kad_post_title":"","_kad_post_layout":"default","_kad_post_sidebar_id":"","_kad_post_content_style":"default","_kad_post_vertical_padding":"default","_kad_post_feature":"","_kad_post_feature_position":"","_kad_post_header":false,"_kad_post_footer":false,"_kad_post_classname":""},"product_brand":[],"product_cat":[15,22,17],"product_tag":[484,483,485],"class_list":{"0":"post-1236","1":"product","2":"type-product","3":"status-publish","4":"has-post-thumbnail","6":"product_cat-red-light-therapy","7":"product_cat-red-light-therapy-blanket","8":"product_cat-services","9":"product_tag-collapsible-gift-boxes","10":"product_tag-custom-glitter-gift-boxes-wholesale","11":"product_tag-foldable-gift-box-wholesale","13":"first","14":"instock","15":"shipping-taxable","16":"product-type-simple","17":"entry","18":"content-bg","19":"loop-entry"},"_links":{"self":[{"href":"https:\/\/red-lighttherapy.com\/it\/wp-json\/wp\/v2\/product\/1236","targetHints":{"allow":["GET"]}}],"collection":[{"href":"https:\/\/red-lighttherapy.com\/it\/wp-json\/wp\/v2\/product"}],"about":[{"href":"https:\/\/red-lighttherapy.com\/it\/wp-json\/wp\/v2\/types\/product"}],"wp:featuredmedia":[{"embeddable":true,"href":"https:\/\/red-lighttherapy.com\/it\/wp-json\/wp\/v2\/media\/1238"}],"wp:attachment":[{"href":"https:\/\/red-lighttherapy.com\/it\/wp-json\/wp\/v2\/media?parent=1236"}],"wp:term":[{"taxonomy":"product_brand","embeddable":true,"href":"https:\/\/red-lighttherapy.com\/it\/wp-json\/wp\/v2\/product_brand?post=1236"},{"taxonomy":"product_cat","embeddable":true,"href":"https:\/\/red-lighttherapy.com\/it\/wp-json\/wp\/v2\/product_cat?post=1236"},{"taxonomy":"product_tag","embeddable":true,"href":"https:\/\/red-lighttherapy.com\/it\/wp-json\/wp\/v2\/product_tag?post=1236"}],"curies":[{"name":"wp","href":"https:\/\/api.w.org\/{rel}","templated":true}]}}