{"id":1231,"date":"2025-04-17T07:44:07","date_gmt":"2025-04-17T07:44:07","guid":{"rendered":"https:\/\/red-lighttherapy.com\/?post_type=product&#038;p=1231"},"modified":"2025-04-17T07:59:39","modified_gmt":"2025-04-17T07:59:39","slug":"custom-printed-hemp-cbd-essential-oil-box-brand-manufacturer","status":"publish","type":"product","link":"https:\/\/red-lighttherapy.com\/it\/custom-printed-hemp-cbd-essential-oil-box-brand-manufacturer\/","title":{"rendered":"Personalizzato stampato canapa CBD olio essenziale Box Marca Produttore"},"content":{"rendered":"<h2 id=\"-customized-solution-for-hemp-cbd-essential-oil-box-\"><strong>Soluzione personalizzata per la scatola di olio essenziale di canapa CBD<\/strong><\/h2>\n<h2 id=\"1-compression-and-shock-resistant-structure-\">1.\u00a0<strong>Struttura resistente alla compressione e agli urti<\/strong><\/h2>\n<p>La struttura combinata del cartone ondulato composito a doppio strato e del vassoio interno in EVA incorporato \u00e8 adottata per disperdere la pressione esterna attraverso il principio della meccanica a nido d'ape, per garantire che le bottiglie di vetro non vengano schiacciate e danneggiate durante il trasporto e lo stoccaggio. La scanalatura fustellata del vassoio interno si adatta con precisione alla bottiglia di olio essenziale standard da 5-30 ml, ottenendo un utilizzo dello spazio pari a 96% e tenendo conto della stabilit\u00e0 dell'esposizione in scatola singola e dell'impilamento in scatola multipla.<\/p>\n<h2 id=\"2-right-angle-edge-and-modular-assembly-\">2.\u00a0<strong>Bordo ad angolo retto e montaggio modulare<\/strong><\/h2>\n<p>Il processo di piegatura ad angolo retto a 90\u00b0 rafforza la rigidit\u00e0 del corpo della scatola ed evita il problema della concentrazione delle sollecitazioni causate dagli angoli arrotondati; il design senza colla della chiusura a linguetta semplifica il processo di assemblaggio, riduce i costi di manodopera e conferisce all'imballaggio un rigoroso temperamento estetico industriale.<\/p>\n<h2 id=\"3-right-angle-edge-shelf-competitiveness-\">3.\u00a0<strong>Competitivit\u00e0 del ripiano con bordo ad angolo retto<\/strong><\/h2>\n<p>L'ordinato contorno ad angolo retto crea un senso di fiducia professionale nei cosmetici farmaceutici, massimizza la planarit\u00e0 della superficie espositiva e garantisce che le informazioni dell'etichetta non vengano deformate visivamente quando vengono esposte sullo scaffale. Grazie al trattamento opaco della superficie, il riconoscimento del testo in ambienti ad alta luminosit\u00e0 \u00e8 migliorato, soddisfacendo i requisiti obbligatori di leggibilit\u00e0 dei prodotti CBD dell'UE per gli elenchi degli ingredienti, le avvertenze e altre informazioni.<\/p>\n<h2 id=\"4-color-system-and-psychological-application-\">4.\u00a0<strong>Sistema cromatico e applicazione psicologica<\/strong><\/h2>\n<ul>\n<li><strong>Colore principale: verde scuro<\/strong>\u00a0Simboleggia la natura e il biologico, richiama le propriet\u00e0 di estrazione vegetale degli ingredienti del CBD e soddisfa le specifiche di colore dell'avviso di confezionamento del CBD dell'UE.<\/li>\n<\/ul>\n<h2 id=\"5-high-definition-printing-technology-guarantee-\">5.\u00a0<strong>Garanzia di tecnologia di stampa ad alta definizione<\/strong><\/h2>\n<p>La stampa digitale UV a 1200 dpi garantisce la chiarezza e la leggibilit\u00e0 delle informazioni chiave, come i microcaratteri e i codici di lotto, mentre le prestazioni antiusura sono verificate da test di attrito per soddisfare le esigenze di tracciabilit\u00e0 delle informazioni di tutti gli anelli della catena di fornitura.<\/p>\n<h2 id=\"6-fsc-certified-environmentally-friendly-substrate-\">6.\u00a0<strong>Substrato ecologico certificato FSC<\/strong><\/h2>\n<p>Selezionare il cartone bianco FSC Mix Credit (300g\/m\u00b2), che ha superato la certificazione di gestione sostenibile delle foreste e la cui impronta di carbonio \u00e8 inferiore di 42% rispetto a quella della carta tradizionale. Il processo di laminazione superficiale a base d'acqua consente di ottenere una riciclabilit\u00e0 di 100%, che soddisfa i requisiti obbligatori dei mercati europei e americani in materia di imballaggi ecologici e rafforza l'espressione del valore \"naturale e biologico\" del marchio.<\/p>","protected":false},"excerpt":{"rendered":"<p>Questa scatola di cartone utilizza il verde scuro e il giallo brillante come psicologia visiva principale, in conformit\u00e0 con gli standard di segnalazione dei prodotti CBD dell'UE. L'azienda si concentra sulla fornitura di soluzioni di imballaggio professionali per i prodotti cannabinoidi di grado cosmeceutico e crea un sistema visivo del marchio che soddisfa gli standard internazionali con l'estetica funzionale come nucleo centrale.<\/p>","protected":false},"featured_media":1234,"template":"","meta":{"_kad_post_transparent":"default","_kad_post_title":"","_kad_post_layout":"default","_kad_post_sidebar_id":"","_kad_post_content_style":"default","_kad_post_vertical_padding":"default","_kad_post_feature":"","_kad_post_feature_position":"","_kad_post_header":false,"_kad_post_footer":false,"_kad_post_classname":""},"product_brand":[],"product_cat":[15,24,17],"product_tag":[481,478,482],"class_list":{"0":"post-1231","1":"product","2":"type-product","3":"status-publish","4":"has-post-thumbnail","6":"product_cat-red-light-therapy","7":"product_cat-red-light-therapy-bed","8":"product_cat-services","9":"product_tag-cbd-oil-boxes","10":"product_tag-custom-cannabis-boxes","11":"product_tag-get-hemp-oil-boxes-printing","13":"first","14":"instock","15":"shipping-taxable","16":"product-type-simple","17":"entry","18":"content-bg","19":"loop-entry"},"_links":{"self":[{"href":"https:\/\/red-lighttherapy.com\/it\/wp-json\/wp\/v2\/product\/1231","targetHints":{"allow":["GET"]}}],"collection":[{"href":"https:\/\/red-lighttherapy.com\/it\/wp-json\/wp\/v2\/product"}],"about":[{"href":"https:\/\/red-lighttherapy.com\/it\/wp-json\/wp\/v2\/types\/product"}],"wp:featuredmedia":[{"embeddable":true,"href":"https:\/\/red-lighttherapy.com\/it\/wp-json\/wp\/v2\/media\/1234"}],"wp:attachment":[{"href":"https:\/\/red-lighttherapy.com\/it\/wp-json\/wp\/v2\/media?parent=1231"}],"wp:term":[{"taxonomy":"product_brand","embeddable":true,"href":"https:\/\/red-lighttherapy.com\/it\/wp-json\/wp\/v2\/product_brand?post=1231"},{"taxonomy":"product_cat","embeddable":true,"href":"https:\/\/red-lighttherapy.com\/it\/wp-json\/wp\/v2\/product_cat?post=1231"},{"taxonomy":"product_tag","embeddable":true,"href":"https:\/\/red-lighttherapy.com\/it\/wp-json\/wp\/v2\/product_tag?post=1231"}],"curies":[{"name":"wp","href":"https:\/\/api.w.org\/{rel}","templated":true}]}}