{"id":1219,"date":"2025-04-17T07:00:44","date_gmt":"2025-04-17T07:00:44","guid":{"rendered":"https:\/\/red-lighttherapy.com\/?post_type=product&#038;p=1219"},"modified":"2025-04-17T07:11:35","modified_gmt":"2025-04-17T07:11:35","slug":"custom-hemp-oil-magnetic-closure-rigid-boxes-china-wholesale","status":"publish","type":"product","link":"https:\/\/red-lighttherapy.com\/it\/custom-hemp-oil-magnetic-closure-rigid-boxes-china-wholesale\/","title":{"rendered":"Custom olio di canapa chiusura magnetica scatole rigide Cina all'ingrosso"},"content":{"rendered":"<h2 id=\"-customized-sesame-oil-magnetic-buckle-hard-box-china-wholesale-product-description-\">Custom olio di canapa chiusura magnetica scatole rigide Cina all'ingrosso<\/h2>\n<h2 id=\"-1-innovative-magnetic-box-design-taking-into-account-convenience-and-ritual-sense-\"><strong>1. Design innovativo della scatola con chiusura magnetica, che tiene conto della praticit\u00e0 e del senso del rituale.<\/strong><\/h2>\n<p>Questa scatola di imballaggio adotta\u00a0<strong>struttura di chiusura magnetica<\/strong>Grazie alla collaborazione tra il foglio di aspirazione della chiusura magnetica ad alta precisione e il foglio di guida del coperchio magnetico, pu\u00f2 essere facilmente aperto e chiuso con una sola mano. La forza magnetica \u00e8 stata scientificamente testata per garantire un rapido accesso al corpo della bottiglia e mantenere l'integrit\u00e0 della confezione quando \u00e8 chiusa, evitando aperture accidentali durante il trasporto o lo stoccaggio. Il design del coperchio a ribalta del corpo della scatola si adatta all'ergonomia, si apre e si chiude in modo fluido senza incepparsi, dando agli utenti un senso di rituale al momento del disimballaggio e soddisfacendo al contempo le esigenze di praticit\u00e0 dell'uso ad alta frequenza.<\/p>\n<h2 id=\"-2-modern-aesthetic-design-suitable-for-multiple-scenes-\"><strong>2. Design estetico moderno, adatto a pi\u00f9 scene<\/strong><\/h2>\n<p>L'imballaggio utilizza\u00a0<strong>linee rette e ordinate<\/strong>\u00a0come linguaggio di base, abbandona le decorazioni ridondanti e presenta una semplice bellezza geometrica. Il rapporto tra i tipi di scatola \u00e8 stato ottimizzato dalla sezione dorata, che si adatta a scenari espositivi diversificati come gli scaffali dei supermercati, i banchi dei marchi e le piattaforme di e-commerce. La superficie adotta una tonalit\u00e0 di nero puro opaco, con il logo del marchio stampato a caldo\/argento artigianale, creando un'immagine di\u00a0<strong>calma e atmosfera<\/strong>\u00a0che si adatta al posizionamento di mercato naturale e di fascia alta dell'olio di CBD e costituisce una differenza netta rispetto ai prodotti della concorrenza.<\/p>\n<h2 id=\"-3-coated-paper-reinforced-structure-long-term-protection-of-contents-\"><strong>3. Struttura rinforzata in carta patinata, protezione a lungo termine del contenuto.<\/strong><\/h2>\n<p>Il corpo della scatola utilizza\u00a0<strong>Supporto in carta patinata da 450 g<\/strong>La resistenza alla compressione \u00e8 aumentata di 30%, in grado di resistere agli urti del trasporto e alla pressione di impilamento. L'interno \u00e8 combinato con una fodera in EVA ad alta densit\u00e0,\u00a0<strong>fustellato con precisione<\/strong>\u00a0Il corpo della bottiglia \u00e8 fissato saldamente per evitare l'usura o le perdite causate dagli scuotimenti. Ai quattro angoli del corpo della scatola sono state aggiunte delle protezioni angolari anticollisione per migliorare ulteriormente la resistenza agli urti e garantire la sicurezza dello stoccaggio a lungo termine.<\/p>\n<h2 id=\"-4-seiko-quality-details-show-ingenuity-\"><strong>4. Qualit\u00e0 Seiko, i dettagli dimostrano l'ingegno<\/strong><\/h2>\n<p>Adottare\u00a0<strong>stampi di alta precisione e tecnologia di fustellatura completamente automatica<\/strong>Le cuciture del corpo della scatola sono lisce e prive di bave, mentre l'ammortizzazione dell'apertura e della chiusura dello sportello \u00e8 moderata e garantisce un'esperienza d'uso fluida. La stampa della superficie utilizza la tecnologia di stampa offset in quadricromia + vernice UV locale; il disegno \u00e8 chiaro e delicato, la saturazione del colore \u00e8 elevata, ed \u00e8 resistente all'usura e ai graffi. Il giunto di rivestimento adotta la tecnologia di laminazione a ultrasuoni per evitare la contaminazione della colla e soddisfare gli standard di sicurezza degli imballaggi alimentari.<\/p>\n<h2 id=\"-5-full-dimensional-customization-service-empowering-brand-marketing-\"><strong>5. Servizio di personalizzazione full-dimensionale, per potenziare il marketing del marchio.<\/strong><\/h2>\n<p>Supporta le seguenti soluzioni di personalizzazione flessibile:<\/p>\n<ul>\n<li><strong>Dimensioni e tipo di scatola<\/strong>: Adattamento alle specifiche delle bottiglie di olio di sesamo da 50ml-500ml e sviluppo di tipi di scatole innovative come quelle a cassetto e a libro;<\/li>\n<li><strong>Contenuto della stampa<\/strong>: Supporta la stampa a pagina intera di logo del marchio, slogan, codice anticontraffazione, ecc. e pu\u00f2 aggiungere l'anticontraffazione laser, il codice QR a dati variabili e altri processi;<\/li>\n<li><strong>Struttura del rivestimento interno<\/strong>: Forniscono opzioni di EVA, spugna, floccaggio e altri materiali, supportano la progettazione di compartimenti divisori e soddisfano le esigenze di confezioni combinate con pi\u00f9 bottiglie;<\/li>\n<li><strong>Aggiornamento magnetico<\/strong>: Fibbia magnetica forte (1,0 cm) o fibbia magnetica ordinaria (1,4 cm\/1,8 cm) per adattarsi alle diverse esigenze di carico.<\/li>\n<\/ul>\n<h2 id=\"-6-mature-supply-chain-guarantee-efficient-delivery-without-worries-\"><strong>6. Garanzia di una catena di fornitura matura, consegna efficiente senza preoccupazioni<\/strong><\/h2>\n<p>Affidarsi a\u00a0<strong>16 anni di esperienza professionale nella produzione di imballaggi<\/strong>La fabbrica \u00e8 dotata di una linea di produzione completamente automatica e di un sistema di controllo della qualit\u00e0 ISO per collegare in modo efficiente l'intera catena, dalla progettazione alla produzione di massa.<\/p>\n<ul>\n<li><strong>Garanzia di controllo qualit\u00e0<\/strong>: Le materie prime sono certificate SGS e nel processo di produzione vengono implementati 6 processi di ispezione della qualit\u00e0, con un tasso di difettosit\u00e0 inferiore a 0,3%;<\/li>\n<li><strong>Risposta rapida<\/strong>: Supporto di 2-3 giorni di ciclo di prova, produzione di una quantit\u00e0 minima di ordine di 500 pezzi;<\/li>\n<li><strong>Tecnologia ad alta difficolt\u00e0<\/strong>: Bravi in processi complessi come scatole di forma speciale, strutture di aspirazione magnetica e materiali degradabili ecologici, aiutano i marchi a superare la concorrenza omogenea.<\/li>\n<\/ul>\n<h2 id=\"-application-scenarios-\"><strong>Scenari di applicazione<\/strong><\/h2>\n<ul>\n<li><strong>Marchio di olio di sesamo di alta gamma<\/strong>: In linea con il tono dei prodotti naturali e biologici, valorizzare lo spazio premium del terminal;<\/li>\n<li><strong>Mercato della personalizzazione dei regali<\/strong>: Rafforzare l'unicit\u00e0 delle confezioni regalo per le festivit\u00e0 e delle soluzioni di personalizzazione aziendale attraverso un design esclusivo;<\/li>\n<li><strong>Commercio elettronico transfrontaliero<\/strong>: Soddisfare gli standard di trasporto internazionali e ridurre i rischi di perdite logistiche transfrontaliere.<\/li>\n<\/ul>","protected":false},"excerpt":{"rendered":"<p>Il design di questa scatola con coperchio magnetico consente agli utenti di accedere rapidamente al flacone mantenendo l'integrit\u00e0 della confezione, tenendo conto della praticit\u00e0 e del rituale, con linee pulite, in linea con l'estetica moderna e adatte a una variet\u00e0 di scenari espositivi. Il corpo della scatola utilizza una tonalit\u00e0 nera pura per trasmettere la professionalit\u00e0 del marchio e l'affidabilit\u00e0 del prodotto, che si adatta al posizionamento naturale e di fascia alta del mercato dell'olio di CBD ed \u00e8 facile da differenziare dai prodotti concorrenti.<\/p>","protected":false},"featured_media":1221,"template":"","meta":{"_kad_post_transparent":"default","_kad_post_title":"","_kad_post_layout":"default","_kad_post_sidebar_id":"","_kad_post_content_style":"default","_kad_post_vertical_padding":"default","_kad_post_feature":"","_kad_post_feature_position":"","_kad_post_header":false,"_kad_post_footer":false,"_kad_post_classname":""},"product_brand":[],"product_cat":[15,27,17],"product_tag":[477,476,469],"class_list":{"0":"post-1219","1":"product","2":"type-product","3":"status-publish","4":"has-post-thumbnail","6":"product_cat-red-light-therapy","7":"product_cat-red-light-therapy-belt","8":"product_cat-services","9":"product_tag-branded-cbd-tincture-boxes","10":"product_tag-cbd-hemp-oil-boxes","11":"product_tag-custom-hemp-oil-boxes","13":"first","14":"instock","15":"shipping-taxable","16":"product-type-simple","17":"entry","18":"content-bg","19":"loop-entry"},"_links":{"self":[{"href":"https:\/\/red-lighttherapy.com\/it\/wp-json\/wp\/v2\/product\/1219","targetHints":{"allow":["GET"]}}],"collection":[{"href":"https:\/\/red-lighttherapy.com\/it\/wp-json\/wp\/v2\/product"}],"about":[{"href":"https:\/\/red-lighttherapy.com\/it\/wp-json\/wp\/v2\/types\/product"}],"wp:featuredmedia":[{"embeddable":true,"href":"https:\/\/red-lighttherapy.com\/it\/wp-json\/wp\/v2\/media\/1221"}],"wp:attachment":[{"href":"https:\/\/red-lighttherapy.com\/it\/wp-json\/wp\/v2\/media?parent=1219"}],"wp:term":[{"taxonomy":"product_brand","embeddable":true,"href":"https:\/\/red-lighttherapy.com\/it\/wp-json\/wp\/v2\/product_brand?post=1219"},{"taxonomy":"product_cat","embeddable":true,"href":"https:\/\/red-lighttherapy.com\/it\/wp-json\/wp\/v2\/product_cat?post=1219"},{"taxonomy":"product_tag","embeddable":true,"href":"https:\/\/red-lighttherapy.com\/it\/wp-json\/wp\/v2\/product_tag?post=1219"}],"curies":[{"name":"wp","href":"https:\/\/api.w.org\/{rel}","templated":true}]}}