{"id":1212,"date":"2025-04-17T06:50:31","date_gmt":"2025-04-17T06:50:31","guid":{"rendered":"https:\/\/red-lighttherapy.com\/?post_type=product&#038;p=1212"},"modified":"2025-04-17T07:06:10","modified_gmt":"2025-04-17T07:06:10","slug":"durable-cannabis-wax-concentrate-packaging-paper-drawer-box","status":"publish","type":"product","link":"https:\/\/red-lighttherapy.com\/it\/durable-cannabis-wax-concentrate-packaging-paper-drawer-box\/","title":{"rendered":"Durevole cera di cannabis concentrato imballaggio carta cassetto Box"},"content":{"rendered":"<h2 id=\"-product-description-of-drawer-type-packaging-box-for-cannabis-wax-concentrate-\"><strong>Descrizione del prodotto della scatola di imballaggio del tipo a cassetto per il concentrato di cera di cannabis<\/strong><\/h2>\n<h2 id=\"1-ergonomic-drawer-structure-\">1.\u00a0<strong>Struttura ergonomica dei cassetti<\/strong><\/h2>\n<ul>\n<li><strong>Design Push-Pull fluido<\/strong>: La tecnologia di fustellatura di precisione garantisce un'apertura e una chiusura fluida dei cassetti, che possono essere facilmente azionati con una sola mano, migliorando la comodit\u00e0 d'uso;<\/li>\n<li><strong>Senso di gerarchia e rituale<\/strong>: La struttura a strati dei cassetti migliora l'effetto di esposizione dei prodotti e il processo di apertura e chiusura offre ai consumatori un'esperienza \"esplorativa\", che si adatta allo scenario di consumo dei prodotti CBD di alta gamma.<\/li>\n<\/ul>\n<h2 id=\"2-environmentally-friendly-materials-and-durability-\">2.\u00a0<strong>Materiali ecologici e durata nel tempo<\/strong><\/h2>\n<ul>\n<li><strong>Carta patinata certificata FSC<\/strong>: Il materiale di base proviene da foreste gestite in modo sostenibile, soddisfa gli standard ambientali internazionali, supporta l'emissione di fatture FSC (compresi i numeri di certificazione) e contribuisce alla credibilit\u00e0 dei rapporti ESG del marchio;<\/li>\n<li><strong>Processo di laminazione opzionale<\/strong>: Offre una laminazione opaca\/lucida a base d'acqua, resistente ai graffi e alle impronte digitali, con un tocco delicato e una durata prolungata, adatta a diversi ambienti di trasporto e visualizzazione.<\/li>\n<\/ul>\n<h2 id=\"3-high-precision-printing-and-visual-communication-\">3.\u00a0<strong>Stampa di alta precisione e comunicazione visiva<\/strong><\/h2>\n<ul>\n<li><strong>Stampa a sei colori ad alta definizione<\/strong>: Ripristina con precisione le texture delle piante, il LOGO del marchio e altri dettagli, con una saturazione del colore di 98%, migliorando l'immagine professionale;<\/li>\n<li><strong>Aggiornamento tecnologico<\/strong>: Supportare la stampa a caldo, la goffratura parziale UV e altri processi per evidenziare il logo del marchio o la descrizione dell'ingrediente e migliorare il livello visivo dell'imballaggio;<\/li>\n<li><strong>Colori principali blu e bianco<\/strong>: Il blu simboleggia naturalezza e tranquillit\u00e0, il bianco trasmette pulizia e senso di tecnologia, e la combinazione di due colori rafforza la fiducia dei consumatori nella sicurezza e nella professionalit\u00e0 dei prodotti.<\/li>\n<\/ul>\n<h2 id=\"4-eva-cushioning-lining-system-\">4.\u00a0<strong>Sistema di ammortizzazione in EVA<\/strong><\/h2>\n<ul>\n<li><strong>Design di precisione<\/strong>: Personalizzare la scanalatura di rivestimento in base alle dimensioni del concentrato per ottenere un fissaggio a \"spostamento zero\" e ridurre il rischio di collisione nel trasporto;<\/li>\n<li><strong>Prestazioni di ammortizzazione antisismica<\/strong>: Il materiale EVA ha una resistenza al rimbalzo di 90%, assorbe efficacemente gli impatti esterni ed \u00e8 adatto a scenari logistici a lunga distanza.<\/li>\n<\/ul>\n<h2 id=\"5-full-dimensional-customization-service-\">5.\u00a0<strong>Servizio di personalizzazione full-dimensional<\/strong><\/h2>\n<ul>\n<li><strong>Requisiti di adattamento flessibili<\/strong>: Supporto della personalizzazione delle dimensioni della scatola (adattandosi alla capacit\u00e0 di 1g-10g), della direzione di apertura e chiusura del cassetto (a trazione laterale\/superiore), del processo di stampa (stampa a caldo\/UV\/goffratura), della struttura del rivestimento (suddivisione\/stratificazione), ecc;<\/li>\n<li><strong>Meccanismo di risposta rapida<\/strong>: Sono necessari solo 10-15 giorni lavorativi dalla conferma del progetto alla consegna, per supportare la produzione di prova di piccoli lotti e gli ordini su larga scala.<\/li>\n<\/ul>\n<h2 id=\"6-environmental-protection-and-compliance-advantages-\">6.\u00a0<strong>, vantaggi in termini di protezione e conformit\u00e0 ambientale<\/strong><\/h2>\n<ul>\n<li><strong>Progettazione dell'economia circolare<\/strong>: La struttura monomateriale (carta + EVA) \u00e8 compatibile con il sistema di riciclaggio tradizionale e il rivestimento in EVA pu\u00f2 essere separato e riciclato per ridurre l'impatto ambientale;<\/li>\n<li><strong>Certificazione standard internazionale<\/strong>: Ha superato le certificazioni FSC, ISO 14001 e altre, in linea con le normative ambientali dei mercati europei e americani (come il REACH dell'UE, l'esenzione fiscale per la plastica), per favorire il layout globale del marchio.<\/li>\n<\/ul>\n<h2 id=\"7-application-scenarios-and-value-\">7.\u00a0<strong>, scenari applicativi e valore<\/strong><\/h2>\n<ul>\n<li><strong>Vendita al dettaglio del terminale<\/strong>: Esposto nelle farmacie di fascia alta e nei negozi specializzati in CBD, il design di apertura e chiusura dei cassetti aumenta l'interattivit\u00e0 del prodotto e i punti di memoria;<\/li>\n<li><strong>Logistica del commercio elettronico<\/strong>: La fodera in EVA e la combinazione del corpo della scatola resistente alla pressione riducono il tasso di danni da trasporto a meno di 1%;<\/li>\n<li><strong>Marketing del marchio<\/strong>: LOGO personalizzato stampato a caldo, codice QR per la tracciabilit\u00e0 degli ingredienti e altri design rafforzano la consapevolezza dei consumatori sulla tecnologia e sulla responsabilit\u00e0 del marchio.<\/li>\n<\/ul>","protected":false},"excerpt":{"rendered":"<p>La struttura di apertura e chiusura del cassetto di carta e il cassetto di carta liscio sono facili da usare con una sola mano. Ha sia la funzionalit\u00e0 che il senso del rituale. La precisione di stampa \u00e8 elevata, i dettagli del disegno sono chiari (come la struttura della pianta), la riproduzione dei colori \u00e8 forte e trasmette l'immagine professionale del marchio. Il colore principale \u00e8 il blu, che si adatta alle propriet\u00e0 naturali e rilassanti dei prodotti a base di cannabis.<\/p>","protected":false},"featured_media":1216,"template":"","meta":{"_kad_post_transparent":"default","_kad_post_title":"","_kad_post_layout":"default","_kad_post_sidebar_id":"","_kad_post_content_style":"default","_kad_post_vertical_padding":"default","_kad_post_feature":"","_kad_post_feature_position":"","_kad_post_header":false,"_kad_post_footer":false,"_kad_post_classname":""},"product_brand":[],"product_cat":[15,20,17],"product_tag":[475,474,473],"class_list":{"0":"post-1212","1":"product","2":"type-product","3":"status-publish","4":"has-post-thumbnail","6":"product_cat-red-light-therapy","7":"product_cat-led-face-light-therapy","8":"product_cat-services","9":"product_tag-concentrate-packaging","10":"product_tag-custom-cannabis-concentrate-packaging","11":"product_tag-custom-concentrate-packaging-boxes","13":"first","14":"instock","15":"shipping-taxable","16":"product-type-simple","17":"entry","18":"content-bg","19":"loop-entry"},"_links":{"self":[{"href":"https:\/\/red-lighttherapy.com\/it\/wp-json\/wp\/v2\/product\/1212","targetHints":{"allow":["GET"]}}],"collection":[{"href":"https:\/\/red-lighttherapy.com\/it\/wp-json\/wp\/v2\/product"}],"about":[{"href":"https:\/\/red-lighttherapy.com\/it\/wp-json\/wp\/v2\/types\/product"}],"wp:featuredmedia":[{"embeddable":true,"href":"https:\/\/red-lighttherapy.com\/it\/wp-json\/wp\/v2\/media\/1216"}],"wp:attachment":[{"href":"https:\/\/red-lighttherapy.com\/it\/wp-json\/wp\/v2\/media?parent=1212"}],"wp:term":[{"taxonomy":"product_brand","embeddable":true,"href":"https:\/\/red-lighttherapy.com\/it\/wp-json\/wp\/v2\/product_brand?post=1212"},{"taxonomy":"product_cat","embeddable":true,"href":"https:\/\/red-lighttherapy.com\/it\/wp-json\/wp\/v2\/product_cat?post=1212"},{"taxonomy":"product_tag","embeddable":true,"href":"https:\/\/red-lighttherapy.com\/it\/wp-json\/wp\/v2\/product_tag?post=1212"}],"curies":[{"name":"wp","href":"https:\/\/api.w.org\/{rel}","templated":true}]}}