{"id":1192,"date":"2025-04-17T03:53:24","date_gmt":"2025-04-17T03:53:24","guid":{"rendered":"https:\/\/red-lighttherapy.com\/?post_type=product&#038;p=1192"},"modified":"2025-04-17T06:22:08","modified_gmt":"2025-04-17T06:22:08","slug":"wholesale-cannabis-concentrate-magnetic-lid-packaging-boxes","status":"publish","type":"product","link":"https:\/\/red-lighttherapy.com\/it\/wholesale-cannabis-concentrate-magnetic-lid-packaging-boxes\/","title":{"rendered":"Scatole d'imballaggio con coperchio magnetico per concentrati di cannabis all'ingrosso"},"content":{"rendered":"<h2 id=\"-product-description-of-paper-drawer-box-for-marijuana-concentrate-magnetic-cover-\"><strong>Descrizione del prodotto Cassetto di carta per il coperchio magnetico del concentrato di marijuana<\/strong><\/h2>\n<h2 id=\"-1-paper-drawer-box-slide-rail-design-easy-and-efficient-opening-and-closing-\"><strong>1. Design della guida di scorrimento del cassetto della carta, apertura e chiusura facili ed efficienti.<\/strong><\/h2>\n<ul>\n<li><strong>Posizionamento preciso e anticaduta<\/strong>: La guida di scorrimento \u00e8 calcolata con precisione e il coperchio della scatola viene automaticamente bloccato nella posizione prestabilita durante l'apertura e la chiusura per evitare scivolamenti accidentali e garantire la stabilit\u00e0 durante l'uso.<\/li>\n<\/ul>\n<h2 id=\"-2-double-childproof-lock-mechanism-safe-and-worry-free-\"><strong>2. Doppio meccanismo di blocco a prova di bambino, sicuro e privo di preoccupazioni<\/strong><\/h2>\n<ul>\n<li><strong>Premere per sbloccare la tecnologia<\/strong>: Un interruttore a pressione nascosto \u00e8 posizionato sul lato del corpo della scatola e un adulto deve premerlo con una forza specifica prima che il coperchio della scatola scorra in modo sincrono, impedendo efficacemente ai bambini di aprirlo per errore.<\/li>\n<li><strong>Forza di aspirazione magnetica regolabile<\/strong>: Grazie alla personalizzazione della forza di assorbimento del magnete, \u00e8 possibile bilanciare la sicurezza dei bambini e la facilit\u00e0 d'uso degli adulti, e pu\u00f2 essere facilmente utilizzato con la sola forza delle dita di un adulto.<\/li>\n<\/ul>\n<h2 id=\"-3-stable-and-shock-resistant-structure-upgraded-portable-experience-\"><strong>3. Struttura stabile e resistente agli urti, esperienza portatile aggiornata<\/strong><\/h2>\n<ul>\n<li><strong>Slot per schede personalizzate integrato<\/strong>: Modellati con precisione in base alle dimensioni del concentrato (come imbottigliato e imbustato), con rivestimento in EVA antiurto, fissano saldamente il contenuto, azzerano gli scuotimenti durante il trasporto ed evitano danni da collisione.<\/li>\n<li><strong>Design leggero e portatile<\/strong>: Lo spessore e il peso del corpo della scatola sono ottimizzati, tenendo conto sia della protezione che della portabilit\u00e0, adatta per il trasporto a mano o per le esigenze di stoccaggio.<\/li>\n<\/ul>\n<h2 id=\"-4-coated-paper-multi-layer-composite-material-pressure-resistant-and-damage-resistant-\"><strong>4. Materiale composito multistrato in carta patinata, resistente alla pressione e ai danni.<\/strong><\/h2>\n<ul>\n<li><strong>Substrato ad alta resistenza<\/strong>: Viene utilizzata carta patinata addensata da 400 g e la superficie \u00e8 ricoperta da una pellicola ecologica opaca\/lucida, resistente alla pressione, all'umidit\u00e0 e ai graffi, in grado di sopportare l'impilamento e l'estrusione durante il trasporto logistico.<\/li>\n<li><strong>Design riciclabile<\/strong>: Il materiale \u00e8 robusto e durevole, supporta l'apertura e la chiusura multiple e il riutilizzo, riduce i costi di sostituzione dell'imballaggio e si conforma al concetto di protezione ambientale.<\/li>\n<\/ul>\n<h2 id=\"-5-high-precision-printing-technology-excellent-visual-texture-\"><strong>5. Tecnologia di stampa ad alta precisione, eccellente texture visiva.<\/strong><\/h2>\n<ul>\n<li><strong>Tecnologia di stampa UV a colori<\/strong>: Supporta modelli complessi come colori sfumati e lucentezza metallica, con una saturazione del colore superiore a 95%, e non \u00e8 facile da sbiadire dopo il test di attrito.<\/li>\n<li><strong>Processi di superficie diversificati<\/strong>: Stampa a caldo, goffratura, UV locale e altri processi opzionali per migliorare il riconoscimento del marchio e la qualit\u00e0 dell'imballaggio.<\/li>\n<\/ul>\n<h2 id=\"-6-minimalist-white-tone-conveying-a-professional-brand-image-\"><strong>6. Tono bianco minimalista, che trasmette un'immagine professionale del marchio.<\/strong><\/h2>\n<ul>\n<li><strong>Scatola bianca pura<\/strong>: Con il bianco come colore di base, simboleggia sicurezza, professionalit\u00e0 e pulizia, si adatta al posizionamento dei prodotti a base di cannabis per uso medico e rafforza la fiducia dei consumatori.<\/li>\n<li><strong>Corrispondenza visiva flessibile<\/strong>: Supporta l'abbellimento parziale del colore del marchio, la texture sfumata o il LOGO minimalista, evidenzia la personalit\u00e0 nella semplicit\u00e0 ed evita l'over-design.<\/li>\n<\/ul>\n<h2 id=\"-7-all-round-customization-service-empowering-brand-differentiation-\"><strong>7. Servizio di personalizzazione a tutto tondo, per una maggiore differenziazione del marchio.<\/strong><\/h2>\n<ul>\n<li><strong>Adattamento flessibile delle dimensioni<\/strong>: Supporta la personalizzazione di tutte le dimensioni, dalle microbottiglie da 10 ml alle lattine di grande capacit\u00e0 da 100 ml, per soddisfare le esigenze della linea di prodotti.<\/li>\n<li><strong>Integrazione approfondita del marchio<\/strong>: Colore della scatola personalizzabile (ad esempio colore sfumato, nero opaco), motivo (illustrazione, motivo geometrico), informazioni di testo (dichiarazione normativa, istruzioni per l'uso), ecc.<\/li>\n<\/ul>\n<h2 id=\"-application-scenarios-\"><strong>Scenari di applicazione<\/strong><\/h2>\n<ul>\n<li><strong>Commercio all'ingrosso e al dettaglio<\/strong>: Applicabile all'imballaggio di prodotti sfusi B2B e all'esposizione di prodotti come concentrati di cannabis, olio di CBD, estratti di cera, ecc.<\/li>\n<li><strong>Adattamento a pi\u00f9 scenari<\/strong>: Soddisfare le esigenze di molteplici scenari, come lo stoccaggio e il trasporto, l'esposizione in negozio e il trasporto quotidiano da parte degli utenti, tenendo conto della praticit\u00e0 e della comunicazione del marchio.<\/li>\n<\/ul>","protected":false},"excerpt":{"rendered":"<p>Questa scatola di imballaggio con coperchio magnetico per concentrati di cannabis \u00e8 stata progettata appositamente per i marchi di prodotti di cannabis di fascia alta. Combina funzionalit\u00e0 e valore estetico, con una struttura innovativa, protezione della sicurezza e servizi personalizzati come nucleo centrale, soddisfacendo appieno le esigenze di stoccaggio, trasporto ed esposizione del prodotto, contribuendo a migliorare l'esperienza dell'utente e l'immagine professionale del marchio.<\/p>","protected":false},"featured_media":1194,"template":"","meta":{"_kad_post_transparent":"default","_kad_post_title":"","_kad_post_layout":"default","_kad_post_sidebar_id":"","_kad_post_content_style":"default","_kad_post_vertical_padding":"default","_kad_post_feature":"","_kad_post_feature_position":"","_kad_post_header":false,"_kad_post_footer":false,"_kad_post_classname":""},"product_brand":[],"product_cat":[15,27,17],"product_tag":[467,466,468],"class_list":{"0":"post-1192","1":"product","2":"type-product","3":"status-publish","4":"has-post-thumbnail","6":"product_cat-red-light-therapy","7":"product_cat-red-light-therapy-belt","8":"product_cat-services","9":"product_tag-custom-cbd-packaging","10":"product_tag-custom-cbd-packaging-boxes","11":"product_tag-magnetic-lid-boxes-for-concentrate","13":"first","14":"instock","15":"shipping-taxable","16":"product-type-simple","17":"entry","18":"content-bg","19":"loop-entry"},"_links":{"self":[{"href":"https:\/\/red-lighttherapy.com\/it\/wp-json\/wp\/v2\/product\/1192","targetHints":{"allow":["GET"]}}],"collection":[{"href":"https:\/\/red-lighttherapy.com\/it\/wp-json\/wp\/v2\/product"}],"about":[{"href":"https:\/\/red-lighttherapy.com\/it\/wp-json\/wp\/v2\/types\/product"}],"wp:featuredmedia":[{"embeddable":true,"href":"https:\/\/red-lighttherapy.com\/it\/wp-json\/wp\/v2\/media\/1194"}],"wp:attachment":[{"href":"https:\/\/red-lighttherapy.com\/it\/wp-json\/wp\/v2\/media?parent=1192"}],"wp:term":[{"taxonomy":"product_brand","embeddable":true,"href":"https:\/\/red-lighttherapy.com\/it\/wp-json\/wp\/v2\/product_brand?post=1192"},{"taxonomy":"product_cat","embeddable":true,"href":"https:\/\/red-lighttherapy.com\/it\/wp-json\/wp\/v2\/product_cat?post=1192"},{"taxonomy":"product_tag","embeddable":true,"href":"https:\/\/red-lighttherapy.com\/it\/wp-json\/wp\/v2\/product_tag?post=1192"}],"curies":[{"name":"wp","href":"https:\/\/api.w.org\/{rel}","templated":true}]}}