{"id":1186,"date":"2025-04-17T03:39:33","date_gmt":"2025-04-17T03:39:33","guid":{"rendered":"https:\/\/red-lighttherapy.com\/?post_type=product&#038;p=1186"},"modified":"2025-04-17T03:53:16","modified_gmt":"2025-04-17T03:53:16","slug":"custom-cbd-oil-packaging-boxes-folding-carton-distributor","status":"publish","type":"product","link":"https:\/\/red-lighttherapy.com\/it\/custom-cbd-oil-packaging-boxes-folding-carton-distributor\/","title":{"rendered":"Distributore di scatole d'imballaggio personalizzate di olio di CBD in cartone pieghevole"},"content":{"rendered":"<h2 id=\"-customized-cbd-oil-packaging-box-folding-carton-product-description-\"><strong>Personalizzato CBD olio Packaging Box Cartone pieghevole Descrizione del prodotto<\/strong><\/h2>\n<h2 id=\"-1-box-design-optimize-storage-and-practicality-\"><strong>1. Design della scatola: Ottimizzare la conservazione e la praticit\u00e0<\/strong><\/h2>\n<p>Viene adottato il design della struttura a cartone e gli angoli del corpo della scatola sono rinforzati, in modo da rendere conveniente l'impilamento e risparmiare spazio di stoccaggio. Il tipo di scatola soddisfa gli standard semplici e pratici dei mercati europei e americani per il confezionamento di olio di CBD e farmaci, come l'apertura dall'alto o il design a ribalta laterale, tenendo conto della facilit\u00e0 d'uso e dell'unit\u00e0 visiva. Lo spazio interno pu\u00f2 essere adattato con precisione in base alle dimensioni della bottiglia, per evitare il rischio di danni causati dallo scuotimento durante il trasporto.<\/p>\n<h2 id=\"-2-customized-lining-stable-protection-and-fit-\"><strong>2. Fodera personalizzata: Protezione e vestibilit\u00e0 stabili<\/strong><\/h2>\n<p>Il rivestimento \u00e8 realizzato in EVA ad alta densit\u00e0 o in spugna riciclata e la struttura curva \u00e8 personalizzata attraverso la tecnologia di modellazione 3D per adattarsi perfettamente alla bottiglia di olio di CBD e garantire l'assenza di spostamenti durante il trasporto. Il rivestimento pu\u00f2 essere progettato come segmentato o integrato, adatto a bottiglie di diverse specifiche (come flaconi contagocce, bottiglie spray) e supporta l'aggiunta di scanalature tampone per migliorare la resistenza agli urti.<\/p>\n<h2 id=\"-3-surface-technology-matte-lamination-and-high-end-texture-\"><strong>3. Tecnologia di superficie: laminazione opaca e texture di alto livello.<\/strong><\/h2>\n<p>La superficie adotta una tecnologia di laminazione opaca per evitare una texture riflettente a basso costo, migliorando al contempo la resistenza all'usura e all'umidit\u00e0, in linea con il posizionamento del marchio dell'olio di CBD e dei prodotti per la salute di fascia alta. La tecnologia di texture opzionale (come la pellicola tattile e la goffratura in similpelle) migliora ulteriormente la differenziazione del prodotto e trasmette un tono naturale e organico del marchio.<\/p>\n<h2 id=\"-4-printing-technology-precise-color-and-brand-enhancement-\"><strong>4. Tecnologia di stampa: colore preciso e valorizzazione del marchio<\/strong><\/h2>\n<p>Utilizzate la stampa offset ad alta definizione o la tecnologia di stampa digitale per garantire che non vi siano differenze di colore tra i disegni e i testi e supportate la corrispondenza dei colori spot Pantone. I contenuti stampati possono riguardare i loghi dei marchi, le descrizioni degli ingredienti e le informazioni di avvertimento richieste dalle normative, tenendo conto sia dell'estetica che della conformit\u00e0. Per i prodotti a base di cannabis, \u00e8 possibile personalizzare gli slot delle etichette anticontraffazione o i codici UV invisibili per aumentare la credibilit\u00e0 del prodotto.<\/p>\n<h2 id=\"-5-certification-qualifications-compliant-production-and-brand-premium-\"><strong>5. Qualifiche di certificazione: produzione conforme e marchio premium<\/strong><\/h2>\n<p>La fabbrica \u00e8 in possesso della certificazione forestale FSC (che garantisce fonti di carta sostenibili), della certificazione ISO 15378 (sistema di gestione della qualit\u00e0 degli imballaggi per farmaci) e della certificazione di responsabilit\u00e0 sociale BSCI, che soddisfa i requisiti di conformit\u00e0 delle confezioni di olio di CBD nei mercati europei e americani. Le qualifiche di certificazione possono essere stampate sul fondo o sul lato della confezione per aumentare la fiducia dei consumatori e lo spazio premium del marchio.<\/p>\n<h2 id=\"-6-all-round-customization-service-\"><strong>6. Servizio di personalizzazione a tutto tondo<\/strong><\/h2>\n<ul>\n<li><strong>Selezione del materiale<\/strong>: Fornire cartone certificato FSC, plastica degradabile o materiali compositi per soddisfare i requisiti di protezione ambientale e resistenza.<\/li>\n<li><strong>Regolazione del tipo di scatola<\/strong>: Supportare strutture speciali come cassettiere e scatole a forma di libro per adattarsi alle diverse esigenze dei prodotti a base di cannabis.<\/li>\n<li><strong>Espansione della funzione<\/strong>: Le tecnologie intelligenti, come i chip anticontraffazione e le etichette RFID, possono essere integrate per migliorare la tracciabilit\u00e0 dei prodotti.<\/li>\n<\/ul>\n<h2 id=\"-cooperation-process-\"><strong>Processo di cooperazione<\/strong>:<\/h2>\n<ol>\n<li>Fornire le dimensioni della bottiglia, la bozza del progetto e i requisiti di certificazione;<\/li>\n<li>Fornire disegni 3D del tipo a scatola e soluzioni di materiali entro 24 ore;<\/li>\n<li>Dopo la conferma delle bozze, la produzione di massa e la consegna saranno completate in 7-14 giorni.<\/li>\n<\/ol>","protected":false},"excerpt":{"rendered":"<p>Il design della scatola di cartone \u00e8 comodo per l'impilamento e lo stoccaggio e soddisfa le esigenze semplici e pratiche dei mercati europei e americani per l'imballaggio di olio di CBD, medicinali e prodotti per la salute. Il processo di laminazione della superficie evita una struttura riflettente a basso costo ed \u00e8 in linea con il posizionamento dell'olio di CBD e dei prodotti sanitari di fascia alta. Pu\u00f2 essere personalizzato in base alle vostre esigenze, come l'altezza, il tipo di scatola, il materiale e la stampa della superficie, per soddisfare le necessit\u00e0 di confezionamento dell'olio di CBD e delle serie di cannabis.<\/p>","protected":false},"featured_media":1187,"template":"","meta":{"_kad_post_transparent":"default","_kad_post_title":"","_kad_post_layout":"default","_kad_post_sidebar_id":"","_kad_post_content_style":"default","_kad_post_vertical_padding":"default","_kad_post_feature":"","_kad_post_feature_position":"","_kad_post_header":false,"_kad_post_footer":false,"_kad_post_classname":""},"product_brand":[],"product_cat":[15,24,17],"product_tag":[463,465,464],"class_list":{"0":"post-1186","1":"product","2":"type-product","3":"status-publish","4":"has-post-thumbnail","6":"product_cat-red-light-therapy","7":"product_cat-red-light-therapy-bed","8":"product_cat-services","9":"product_tag-custom-cbd-boxes","10":"product_tag-custom-printed-cbd-packaging","11":"product_tag-get-custom-cbd-boxes","13":"first","14":"instock","15":"shipping-taxable","16":"product-type-simple","17":"entry","18":"content-bg","19":"loop-entry"},"_links":{"self":[{"href":"https:\/\/red-lighttherapy.com\/it\/wp-json\/wp\/v2\/product\/1186","targetHints":{"allow":["GET"]}}],"collection":[{"href":"https:\/\/red-lighttherapy.com\/it\/wp-json\/wp\/v2\/product"}],"about":[{"href":"https:\/\/red-lighttherapy.com\/it\/wp-json\/wp\/v2\/types\/product"}],"wp:featuredmedia":[{"embeddable":true,"href":"https:\/\/red-lighttherapy.com\/it\/wp-json\/wp\/v2\/media\/1187"}],"wp:attachment":[{"href":"https:\/\/red-lighttherapy.com\/it\/wp-json\/wp\/v2\/media?parent=1186"}],"wp:term":[{"taxonomy":"product_brand","embeddable":true,"href":"https:\/\/red-lighttherapy.com\/it\/wp-json\/wp\/v2\/product_brand?post=1186"},{"taxonomy":"product_cat","embeddable":true,"href":"https:\/\/red-lighttherapy.com\/it\/wp-json\/wp\/v2\/product_cat?post=1186"},{"taxonomy":"product_tag","embeddable":true,"href":"https:\/\/red-lighttherapy.com\/it\/wp-json\/wp\/v2\/product_tag?post=1186"}],"curies":[{"name":"wp","href":"https:\/\/api.w.org\/{rel}","templated":true}]}}