{"id":1185,"date":"2025-04-17T03:35:56","date_gmt":"2025-04-17T03:35:56","guid":{"rendered":"https:\/\/red-lighttherapy.com\/?post_type=product&#038;p=1185"},"modified":"2025-04-17T14:44:35","modified_gmt":"2025-04-17T14:44:35","slug":"purchase-luxury-lipstick-tube-gift-set-magnetic-lid-boxes","status":"publish","type":"product","link":"https:\/\/red-lighttherapy.com\/it\/purchase-luxury-lipstick-tube-gift-set-magnetic-lid-boxes\/","title":{"rendered":"Acquisto Set regalo tubo rossetto di lusso Scatole con coperchio magnetico"},"content":{"rendered":"<h2 id=\"product-description-of-luxury-lipstick-tube-gift-box-with-magnetic-lid\">Descrizione del prodotto di Luxury Lipstick Tube Gift Box con coperchio magnetico<\/h2>\n<h2 id=\"-1-innovative-magnetic-opening-and-closing-system-with-both-ritual-and-practicality-\"><strong>1. Innovativo sistema di apertura e chiusura magnetica, rituale e pratico.<\/strong><\/h2>\n<p>Questa confezione regalo adotta\u00a0<strong>design della struttura magnetica di apertura e chiusura<\/strong>Il sistema \u00e8 dotato di componenti magnetici anulari integrati ad alta resistenza e realizza la chiusura stabile del coperchio della scatola e del corpo della scatola grazie all'allineamento preciso dell'anello magnetico uno e dell'anello magnetico due. L'apertura e la chiusura possono essere completate con una sola spinta. Rispetto al design tradizionale della fibbia, l'operazione \u00e8 pi\u00f9 comoda e non c'\u00e8 rischio di usura meccanica. Il momento della chiusura \u00e8 accompagnato da un suono nitido di \"click\", che conferisce al processo di apertura un elegante senso di rituale, che si adatta all'esperienza d'uso dei prodotti di bellezza di alta gamma.<\/p>\n<h2 id=\"-2-precision-magnetic-closure-system-to-ensure-safety-and-convenience-\"><strong>2. Sistema di chiusura magnetica di precisione per garantire sicurezza e praticit\u00e0<\/strong><\/h2>\n<p>Il sistema di chiusura magnetica si basa su\u00a0<strong>disposizione dell'anello a doppio magnete<\/strong>Il coperchio della scatola, con una distribuzione uniforme della forza magnetica e una forza di adsorbimento leader nel settore, garantisce che il corpo della scatola rimanga ben chiuso durante il trasporto o la caduta accidentale, per evitare che il rossetto si disperda o si contamini. Il bordo del coperchio della scatola adotta\u00a0<strong>trattamento di smussatura<\/strong>L'apertura e la chiusura con una sola mano sono fluide e senza ostacoli, tenendo conto delle abitudini di utilizzo e delle esigenze di scena delle donne.<\/p>\n<h2 id=\"-3-modular-lining-design-efficient-storage-and-display-\"><strong>3. Design modulare del rivestimento, stoccaggio ed esposizione efficienti<\/strong><\/h2>\n<p>L'interno della confezione regalo utilizza\u00a0<strong>rivestimento in TPU personalizzato<\/strong>Il sistema \u00e8 stato realizzato con un taglio laser preciso per formare fessure indipendenti per le carte, adatte a tubi di rossetto di diverse dimensioni (cilindrici, quadrati, ecc.). Ogni rossetto si adatta perfettamente alla fessura della carta dopo essere stato incastrato, e il design anti-shake impedisce che la pasta venga danneggiata dalla collisione. Il rivestimento pu\u00f2 essere smontato e riorganizzato, supportando la disposizione libera di 6-12 rossetti, tenendo conto della funzione di stoccaggio e della bellezza visiva dell'esposizione, e soddisfacendo le esigenze di esposizione a livello di collezione dei consumatori.<\/p>\n<h2 id=\"-4-environmentally-friendly-materials-and-structural-reinforcement-double-protection-\"><strong>4. Materiali ecocompatibili e rinforzo strutturale, doppia protezione<\/strong><\/h2>\n<p>Il corpo principale della confezione regalo \u00e8 fatto di\u00a0<strong>Carta patinata certificata FSC<\/strong>con un rivestimento ecologico opaco sulla superficie, una durezza di 2000g\/m\u00b2 e una resistenza alla compressione di oltre 3 volte superiore a quella delle normali scatole di carta. All'interno \u00e8 incorporato un telaio in lega di alluminio leggero, che si unisce perfettamente alla scatola di carta tramite rivetti per migliorare la capacit\u00e0 di carico complessiva. Pu\u00f2 sopportare una pressione statica di 50 kg senza deformazioni e resistere efficacemente all'estrusione esterna. Il materiale \u00e8 conforme agli standard di protezione ambientale REACH dell'UE, tenendo conto di una struttura lussuosa e di concetti sostenibili.<\/p>\n<h2 id=\"-5-high-precision-printing-technology-double-upgrade-of-vision-and-touch-\"><strong>5. Tecnologia di stampa ad alta precisione, doppio aggiornamento della vista e del tatto.<\/strong><\/h2>\n<p>La superficie della scatola adotta\u00a0<strong>Serigrafia a 6 colori + tecnologia di stampa a caldo UV parziale<\/strong>La precisione dei bordi dei blocchi di colore e dei motivi di stampa delle labbra raggiunge 0,1 mm, senza sbavature e sbavature (come la tecnologia di confezionamento dei rossetti Dior). I blocchi di colore utilizzano inchiostri speciali Pantone per ripristinare pi\u00f9 di 95% del colore reale del rossetto, il che \u00e8 comodo per i consumatori per identificare rapidamente il numero di colore. Lo strato di stampa \u00e8 stato testato per la resistenza all'usura e rimane brillante anche dopo 500 aperture e chiusure ripetute, dimostrando la tecnologia di stampa all'avanguardia della fabbrica.<\/p>\n<h2 id=\"-6-aesthetic-detail-design-to-enhance-brand-tonality-\"><strong>6. Design dei dettagli estetici per esaltare la tonalit\u00e0 del marchio<\/strong><\/h2>\n<p>Il rivestimento e il corpo della scatola adottano\u00a0<strong>design in polvere a gradiente dello stesso sistema cromatico<\/strong>che passa dalla polvere opaca di fiori di ciliegio sulla superficie della scatola alla polvere perlescente di corallo sul rivestimento. La consistenza del colore \u00e8 calibrata da uno spettrofotometro professionale per migliorare l'armonia visiva complessiva. Il cofanetto \u00e8 dotato di uno scomparto magnetico per lo specchio, che pu\u00f2 essere utilizzato come specchio per il trucco. Il bordo dello specchio \u00e8 intarsiato con strisce decorative in oro rosa dello stesso sistema di colori dell'anello magnetico, e i dettagli trasmettono il gene del marchio di lusso.<\/p>\n<h2 id=\"-applicable-scenarios-\"><strong>Scenari applicabili<\/strong><\/h2>\n<ul>\n<li><strong>Regalo per le vacanze<\/strong>: Il rituale di apertura e chiusura magnetica si adatta all'atmosfera festosa di San Valentino, Natale, ecc.<\/li>\n<li><strong>Personalizzazione del marchio<\/strong>: Supporta la stampa a caldo del LOGO, la placcatura a colori personalizzata degli anelli magnetici (oro\/oro rosa\/platino).<\/li>\n<li><strong>Esposizione al dettaglio<\/strong>: Il rivestimento modulare si adatta alle esigenze di esposizione multi-SKU del banco.<\/li>\n<\/ul>","protected":false},"excerpt":{"rendered":"<p>Il sistema di chiusura magnetica assicura che la scatola sia saldamente chiusa e pu\u00f2 essere facilmente aperta e chiusa con una sola mano. \u00c8 pi\u00f9 comodo delle fibbie tradizionali. Grazie a un posizionamento preciso, all'interno \u00e8 possibile disporre in ordine pi\u00f9 rossetti. L'elevato sfruttamento dello spazio e la resistenza alle vibrazioni ne facilitano la conservazione e l'esposizione.<\/p>","protected":false},"featured_media":1174,"template":"","meta":{"_kad_post_transparent":"default","_kad_post_title":"","_kad_post_layout":"default","_kad_post_sidebar_id":"","_kad_post_content_style":"default","_kad_post_vertical_padding":"default","_kad_post_feature":"","_kad_post_feature_position":"","_kad_post_header":false,"_kad_post_footer":false,"_kad_post_classname":""},"product_brand":[],"product_cat":[15,27,17],"product_tag":[459,457,458],"class_list":{"0":"post-1185","1":"product","2":"type-product","3":"status-publish","4":"has-post-thumbnail","6":"product_cat-red-light-therapy","7":"product_cat-red-light-therapy-belt","8":"product_cat-services","9":"product_tag-lipstick-gift-set-boxes","10":"product_tag-luxury-lipstick-boxes","11":"product_tag-magnetic-lid-boxes","13":"first","14":"instock","15":"shipping-taxable","16":"product-type-simple","17":"entry","18":"content-bg","19":"loop-entry"},"_links":{"self":[{"href":"https:\/\/red-lighttherapy.com\/it\/wp-json\/wp\/v2\/product\/1185","targetHints":{"allow":["GET"]}}],"collection":[{"href":"https:\/\/red-lighttherapy.com\/it\/wp-json\/wp\/v2\/product"}],"about":[{"href":"https:\/\/red-lighttherapy.com\/it\/wp-json\/wp\/v2\/types\/product"}],"wp:featuredmedia":[{"embeddable":true,"href":"https:\/\/red-lighttherapy.com\/it\/wp-json\/wp\/v2\/media\/1174"}],"wp:attachment":[{"href":"https:\/\/red-lighttherapy.com\/it\/wp-json\/wp\/v2\/media?parent=1185"}],"wp:term":[{"taxonomy":"product_brand","embeddable":true,"href":"https:\/\/red-lighttherapy.com\/it\/wp-json\/wp\/v2\/product_brand?post=1185"},{"taxonomy":"product_cat","embeddable":true,"href":"https:\/\/red-lighttherapy.com\/it\/wp-json\/wp\/v2\/product_cat?post=1185"},{"taxonomy":"product_tag","embeddable":true,"href":"https:\/\/red-lighttherapy.com\/it\/wp-json\/wp\/v2\/product_tag?post=1185"}],"curies":[{"name":"wp","href":"https:\/\/api.w.org\/{rel}","templated":true}]}}