{"id":1173,"date":"2025-04-17T01:17:56","date_gmt":"2025-04-17T01:17:56","guid":{"rendered":"https:\/\/red-lighttherapy.com\/?post_type=product&#038;p=1173"},"modified":"2025-04-17T14:43:42","modified_gmt":"2025-04-17T14:43:42","slug":"vendor-order-custom-rigid-drawer-box-sigwarjewelry-packaging","status":"publish","type":"product","link":"https:\/\/red-lighttherapy.com\/it\/vendor-order-custom-rigid-drawer-box-sigwarjewelry-packaging\/","title":{"rendered":"Ordine del venditore Scatola rigida personalizzata per cassetti Sigwarjewelry Packaging"},"content":{"rendered":"<h2 id=\"-product-description-of-sigwarjewelry-custom-hard-drawer-box-paper-drawer-box-\"><strong>Descrizione del prodotto della cassettiera rigida personalizzata\u00a0<\/strong><\/h2>\n<h2>1.\u00a0<strong>Ergonomico <\/strong><strong>Cassetto <\/strong><strong>Design<\/strong><\/h2>\n<p>Il cassetto della carta \u00e8 dotato di un sistema di apertura e chiusura senza sforzo, combinato con un design strutturale di precisione e una tecnologia di stampaggio ad alta precisione. I giunti tra il corpo della scatola e il cassetto sono rinforzati per evitare allentamenti o inceppamenti, e l'esperienza operativa pu\u00f2 essere mantenuta senza problemi anche con un uso frequente.<\/p>\n<h2 id=\"2-fsc-certified-environmentally-friendly-materials-\">2.\u00a0<strong>Materiali ecologici certificati FSC<\/strong><\/h2>\n<p>Le materie prime sono costituite da fibre di legno di foreste sostenibili certificate da FSC (Forest Stewardship Council), per garantire che l'intero processo di produzione rispetti gli standard ambientali. Il materiale tiene conto sia dei concetti di protezione ambientale che delle propriet\u00e0 fisiche e la resistenza alla compressione raggiunge il livello leader del settore, proteggendo efficacemente i prodotti interni dalle perdite dovute al trasporto.<\/p>\n<h2 id=\"3-high-strength-coated-paper-structure-\">3.\u00a0<strong>Struttura in carta patinata ad alta resistenza<\/strong><\/h2>\n<p>Il corpo della scatola \u00e8 realizzato in materiale cartaceo patinato da 300 g\/m\u00b2, la durezza e la stabilit\u00e0 sono migliorate grazie a un processo composito multistrato e la capacit\u00e0 di carico pu\u00f2 raggiungere pi\u00f9 di 5 kg. Il design dello spazio interno \u00e8 stato scientificamente calcolato per supportare le partizioni modulari (substrato o scomparti opzionali), massimizzare l'uso del volume ed essere adatto a prodotti pregiati come gioielli e orologi.<\/p>\n<h2 id=\"4-durable-nylon-handle-\">4.\u00a0<strong>Manico in nylon resistente<\/strong><\/h2>\n<p>L'impugnatura \u00e8 realizzata in nastro di nylon ad alta resistenza con una forza di trazione di oltre 100 kg. Non si \u00e8 rotta dopo decine di migliaia di test di estrazione. Allo stesso tempo, si adatta alla curvatura del palmo della mano per migliorare il comfort di trasporto. Supporta la personalizzazione della larghezza della maniglia, del colore e della stampa del LOGO per migliorare il riconoscimento del marchio.<\/p>\n<h2 id=\"-customized-service-and-production-advantages-\"><strong>Servizi e vantaggi di produzione personalizzati<\/strong><\/h2>\n<ul>\n<li><strong>Prova rapida di 48 ore<\/strong>: Grazie al sistema di proofing digitale, i rendering 3D e i campioni fisici vengono consegnati contemporaneamente per restituire con precisione i dettagli del progetto.<\/li>\n<li><strong>Quantit\u00e0 minima d'ordine flessibile<\/strong>: Supporta una quantit\u00e0 minima d'ordine di 500 pezzi per soddisfare le esigenze di produzione di prova dei marchi di piccole e medie dimensioni e il ciclo di produzione di massa \u00e8 ridotto a 7-10 giorni lavorativi.<\/li>\n<li><strong>Altamente personalizzato<\/strong>:<\/li>\n<li><strong>Dimensione<\/strong>: Altamente personalizzato.<\/li>\n<li><strong>Tecnologia<\/strong>: Processi opzionali di trattamento della superficie come la stampa a caldo, la goffratura UV, la serigrafia, la goffratura, ecc.<\/li>\n<\/ul>\n<h2 id=\"-applicable-scenarios-and-certification-guarantees-\"><strong>Scenari applicabili e garanzie di certificazione<\/strong><\/h2>\n<ul>\n<li><strong>Prodotti applicabili<\/strong>: Gioielli di alta gamma, orologi, beni di lusso, regali personalizzati e altri prodotti ad alto valore aggiunto.<\/li>\n<li><strong>Impegno ambientale<\/strong>: L'intero processo \u00e8 conforme alla certificazione della catena di produzione e di vendita FSC e fornisce documenti di certificazione dei materiali per la protezione ambientale tracciabili.<\/li>\n<li><strong>Servizio di garanzia<\/strong>: Fornire 12 mesi di garanzia della qualit\u00e0, supportare l'ispezione della qualit\u00e0 per fasi degli ordini di lotto e garantire la coerenza delle consegne.<\/li>\n<\/ul>","protected":false},"excerpt":{"rendered":"<p>Il sistema di apertura e chiusura del cassetto portacarte \u00e8 progettato in modo ergonomico, con un funzionamento fluido e senza fatica. \u00c8 realizzato con materiali certificati FSC, tenendo conto dei concetti di protezione ambientale e delle propriet\u00e0 fisiche. \u00c8 dotato di un sistema di prova rapido di 48 ore, supporta una quantit\u00e0 minima d'ordine di 500 pezzi e pu\u00f2 essere altamente personalizzato per adattarsi al vostro prodotto.<\/p>","protected":false},"featured_media":1179,"template":"","meta":{"_kad_post_transparent":"default","_kad_post_title":"","_kad_post_layout":"default","_kad_post_sidebar_id":"","_kad_post_content_style":"default","_kad_post_vertical_padding":"default","_kad_post_feature":"","_kad_post_feature_position":"","_kad_post_header":false,"_kad_post_footer":false,"_kad_post_classname":""},"product_brand":[],"product_cat":[15,20,17],"product_tag":[460,461,462],"class_list":{"0":"post-1173","1":"product","2":"type-product","3":"status-publish","4":"has-post-thumbnail","6":"product_cat-red-light-therapy","7":"product_cat-led-face-light-therapy","8":"product_cat-services","9":"product_tag-custom-drawer-box","10":"product_tag-order-custom-rigid-box","11":"product_tag-sigwarjewelry-packaging-box-order","13":"first","14":"instock","15":"shipping-taxable","16":"product-type-simple","17":"entry","18":"content-bg","19":"loop-entry"},"_links":{"self":[{"href":"https:\/\/red-lighttherapy.com\/it\/wp-json\/wp\/v2\/product\/1173","targetHints":{"allow":["GET"]}}],"collection":[{"href":"https:\/\/red-lighttherapy.com\/it\/wp-json\/wp\/v2\/product"}],"about":[{"href":"https:\/\/red-lighttherapy.com\/it\/wp-json\/wp\/v2\/types\/product"}],"wp:featuredmedia":[{"embeddable":true,"href":"https:\/\/red-lighttherapy.com\/it\/wp-json\/wp\/v2\/media\/1179"}],"wp:attachment":[{"href":"https:\/\/red-lighttherapy.com\/it\/wp-json\/wp\/v2\/media?parent=1173"}],"wp:term":[{"taxonomy":"product_brand","embeddable":true,"href":"https:\/\/red-lighttherapy.com\/it\/wp-json\/wp\/v2\/product_brand?post=1173"},{"taxonomy":"product_cat","embeddable":true,"href":"https:\/\/red-lighttherapy.com\/it\/wp-json\/wp\/v2\/product_cat?post=1173"},{"taxonomy":"product_tag","embeddable":true,"href":"https:\/\/red-lighttherapy.com\/it\/wp-json\/wp\/v2\/product_tag?post=1173"}],"curies":[{"name":"wp","href":"https:\/\/api.w.org\/{rel}","templated":true}]}}