{"id":1167,"date":"2025-04-16T16:18:16","date_gmt":"2025-04-16T16:18:16","guid":{"rendered":"https:\/\/red-lighttherapy.com\/?post_type=product&#038;p=1167"},"modified":"2025-04-16T16:40:06","modified_gmt":"2025-04-16T16:40:06","slug":"large-silver-glitter-magnetic-closure-gift-box-for-promotion","status":"publish","type":"product","link":"https:\/\/red-lighttherapy.com\/it\/large-silver-glitter-magnetic-closure-gift-box-for-promotion\/","title":{"rendered":"Scatola regalo grande con chiusura magnetica in argento glitterato per la promozione"},"content":{"rendered":"<h2 id=\"product-description-of-large-silver-sequin-magnetic-buckle-promotional-gift-box\">Descrizione del prodotto di Grande fibbia magnetica d'argento con lustrini Scatola regalo promozionale<\/h2>\n<h2 id=\"-1-magnetic-closure-system-precision-and-elegance-\"><strong>1. Sistema di chiusura magnetica: Precisione ed eleganza<\/strong><\/h2>\n<p>Il coperchio adotta <strong>tecnologia di adsorbimento magnetico forte<\/strong>Il design della banda magnetica incorporata consente di ottenere una chiusura senza inceppamenti. La forza magnetica \u00e8 posizionata con precisione al momento della chiusura e la superficie di contatto \u00e8 ricoperta da uno strato di velluto flessibile e fonoassorbente per eliminare il suono di collisione delle fibbie tradizionali. L'azione di apertura e chiusura \u00e8 liscia come la seta e l'operazione pu\u00f2 essere completata con una sola mano, soddisfacendo cos\u00ec la duplice esigenza di rituale e praticit\u00e0 degli imballaggi di lusso.<\/p>\n<h2 id=\"-2-minimalist-geometric-structure-balance-of-rigidity-and-beauty-\"><strong>2. Struttura geometrica minimalista: equilibrio tra rigidit\u00e0 e bellezza<\/strong><\/h2>\n<p>Il corpo della scatola adotta\u00a0<strong>struttura composita in cartone duro<\/strong>I bordi e gli angoli sono lavorati con un processo di smussatura a 45\u00b0, con linee dure ma morbide. La configurazione interna del telaio di supporto con scanalatura a gradino anulare pu\u00f2 sopportare 3 kg senza deformarsi, il che \u00e8 adatto alle esigenze di protezione di regali fragili di alta gamma come gioielli e orologi. Il test di compressione dell'esaedro soddisfa lo standard di trasporto internazionale ISTA-3A per garantire la sicurezza del trasporto su lunghe distanze.<\/p>\n<h2 id=\"-3-dynamic-optical-surface-glitter-paper-process-\"><strong>3. Superficie ottica dinamica: Processo di carta glitterata<\/strong><\/h2>\n<p>La superficie utilizza\u00a0<strong>carta glitterata stardust-grade<\/strong>\u00a0importato dalla Germania, raggiunge una copertura di rifrazione della luce a 270\u00b0 grazie alla tecnologia di disposizione direzionale dei glitter a livello nanometrico. Presenta la struttura della ghiaia galattica in modo statico e l'effetto scintillante in modo dinamico. La riflettivit\u00e0 della luce \u00e8 aumentata di 60% rispetto al tradizionale processo di stampa a caldo e pu\u00f2 formare un punto di memoria visiva unico del marchio sotto l'illuminazione delle finestre commerciali.<\/p>\n<h2 id=\"-4-precision-manufacturing-system-millimeter-level-quality-control-standard-\"><strong>4. Sistema di produzione di precisione: standard di controllo della qualit\u00e0 a livello millimetrico.<\/strong><\/h2>\n<p>L'intero processo adotta il sistema di taglio laser giapponese Mitsubishi per realizzare\u00a0<strong>Precisione di cucitura a livello di 0,1 mm<\/strong>. Il corpo della scatola viene sottoposto a un triplo controllo di qualit\u00e0: Rilevamento dei difetti ai raggi UV per individuare le microfratture, strumento di misurazione tridimensionale per verificare la deformazione e colorimetro per controllare \u25b3E\u22641,5, per garantire che ogni prodotto soddisfi lo standard estetico dell'arte.<\/p>\n<h2 id=\"-5-lasting-visual-communication-ink-curing-technology-\"><strong>5. Comunicazione visiva duratura: tecnologia di polimerizzazione dell'inchiostro<\/strong><\/h2>\n<p>La stampa del testo adotta la tecnologia svizzera\u00a0<strong>inchiostro ecologico a polimerizzazione UV<\/strong>che ha superato 72 ore di test in nebbia salina e 5000 volte di test di attrito, mentre la solidit\u00e0 del colore raggiunge il livello 8. Supporta la stampa Pantone spot color + 4 colori in sovrimpressione, i loghi complessi possono raggiungere una riproduzione di 0,2 mm di larghezza di linea, soddisfacendo le esigenze di microstampa anticontraffazione di lusso.<\/p>\n<h2 id=\"-6-restrained-aesthetic-design-functional-minimalism-\"><strong>6. Design estetico contenuto: minimalismo funzionale<\/strong><\/h2>\n<p>Attuare\u00a0<strong>Concetto di design Bauhaus<\/strong>\u00a0ed eliminare tutte le parti decorative ridondanti. Sostituire la ferramenta tradizionale con una struttura di apertura e chiusura magnetica e utilizzare le propriet\u00e0 riflettenti del materiale stesso per creare un focus visivo. La cavit\u00e0 interna adotta un sistema di partizione a nido d'ape rimovibile, che non solo soddisfa le esigenze di stoccaggio di pi\u00f9 categorie, ma mantiene anche la purezza dell'aspetto.<\/p>\n<h2 id=\"-7-in-depth-customization-service-brand-specific-solution-\"><strong>7. Servizio di personalizzazione approfondita: soluzione specifica per il marchio.<\/strong><\/h2>\n<ul>\n<li><strong>Tecnologia di superficie<\/strong>Supporto della tecnologia del logo a tre modalit\u00e0 di stampaggio a freddo\/pressatura a caldo\/incisione laser, precisione di stampaggio a caldo \u00b10,3 mm.<\/li>\n<li><strong>Ricostruzione spaziale<\/strong>Pu\u00f2 fornire un supporto interno in EVA, bolla e griglia in PP, adatto al fissaggio di prodotti di forma speciale.<\/li>\n<li><strong>Risposta agile<\/strong>: basandosi sul sistema di stampi modulari, prova di regolazione completa delle dimensioni entro 72 ore.<\/li>\n<\/ul>\n<h2 id=\"-8-smart-manufacturing-service-guarantee-flexible-production-system-\"><strong>8. Garanzia di servizi di produzione intelligente: sistema di produzione flessibile<\/strong><\/h2>\n<p>Il produttore detiene\u00a0<strong>Certificazione forestale FSC<\/strong>\u00a0e la certificazione del sistema ambientale ISO14001, e ha 16 anni di esperienza nella produzione di imballaggi professionali. Forniamo\u00a0<strong>servizio di personalizzazione di piccoli lotti<\/strong>\u00a0con un ordine minimo di 500 pezzi, che supporta il pre-esame del disegno della struttura 3D, la consegna del campionario dei materiali, il feedback video della prova di caduta e altri servizi di processo completo, che \u00e8 40% inferiore al costo medio di prova ed errore del settore.<\/p>","protected":false},"excerpt":{"rendered":"<p>Tecnologia di chiusura magnetica, facile da usare e precisa. Non c'\u00e8 bisogno di fibbie tradizionali e l'esperienza di apertura e chiusura \u00e8 pi\u00f9 fluida ed elegante. La superficie \u00e8 ricoperta di carta glitterata, che presenta un delicato effetto scintillante e produce una lucentezza dinamica sotto la rifrazione della luce, che migliora il grado visivo del prodotto e soddisfa le esigenze personalizzate del marchio.<\/p>","protected":false},"featured_media":1169,"template":"","meta":{"_kad_post_transparent":"default","_kad_post_title":"","_kad_post_layout":"default","_kad_post_sidebar_id":"","_kad_post_content_style":"default","_kad_post_vertical_padding":"default","_kad_post_feature":"","_kad_post_feature_position":"","_kad_post_header":false,"_kad_post_footer":false,"_kad_post_classname":""},"product_brand":[],"product_cat":[15,17],"product_tag":[455,456,454],"class_list":{"0":"post-1167","1":"product","2":"type-product","3":"status-publish","4":"has-post-thumbnail","6":"product_cat-red-light-therapy","7":"product_cat-services","8":"product_tag-glitter-paper-boxes","9":"product_tag-glitter-paper-promotion-gift-box","10":"product_tag-silver-glitter-gift-box","12":"first","13":"instock","14":"shipping-taxable","15":"product-type-simple","16":"entry","17":"content-bg","18":"loop-entry"},"_links":{"self":[{"href":"https:\/\/red-lighttherapy.com\/it\/wp-json\/wp\/v2\/product\/1167","targetHints":{"allow":["GET"]}}],"collection":[{"href":"https:\/\/red-lighttherapy.com\/it\/wp-json\/wp\/v2\/product"}],"about":[{"href":"https:\/\/red-lighttherapy.com\/it\/wp-json\/wp\/v2\/types\/product"}],"wp:featuredmedia":[{"embeddable":true,"href":"https:\/\/red-lighttherapy.com\/it\/wp-json\/wp\/v2\/media\/1169"}],"wp:attachment":[{"href":"https:\/\/red-lighttherapy.com\/it\/wp-json\/wp\/v2\/media?parent=1167"}],"wp:term":[{"taxonomy":"product_brand","embeddable":true,"href":"https:\/\/red-lighttherapy.com\/it\/wp-json\/wp\/v2\/product_brand?post=1167"},{"taxonomy":"product_cat","embeddable":true,"href":"https:\/\/red-lighttherapy.com\/it\/wp-json\/wp\/v2\/product_cat?post=1167"},{"taxonomy":"product_tag","embeddable":true,"href":"https:\/\/red-lighttherapy.com\/it\/wp-json\/wp\/v2\/product_tag?post=1167"}],"curies":[{"name":"wp","href":"https:\/\/api.w.org\/{rel}","templated":true}]}}