{"id":1156,"date":"2025-04-16T13:34:13","date_gmt":"2025-04-16T13:34:13","guid":{"rendered":"https:\/\/red-lighttherapy.com\/?post_type=product&#038;p=1156"},"modified":"2025-04-17T08:49:17","modified_gmt":"2025-04-17T08:49:17","slug":"gold-glitter-magnetic-closure-collapsible-watch-box-dealer","status":"publish","type":"product","link":"https:\/\/red-lighttherapy.com\/it\/gold-glitter-magnetic-closure-collapsible-watch-box-dealer\/","title":{"rendered":"Scatola per orologi pieghevole con chiusura magnetica glitterata oro Dealer"},"content":{"rendered":"<h2 id=\"-golden-sequin-magnetic-clasp-folding-watch-box-product-description-\"><strong>Scatola per orologio pieghevole con chiusura magnetica in paillettes dorate Descrizione del prodotto<\/strong><\/h2>\n<h2 id=\"1-precision-magnetic-box-design-\">1.\u00a0<strong>Design della scatola magnetica di precisione<\/strong><\/h2>\n<ul>\n<li>Struttura magnetica brevettata, l'angolo di apertura e chiusura \u00e8 ottimizzato dalla simulazione della meccanica dei fluidi e l'utilizzo con una sola mano consente di ottenere un'apertura e una chiusura fluida a 120\u00b0. La forza magnetica \u00e8 distribuita in modo uniforme e l'errore di chiusura \u00e8 inferiore a 0,1 mm, garantendo l'azzeramento del rischio di apertura accidentale durante il trasporto.<\/li>\n<li>Il magnete \u00e8 completamente incorporato nello strato intermedio del corpo della scatola, senza metallo esposto, per evitare di graffiare l'orologio o l'ossidazione da contatto. Il design minimalista si adatta all'estetica moderna e il corpo della scatola \u00e8 liscio come uno specchio quando \u00e8 chiusa.<\/li>\n<\/ul>\n<h2 id=\"2-glitter-paper-iridescent-material-\">2.\u00a0<strong>Carta glitterata Materiale iridescente<\/strong><\/h2>\n<ul>\n<li>La scatola per orologi utilizza uno speciale processo composito di carta glitterata, il materiale di base \u00e8 la cellulosa ecologica certificata FSC e la superficie \u00e8 ricoperta da una pellicola di paillettes di grado ottico. Pu\u00f2 presentare pi\u00f9 di 5 effetti iridescenti sfumati sotto la luce della sorgente, soddisfacendo le esigenze di presentazione visiva dei beni di lusso.<\/li>\n<li>La superficie \u00e8 rivestita con un rivestimento nano-antifouling che ha superato 100.000 test di attrito e la resistenza al sudore e all'olio \u00e8 stata migliorata di 300%. Pu\u00f2 ancora mantenere una riflettivit\u00e0 a specchio di oltre 90% dopo un uso prolungato.<\/li>\n<\/ul>\n<h2 id=\"3-safety-protection-and-convenient-storage-\">3.\u00a0<strong>Protezione di sicurezza e conservazione comoda<\/strong><\/h2>\n<ul>\n<li>La struttura interna adotta una struttura tampone segmentata: Strato antigraffio in microfibra da 3 mm sulla parte superiore + strato antiurto in memory foam al centro + cuscinetto antiscivolo in silicone sulla parte inferiore, in grado di resistere a cadute da 3 metri.<\/li>\n<li>Il design pieghevole a strati consente di riporre 2-3 orologi in un'unica scatola, adatta a tutte le esigenze, dagli orologi da donna da 36 mm agli orologi subacquei da 45 mm.<\/li>\n<\/ul>\n<h2 id=\"-quality-assurance-system-\"><strong>4. Sistema di garanzia della qualit\u00e0<\/strong><\/h2>\n<ul>\n<li><strong>Approvazione della certificazione<\/strong>: Il produttore \u00e8 un'impresa di riferimento nel settore degli imballaggi in Cina, in possesso della certificazione forestale FSC, della certificazione del sistema di gestione della qualit\u00e0 ISO 9001 e della certificazione di responsabilit\u00e0 sociale BSCI, e da 16 anni serve pi\u00f9 di 50 marchi di lusso internazionali.<\/li>\n<li><strong>Standard di test<\/strong>: Ha superato il test di nebbia salina di 72 ore (resistenza alla corrosione), il test di variazione della temperatura di -20\u2103~60\u2103 (anti-deformazione) e il test di fatica di 100.000 aperture e chiusure (durata).<\/li>\n<\/ul>\n<h2 id=\"-application-scenarios-and-value-added-services-\"><strong>Scenari applicativi e servizi a valore aggiunto<\/strong><\/h2>\n<ul>\n<li><strong>Personalizzazione del marchio<\/strong>: Supporta la stampa a caldo del LOGO, la personalizzazione del colore della fodera e l'impianto di fragranze esclusive (come il profumo di sandalo\/cedro) per migliorare il senso di apertura della scatola e il riconoscimento del marchio.<\/li>\n<li><strong>Espansione dello scenario<\/strong>: Oltre alla conservazione degli orologi, \u00e8 compatibile con la conservazione di accessori di valore come gemelli e fedi nuziali, adatti a scenari di alto livello come regali di nozze e regali VIP di marca.<\/li>\n<\/ul>","protected":false},"excerpt":{"rendered":"<p>La scatola con coperchio pieghevole magnetico ha un angolo di apertura e chiusura morbido e naturale e pu\u00f2 essere facilmente azionata con una sola mano, tenendo conto sia della praticit\u00e0 che del senso del rituale. Il materiale di carta Glitter presenta un effetto cangiante multiangolare sotto la luce della sorgente. Il corpo della scatola \u00e8 ordinato e non presenta linee ridondanti. Quando \u00e8 chiusa, la forza magnetica \u00e8 distribuita in modo uniforme per garantire che non si apra facilmente durante il trasporto.<\/p>","protected":false},"featured_media":1159,"template":"","meta":{"_kad_post_transparent":"default","_kad_post_title":"","_kad_post_layout":"default","_kad_post_sidebar_id":"","_kad_post_content_style":"default","_kad_post_vertical_padding":"default","_kad_post_feature":"","_kad_post_feature_position":"","_kad_post_header":false,"_kad_post_footer":false,"_kad_post_classname":""},"product_brand":[],"product_cat":[15,17],"product_tag":[451,450,431],"class_list":{"0":"post-1156","1":"product","2":"type-product","3":"status-publish","4":"has-post-thumbnail","6":"product_cat-red-light-therapy","7":"product_cat-services","8":"product_tag-collapsible-watch-gift-box","9":"product_tag-gold-glitter-watch-box","10":"product_tag-magnetic-closure-box","12":"first","13":"instock","14":"shipping-taxable","15":"product-type-simple","16":"entry","17":"content-bg","18":"loop-entry"},"_links":{"self":[{"href":"https:\/\/red-lighttherapy.com\/it\/wp-json\/wp\/v2\/product\/1156","targetHints":{"allow":["GET"]}}],"collection":[{"href":"https:\/\/red-lighttherapy.com\/it\/wp-json\/wp\/v2\/product"}],"about":[{"href":"https:\/\/red-lighttherapy.com\/it\/wp-json\/wp\/v2\/types\/product"}],"wp:featuredmedia":[{"embeddable":true,"href":"https:\/\/red-lighttherapy.com\/it\/wp-json\/wp\/v2\/media\/1159"}],"wp:attachment":[{"href":"https:\/\/red-lighttherapy.com\/it\/wp-json\/wp\/v2\/media?parent=1156"}],"wp:term":[{"taxonomy":"product_brand","embeddable":true,"href":"https:\/\/red-lighttherapy.com\/it\/wp-json\/wp\/v2\/product_brand?post=1156"},{"taxonomy":"product_cat","embeddable":true,"href":"https:\/\/red-lighttherapy.com\/it\/wp-json\/wp\/v2\/product_cat?post=1156"},{"taxonomy":"product_tag","embeddable":true,"href":"https:\/\/red-lighttherapy.com\/it\/wp-json\/wp\/v2\/product_tag?post=1156"}],"curies":[{"name":"wp","href":"https:\/\/api.w.org\/{rel}","templated":true}]}}