{"id":1150,"date":"2025-04-16T13:14:34","date_gmt":"2025-04-16T13:14:34","guid":{"rendered":"https:\/\/red-lighttherapy.com\/?post_type=product&#038;p=1150"},"modified":"2025-04-17T08:50:48","modified_gmt":"2025-04-17T08:50:48","slug":"glitter-red-hot-foil-stamping-boxes-for-wig-hair-extension","status":"publish","type":"product","link":"https:\/\/red-lighttherapy.com\/it\/glitter-red-hot-foil-stamping-boxes-for-wig-hair-extension\/","title":{"rendered":"Scintillio rosso caldo Foil stampaggio scatole per l'estensione dei capelli parrucca"},"content":{"rendered":"<h2 id=\"product-description-of-flashing-gold-stamping-magnetic-closure-wig-storage-box\">Descrizione del prodotto di lampeggiante oro stampaggio chiusura magnetica parrucca casella di archiviazione<\/h2>\n<h2 id=\"-1-magnetic-closure-system-the-perfect-combination-of-convenience-and-stability-\"><strong>1. Sistema di chiusura magnetica: La perfetta combinazione di praticit\u00e0 e stabilit\u00e0<\/strong><\/h2>\n<p>Questo prodotto adotta\u00a0<strong>Sistema di chiusura magnetica<\/strong>La tecnologia di controllo magnetico di precisione e l'inserimento di moduli magnetici forti nelle scatole superiori e inferiori consentono di toccare e chiudere con una sola mano; la forza di assorbimento dopo la chiusura pu\u00f2 raggiungere pi\u00f9 di 3,5N, assicurando che la scatola sia stabile e non si allenti durante il trasporto o l'uso ad alta frequenza. Rispetto alle fibbie tradizionali, il design magnetico evita il rischio di usura meccanica e la scanalatura nascosta del magnete rende l'aspetto senza rigonfiamenti, soddisfacendo i requisiti dei prodotti di fascia alta per linee semplici.<\/p>\n<h2 id=\"-2-one-handed-opening-and-closing-and-high-frequency-adaptability-\"><strong>2. Apertura e chiusura con una sola mano e adattabilit\u00e0 ad alta frequenza<\/strong><\/h2>\n<p>Il corpo scatolato abbandona la tradizionale struttura a fibbia e ottimizza la logica di funzionamento grazie alla\u00a0<strong>sistema di apertura e chiusura magnetico a molla<\/strong>L'utente deve solo premere con un dito il punto di attivazione sul lato del corpo della scatola, la forza magnetica viene immediatamente rilasciata e la molla aiuta il coperchio della scatola ad aprirsi con un angolo di circa 30\u00b0. Non sono necessarie due mani per l'intero processo, il che \u00e8 particolarmente indicato per i saloni di parrucchieri, le trasmissioni in diretta e altre scene in cui le parrucche devono essere prese e messe rapidamente.<\/p>\n<h2 id=\"-three-minimalist-geometry-and-space-utilization-\"><strong>3. Geometria minimalista e utilizzo dello spazio<\/strong><\/h2>\n<p>Il corpo della scatola adotta\u00a0<strong>progettazione della geometria esaedrica<\/strong>I bordi e gli spigoli sono arrotondati con angoli arrotondati R2, tenendo conto del senso degli affari e della sicurezza al tatto. Il layout interno si basa su partizioni modulari, che possono essere adattate ad accessori come parrucche e strumenti di cura. La tolleranza di morso \u00e8 \u22640,1 mm quando si impila, e il tasso di occupazione dello spazio di trasporto \u00e8 ridotto di 40% rispetto all'imballaggio tradizionale. Lo spessore della parete esterna \u00e8 di 3 mm e sono stati scelti materiali compositi leggeri, con una resistenza alla compressione di 50 kg, che soddisfa le esigenze di trasporto su lunghe distanze.<\/p>\n<h2 id=\"-four-high-end-visual-language-and-surface-technology-\"><strong>4. Linguaggio visivo e tecnologia di superficie di alto livello<\/strong><\/h2>\n<ol>\n<li><strong>Tecnologia di stampa a colori e a caldo<\/strong>: Il corpo della scatola \u00e8 basato su\u00a0<strong>rivestimento in PET nero opaco<\/strong>con incisione laser\u00a0<strong>testo oro rosso vivo\/LOGO<\/strong>formando un focus visivo attraverso il contrasto di due colori per migliorare il riconoscimento del marchio.<\/li>\n<li><strong>Standard di precisione industriale<\/strong>: Il corpo della scatola adotta\u00a0<strong>processo di stampaggio a iniezione senza saldatura<\/strong>La tolleranza del giunto \u00e8 controllata entro \u00b10,05 mm, il bordo \u00e8 lucidato con precisione da CNC, il tocco \u00e8 liscio e privo di bave e soddisfa lo standard di trattamento superficiale delle apparecchiature mediche.<\/li>\n<\/ol>\n<h2 id=\"-v-customized-service-plan-\"><strong>5. Piano di assistenza personalizzato<\/strong><\/h2>\n<ol>\n<li><strong>Dimensioni e struttura<\/strong>: Supporta un'elevata personalizzazione, fornisce dimensioni personalizzate e pu\u00f2 anche progettare un corpo scatola di forma speciale su richiesta.<\/li>\n<li><strong>Colore e accessori<\/strong>: Oltre ai classici colori nero e oro, sono disponibili 6 schemi di stampa a caldo come l'oro champagne e l'oro rosa, e supporta lo specchio magnetico incorporato, lo strato di silicone antiumidit\u00e0 e altri accessori.<\/li>\n<\/ol>\n<h2 id=\"-six-applicable-scenarios-and-added-value-enhancement-\"><strong>6. Scenari applicabili e valorizzazione del valore aggiunto<\/strong><\/h2>\n<p>Questo prodotto pu\u00f2 essere perfettamente integrato nel sistema espositivo dei beni di lusso, dei cosmetici di fascia alta e di altre categorie con il suo\u00a0<strong>linguaggio del design aziendale<\/strong>\u00a0e\u00a0<strong>qualit\u00e0 industriale<\/strong>, ad esempio:<\/p>\n<ul>\n<li><strong>Contatori offline<\/strong>: formano una serie visiva unificata quando vengono impilati per la visualizzazione, migliorando l'immagine del terminale;<\/li>\n<li><strong>Logistica del commercio elettronico<\/strong>: ridurre il tasso di rottura e i costi di trasporto grazie alla struttura resistente alla pressione e al design leggero;<\/li>\n<li><strong>Mercato dei regali<\/strong>: supportano la stampa a caldo di loghi esclusivi del cliente per creare scatole regalo co-branded di alta qualit\u00e0.<\/li>\n<\/ul>","protected":false},"excerpt":{"rendered":"<p>Il sistema di chiusura magnetica \u00e8 facile da usare e si chiude saldamente, migliorando l'esperienza dell'utente. Non richiede fibbie complicate e pu\u00f2 essere facilmente aperto e chiuso con una sola mano. \u00c8 adatto a scenari di utilizzo ad alta frequenza. Le linee sono semplici e ordinate, il tasso di utilizzo dello spazio \u00e8 elevato ed \u00e8 facile da impilare e trasportare. La forma geometrica regolare conferisce al prodotto un aspetto commerciale di alto livello, adatto a categorie ad alto valore aggiunto come le parrucche.<\/p>","protected":false},"featured_media":1151,"template":"","meta":{"_kad_post_transparent":"default","_kad_post_title":"","_kad_post_layout":"default","_kad_post_sidebar_id":"","_kad_post_content_style":"default","_kad_post_vertical_padding":"default","_kad_post_feature":"","_kad_post_feature_position":"","_kad_post_header":false,"_kad_post_footer":false,"_kad_post_classname":""},"product_brand":[],"product_cat":[15,27,17],"product_tag":[449,448,447],"class_list":{"0":"post-1150","1":"product","2":"type-product","3":"status-publish","4":"has-post-thumbnail","6":"product_cat-red-light-therapy","7":"product_cat-red-light-therapy-belt","8":"product_cat-services","9":"product_tag-custom-wig-boxes","10":"product_tag-hair-extension-boxes","11":"product_tag-wig-glitter-boxes","13":"first","14":"instock","15":"shipping-taxable","16":"product-type-simple","17":"entry","18":"content-bg","19":"loop-entry"},"_links":{"self":[{"href":"https:\/\/red-lighttherapy.com\/it\/wp-json\/wp\/v2\/product\/1150","targetHints":{"allow":["GET"]}}],"collection":[{"href":"https:\/\/red-lighttherapy.com\/it\/wp-json\/wp\/v2\/product"}],"about":[{"href":"https:\/\/red-lighttherapy.com\/it\/wp-json\/wp\/v2\/types\/product"}],"wp:featuredmedia":[{"embeddable":true,"href":"https:\/\/red-lighttherapy.com\/it\/wp-json\/wp\/v2\/media\/1151"}],"wp:attachment":[{"href":"https:\/\/red-lighttherapy.com\/it\/wp-json\/wp\/v2\/media?parent=1150"}],"wp:term":[{"taxonomy":"product_brand","embeddable":true,"href":"https:\/\/red-lighttherapy.com\/it\/wp-json\/wp\/v2\/product_brand?post=1150"},{"taxonomy":"product_cat","embeddable":true,"href":"https:\/\/red-lighttherapy.com\/it\/wp-json\/wp\/v2\/product_cat?post=1150"},{"taxonomy":"product_tag","embeddable":true,"href":"https:\/\/red-lighttherapy.com\/it\/wp-json\/wp\/v2\/product_tag?post=1150"}],"curies":[{"name":"wp","href":"https:\/\/api.w.org\/{rel}","templated":true}]}}