{"id":1138,"date":"2025-04-16T12:47:16","date_gmt":"2025-04-16T12:47:16","guid":{"rendered":"https:\/\/red-lighttherapy.com\/?post_type=product&#038;p=1138"},"modified":"2025-04-20T06:06:46","modified_gmt":"2025-04-20T06:06:46","slug":"silver-glitter-double-side-open-gift-boxes-for-jewelry-ring","status":"publish","type":"product","link":"https:\/\/red-lighttherapy.com\/it\/silver-glitter-double-side-open-gift-boxes-for-jewelry-ring\/","title":{"rendered":"Argento Glitter doppio lato aperto scatole regalo per anello gioielli"},"content":{"rendered":"<h2 id=\"silver-glitter-paper-double-sided-open-jewelry-ring-gift-box-that-meets-the-needs-of-the-high-end-market\">Scatola regalo per anelli di gioielli aperta su entrambi i lati in carta argentata glitterata che soddisfa le esigenze del mercato di fascia alta<\/h2>\n<h2 id=\"1-ergonomic-double-sided-door-structure-\">1.\u00a0<strong>Struttura ergonomica della porta bifacciale<\/strong><\/h2>\n<p>Viene adottato un design simmetrico di apertura e chiusura su due lati. L'angolo di apertura dell'anta \u00e8 ottimizzato a 120\u00b0 grazie a un calcolo ergonomico. Quando si aziona con una sola mano, il pollice e l'indice possono applicare naturalmente la forza per completare l'azione di apertura e chiusura. La struttura di collegamento a cerniera nascosta \u00e8 adottata all'interno del corpo del cassonetto. Il processo di apertura e chiusura \u00e8 fluido come un balletto meccanico. Il tempo di apertura \u00e8 controllato entro 2 secondi, il che non solo garantisce il senso del rituale visivo, ma evita anche l'imbarazzo dell'attesa.<\/p>\n<h2 id=\"2-magnetic-positioning-system-\">2.\u00a0<strong>Sistema di posizionamento magnetico<\/strong><\/h2>\n<p>Il dispositivo di chiusura magnetica a doppio punto incorporato raggiunge una precisione di posizionamento di \u00b10,5 mm grazie ai magneti al neodimio ferro-boro di grado N52. Quando il corpo della scatola \u00e8 completamente aperto, il sistema magnetico si blocca automaticamente, in modo che il supporto dell'anello si presenti con un angolo di inclinazione di 30\u00b0 e la sorgente luminosa a LED possa formare un effetto riflettente a livello di fuoco di diamante. Le misurazioni effettive dimostrano che la scorrevolezza dell'apertura e della chiusura magnetica \u00e8 40% superiore a quella delle fibbie tradizionali e la durata ripetuta \u00e8 superiore a 100.000 volte.<\/p>\n<h2 id=\"3-glitter-paper-diamond-faceted-reflective-technology-\">3.\u00a0<strong>Carta glitterata Diamante sfaccettato Tecnologia riflettente<\/strong><\/h2>\n<p>La superficie adotta un processo composito a tre strati: il substrato \u00e8 costituito da pannelli di fibra di pino certificati FSC, lo strato intermedio \u00e8 costituito da una pellicola di alluminio placcata sotto vuoto per formare uno strato di riflessione a specchio e la superficie \u00e8 spruzzata con una colla a polimerizzazione UV contenente perle di vetro, in grado di simulare l'effetto di taglio del diamante a 58 sfaccettature. Sotto una sorgente luminosa di 1000 lumen, l'intensit\u00e0 di riflessione raggiunge i 1200cd\/m\u00b2, paragonabile all'indice di rifrazione dei diamanti naturali (2,42).<\/p>\n<h2 id=\"4-sustainable-environmental-protection-system-\">4.\u00a0<strong>Sistema di protezione ambientale sostenibile<\/strong><\/h2>\n<p>Il materiale principale \u00e8 certificato dal FSC Forest Stewardship Council e il legno proviene da foreste sostenibili e rigenerative del Nord Europa. Ogni tonnellata di cartone prodotto pu\u00f2 fissare 1,2 tonnellate di carbonio. Il rivestimento \u00e8 costituito da un materiale composito di silicone alimentare e fibra di poliestere riciclata, con un contenuto di composti organici volatili (VOC) inferiore a 0,01 mg\/m\u00b3, conforme agli standard di protezione ambientale REACH dell'UE.<\/p>\n<h2 id=\"5-luxury-ribbon-accessories-system-\">5.\u00a0<strong>Sistema di accessori per nastri di lusso<\/strong><\/h2>\n<p>Viene fornito di serie con un nastro a coste di seta italiana di 1,5 cm di larghezza, che offre 12 colori personalizzati Pantone. L'originale tecnologia di rilegatura brevettata \"double-loop wrapping\" consente al nastro di cadere automaticamente verso il basso per formare una decorazione ondulata quando la scatola viene dispiegata, mentre il dispositivo di fissaggio con fibbia magnetica evita il problema dei nastri tradizionali che si allentano facilmente. \u00c8 possibile aggiungere accessori opzionali con ciondoli in cristallo Swarovski per aumentare il valore collezionistico della confezione regalo.<\/p>\n<h2 id=\"6-intelligent-production-and-service-system-\">6.\u00a0<strong>Sistema intelligente di produzione e assistenza<\/strong><\/h2>\n<p>Basandosi su una linea di produzione completamente automatizzata, raggiunge una produzione su larga scala con una capacit\u00e0 giornaliera di 3 milioni di pezzi e l'intero processo, dal taglio della materia prima al confezionamento del prodotto finito, richiede \u226415 minuti. Supporta prove di stampa ultraveloci di 72 ore, fornisce servizi di anteprima dei modelli di stampa 3D e la precisione dell'incisione laser dei modelli raggiunge 0,05 mm. Attualmente \u00e8 stato completato l'aggancio della catena di fornitura con marchi come Tiffany e Cartier e il tasso di produzione di massa \u00e8 stabile a 99,3%.<\/p>\n<h2 id=\"-application-scenario-examples-\"><strong>Esempi di scenari applicativi<\/strong><\/h2>\n<ul>\n<li><strong>Cerimonia di proposta<\/strong>: Grazie al modulo di programmazione dell'illuminazione CNC, l'effetto luce graduale di 3 secondi si attiva all'apertura della scatola e la traiettoria del punto luce e la superficie riflettente della carta glitterata formano un'interazione dinamica di luci e ombre.<\/li>\n<li><strong>Vendita al dettaglio di fascia alta<\/strong>: Grazie alla tecnologia di incorporazione del chip AR, la scatola pu\u00f2 essere scansionata dal telefono cellulare per visualizzare la storia del marchio e le informazioni di identificazione dei gioielli.<\/li>\n<li><strong>Collezione d'arte<\/strong>: L'edizione limitata offre la possibilit\u00e0 di intarsio di frammenti di meteorite e ogni confezione regalo viene fornita con un certificato digitale NFT indipendente.<\/li>\n<\/ul>","protected":false},"excerpt":{"rendered":"<p>Adotta una struttura a porte aperte e gli angoli di apertura e chiusura sono calcolati in modo ergonomico. Si pu\u00f2 aprire elegantemente con una sola mano. La fibbia magnetica incorporata consente di posizionare con precisione gli accessori in modo che siano presentati nella posizione migliore. La carta glitterata creata con uno speciale processo composito pu\u00f2 presentare un effetto riflettente a livello di diamante.<\/p>","protected":false},"featured_media":1139,"template":"","meta":{"_kad_post_transparent":"default","_kad_post_title":"","_kad_post_layout":"default","_kad_post_sidebar_id":"","_kad_post_content_style":"default","_kad_post_vertical_padding":"default","_kad_post_feature":"","_kad_post_feature_position":"","_kad_post_header":false,"_kad_post_footer":false,"_kad_post_classname":""},"product_brand":[],"product_cat":[15,17],"product_tag":[441,443,442],"class_list":{"0":"post-1138","1":"product","2":"type-product","3":"status-publish","4":"has-post-thumbnail","6":"product_cat-red-light-therapy","7":"product_cat-services","8":"product_tag-glitter-gift-boxes","9":"product_tag-jewelry-ring-gift-boxes","10":"product_tag-silver-glitter-box","12":"first","13":"instock","14":"shipping-taxable","15":"product-type-simple","16":"entry","17":"content-bg","18":"loop-entry"},"_links":{"self":[{"href":"https:\/\/red-lighttherapy.com\/it\/wp-json\/wp\/v2\/product\/1138","targetHints":{"allow":["GET"]}}],"collection":[{"href":"https:\/\/red-lighttherapy.com\/it\/wp-json\/wp\/v2\/product"}],"about":[{"href":"https:\/\/red-lighttherapy.com\/it\/wp-json\/wp\/v2\/types\/product"}],"wp:featuredmedia":[{"embeddable":true,"href":"https:\/\/red-lighttherapy.com\/it\/wp-json\/wp\/v2\/media\/1139"}],"wp:attachment":[{"href":"https:\/\/red-lighttherapy.com\/it\/wp-json\/wp\/v2\/media?parent=1138"}],"wp:term":[{"taxonomy":"product_brand","embeddable":true,"href":"https:\/\/red-lighttherapy.com\/it\/wp-json\/wp\/v2\/product_brand?post=1138"},{"taxonomy":"product_cat","embeddable":true,"href":"https:\/\/red-lighttherapy.com\/it\/wp-json\/wp\/v2\/product_cat?post=1138"},{"taxonomy":"product_tag","embeddable":true,"href":"https:\/\/red-lighttherapy.com\/it\/wp-json\/wp\/v2\/product_tag?post=1138"}],"curies":[{"name":"wp","href":"https:\/\/api.w.org\/{rel}","templated":true}]}}