{"id":1120,"date":"2025-04-16T12:06:57","date_gmt":"2025-04-16T12:06:57","guid":{"rendered":"https:\/\/red-lighttherapy.com\/?post_type=product&#038;p=1120"},"modified":"2025-04-16T12:20:07","modified_gmt":"2025-04-16T12:20:07","slug":"magnetic-closure-cosmetic-eyelash-glitter-paper-box-solution","status":"publish","type":"product","link":"https:\/\/red-lighttherapy.com\/it\/magnetic-closure-cosmetic-eyelash-glitter-paper-box-solution\/","title":{"rendered":"Chiusura magnetica ciglia cosmetici Glitter soluzione scatola di carta"},"content":{"rendered":"<h2 id=\"product-description-of-magnetic-clamp-eyelash-glitter-paper-box-solution\">Descrizione del prodotto di Magnetic Clamp Eyelash Glitter Paper Box Solution<\/h2>\n<h2 id=\"-1-magnetic-opening-and-closing-system-precise-alignment-one-hand-operation-and-upgraded-sealing-\"><strong>1. Sistema di apertura e chiusura magnetica: allineamento preciso, funzionamento con una sola mano e tenuta migliorata.<\/strong><\/h2>\n<ul>\n<li><strong>Design magnetico di precisione<\/strong>: Adottando una forte tecnologia di allineamento magnetico, i componenti della fibbia magnetica sono abbinati con precisione dai poli magnetici per ottenere un'apertura e una chiusura senza deviazioni e una tenuta perfetta dopo la chiusura, con una migliore resistenza alla polvere e all'umidit\u00e0 rispetto alle scatole di fibbie tradizionali.<\/li>\n<li><strong>Comodo utilizzo con una sola mano<\/strong>: Ottimizza la forza magnetica e l'angolo di apertura e chiusura; l'operazione pu\u00f2 essere completata con una sola mano, in modo da consentire ai consumatori di estrarlo rapidamente ogni giorno e migliorare l'esperienza d'uso.<\/li>\n<li><strong>Tenuta migliorata<\/strong>: La combinazione di slot per schede e doppia chiusura magnetica garantisce l'assenza di spazi vuoti dopo la chiusura della scatola, protegge efficacemente i brillantini per ciglia dall'inquinamento esterno e prolunga la durata di conservazione del prodotto.<\/li>\n<\/ul>\n<h2 id=\"-2-standardized-size-adaptation-unified-display-aesthetics-\"><strong>2. Adattamento standardizzato delle dimensioni, estetica unificata del display<\/strong><\/h2>\n<ul>\n<li><strong>Compatibilit\u00e0 con le dimensioni mainstream<\/strong>: Dimensioni personalizzate, adatte a prodotti mainstream come mascara singoli e set di glitter multicolore, con una forte compatibilit\u00e0.<\/li>\n<li><strong>Vantaggi del display impilabile<\/strong>: Le linee della scatola sono squadrate e ordinate e la superficie espositiva \u00e8 piatta e uniforme quando viene impilata. Pu\u00f2 essere combinata in modo flessibile in una matrice di scaffali o in una forma creativa per migliorare l'impatto visivo del marchio.<\/li>\n<\/ul>\n<h2 id=\"-3-minimalist-aesthetic-design-sharp-edges-and-full-of-modern-sense-\"><strong>3. Design estetico minimalista: spigoli vivi e senso della modernit\u00e0.<\/strong><\/h2>\n<ul>\n<li><strong>Linguaggio strutturale tridimensionale<\/strong>: Il corpo della scatola adotta linee di piegatura ad angolo retto e la tecnologia del taglio piano, con bordi e angoli affilati, combinati con il materiale della carta glitterata a texture opaca, che presenta un senso freddo della tecnologia e uno stile moderno e minimalista.<\/li>\n<li><strong>Miglioramento del logo del marchio<\/strong>: Supportare la stampa a caldo, la goffratura e altri processi per personalizzare il LOGO del marchio, evidenziare il tono di fascia alta con linee semplici, in linea con la preferenza estetica dei giovani consumatori per \"meno \u00e8 meglio\".<\/li>\n<\/ul>\n<h2 id=\"-4-glitter-paper-material-both-wear-resistance-and-luxury-\"><strong>4. Materiale della carta glitterata: resistenza all'usura e lusso<\/strong><\/h2>\n<ul>\n<li><strong>Superficie altamente resistente<\/strong>: Viene utilizzato un substrato di carta glitterata, che \u00e8 40% pi\u00f9 resistente all'usura rispetto alla normale carta per stampa a caldo, con un'eccellente resistenza ai graffi e non \u00e8 facile da graffiare durante il trasporto e l'uso.<\/li>\n<li><strong>Tecnologia di stampa a caldo di lusso<\/strong>: tecnologia di stampaggio a caldo\/argento caldo a livello di micron, precisione del bordo del modello di \u00b10,1 mm, combinata con l'effetto reticolo dinamico, presenta una texture brillante a pi\u00f9 livelli sotto la rifrazione della luce.<\/li>\n<\/ul>\n<h2 id=\"-5-flexible-production-service-fast-response-sustainable-supply-\"><strong>5. Servizio di produzione flessibile: risposta rapida, fornitura sostenibile<\/strong><\/h2>\n<ul>\n<li><strong>Quantit\u00e0 minima d'ordine flessibile<\/strong>: supporta ordini flessibili da 500 a 2 milioni di pezzi, soddisfa la produzione di prova di marchi in fase di avviamento e la domanda di lotti di grandi marchi, senza limitazioni di soglia minima d'ordine.<\/li>\n<li><strong>Ciclo di prova estremamente veloce<\/strong>: affidandosi al sistema di stampo digitale, il ciclo di prova si riduce a 72 ore, fornendo 3 combinazioni di colori di base e 2 combinazioni di processi di servizi di conferma rapida dei campioni.<\/li>\n<\/ul>\n<h2 id=\"-6-environmental-certification-and-sustainability-\"><strong>6. Certificazione ambientale e sostenibilit\u00e0<\/strong><\/h2>\n<ul>\n<li><strong>Materie prime certificate FSC<\/strong>: Il materiale di base della scatola di carta 100% utilizza carta certificata FSC per garantire che le materie prime provengano dagli standard ambientali dell'Unione Europea e dai marchi ESG per soddisfare i requisiti strategici, gestiti in modo continuo dalle foreste.<\/li>\n<li><strong>Design riciclabile<\/strong>: Il corpo della scatola non ha una struttura di incollaggio e i componenti di aspirazione magnetica possono essere separati e distinti, il che \u00e8 conveniente per la classificazione e il riciclaggio, riducendo l'onere ambientale.<\/li>\n<\/ul>\n<h2 id=\"-core-advantages-\"><strong>Vantaggi principali<\/strong><\/h2>\n<ul>\n<li><strong>Integrazione tecnologica<\/strong>: Apertura e chiusura magnetica + materiale in carta glitterata + processo di stampa a caldo, tenendo conto della funzionalit\u00e0 e del fascino visivo.<\/li>\n<li><strong>A misura d'uomo<\/strong>: Catena di fornitura flessibile e proofing rapido, per ridurre i costi di prova ed errore del marchio e accelerare il lancio sul mercato.<\/li>\n<li><strong>Responsabilit\u00e0 ambientale<\/strong>: La certificazione FSC e il design riciclabile aiutano i marchi a creare un'immagine verde.<\/li>\n<\/ul>","protected":false},"excerpt":{"rendered":"<p>Questa scatola da imballaggio presenta spigoli vivi e linee pulite, con un'estetica moderna e minimalista. Il sistema di apertura e chiusura magnetica \u00e8 allineato con precisione, facile da usare con una sola mano e ha una tenuta pi\u00f9 forte rispetto alle normali scatole con fibbia. Il materiale in carta glitterata \u00e8 altamente resistente all'usura e si adatta ai prodotti per ciglia pi\u00f9 diffusi.<\/p>","protected":false},"featured_media":1121,"template":"","meta":{"_kad_post_transparent":"default","_kad_post_title":"","_kad_post_layout":"default","_kad_post_sidebar_id":"","_kad_post_content_style":"default","_kad_post_vertical_padding":"default","_kad_post_feature":"","_kad_post_feature_position":"","_kad_post_header":false,"_kad_post_footer":false,"_kad_post_classname":""},"product_brand":[],"product_cat":[15,28,27,17],"product_tag":[434,436,435],"class_list":{"0":"post-1120","1":"product","2":"type-product","3":"status-publish","4":"has-post-thumbnail","6":"product_cat-red-light-therapy","7":"product_cat-customize","8":"product_cat-red-light-therapy-belt","9":"product_cat-services","10":"product_tag-glitter-eyelash-packaging","11":"product_tag-glitter-paper-eyelash-box","12":"product_tag-magnetic-closure-box-for-cosmetic","14":"first","15":"instock","16":"shipping-taxable","17":"product-type-simple","18":"entry","19":"content-bg","20":"loop-entry"},"_links":{"self":[{"href":"https:\/\/red-lighttherapy.com\/it\/wp-json\/wp\/v2\/product\/1120","targetHints":{"allow":["GET"]}}],"collection":[{"href":"https:\/\/red-lighttherapy.com\/it\/wp-json\/wp\/v2\/product"}],"about":[{"href":"https:\/\/red-lighttherapy.com\/it\/wp-json\/wp\/v2\/types\/product"}],"wp:featuredmedia":[{"embeddable":true,"href":"https:\/\/red-lighttherapy.com\/it\/wp-json\/wp\/v2\/media\/1121"}],"wp:attachment":[{"href":"https:\/\/red-lighttherapy.com\/it\/wp-json\/wp\/v2\/media?parent=1120"}],"wp:term":[{"taxonomy":"product_brand","embeddable":true,"href":"https:\/\/red-lighttherapy.com\/it\/wp-json\/wp\/v2\/product_brand?post=1120"},{"taxonomy":"product_cat","embeddable":true,"href":"https:\/\/red-lighttherapy.com\/it\/wp-json\/wp\/v2\/product_cat?post=1120"},{"taxonomy":"product_tag","embeddable":true,"href":"https:\/\/red-lighttherapy.com\/it\/wp-json\/wp\/v2\/product_tag?post=1120"}],"curies":[{"name":"wp","href":"https:\/\/api.w.org\/{rel}","templated":true}]}}