{"id":1115,"date":"2025-04-16T10:55:19","date_gmt":"2025-04-16T10:55:19","guid":{"rendered":"https:\/\/red-lighttherapy.com\/?post_type=product&#038;p=1115"},"modified":"2025-04-16T12:06:44","modified_gmt":"2025-04-16T12:06:44","slug":"custom-magnetic-closure-glitter-paper-box-jewelry-necklace","status":"publish","type":"product","link":"https:\/\/red-lighttherapy.com\/it\/custom-magnetic-closure-glitter-paper-box-jewelry-necklace\/","title":{"rendered":"Chiusura magnetica personalizzata Scatola di carta scintillante Collana di gioielli"},"content":{"rendered":"<h2 id=\"-customized-magnetic-buckle-glitter-paper-box-jewelry-necklace-product-description-\"><strong>Personalizzato chiusura magnetica Glitter carta Box gioielli collana Descrizione del prodotto<\/strong><\/h2>\n<h2 id=\"-1-magnetic-flip-top-ritual-sense-\"><strong>1. Senso rituale magnetico a ribalta<\/strong><\/h2>\n<p>Questo portagioie adotta una struttura magnetica flip-top brevettata. Il corpo della scatola e il coperchio sono allineati con precisione e chiusi da magneti di alta precisione. La forza di aspirazione \u00e8 1,5 volte superiore allo standard industriale. Pu\u00f2 essere aperto e chiuso liberamente con una sola mano. Quando viene chiusa, \u00e8 accompagnata da un nitido effetto sonoro magnetico, che conferisce alla scatola un senso di rituale come se fosse un gioiello da aprire. L'interno della scatola \u00e8 rinforzato con una scanalatura rettangolare rinforzata e abbinato a componenti elastici di tamponamento per garantire la resistenza alla pressione e agli urti durante il trasporto. La stabilit\u00e0 ha superato 100.000 test di apertura e chiusura, soddisfacendo i requisiti di durata della conservazione dei gioielli di alta gamma.<\/p>\n<h2 id=\"-2-minimalist-aesthetics-and-practical-details-\"><strong>2. Estetica minimalista e dettagli pratici<\/strong><\/h2>\n<p>La scatola regalo presenta un profilo moderno e minimalista con linee di taglio geometriche. Il processo di formatura ad alta precisione con una tolleranza di 0,5 mm assicura che il corpo della scatola si adatti perfettamente. I bordi sono lucidati 3 volte e il tocco \u00e8 delicato e privo di bave. Il punto di chiusura magnetico \u00e8 nascosto nel bordo interno del coperchio della scatola e il bordo in metallo opaco lo rende visivamente integrato e in linea con l'estetica del design contemporaneo.<\/p>\n<h2 id=\"-3-glitter-paper-glitter-craftsmanship-\"><strong>3. Carta glitterata artigianato glitter<\/strong><\/h2>\n<p>Il corpo della scatola \u00e8 realizzato in carta glitterata personalizzata (Glitter Paper) e la superficie \u00e8 placcata con particelle glitterate di livello micron attraverso un processo di polimerizzazione UV. Sotto la rifrazione della luce, presenta una lucentezza sfumata come la sabbia delle stelle della galassia e ha una resistenza all'usura e ai graffi IP5X. Lo spessore del materiale \u00e8 di soli 1,2 mm, pi\u00f9 leggero rispetto ai portagioie tradizionali, e ha sia la portabilit\u00e0 che l'impatto visivo.<\/p>\n<h2 id=\"-4-flocking-groove-protection-system-\"><strong>4. Sistema di protezione delle scanalature con floccaggio<\/strong><\/h2>\n<p>La disposizione personalizzata delle partizioni all'interno della scatola, la scanalatura della collana adotta la tecnologia di scansione 3D, che si adatta con precisione alle diverse lunghezze delle catene e alle dimensioni dei ciondoli. La superficie della scanalatura \u00e8 ricoperta da un rivestimento in microfibra da 0,8 mm e il coefficiente di attrito \u00e8 \u22640,3 per evitare graffi ai gioielli in metallo; il design della scanalatura della scheda a forma di U pu\u00f2 fissare la fibbia della collana per evitare che si aggrovigli e si annodi, ed \u00e8 adatto a una variet\u00e0 di stili come catene a clavicola e catene lunghe.<\/p>\n<h2 id=\"-5-pink-and-purple-collide-with-glitter-\"><strong>5. Rosa e viola si scontrano con i glitter<\/strong><\/h2>\n<p>Il colore principale della scatola \u00e8 rosa e viola. Lo strato inferiore \u00e8 serigrafato con 6 colori e sovrapposto a un rivestimento perlescente. La superficie glitterata \u00e8 sabbiata per ottenere un effetto di diffusione della luce stellare. Al variare della luce, pu\u00f2 simulare le due atmosfere della luce del mattino e del rosa del tramonto, rafforzando il gene romantico femminile.<\/p>\n<h2 id=\"-6-hot-stamping-slogan-strengthens-memory-\"><strong>6. Lo slogan in lamina d'oro con stampa a caldo rafforza la memoria<\/strong><\/h2>\n<p>Lo slogan del marchio \u00e8 stampato all'interno del coperchio della scatola con tecnologia laser a caldo. Il carattere adotta un effetto di rilievo tridimensionale di 0,1 mm. L'oro e lo sfondo rosa e viola formano un contrasto visivo e la proposta di valore del marchio viene trasmessa nel momento in cui si apre la scatola.<\/p>\n<h2 id=\"-7-flexible-customization-scheme-\"><strong>7. Schema di personalizzazione flessibile<\/strong><\/h2>\n<p>Supporta la personalizzazione di tutte le dimensioni, dal tipo di scatola alle dimensioni e alle funzioni:<\/p>\n<ul>\n<li><strong>Tipo di scatola<\/strong>: Scatola quadrata\/scatola rotonda\/scatola a forma di cuore opzionale, la posizione della fibbia magnetica pu\u00f2 essere regolata sul lato o sulla parte superiore;<\/li>\n<li><strong>Colore<\/strong>: Fornisce 12 opzioni di colore Pantone di base, supporta la personalizzazione del rapporto di scintillio dei colori speciali;<\/li>\n<li><strong>Slogan<\/strong>: Pu\u00f2 essere sostituito con il nome del cliente, una data commemorativa o un messaggio esclusivo, la libreria di font contiene 15 versioni linguistiche;<\/li>\n<li><strong>Fodera<\/strong>: Fodera in floccato\/seta\/spugna opzionale, disposizione delle scanalature che supporta la riorganizzazione per categoria di gioielli.<\/li>\n<\/ul>\n<h2 id=\"-8-environmental-protection-and-quality-control-guarantee-\"><strong>8. Garanzia di protezione ambientale e di controllo della qualit\u00e0<\/strong><\/h2>\n<p>Il corpo della scatola \u00e8 costituito da un substrato di carta ecologica certificata FSC e il processo di produzione utilizza adesivi a base d'acqua e inchiostri privi di benzene; ogni lotto di prodotti finiti viene testato a temperatura e umidit\u00e0 costanti per 72 ore per garantire che le prestazioni di assorbimento magnetico e il tasso di deformazione della scatola siano \u22640,5%.<\/p>","protected":false},"excerpt":{"rendered":"<ul>\n<li><strong>Regalo del marchio di gioielli<\/strong>: Essendo la confezione standard delle collane di fascia alta, migliora l'esperienza di unboxing e il premio del marchio;<\/li>\n<li><strong>Collezione commemorativa personale<\/strong>: Personalizzato con nome e anniversario, diventa un supporto emozionale per i regali di matrimonio e di anniversario;<\/li>\n<li><strong>Oggetti di scena per la vendita al dettaglio<\/strong>: L'apertura e la chiusura magnetica della vetrina sono comode per i clienti che vogliono provare i gioielli, proteggendone l'aspetto.<\/li>\n<\/ul>","protected":false},"featured_media":1117,"template":"","meta":{"_kad_post_transparent":"default","_kad_post_title":"","_kad_post_layout":"default","_kad_post_sidebar_id":"","_kad_post_content_style":"default","_kad_post_vertical_padding":"default","_kad_post_feature":"","_kad_post_feature_position":"","_kad_post_header":false,"_kad_post_footer":false,"_kad_post_classname":""},"product_brand":[],"product_cat":[15,27,17],"product_tag":[432,431,433],"class_list":{"0":"post-1115","1":"product","2":"type-product","3":"status-publish","4":"has-post-thumbnail","6":"product_cat-red-light-therapy","7":"product_cat-red-light-therapy-belt","8":"product_cat-services","9":"product_tag-glitter-paper-jewelry-box","10":"product_tag-magnetic-closure-box","11":"product_tag-necklace-paper-box","13":"first","14":"instock","15":"shipping-taxable","16":"product-type-simple","17":"entry","18":"content-bg","19":"loop-entry"},"_links":{"self":[{"href":"https:\/\/red-lighttherapy.com\/it\/wp-json\/wp\/v2\/product\/1115","targetHints":{"allow":["GET"]}}],"collection":[{"href":"https:\/\/red-lighttherapy.com\/it\/wp-json\/wp\/v2\/product"}],"about":[{"href":"https:\/\/red-lighttherapy.com\/it\/wp-json\/wp\/v2\/types\/product"}],"wp:featuredmedia":[{"embeddable":true,"href":"https:\/\/red-lighttherapy.com\/it\/wp-json\/wp\/v2\/media\/1117"}],"wp:attachment":[{"href":"https:\/\/red-lighttherapy.com\/it\/wp-json\/wp\/v2\/media?parent=1115"}],"wp:term":[{"taxonomy":"product_brand","embeddable":true,"href":"https:\/\/red-lighttherapy.com\/it\/wp-json\/wp\/v2\/product_brand?post=1115"},{"taxonomy":"product_cat","embeddable":true,"href":"https:\/\/red-lighttherapy.com\/it\/wp-json\/wp\/v2\/product_cat?post=1115"},{"taxonomy":"product_tag","embeddable":true,"href":"https:\/\/red-lighttherapy.com\/it\/wp-json\/wp\/v2\/product_tag?post=1115"}],"curies":[{"name":"wp","href":"https:\/\/api.w.org\/{rel}","templated":true}]}}