{"id":1109,"date":"2025-04-16T09:00:28","date_gmt":"2025-04-16T09:00:28","guid":{"rendered":"https:\/\/red-lighttherapy.com\/?post_type=product&#038;p=1109"},"modified":"2025-04-16T09:38:13","modified_gmt":"2025-04-16T09:38:13","slug":"trading-textured-paper-portable-power-bank-drawer-boxes","status":"publish","type":"product","link":"https:\/\/red-lighttherapy.com\/it\/trading-textured-paper-portable-power-bank-drawer-boxes\/","title":{"rendered":"Trading Carta testurizzata Cassettiera portatile Power Bank"},"content":{"rendered":"<h2 id=\"-product-description-of-portable-power-bank-pull-out-box-\"><strong>Descrizione del prodotto di Banca di alimentazione portatile Match Slider Style Box<\/strong><\/h2>\n<h2 id=\"1-high-grade-textured-specialty-paper-\">1.\u00a0<strong>Carta speciale testurizzata di alta qualit\u00e0<\/strong><\/h2>\n<p>La confezione esterna del prodotto \u00e8 realizzata in carta speciale testurizzata di alta qualit\u00e0 da 120G, con una superficie delicata e stratificata, che conferisce alla confezione un senso di alta qualit\u00e0 della serie misteriosa. La texture unica e gli effetti di luce e ombra della carta speciale, combinati con colori scuri o metallici, si adattano perfettamente al tono del marchio e creano un'esperienza visiva di basso profilo e lusso.<\/p>\n<h2 id=\"2-drawer-type-box-structure-\">2.\u00a0<strong>Struttura della scatola a cassetti<\/strong><\/h2>\n<p>Il design adottato \u00e8 quello dell'estrazione, liscio e rituale. Gli utenti possono estrarre facilmente il power bank, tenendo conto della comodit\u00e0 e del rituale. La struttura interna \u00e8 supportata da un pannello grigio ad alta densit\u00e0 da 1200G per garantire che il corpo della scatola sia forte e resistente alla pressione, mentre l'interno \u00e8 piatto e liscio, proteggendo il power bank dagli urti durante il trasporto o l'uso quotidiano.<\/p>\n<h2 id=\"3-gold-stamping-technology-is-the-finishing-touch-\">3.\u00a0<strong>La tecnologia di stampa a caldo dell'oro \u00e8 il tocco finale<\/strong><\/h2>\n<p>La superficie dell'imballaggio utilizza la tecnologia \"gold hot stamp foil\" e il logo o il motivo del marchio \u00e8 presentato in linee o blocchi dorati, che riflettono la lucentezza metallica a diverse angolazioni della luce, migliorando il riconoscimento visivo del marchio e il tono di fascia alta.<\/p>\n<h2 id=\"4-professional-adaptation-solution-\">4.\u00a0<strong>Soluzione di adattamento professionale<\/strong><\/h2>\n<p>In base alle dimensioni, alla capacit\u00e0 e agli scenari di utilizzo dell'alimentazione mobile (come affari, esterni e regali), forniamo un servizio di raccomandazione di tipo box one-to-one. Ad esempio:<\/p>\n<ul>\n<li><strong>Alimentazione compatta<\/strong>: Consigliare una scatola estraibile stretta e lunga per facilitare il trasporto;<\/li>\n<li><strong>Alimentazione di grande capacit\u00e0<\/strong>: Con design a scomparti rinforzati per una maggiore protezione.<\/li>\n<\/ul>\n<h2 id=\"5-efficient-service-guarantee-\">5.\u00a0<strong>Garanzia di un servizio efficiente<\/strong><\/h2>\n<ul>\n<li><strong>Consegna lampo<\/strong>: Il tempo di consegna standard \u00e8 di 5-7 giorni e il servizio rapido pu\u00f2 essere ridotto a 3 giorni per soddisfare esigenze urgenti;<\/li>\n<li><strong>Impegno per la qualit\u00e0<\/strong>: Ispezione completa della qualit\u00e0 per garantire che il corpo della scatola non presenti graffi, che la stampa a caldo non cada e che l'estrazione sia regolare;<\/li>\n<li><strong>Servizio personalizzato<\/strong>: Supporta esigenze personalizzate come la personalizzazione del LOGO e la selezione del materiale di rivestimento (come spugna EVA, flanella).<\/li>\n<\/ul>\n<h2 id=\"6-fsc-forest-certification-\">6.\u00a0<strong>Certificazione forestale FSC<\/strong><\/h2>\n<p>Tutte le carte speciali e i cartoncini grigi sono certificati FSC per garantire che le materie prime provengano da foreste gestite in modo sostenibile e soddisfino i severi requisiti dei marchi di fascia alta in materia di tutela ambientale e responsabilit\u00e0 sociale.<\/p>\n<h3 id=\"7-applicable-scenarios-\">7.\u00a0<strong>Scenari applicabili<\/strong><\/h3>\n<ul>\n<li><strong>Regali aziendali<\/strong>: Tecnologia di stampa a caldo e carta speciale di colore scuro per trasmettere la nobile sensazione del marchio;<\/li>\n<li><strong>Prodotti tecnologici<\/strong>: Rafforzare gli attributi tecnologici attraverso un design minimalista e una texture metallica;<\/li>\n<li><strong>Attrezzature per esterni<\/strong>: Utilizzare carta speciale resistente all'usura e all'umidit\u00e0 per adattarsi agli scenari di utilizzo all'aperto.<\/li>\n<\/ul>\n<h2 id=\"-v-summary-of-core-advantages-\"><strong>8. Sintesi dei vantaggi principali<\/strong><\/h2>\n<table>\n<thead>\n<tr>\n<th>Dimensioni del vantaggio<\/th>\n<th>Descrizione specifica<\/th>\n<\/tr>\n<\/thead>\n<tbody>\n<tr>\n<td><strong>Tecnologia dei materiali<\/strong><\/td>\n<td>Combinazione di carta speciale e cartone grigio, bella e resistente alla pressione; la tecnologia di stampa a caldo migliora il riconoscimento del marchio.<\/td>\n<\/tr>\n<tr>\n<td><strong>Progettazione strutturale<\/strong><\/td>\n<td>Il design estraibile \u00e8 comodo e pratico, adatto ad alimentatori di diverse dimensioni e con un elevato utilizzo dello spazio interno.<\/td>\n<\/tr>\n<tr>\n<td><strong>Certificazione ambientale<\/strong><\/td>\n<td>Materiali certificati FSC, in linea con gli standard ambientali internazionali<\/td>\n<\/tr>\n<tr>\n<td><strong>Risposta del servizio<\/strong><\/td>\n<td>Un team di professionisti offre soluzioni personalizzate e un monitoraggio completo dalla progettazione alla consegna<\/td>\n<\/tr>\n<\/tbody>\n<\/table>","protected":false},"excerpt":{"rendered":"<p>Il cassetto di carta pu\u00f2 essere aperto e chiuso facilmente. \u00c8 realizzata con carta speciale testurizzata da 120G e cartone grigio da 1200G. \u00c8 robusta, durevole e ha un aspetto misterioso e di alto livello. La superficie adotta il processo high-end \"gold hot stamp foil\" per evidenziare la sensazione di oro del marchio e mostrare il tono del marchio.<\/p>","protected":false},"featured_media":1112,"template":"","meta":{"_kad_post_transparent":"default","_kad_post_title":"","_kad_post_layout":"default","_kad_post_sidebar_id":"","_kad_post_content_style":"default","_kad_post_vertical_padding":"default","_kad_post_feature":"","_kad_post_feature_position":"","_kad_post_header":false,"_kad_post_footer":false,"_kad_post_classname":""},"product_brand":[],"product_cat":[15,20,17],"product_tag":[429,428,430],"class_list":{"0":"post-1109","1":"product","2":"type-product","3":"status-publish","4":"has-post-thumbnail","6":"product_cat-red-light-therapy","7":"product_cat-led-face-light-therapy","8":"product_cat-services","9":"product_tag-match-style-box-for-power-bank","10":"product_tag-portable-power-bank-packaging-box","11":"product_tag-power-bank-slider-packaging-box","13":"first","14":"instock","15":"shipping-taxable","16":"product-type-simple","17":"entry","18":"content-bg","19":"loop-entry"},"_links":{"self":[{"href":"https:\/\/red-lighttherapy.com\/it\/wp-json\/wp\/v2\/product\/1109","targetHints":{"allow":["GET"]}}],"collection":[{"href":"https:\/\/red-lighttherapy.com\/it\/wp-json\/wp\/v2\/product"}],"about":[{"href":"https:\/\/red-lighttherapy.com\/it\/wp-json\/wp\/v2\/types\/product"}],"wp:featuredmedia":[{"embeddable":true,"href":"https:\/\/red-lighttherapy.com\/it\/wp-json\/wp\/v2\/media\/1112"}],"wp:attachment":[{"href":"https:\/\/red-lighttherapy.com\/it\/wp-json\/wp\/v2\/media?parent=1109"}],"wp:term":[{"taxonomy":"product_brand","embeddable":true,"href":"https:\/\/red-lighttherapy.com\/it\/wp-json\/wp\/v2\/product_brand?post=1109"},{"taxonomy":"product_cat","embeddable":true,"href":"https:\/\/red-lighttherapy.com\/it\/wp-json\/wp\/v2\/product_cat?post=1109"},{"taxonomy":"product_tag","embeddable":true,"href":"https:\/\/red-lighttherapy.com\/it\/wp-json\/wp\/v2\/product_tag?post=1109"}],"curies":[{"name":"wp","href":"https:\/\/api.w.org\/{rel}","templated":true}]}}