{"id":1103,"date":"2025-04-16T08:41:45","date_gmt":"2025-04-16T08:41:45","guid":{"rendered":"https:\/\/red-lighttherapy.com\/?post_type=product&#038;p=1103"},"modified":"2025-04-16T09:00:18","modified_gmt":"2025-04-16T09:00:18","slug":"maker-magnetic-closure-box-for-hair-extensions-removal-device","status":"publish","type":"product","link":"https:\/\/red-lighttherapy.com\/it\/maker-magnetic-closure-box-for-hair-extensions-removal-device\/","title":{"rendered":"Scatola di chiusura magnetica del produttore per il dispositivo di rimozione delle estensioni dei capelli"},"content":{"rendered":"<h2 id=\"magnetic-closure-wig-extension-disassembly-device-packaging-box-product-description\">Dispositivo di smontaggio del dispositivo di chiusura magnetica della parrucca per l'imballaggio della scatola Descrizione del prodotto<\/h2>\n<h2 id=\"-1-appearance-design-simple-and-stylish-book-shaped-box-body-enhances-exquisiteness-\"><strong>1. Design dell'aspetto: semplice ed elegante, il corpo della scatola a forma di libro ne esalta la squisitezza.<\/strong><\/h2>\n<p>Questo prodotto adotta il design della serie light white, presentato nella classica struttura della scatola a forma di libro, con linee semplici e morbide e un aspetto elegante. La superficie del corpo della scatola \u00e8 stampata con carta patinata da 157 GSM, che evidenzia lo stile leggero e di lusso. Il design della chiusura magnetica si ispira ai popolari prodotti con scatola ad aspirazione magnetica, che \u00e8 comoda da aprire e chiudere e si chiude saldamente, migliorando l'esperienza dell'utente ed esaltando il senso di alta gamma.<\/p>\n<h2 id=\"-2-internal-and-external-double-color-contrast-combination-of-function-and-aesthetics-\"><strong>2. Contrasto cromatico interno ed esterno doppio, combinazione di funzionalit\u00e0 ed estetica<\/strong><\/h2>\n<p>La scatola esterna \u00e8 di colore bianco chiaro, mentre quella interna \u00e8 di colore bianco puro. Il contrasto di colori forma una gerarchia visiva, che pu\u00f2 mostrare chiaramente i dettagli strutturali del dispositivo di estensione della parrucca nella scatola e facilitare la rapida identificazione del prodotto durante l'esposizione. La fodera sagomata e fustellata garantisce una conservazione stabile del prodotto.<\/p>\n<h2 id=\"-3-material-and-structure-professional-grade-protection-stable-and-durable-\"><strong>3. Materiale e struttura: protezione di livello professionale, stabile e durevole.<\/strong><\/h2>\n<ul>\n<li><strong>Materiale di base<\/strong>: Cartone grigio ad alta resistenza da 1200 GSM, che presenta una migliore resistenza alla pressione rispetto al cartone ordinario e pu\u00f2 sopportare gli urti del trasporto e l'impilamento a lungo termine.<\/li>\n<li><strong>Trattamento della superficie<\/strong>: Carta patinata 157 GSM con pellicola opaca, resistente ai graffi e all'usura, tocco delicato e maggiore riconoscibilit\u00e0 del marchio.<\/li>\n<li><strong>Fodera interna<\/strong>: Personalizzato attraverso un processo di fustellatura di precisione, si adatta perfettamente al contorno del dispositivo della parrucca per evitare che il prodotto si agiti o si usuri.<\/li>\n<\/ul>\n<h2 id=\"-4-brand-empowerment-double-upgrade-of-texture-and-added-value-\"><strong>4. Potenziamento del marchio: Doppio aggiornamento della struttura e del valore aggiunto<\/strong><\/h2>\n<p>Il design della scatola di imballaggio incorpora dettagli di lusso, come l'apertura e la chiusura nascoste delle fibbie magnetiche e gli angoli arrotondati per il trattamento anti-collisione. Il retro della scatola pu\u00f2 essere personalizzato con un'area per la stampa a caldo della storia del marchio, per rafforzare la fiducia dei consumatori nell'artigianalit\u00e0 e nella qualit\u00e0 del marchio e contribuire ad aumentare lo spazio premium.<\/p>\n<h2 id=\"-5-supply-chain-advantages-16-years-of-professional-guarantee-flexible-customization-\"><strong>5. Vantaggi della catena di fornitura: 16 anni di garanzia professionale, personalizzazione flessibile<\/strong><\/h2>\n<ul>\n<li><strong>Selezione del processo<\/strong>: Supporta oltre 20 personalizzazioni di processo, come la verniciatura locale UV, la goffratura, la regolazione della forza di adsorbimento magnetico, ecc.<\/li>\n<li><strong>Adattamento delle dimensioni<\/strong>: Le dimensioni della scatola possono essere adattate alle diverse specifiche dei dispositivi per parrucche, con una quantit\u00e0 minima d'ordine di 500 pezzi per soddisfare le esigenze dei marchi di piccole e medie dimensioni.<\/li>\n<li><strong>Vantaggio di costo<\/strong>: Acquisto su larga scala di materie prime, 15%-20% prezzo pi\u00f9 basso rispetto a prodotti simili e un periodo di garanzia fino a 2 anni.<\/li>\n<\/ul>\n<h2 id=\"-customization-process-description-\"><strong>Descrizione del processo di personalizzazione<\/strong><\/h2>\n<ol>\n<li><strong>Comunicazione della domanda<\/strong>: Fornire il marchio VI, le dimensioni del prodotto e i requisiti funzionali (ad esempio, se sono necessarie bande magnetiche antifurto).<\/li>\n<li><strong>Prove di stampa 3D<\/strong>: Uscita di scatole campione fisiche entro 72 ore per confermare la struttura e gli effetti visivi.<\/li>\n<li><strong>Produzione di massa<\/strong>: Stampa con inchiostro ecologico a base d'acqua, consegna entro 7-14 giorni e supporto per la tracciabilit\u00e0 logistica globale.<\/li>\n<\/ol>","protected":false},"excerpt":{"rendered":"<p>La scatola adotta una serie semplice e alla moda di colore bianco chiaro, il design della scatola con coperchio magnetico \u00e8 semplice ed elegante, dando alle persone un senso di raffinatezza, ed \u00e8 realizzata in cartone grigio da 1200 GSM e carta patinata da 157 GSM. La struttura \u00e8 stabile e facile da proteggere per il dispositivo di rimozione dei capelli parrucca Packaging.<\/p>","protected":false},"featured_media":1104,"template":"","meta":{"_kad_post_transparent":"default","_kad_post_title":"","_kad_post_layout":"default","_kad_post_sidebar_id":"","_kad_post_content_style":"default","_kad_post_vertical_padding":"default","_kad_post_feature":"","_kad_post_feature_position":"","_kad_post_header":false,"_kad_post_footer":false,"_kad_post_classname":""},"product_brand":[],"product_cat":[15,28,27,17],"product_tag":[426,425,427],"class_list":{"0":"post-1103","1":"product","2":"type-product","3":"status-publish","4":"has-post-thumbnail","6":"product_cat-red-light-therapy","7":"product_cat-customize","8":"product_cat-red-light-therapy-belt","9":"product_cat-services","10":"product_tag-hair-removal-device-box","11":"product_tag-magnetic-hair-extensions-packaging-box","12":"product_tag-wig-magnetic-closure-box","14":"first","15":"instock","16":"shipping-taxable","17":"product-type-simple","18":"entry","19":"content-bg","20":"loop-entry"},"_links":{"self":[{"href":"https:\/\/red-lighttherapy.com\/it\/wp-json\/wp\/v2\/product\/1103","targetHints":{"allow":["GET"]}}],"collection":[{"href":"https:\/\/red-lighttherapy.com\/it\/wp-json\/wp\/v2\/product"}],"about":[{"href":"https:\/\/red-lighttherapy.com\/it\/wp-json\/wp\/v2\/types\/product"}],"wp:featuredmedia":[{"embeddable":true,"href":"https:\/\/red-lighttherapy.com\/it\/wp-json\/wp\/v2\/media\/1104"}],"wp:attachment":[{"href":"https:\/\/red-lighttherapy.com\/it\/wp-json\/wp\/v2\/media?parent=1103"}],"wp:term":[{"taxonomy":"product_brand","embeddable":true,"href":"https:\/\/red-lighttherapy.com\/it\/wp-json\/wp\/v2\/product_brand?post=1103"},{"taxonomy":"product_cat","embeddable":true,"href":"https:\/\/red-lighttherapy.com\/it\/wp-json\/wp\/v2\/product_cat?post=1103"},{"taxonomy":"product_tag","embeddable":true,"href":"https:\/\/red-lighttherapy.com\/it\/wp-json\/wp\/v2\/product_tag?post=1103"}],"curies":[{"name":"wp","href":"https:\/\/api.w.org\/{rel}","templated":true}]}}