{"id":1080,"date":"2025-04-16T07:33:52","date_gmt":"2025-04-16T07:33:52","guid":{"rendered":"https:\/\/red-lighttherapy.com\/?post_type=product&#038;p=1080"},"modified":"2025-04-16T07:57:50","modified_gmt":"2025-04-16T07:57:50","slug":"top-and-bottom-packaging-boxes-vendor-for-phone-accessories","status":"publish","type":"product","link":"https:\/\/red-lighttherapy.com\/it\/top-and-bottom-packaging-boxes-vendor-for-phone-accessories\/","title":{"rendered":"Venditore di scatole da imballaggio superiori e inferiori per accessori telefonici"},"content":{"rendered":"<h2 id=\"-mobile-phone-accessories-box-packaging-solution-\"><strong>Soluzione di imballaggio per scatole di accessori per telefoni cellulari<\/strong><\/h2>\n<h2 id=\"-i-core-material-environmentally-friendly-and-stable-\"><strong>1. Materiale di base: ecologico e stabile<\/strong><\/h2>\n<p><strong>Carta doppio rame di oltre 300 g<\/strong>\u00a0viene utilizzata come carta di superficie e\u00a0<strong>cartoncino grigio ad alta densit\u00e0 bianco su un solo lato<\/strong>\u00a0\u00e8 utilizzato come base per creare una struttura solida e stabile della scatola. La superficie della carta di rame \u00e8 liscia e delicata, con un'elevata riproduzione dei colori, che garantisce disegni stampati chiari e luminosi; il pannello grigio offre un'eccellente resistenza alla pressione e durata, fissando efficacemente gli accessori del telefono cellulare (come caricabatterie, cavi dati, cuffie, ecc.) per evitare scosse e collisioni durante il trasporto. Tutti i materiali sono conformi agli standard di protezione ambientale, supportano il riciclo e il riutilizzo e rispondono alla tendenza del packaging ecologico.<\/p>\n<h2 id=\"-ii-appearance-design-simple-and-atmospheric-the-brand-image-is-vivid-on-the-box-\"><strong>2. Design dell'aspetto: semplice e d'atmosfera, l'immagine del marchio \u00e8 vivida sulla scatola.<\/strong><\/h2>\n<ol>\n<li>Il corpo della scatola \u00e8 basato su\u00a0<strong>bianco puro<\/strong>\u00a0e adotta\u00a0<strong>tecnologia di stampa in quadricromia (CMYK)<\/strong>\u00a0per presentare con precisione il logo e le informazioni grafiche del cliente, garantendo la saturazione dei colori e la stratificazione dei dettagli.<\/li>\n<li>Supporto\u00a0<strong>sfumatura, tinta piatta, stampa a caldo<\/strong>\u00a0e altri processi speciali, come l'aumento della lucentezza locale attraverso la stampa UV o l'utilizzo della tecnologia di goffratura per evidenziare il senso tridimensionale del logo del marchio.<\/li>\n<li>La superficie delle scatole superiori e inferiori adotta\u00a0<strong>tecnologia di laminazione del film opaco<\/strong>\u00a0per migliorare la resistenza all'usura e le prestazioni anti-fouling, non lascia facilmente impronte o graffi nell'uso quotidiano e migliora la consistenza del corpo della scatola.<\/li>\n<\/ol>\n<h2 id=\"-three-structural-optimization-humanized-opening-and-closing-and-adaptability-\"><strong>3. ottimizzazione strutturale: apertura e chiusura umanizzata e adattabilit\u00e0<\/strong><\/h2>\n<ol>\n<li><strong>Facile da aprire e chiudere<\/strong>: Il coperchio della scatola e il fondo della scatola adottano una tecnologia di fustellatura di precisione e il design di rallentamento dell'aria garantisce che il fondo della scatola cada dolcemente quando si apre la scatola (in riferimento alla struttura brevettata da Apple).<\/li>\n<li><strong>Posizione laterale delle dita<\/strong>: Il lato \u00e8 dotato di una scanalatura ad arco, che pu\u00f2 essere facilmente aperta con una sola mano per migliorare l'esperienza d'uso.<\/li>\n<li>Fornire\u00a0<strong>quadrato, esagonale, a cassetto, ad aspirazione magnetica<\/strong>\u00a0e altri tipi di scatole per adattarsi alle diverse dimensioni degli accessori e alle esigenze di esposizione. Ad esempio:<\/li>\n<li><strong>Cassettiera<\/strong>: Adatto a set combinati di pi\u00f9 accessori, il design a estrazione laterale \u00e8 facile da classificare e riporre.<\/li>\n<li><strong>Scatola con fibbia magnetica<\/strong>: La scelta migliore per i modelli di fascia alta, con una chiusura stabile e un forte senso della cerimonia.<\/li>\n<\/ol>\n<h2 id=\"-fourth-customized-service-flexibly-meet-personalized-needs-\"><strong>4. Servizio personalizzato: soddisfa in modo flessibile le esigenze personali<\/strong><\/h2>\n<ol>\n<li>Supporta il design personalizzato dell'intera superficie della scatola, che pu\u00f2 essere integrato con storie di marca, parametri di prodotto o illustrazioni artistiche. Ad esempio:<\/li>\n<li><strong>Incavo parziale<\/strong>: Con una finestra trasparente per visualizzare i dettagli degli accessori.<\/li>\n<li><strong>Elementi culturali<\/strong>: Combinata con la tecnologia di stampa a caldo per presentare i motivi tradizionali ed evidenziare il tono del prodotto.<\/li>\n<li>Personalizzare la struttura del rivestimento in base alle dimensioni degli accessori (come cuffie wireless, alimentatori mobili) e all'utilizzo\u00a0<strong>Vassoi blister in EVA o cartone alveolare<\/strong>\u00a0per fissare il prodotto, tenendo conto sia della protezione che della leggerezza.<\/li>\n<\/ol>\n<h2 id=\"-v-production-capacity-and-quality-control-guarantee-\"><strong>5. Capacit\u00e0 di produzione e garanzia di controllo della qualit\u00e0<\/strong><\/h2>\n<ol>\n<li>Con\u00a0<strong>5.320 metri quadrati di moderna officina<\/strong>dotata di macchine fustellatrici completamente automatiche, linee di stampa UV e impianti di laminazione ecologici, supporta una capacit\u00e0 produttiva giornaliera di oltre 100.000 pezzi e il ciclo di consegna \u00e8 ridotto a\u00a0<strong>15-20 giorni lavorativi<\/strong>.<\/li>\n<li>Dallo stoccaggio delle materie prime alla consegna dei prodotti finiti, realizziamo\u00a0<strong>processi di ispezione della qualit\u00e0 a sei livelli<\/strong>tra cui il rilevamento della differenza di colore (\u0394E\u22641,5), il test di caduta (1,5 metri di altezza senza danni), il test di resistenza all'umidit\u00e0 e alle intemperie, ecc.<\/li>\n<\/ol>\n<h2 id=\"-vi-application-scenarios-and-case-studies-\"><strong>6. Scenari applicativi e casi di studio<\/strong><\/h2>\n<ul>\n<li><strong>Accessori di alta gamma<\/strong>Come la scatola delle cuffie Bluetooth senza fili, la scatola di aspirazione magnetica e la stampa a caldo del logo migliorano l'esperienza dell'unboxing.<\/li>\n<li><strong>Set ecologico<\/strong>Utilizzando cartone grigio degradabile e stampa a inchiostro, in linea con il concetto di sviluppo sostenibile.<\/li>\n<\/ul>\n<h2 id=\"-choose-us-you-will-get-\"><strong>Scegliendo noi, otterrete:<\/strong><\/h2>\n<p>\u2705\u00a0<strong>Team di progettazione professionale<\/strong>: Servizio 1 to 1 dalla comunicazione della domanda alla conferma della prova di stampa. \u2705\u00a0<strong>Consegna efficiente<\/strong>: Gli ordini spediti possono essere spediti in 7 giorni, supportando il monitoraggio della logistica globale. \u2705\u00a0<strong>Ottimizzazione dei costi<\/strong>: Acquisti su larga scala e produzione snella, 15%-20% inferiore al prezzo medio di mercato.<\/p>","protected":false},"excerpt":{"rendered":"<p>Il colore del coperchio e della base \u00e8 bianco puro e il processo di stampa in quadricromia consente di stampare con precisione il logo del cliente. Questo design crea uno stile generale semplice ed elegante. Sono stati scelti materiali di alta qualit\u00e0, con carta patinata come facciata e un cartoncino bianco grigio monofacciale come base. Il corpo della scatola \u00e8 solido e stabile e il prodotto pu\u00f2 essere fissato in modo affidabile.<\/p>","protected":false},"featured_media":1089,"template":"","meta":{"_kad_post_transparent":"default","_kad_post_title":"","_kad_post_layout":"default","_kad_post_sidebar_id":"","_kad_post_content_style":"default","_kad_post_vertical_padding":"default","_kad_post_feature":"","_kad_post_feature_position":"","_kad_post_header":false,"_kad_post_footer":false,"_kad_post_classname":""},"product_brand":[],"product_cat":[15,19,17],"product_tag":[417,418,416],"class_list":{"0":"post-1080","1":"product","2":"type-product","3":"status-publish","4":"has-post-thumbnail","6":"product_cat-red-light-therapy","7":"product_cat-red-light-therapy-stand","8":"product_cat-services","9":"product_tag-phone-accessories-packaging-boxes","10":"product_tag-phone-packaging-boxes-vendor","11":"product_tag-top-and-bottom-packaging-boxes","13":"first","14":"instock","15":"shipping-taxable","16":"product-type-simple","17":"entry","18":"content-bg","19":"loop-entry"},"_links":{"self":[{"href":"https:\/\/red-lighttherapy.com\/it\/wp-json\/wp\/v2\/product\/1080","targetHints":{"allow":["GET"]}}],"collection":[{"href":"https:\/\/red-lighttherapy.com\/it\/wp-json\/wp\/v2\/product"}],"about":[{"href":"https:\/\/red-lighttherapy.com\/it\/wp-json\/wp\/v2\/types\/product"}],"wp:featuredmedia":[{"embeddable":true,"href":"https:\/\/red-lighttherapy.com\/it\/wp-json\/wp\/v2\/media\/1089"}],"wp:attachment":[{"href":"https:\/\/red-lighttherapy.com\/it\/wp-json\/wp\/v2\/media?parent=1080"}],"wp:term":[{"taxonomy":"product_brand","embeddable":true,"href":"https:\/\/red-lighttherapy.com\/it\/wp-json\/wp\/v2\/product_brand?post=1080"},{"taxonomy":"product_cat","embeddable":true,"href":"https:\/\/red-lighttherapy.com\/it\/wp-json\/wp\/v2\/product_cat?post=1080"},{"taxonomy":"product_tag","embeddable":true,"href":"https:\/\/red-lighttherapy.com\/it\/wp-json\/wp\/v2\/product_tag?post=1080"}],"curies":[{"name":"wp","href":"https:\/\/api.w.org\/{rel}","templated":true}]}}