{"id":1061,"date":"2025-04-16T06:22:13","date_gmt":"2025-04-16T06:22:13","guid":{"rendered":"https:\/\/red-lighttherapy.com\/?post_type=product&#038;p=1061"},"modified":"2025-04-16T06:54:40","modified_gmt":"2025-04-16T06:54:40","slug":"trading-logo-custom-printed-shopping-paper-bags-for-clothing","status":"publish","type":"product","link":"https:\/\/red-lighttherapy.com\/it\/trading-logo-custom-printed-shopping-paper-bags-for-clothing\/","title":{"rendered":"Trading Logo Custom stampato sacchetti di carta per la spesa per l'abbigliamento"},"content":{"rendered":"<h2 id=\"-trading-logo-custom-printed-shopping-paper-bags-for-clothing-product-description-\"><strong>Trading Logo Custom stampato sacchetti di carta per l'abbigliamento Descrizione del prodotto<\/strong><\/h2>\n<h2 id=\"-1-aesthetic-design-axially-symmetrical-geometric-shapes-and-mexican-totem-elements-\"><strong>1. Design estetico: Forme geometriche a simmetria assiale ed elementi totemici messicani.<\/strong><\/h2>\n<ul>\n<li><strong>Estetica simmetrica<\/strong>: Il sacchetto di carta adotta un design geometrico simmetrico, che trasmette una consistenza di alto livello e un senso di ordine attraverso il linguaggio visivo dell'equilibrio speculare tra destra e sinistra, conforme al concetto centrale di \"simmetria che porta comfort visivo e associazione di qualit\u00e0\" nel moderno design del packaging.<\/li>\n<li><strong>Fusione culturale<\/strong>: La grafica principale della superficie incorpora elementi totemici tradizionali messicani, come i motivi geometrici della civilt\u00e0 Maya o i simboli in stile azteco, con ricchi colori etnici (come il rosso ceramica e l'indaco), che non solo evidenziano l'inclusivit\u00e0 culturale del marchio, ma conferiscono alla borsa di carta un riconoscimento artistico unico.<\/li>\n<\/ul>\n<h2 id=\"-2-structural-optimization-bottom-load-bearing-reinforcement-and-flattening-adaptation-\"><strong>2. Ottimizzazione strutturale: rinforzo del fondo portante e adattamento dell'appiombo<\/strong><\/h2>\n<ul>\n<li><strong>Processo di rinforzo del fondo<\/strong>: Viene adottato il design della struttura del fondo della scatola con chiusura automatica e il supporto del fondo viene migliorato grazie alla fustellatura precisa e al processo di incollaggio del cartone a doppio strato. \u00c8 in grado di soddisfare le esigenze di trasporto di prodotti piatti come costumi da bagno e teli da mare, evitando la deformazione dovuta all'impilamento o all'estrusione.<\/li>\n<li><strong>Aggiornamento dell'adattabilit\u00e0<\/strong>: La proporzione del corpo della borsa \u00e8 stata calcolata meccanicamente e lo spazio interno pu\u00f2 essere adattato in modo flessibile alla piegatura e allo stoccaggio di indumenti sottili e leggeri. Allo stesso tempo, il tampone del bordo \u00e8 riservato per ridurre la perdita di attrito.<\/li>\n<\/ul>\n<h2 id=\"-3-material-selection-environmentally-friendly-high-weight-white-cardboard-and-thickened-ribbon-\"><strong>3. Scelta del materiale: cartone bianco ecologico ad alta grammatura e nastro spessorato.<\/strong><\/h2>\n<ul>\n<li><strong>Certificazione ambientale<\/strong>\u00c8 stato scelto un cartone bianco ad alta grammatura da 280 g\/m\u00b2, con certificazione forestale FSC per garantire che le materie prime provengano da foreste gestite in modo sostenibile, tenendo conto delle propriet\u00e0 di rigidit\u00e0 e protezione ambientale.<\/li>\n<li><strong>Maniglia portante<\/strong>: I doppi manici sono realizzati in nastro ispessito (larghezza \u2265 20 mm), con un nucleo di fibra di trazione incorporato all'interno, e il carico su un solo lato pu\u00f2 raggiungere gli 8 kg, garantendo il comfort e la durata della mano.<\/li>\n<\/ul>\n<h2 id=\"-4-customization-flexibility-and-process-combination-\"><strong>4. Flessibilit\u00e0 di personalizzazione e combinazione di processi<\/strong><\/h2>\n<ul>\n<li><strong>Processo modulare<\/strong>: Supporta la combinazione modulare di processi come la stampa a caldo, la goffratura e la verniciatura locale UV. Ad esempio, le linee dei totem utilizzano la stampa a caldo per migliorare l'effetto tridimensionale, mentre il logo del marchio pu\u00f2 essere sovrapposto a un disegno di chiusura magnetica per migliorare il senso di apertura e chiusura.<\/li>\n<li><strong>Quantit\u00e0 d'ordine bassa<\/strong>: La quantit\u00e0 minima ordinabile \u00e8 di 500 pezzi, con possibilit\u00e0 di personalizzazione profonda di dimensioni, colori e modelli, senza costi aggiuntivi di stampo, per soddisfare le esigenze di ordini di prova leggeri di marchi di piccole e medie dimensioni.<\/li>\n<\/ul>\n<h2 id=\"-5-production-guarantee-and-production-capacity-advantage-\"><strong>5. Garanzia di produzione e vantaggio in termini di capacit\u00e0 produttiva<\/strong><\/h2>\n<ul>\n<li><strong>Certificazione delle qualifiche<\/strong>: Affidandosi alla fabbrica certificata ISO 9001\/FSC con 16 anni di qualifiche, l'intero processo \u00e8 conforme al sistema internazionale di gestione della qualit\u00e0 e della protezione ambientale, per garantire che il prodotto superi il test di sicurezza dell'SGS.<\/li>\n<li><strong>Consegna efficiente<\/strong>: La fabbrica ha una capacit\u00e0 produttiva giornaliera di 1 milione di pezzi, supporta il proofing di 72 ore e la consegna di lotti di 15 giorni ed \u00e8 dotata di un sistema di magazzino intelligente per garantire il tasso di evasione degli ordini durante l'alta stagione.<\/li>\n<\/ul>\n<p id=\"-application-scenarios-suitable-for-clothing-stores-e-commerce-gift-packaging-brand-flash-events-and-other-scenarios-with-both-functionality-and-brand-communication-value-through-the-dual-innovation-of-vision-and-structure-it-helps-customers-establish-a-differentiated-image-in-the-competitive-market-\"><strong>Scenari di applicazione<\/strong>: Adatto per negozi di abbigliamento, confezioni regalo per il commercio elettronico, eventi flash del marchio e altri scenari, con funzionalit\u00e0 e valore di comunicazione del marchio. Grazie alla duplice innovazione di visione e struttura, aiuta i clienti a stabilire un'immagine differenziata nel mercato competitivo.<\/p>","protected":false},"excerpt":{"rendered":"<p>Questo sacchetto regalo in carta ha una forma geometrica simmetrica sull'asse centrale, che conferisce un senso di equilibrio visivo. Il fondo robusto e portante impedisce al prodotto di deformarsi durante il trasporto. Pu\u00f2 essere utilizzato per prodotti piatti come costumi da bagno e teli da mare.<\/p>","protected":false},"featured_media":1062,"template":"","meta":{"_kad_post_transparent":"default","_kad_post_title":"","_kad_post_layout":"default","_kad_post_sidebar_id":"","_kad_post_content_style":"default","_kad_post_vertical_padding":"default","_kad_post_feature":"","_kad_post_feature_position":"","_kad_post_header":false,"_kad_post_footer":false,"_kad_post_classname":""},"product_brand":[],"product_cat":[15,30,17],"product_tag":[407,409,408],"class_list":{"0":"post-1061","1":"product","2":"type-product","3":"status-publish","4":"has-post-thumbnail","6":"product_cat-red-light-therapy","7":"product_cat-dropshipping","8":"product_cat-services","9":"product_tag-custom-paper-bags-for-clothing","10":"product_tag-logo-custom-clothing-paper-bags","11":"product_tag-shopping-paper-bags","13":"first","14":"instock","15":"shipping-taxable","16":"product-type-simple","17":"entry","18":"content-bg","19":"loop-entry"},"_links":{"self":[{"href":"https:\/\/red-lighttherapy.com\/it\/wp-json\/wp\/v2\/product\/1061","targetHints":{"allow":["GET"]}}],"collection":[{"href":"https:\/\/red-lighttherapy.com\/it\/wp-json\/wp\/v2\/product"}],"about":[{"href":"https:\/\/red-lighttherapy.com\/it\/wp-json\/wp\/v2\/types\/product"}],"wp:featuredmedia":[{"embeddable":true,"href":"https:\/\/red-lighttherapy.com\/it\/wp-json\/wp\/v2\/media\/1062"}],"wp:attachment":[{"href":"https:\/\/red-lighttherapy.com\/it\/wp-json\/wp\/v2\/media?parent=1061"}],"wp:term":[{"taxonomy":"product_brand","embeddable":true,"href":"https:\/\/red-lighttherapy.com\/it\/wp-json\/wp\/v2\/product_brand?post=1061"},{"taxonomy":"product_cat","embeddable":true,"href":"https:\/\/red-lighttherapy.com\/it\/wp-json\/wp\/v2\/product_cat?post=1061"},{"taxonomy":"product_tag","embeddable":true,"href":"https:\/\/red-lighttherapy.com\/it\/wp-json\/wp\/v2\/product_tag?post=1061"}],"curies":[{"name":"wp","href":"https:\/\/api.w.org\/{rel}","templated":true}]}}