{"id":1059,"date":"2025-04-16T06:18:27","date_gmt":"2025-04-16T06:18:27","guid":{"rendered":"https:\/\/red-lighttherapy.com\/?post_type=product&#038;p=1059"},"modified":"2025-04-16T06:22:03","modified_gmt":"2025-04-16T06:22:03","slug":"elegant-lid-and-base-gift-box-smart-watch-packaging-solution","status":"publish","type":"product","link":"https:\/\/red-lighttherapy.com\/it\/elegant-lid-and-base-gift-box-smart-watch-packaging-solution\/","title":{"rendered":"Soluzione di imballaggio per orologi intelligenti con coperchio e base eleganti"},"content":{"rendered":"<h2 id=\"-product-description-of-smart-watch-top-and-bottom-cover-gift-box-\"><strong>Descrizione del prodotto di Smart Watch Top e Bottom Cover confezione regalo<\/strong><\/h2>\n<h2 id=\"1-classic-top-and-bottom-cover-structure-\">1.\u00a0<strong>Struttura classica del coperchio superiore e inferiore<\/strong><\/h2>\n<p>La struttura del coperchio superiore e inferiore \u00e8 formata da stampi di precisione. Le scatole superiori e inferiori sono realizzate secondo il rapporto aureo. Si adattano perfettamente l'una all'altra e il processo di apertura e chiusura \u00e8 fluido grazie alla tecnologia di smorzamento magnetico. Il suono del \"clic\" quando il coperchio della scatola viene chiuso \u00e8 nitido e piacevole, e d\u00e0 un senso di rituale quando si disimballa; all'interno \u00e8 stato aggiunto un design a cerniera nascosta per garantire che rimanga stabile e chiuso dopo molteplici utilizzi.<\/p>\n<h2 id=\"2-minimalist-square-profile-\">2.\u00a0<strong>Profilo quadrato minimalista<\/strong><\/h2>\n<p>Sulla base della forma quadrata standard di 130 mm\u00d7130 mm\u00d760 mm, i bordi sono smussati con un processo di smussatura a micro-arco, che non solo evita la rigidit\u00e0 di bordi e angoli, ma si adatta anche all'estetica minimalista moderna. Il corpo della scatola ha linee dritte e pulite e consente di risparmiare 50% di spazio di stoccaggio quando \u00e8 impilata ed \u00e8 adatta alle esigenze di trasporto di pallet standardizzati per la logistica.<\/p>\n<h2 id=\"3-matte-gold-decoration-and-pure-background-\">3.\u00a0<strong>Decorazione in oro opaco e sfondo puro<\/strong><\/h2>\n<p>Il corpo della scatola \u00e8 realizzato in cartone bianco ecologico certificato FSC e la superficie \u00e8 ricoperta da un delicato rivestimento perlescente. Il colore principale \u00e8 il bianco puro RAL 9016, che simboleggia il gene della tecnologia e della purezza del marchio. Il bordo del coperchio della scatola \u00e8 intarsiato con un bordo in lega d'oro opaco di 0,5 mm di larghezza e la tecnologia di trasferimento termico nano \u00e8 utilizzata per ottenere bordi senza soluzione di continuit\u00e0, che migliorano il livello visivo.<\/p>\n<h2 id=\"4-geometric-artistic-expression-\">4.\u00a0<strong>Espressione artistica geometrica<\/strong><\/h2>\n<p>La superficie della scatola \u00e8 basata su una texture esagonale a nido d'ape con sfumature dal grigio chiaro al bianco, mentre le luci e le ombre tridimensionali sono delineate in alcune parti con linee d'oro chiaro stampate a caldo. La precisione del disegno raggiunge i 300 dpi, realizzando la filosofia del design \"nascondere ma non nascondere\". La fodera pu\u00f2 essere dotata, a scelta, di spugna EVA di 3 mm di spessore o di materiale floccato, e il profilo dell'orologio \u00e8 formato da un'incisione laser che tiene conto delle funzioni di protezione e di visualizzazione.<\/p>\n<h2 id=\"5-modular-customization-system-\">5.\u00a0<strong>Sistema di personalizzazione modulare<\/strong><\/h2>\n<ul>\n<li><strong>Adattamento flessibile delle dimensioni<\/strong>: Supporto alla personalizzazione, in grado di abbinare orologi quadrati, cilindrici e di altre forme speciali.<\/li>\n<li><strong>Innovazione strutturale<\/strong>: Fornisce strutture diverse, come la copertura magnetica a ribalta, la stratificazione a cassetto e il supporto espositivo galleggiante, con chip NFC incorporato per realizzare l'interazione digitale dell'imballaggio.<\/li>\n<li><strong>Processo di stampa<\/strong>: UV locale opzionale, goffratura, stampa a freddo di lamine colorate e altri processi, supporto della corrispondenza dei colori spot Pantone e dell'impianto di strati AR.<\/li>\n<li><strong>Aggiornamento ambientale<\/strong>: Fornisce opzioni ecologiche come i fondi di caff\u00e8, la pelle riciclata e i materiali plastici marini riciclati, con un codice QR per la tracciabilit\u00e0 dell'impronta di carbonio.<\/li>\n<\/ul>","protected":false},"excerpt":{"rendered":"<p>Adotta la classica struttura della scatola superiore e inferiore, che si allaccia saldamente e si apre e chiude senza problemi, mostrando il senso cerimoniale delle scatole regalo di fascia alta. \u00c8 adatta al confezionamento di categorie di alto valore come beni di lusso, prodotti di bellezza e gioielli.<\/p>","protected":false},"featured_media":1054,"template":"","meta":{"_kad_post_transparent":"default","_kad_post_title":"","_kad_post_layout":"default","_kad_post_sidebar_id":"","_kad_post_content_style":"default","_kad_post_vertical_padding":"default","_kad_post_feature":"","_kad_post_feature_position":"","_kad_post_header":false,"_kad_post_footer":false,"_kad_post_classname":""},"product_brand":[],"product_cat":[15,19,17],"product_tag":[406,404,405],"class_list":{"0":"post-1059","1":"product","2":"type-product","3":"status-publish","4":"has-post-thumbnail","6":"product_cat-red-light-therapy","7":"product_cat-red-light-therapy-stand","8":"product_cat-services","9":"product_tag-elegant-smart-watch-packaging-box","10":"product_tag-lid-and-base-smart-watch-box","11":"product_tag-smart-watch-packaging-solution","13":"first","14":"instock","15":"shipping-taxable","16":"product-type-simple","17":"entry","18":"content-bg","19":"loop-entry"},"_links":{"self":[{"href":"https:\/\/red-lighttherapy.com\/it\/wp-json\/wp\/v2\/product\/1059","targetHints":{"allow":["GET"]}}],"collection":[{"href":"https:\/\/red-lighttherapy.com\/it\/wp-json\/wp\/v2\/product"}],"about":[{"href":"https:\/\/red-lighttherapy.com\/it\/wp-json\/wp\/v2\/types\/product"}],"wp:featuredmedia":[{"embeddable":true,"href":"https:\/\/red-lighttherapy.com\/it\/wp-json\/wp\/v2\/media\/1054"}],"wp:attachment":[{"href":"https:\/\/red-lighttherapy.com\/it\/wp-json\/wp\/v2\/media?parent=1059"}],"wp:term":[{"taxonomy":"product_brand","embeddable":true,"href":"https:\/\/red-lighttherapy.com\/it\/wp-json\/wp\/v2\/product_brand?post=1059"},{"taxonomy":"product_cat","embeddable":true,"href":"https:\/\/red-lighttherapy.com\/it\/wp-json\/wp\/v2\/product_cat?post=1059"},{"taxonomy":"product_tag","embeddable":true,"href":"https:\/\/red-lighttherapy.com\/it\/wp-json\/wp\/v2\/product_tag?post=1059"}],"curies":[{"name":"wp","href":"https:\/\/api.w.org\/{rel}","templated":true}]}}