{"id":1035,"date":"2025-04-16T05:14:08","date_gmt":"2025-04-16T05:14:08","guid":{"rendered":"https:\/\/red-lighttherapy.com\/?post_type=product&#038;p=1035"},"modified":"2025-04-16T05:34:02","modified_gmt":"2025-04-16T05:34:02","slug":"china-fabrication-magnetic-collapsible-gift-box-with-ribbon","status":"publish","type":"product","link":"https:\/\/red-lighttherapy.com\/it\/china-fabrication-magnetic-collapsible-gift-box-with-ribbon\/","title":{"rendered":"Cina fabbricazione magnetico pieghevole Gift Box con nastro"},"content":{"rendered":"<h2 id=\"-product-description-of-magnetic-folding-gift-box-made-in-china-with-ribbon-\"><strong>Descrizione del prodotto di Magnetic Folding Gift Box Made in China (con nastro)<\/strong><\/h2>\n<h2 id=\"-i-product-structure-and-functional-design-\"><strong>1. Struttura del prodotto e design funzionale<\/strong><\/h2>\n<ol>\n<li><strong>Tipo di scatola magnetica e ottimizzazione dello spazio<\/strong>\u00a0La scatola da regalo adotta un design dalla struttura geometrica e nitida. Grazie a una precisa tecnologia di piegatura, lo spazio interno \u00e8 massimizzato e vari oggetti come gioielli, oggetti di artigianato e cosmetici possono essere conservati in modo stabile. Il corpo della scatola combina un pannello grigio ad alta resistenza e uno strato intermedio di cartone ondulato, con una forte resistenza alla pressione, una capacit\u00e0 di carico di oltre 2 kg e una deformazione non facile dopo l'uso a lungo termine, assicurando che il contenuto sia collocato saldamente.<\/li>\n<li><strong>Sistema di chiusura magnetica<\/strong>\u00a0Struttura magnetica di alta precisione incorporata, saldamente adsorbita quando \u00e8 chiusa, processo di apertura e chiusura fluido e silenzioso, che non solo migliora la praticit\u00e0 d'uso, ma d\u00e0 anche un senso di rituale quando si apre la scatola. La disposizione dei punti magnetici \u00e8 stata calcolata meccanicamente per garantire il mantenimento di prestazioni stabili anche dopo un uso ripetuto.<\/li>\n<\/ol>\n<h2 id=\"-second-materials-and-environmental-protection-characteristics-\"><strong>2. Materiali e caratteristiche di protezione ambientale<\/strong><\/h2>\n<ol>\n<li><strong>Materiali di alta qualit\u00e0 per la protezione dell'ambiente<\/strong>\u00a0Lo strato esterno utilizza carta patinata da 300 g e la superficie \u00e8 ricoperta dalla tecnologia di laminazione opaca, che ha un tocco delicato ed \u00e8 resistente ai graffi; lo strato interno utilizza cartone grigio per alimenti e carta artistica ecologica, che ha superato le certificazioni ISO9001 e ROHS, \u00e8 riciclabile e degradabile e tiene conto sia della capacit\u00e0 di carico che delle esigenze di protezione ambientale. La struttura della scatola \u00e8 stata appositamente rinforzata e pu\u00f2 essere riutilizzata pi\u00f9 di 50 volte per ridurre i costi di perdita.<\/li>\n<\/ol>\n<h2 id=\"-third-visual-aesthetics-and-brand-adaptation-\"><strong>3. Estetica visiva e adattamento del marchio<\/strong><\/h2>\n<ol>\n<li><strong>Abbinamenti cromatici di lusso di basso profilo<\/strong>\u00a0Il colore principale \u00e8 l'oro beige, con un trattamento superficiale a texture opaca, che presenta una sensazione di lusso low-key, adatta alla tonalit\u00e0 dei marchi di fascia alta. La superficie della scatola pu\u00f2 essere personalizzata con goffratura, stampa a caldo, stampa UV e altri processi, supportando il LOGO del marchio o il design personalizzato del modello, che visivamente non passa in secondo piano, evidenziando il valore del contenuto.<\/li>\n<li><strong>Design a nastro bicolore<\/strong>\u00a0L'uso innovativo di doppi nastri in oro rosa e oro beige pu\u00f2 essere decorato in modo incrociato per esaltare la squisitezza della confezione regalo, e pu\u00f2 essere utilizzato anche come cinturino a mano per aumentarne la praticit\u00e0.<\/li>\n<\/ol>\n<h2 id=\"-fourth-folding-design-and-transportation-advantages-\"><strong>4. Design pieghevole e vantaggi di trasporto<\/strong><\/h2>\n<ol>\n<li><strong>La struttura pieghevole riduce i costi e aumenta l'efficienza<\/strong>\u00a0Dopo la piegatura, lo spessore \u00e8 di soli 2,5 cm e il volume si riduce di 87,5%, riducendo notevolmente i costi di stoccaggio e logistica. L'assemblaggio non richiede alcuna attrezzatura e pu\u00f2 essere manifestato in 3 secondi, adatto al trasporto in lotti e a scenari di vendita al dettaglio. L'imballaggio utilizza cartone ondulato a prova di umidit\u00e0 per garantire l'assenza di danni durante il trasporto su lunghe distanze.<\/li>\n<\/ol>\n<h2 id=\"-five-multi-scenario-application-\"><strong>5. Applicazione multiscenario<\/strong><\/h2>\n<ol>\n<li><strong>Confezione regalo<\/strong>: Adatto per matrimoni e regali di Natale, per la protezione di oggetti delicati con strato alternativo di schiuma antiurto sottostante.<\/li>\n<li><strong>Display di lusso<\/strong>: Adatto per prodotti di alta gamma come gioielli e orologi con nastri per aumentare gli effetti visivi del cabinet.<\/li>\n<li><strong>Magazzino per l'artigianato<\/strong>: La suddivisione personalizzabile della scatola \u00e8 adatta per la conservazione di divisori, manufatti di dimensioni specializzate come utensili in porcellana e lacca.<\/li>\n<\/ol>","protected":false},"excerpt":{"rendered":"<p>Questa scatola con chiusura magnetica ha bordi e angoli chiari, massimizza l'uso dello spazio interno, \u00e8 comoda per riporre vari oggetti e si posiziona in modo stabile. \u00c8 adatta a molteplici scenari di utilizzo, come regali, beni di lusso, artigianato, ecc. e tiene conto sia della bellezza che della funzionalit\u00e0.<\/p>","protected":false},"featured_media":1036,"template":"","meta":{"_kad_post_transparent":"default","_kad_post_title":"","_kad_post_layout":"default","_kad_post_sidebar_id":"","_kad_post_content_style":"default","_kad_post_vertical_padding":"default","_kad_post_feature":"","_kad_post_feature_position":"","_kad_post_header":false,"_kad_post_footer":false,"_kad_post_classname":""},"product_brand":[],"product_cat":[15,22,17],"product_tag":[395,397,396],"class_list":{"0":"post-1035","1":"product","2":"type-product","3":"status-publish","4":"has-post-thumbnail","6":"product_cat-red-light-therapy","7":"product_cat-red-light-therapy-blanket","8":"product_cat-services","9":"product_tag-china-gift-box","10":"product_tag-collapsible-gift-box-with-ribbon","11":"product_tag-magnetic-collapsible-gift-box","13":"first","14":"instock","15":"shipping-taxable","16":"product-type-simple","17":"entry","18":"content-bg","19":"loop-entry"},"_links":{"self":[{"href":"https:\/\/red-lighttherapy.com\/it\/wp-json\/wp\/v2\/product\/1035","targetHints":{"allow":["GET"]}}],"collection":[{"href":"https:\/\/red-lighttherapy.com\/it\/wp-json\/wp\/v2\/product"}],"about":[{"href":"https:\/\/red-lighttherapy.com\/it\/wp-json\/wp\/v2\/types\/product"}],"wp:featuredmedia":[{"embeddable":true,"href":"https:\/\/red-lighttherapy.com\/it\/wp-json\/wp\/v2\/media\/1036"}],"wp:attachment":[{"href":"https:\/\/red-lighttherapy.com\/it\/wp-json\/wp\/v2\/media?parent=1035"}],"wp:term":[{"taxonomy":"product_brand","embeddable":true,"href":"https:\/\/red-lighttherapy.com\/it\/wp-json\/wp\/v2\/product_brand?post=1035"},{"taxonomy":"product_cat","embeddable":true,"href":"https:\/\/red-lighttherapy.com\/it\/wp-json\/wp\/v2\/product_cat?post=1035"},{"taxonomy":"product_tag","embeddable":true,"href":"https:\/\/red-lighttherapy.com\/it\/wp-json\/wp\/v2\/product_tag?post=1035"}],"curies":[{"name":"wp","href":"https:\/\/api.w.org\/{rel}","templated":true}]}}