{"id":1022,"date":"2025-04-16T04:08:32","date_gmt":"2025-04-16T04:08:32","guid":{"rendered":"https:\/\/red-lighttherapy.com\/?post_type=product&#038;p=1022"},"modified":"2025-04-16T05:43:16","modified_gmt":"2025-04-16T05:43:16","slug":"silver-hologram-paper-folding-gift-sephora-packaging-boxes","status":"publish","type":"product","link":"https:\/\/red-lighttherapy.com\/it\/silver-hologram-paper-folding-gift-sephora-packaging-boxes\/","title":{"rendered":"Argento ologramma carta pieghevole regalo Sephora imballaggio scatole"},"content":{"rendered":"<h2 id=\"-silver-hologram-paper-folding-gift-sephora-packaging-boxes-\"><strong>Argento ologramma carta pieghevole regalo Sephora imballaggio scatole<\/strong><\/h2>\n<h2 id=\"-1-regular-folding-structure-design-both-functional-and-aesthetic-\"><strong>1. Design regolare della struttura pieghevole, funzionale ed estetico.<\/strong><\/h2>\n<p>Il\u00a0<strong>\"Processo di combinazione \"linea di traccia + linea di coltello<\/strong>\u00a0\u00e8 utilizzato per ottimizzare il layout della linea di piegatura, per garantire un'apertura e una chiusura fluide e una forma stabile. Il corpo della scatola utilizza il\u00a0<strong>Struttura ad incastro a L<\/strong>\u00a0per ottenere un adattamento preciso a scatto degli strati superiore e inferiore, migliorare la resistenza alla compressione e la tenuta della chiusura ed evitare l'apertura accidentale durante il trasporto. Configurazione interna\u00a0<strong>Divisori a strati rimovibili<\/strong>\u00a0supportano lo stoccaggio di partizioni personalizzate, si adattano alle esigenze fisse di cosmetici, profumi e altri prodotti di diverse dimensioni e tengono conto della capacit\u00e0 e della portabilit\u00e0.<\/p>\n<h2 id=\"-2-flat-folding-design-efficient-adaptation-to-multiple-scenarios-\"><strong>2. Design pieghevole piatto, adattamento efficiente a pi\u00f9 scenari<\/strong><\/h2>\n<p>Attraverso\u00a0<strong>linee di piegatura preimpostate e tecnologia del cartone alveolare<\/strong>La scatola di imballaggio pu\u00f2 essere completamente appiattita per l'immagazzinamento e il tasso di compressione \u00e8 aumentato da\u00a0<strong>pi\u00f9 di 50%<\/strong>riducendo notevolmente i costi di stoccaggio e logistica. \u00c8 adatto per il trasporto di merci sfuse nel commercio elettronico, per l'esposizione rapida al dettaglio e per gli scenari di riutilizzo da parte dei consumatori. Lo spessore dopo la piegatura \u00e8 solo\u00a0<strong>3 mm<\/strong>e una singola scatola pu\u00f2 essere impilata fino a\u00a0<strong>200<\/strong>migliorando in modo significativo l'utilizzo dello spazio.<\/p>\n<h2 id=\"-3-high-strength-environmentally-friendly-material-lightweight-and-load-bearing-\"><strong>3. Materiale ecologico ad alta resistenza, leggero e portante.<\/strong><\/h2>\n<p>Il corpo principale \u00e8 realizzato in\u00a0<strong>Carta patinata certificata FSC<\/strong>\u00a0(80g\/m\u00b2), e la tecnologia di rinforzo della base di carta composita viene utilizzata per ottenere\u00a0<strong>equilibrio tra leggerezza ed elevata rigidit\u00e0<\/strong>. La superficie della carta \u00e8 rivestita con\u00a0<strong>rivestimento ecologico a base d'acqua<\/strong>e la resistenza allo strappo aumenta di\u00a0<strong>30%<\/strong>. La singola scatola pu\u00f2 contenere\u00a0<strong>2 kg<\/strong>e pu\u00f2 caricare in modo sicuro oggetti fragili come le bottiglie di vetro. Il design del bordo di rinforzo della scatola \u00e8 abbinato a una maniglia ergonomica, facile da tenere con una sola mano, che garantisce portabilit\u00e0 e durata.<\/p>\n<h2 id=\"-4-sustainable-forest-management-environmental-certification-guarantee-\"><strong>4. Gestione forestale sostenibile, garanzia di certificazione ambientale<\/strong><\/h2>\n<p>Le materie prime seguono rigorosamente il\u00a0<strong>Standard di certificazione forestale FSC<\/strong>\u00a0(Forest Stewardship Council), che garantisce che la fonte della pasta di cellulosa possa essere ricondotta a foreste gestite in modo sostenibile. L'intero processo di produzione utilizza\u00a0<strong>Adesivo senza solventi<\/strong>\u00a0e\u00a0<strong>processo a bassa copertura di inchiostro<\/strong>\u00a0(&lt;20%), conforme agli standard di protezione ambientale REACH dell&#039;UE e in grado di sostenere\u00a0<strong>100% riciclabile e degradabile<\/strong>.<\/p>\n<h2 id=\"-5-holographic-iridescence-dynamic-display-visual-impact-upgrade-\"><strong>5. Visualizzazione dinamica dell'iridescenza olografica, aggiornamento dell'impatto visivo<\/strong><\/h2>\n<p>L'applicazione in superficie\u00a0<strong>tecnologia olografica a scrittura diretta con microstruttura di terza generazione<\/strong>\u00a0regali\u00a0<strong>effetto dinamico di iridescenza sfumata<\/strong>\u00a0attraverso la disposizione di reticoli a livello nanometrico. Sotto la rifrazione della luce,\u00a0<strong>transizione di colore multi-angolo<\/strong>\u00a0(come blu argento\u2192 rosso porpora\u2192 verde oro) possono essere visualizzati, con\u00a0<strong>substrato di alluminio ad alta riflessione<\/strong>La trama del metallo e l'iridescenza della luce e dell'ombra si intrecciano e il riconoscimento visivo \u00e8 migliorato da\u00a0<strong>200%<\/strong>. Adatto per l'esposizione di prodotti di bellezza di alta gamma per migliorare l'attrattiva degli scaffali.<\/p>\n<h2 id=\"-6-minimalist-design-philosophy-function-oriented-aesthetics-\"><strong>6. Filosofia di design minimalista, estetica orientata alla funzione<\/strong><\/h2>\n<p>Aderendo al programma di Sephora\u00a0<strong>\"Meno \u00e8 meglio\"<\/strong>\u00a0Il concetto di marchio, l'eliminazione degli elementi decorativi ridondanti e la costruzione di livelli visivi con\u00a0<strong>linee di taglio geometriche<\/strong>\u00a0e\u00a0<strong>superfici a contrasto opaco-lucido<\/strong>. La superficie della scatola conserva solo la\u00a0<strong>logo del marchio inciso al laser<\/strong>concentrandosi sulle funzioni principali del prodotto e adattandosi al tono dei prodotti di lusso e minimalisti.<\/p>\n<h2 id=\"-applicable-scenarios-\"><strong>Scenari applicabili<\/strong><\/h2>\n<ul>\n<li><strong>Logistica del commercio elettronico<\/strong>: La piegatura in piano \u00e8 adatta allo smistamento automatico per ridurre le perdite di trasporto.<\/li>\n<li><strong>Esposizione al dettaglio<\/strong>: L'iridescenza olografica attira il flusso dei clienti e migliora il tasso di conversione dei terminali<\/li>\n<li><strong>Regalo per le vacanze<\/strong>: Pu\u00f2 essere personalizzato per un uso secondario come contenitore per estendere il ciclo di vita.<\/li>\n<\/ul>","protected":false},"excerpt":{"rendered":"<p>Questa scatola rigida adotta un design a struttura pieghevole regolare, con apertura e chiusura fluide e forma stabile, tenendo conto della capacit\u00e0 di stoccaggio e della portabilit\u00e0. La carta olografica presenta un gradiente iridescente dinamico con un effetto di visualizzazione ad alta intensit\u00e0. Ha superato la certificazione forestale FSC per garantire la tracciabilit\u00e0 e la rinnovabilit\u00e0 delle materie prime, in linea con la tendenza allo sviluppo sostenibile.<\/p>","protected":false},"featured_media":1026,"template":"","meta":{"_kad_post_transparent":"default","_kad_post_title":"","_kad_post_layout":"default","_kad_post_sidebar_id":"","_kad_post_content_style":"default","_kad_post_vertical_padding":"default","_kad_post_feature":"","_kad_post_feature_position":"","_kad_post_header":false,"_kad_post_footer":false,"_kad_post_classname":""},"product_brand":[],"product_cat":[15,28,22,17],"product_tag":[390,389,391],"class_list":{"0":"post-1022","1":"product","2":"type-product","3":"status-publish","4":"has-post-thumbnail","6":"product_cat-red-light-therapy","7":"product_cat-customize","8":"product_cat-red-light-therapy-blanket","9":"product_cat-services","10":"product_tag-hologram-folding-gift-boxes","11":"product_tag-holographic-laser-paperboard-gift-boxes","12":"product_tag-large-gift-boxes-holographic","14":"first","15":"instock","16":"shipping-taxable","17":"product-type-simple","18":"entry","19":"content-bg","20":"loop-entry"},"_links":{"self":[{"href":"https:\/\/red-lighttherapy.com\/it\/wp-json\/wp\/v2\/product\/1022","targetHints":{"allow":["GET"]}}],"collection":[{"href":"https:\/\/red-lighttherapy.com\/it\/wp-json\/wp\/v2\/product"}],"about":[{"href":"https:\/\/red-lighttherapy.com\/it\/wp-json\/wp\/v2\/types\/product"}],"wp:featuredmedia":[{"embeddable":true,"href":"https:\/\/red-lighttherapy.com\/it\/wp-json\/wp\/v2\/media\/1026"}],"wp:attachment":[{"href":"https:\/\/red-lighttherapy.com\/it\/wp-json\/wp\/v2\/media?parent=1022"}],"wp:term":[{"taxonomy":"product_brand","embeddable":true,"href":"https:\/\/red-lighttherapy.com\/it\/wp-json\/wp\/v2\/product_brand?post=1022"},{"taxonomy":"product_cat","embeddable":true,"href":"https:\/\/red-lighttherapy.com\/it\/wp-json\/wp\/v2\/product_cat?post=1022"},{"taxonomy":"product_tag","embeddable":true,"href":"https:\/\/red-lighttherapy.com\/it\/wp-json\/wp\/v2\/product_tag?post=1022"}],"curies":[{"name":"wp","href":"https:\/\/api.w.org\/{rel}","templated":true}]}}