{"id":1017,"date":"2025-04-16T03:57:29","date_gmt":"2025-04-16T03:57:29","guid":{"rendered":"https:\/\/red-lighttherapy.com\/?post_type=product&#038;p=1017"},"modified":"2025-04-16T04:08:23","modified_gmt":"2025-04-16T04:08:23","slug":"exporting-custom-luxury-magnetic-closure-rigid-shoes-boxes","status":"publish","type":"product","link":"https:\/\/red-lighttherapy.com\/it\/exporting-custom-luxury-magnetic-closure-rigid-shoes-boxes\/","title":{"rendered":"Esportazione di scatole rigide di chiusura magnetica di lusso su ordinazione delle scarpe"},"content":{"rendered":"<h2 id=\"-product-description-of-exporting-custom-luxury-magnetic-closure-rigid-shoes-boxes-\"><strong>Descrizione del prodotto di esportazione Custom lusso chiusura magnetica rigida scatole scarpe<\/strong><\/h2>\n<h2 id=\"1-magnetic-box-design-\">1.\u00a0<strong>Design della scatola magnetica<\/strong><\/h2>\n<p>Il coperchio e il corpo della scatola adottano un forte sistema magnetico incorporato, che viene adsorbito con precisione dalla forza magnetica quando viene chiuso per garantire un'eccellente tenuta e prevenire efficacemente l'apertura accidentale durante il trasporto o lo stoccaggio. La disposizione a doppia banda magnetica migliora la stabilit\u00e0 dell'assorbimento e pu\u00f2 rimanere chiusa anche in caso di inclinazione o vibrazione, garantendo una protezione completa per le scarpe di alta gamma.<\/p>\n<h2 id=\"2-folding-portability-and-structural-stability-\">2.\u00a0<strong>Portabilit\u00e0 pieghevole e stabilit\u00e0 strutturale<\/strong><\/h2>\n<p>Il processo di piegatura \u00e8 preciso e il volume dopo la piegatura \u00e8 solo 1\/3 dello stato dispiegato, il che riduce significativamente i costi di logistica e di magazzino. Non sono necessari strumenti o complessi assemblaggi quando si dispiega la scatola. Il corpo della scatola ripristina automaticamente la forma tridimensionale attraverso la linea di preindentazione, il bordo si forma senza soluzione di continuit\u00e0 e la resistenza alla compressione raggiunge i 20 kg\/strato, soddisfacendo le esigenze di impilamento di molteplici scenari.<\/p>\n<h2 id=\"3-one-handed-opening-and-closing-flap-structure-\">3.\u00a0<strong>Struttura dello sportello apribile e chiudibile con una sola mano<\/strong><\/h2>\n<p>L'innovativo design dell'aletta, combinato con l'angolo ergonomico (65\u00b0 di apertura e chiusura), pu\u00f2 essere azionato agevolmente con una sola mano. La cerniera \u00e8 rinforzata con carta patinata spessa e aspirazione magnetica. Non si \u00e8 deformata dopo migliaia di test di apertura e chiusura, tenendo conto della praticit\u00e0 e della durata.<\/p>\n<h2 id=\"4-high-weight-coated-paper-material-\">4.\u00a0<strong>Materiale di carta patinata ad alta grammatura<\/strong><\/h2>\n<p>\u00c8 stata scelta una carta patinata da 320 g\/m\u00b2 e la superficie \u00e8 stata trattata con un rivestimento super lucido, che aumenta la rigidit\u00e0 di 40% e la resistenza alla compressione di 1,5 volte rispetto allo standard industriale. Il materiale \u00e8 ecologico e degradabile, conforme alla certificazione FSC, favorisce il riciclaggio e riduce l'impronta di carbonio.<\/p>\n<h2 id=\"5-sustainable-development-design-\">5.\u00a0<strong>Progettazione dello sviluppo sostenibile<\/strong><\/h2>\n<p>Il concetto di \"verde\" \u00e8 implementato in tutto il processo, dalle materie prime alla produzione:<\/p>\n<ul>\n<li>Stampa con inchiostro a base d'acqua, senza volatili nocivi<\/li>\n<li>Tasso di riciclaggio dei rifiuti \u226595%<\/li>\n<li>Superata la certificazione del sistema di gestione ambientale ISO 14001<\/li>\n<\/ul>\n<h2 id=\"6-high-saturation-blue-visual-design-\">6.\u00a0<strong>Design visivo blu ad alta saturazione<\/strong><\/h2>\n<p>Il corpo della scatola adotta il blu classico Pantone 286C, che ha un'elevata saturazione del colore e non sbiadisce, trasmettendo un'immagine professionale e stabile del marchio. Il trattamento superficiale opaco evita i riflessi, adatto per regali aziendali, imballaggi di lusso, vendita al dettaglio di fascia alta e altri scenari.<\/p>\n<h2 id=\"7-same-color-ribbon-handle-\">7.\u00a0<strong>Maniglia a nastro dello stesso colore<\/strong><\/h2>\n<p>La maniglia a nastro intrecciato blu \u00e8 dello stesso colore del corpo della scatola, con una forza di sollevamento di 5 kg, tenendo conto sia della praticit\u00e0 che del rituale. L'interfaccia della maniglia \u00e8 nascosta e rinforzata per evitare il rischio di strappi, adatta per un uso ad alta frequenza.<\/p>\n<h2 id=\"-application-scenarios-and-advantages-\"><strong>Scenari di applicazione e vantaggi<\/strong><\/h2>\n<ul>\n<li><strong>Regali aziendali<\/strong>: La maniglia a nastro e l'apertura e la chiusura magnetica rafforzano il senso di rituale del disimballaggio, adatto a souvenir personalizzati per le imprese.<\/li>\n<li><strong>Vendita al dettaglio di lusso<\/strong>: Il materiale ad alta rigidit\u00e0 e il design a colori migliorano il grado di esposizione delle merci e riducono lo spazio occupato dalle vetrine.<\/li>\n<li><strong>Logistica transfrontaliera<\/strong>: Il design pieghevole riduce i costi del trasporto marittimo e aereo, mentre la resistenza alla pressione garantisce la sicurezza del trasporto su lunghe distanze.<\/li>\n<\/ul>","protected":false},"excerpt":{"rendered":"<p>Il coperchio a forma di cuore e il coperchio superiore e inferiore si adattano perfettamente alla scatola, con contorni a forma di cuore all'interno e all'esterno, visivamente unificati ed emotivamente attraenti. Il coperchio e il fondo sono separati, facili da aprire e chiudere, con una buona tenuta che protegge efficacemente il contenuto e aumenta il senso di cerimonia all'apertura della scatola.<\/p>","protected":false},"featured_media":1018,"template":"","meta":{"_kad_post_transparent":"default","_kad_post_title":"","_kad_post_layout":"default","_kad_post_sidebar_id":"","_kad_post_content_style":"default","_kad_post_vertical_padding":"default","_kad_post_feature":"","_kad_post_feature_position":"","_kad_post_header":false,"_kad_post_footer":false,"_kad_post_classname":""},"product_brand":[],"product_cat":[15,30,22,17],"product_tag":[388,387,386],"class_list":{"0":"post-1017","1":"product","2":"type-product","3":"status-publish","4":"has-post-thumbnail","6":"product_cat-red-light-therapy","7":"product_cat-dropshipping","8":"product_cat-red-light-therapy-blanket","9":"product_cat-services","10":"product_tag-custom-shoes-boxes","11":"product_tag-magnetic-closure-boxes-for-shoes","12":"product_tag-rigid-shoes-boxes","14":"first","15":"instock","16":"shipping-taxable","17":"product-type-simple","18":"entry","19":"content-bg","20":"loop-entry"},"_links":{"self":[{"href":"https:\/\/red-lighttherapy.com\/it\/wp-json\/wp\/v2\/product\/1017","targetHints":{"allow":["GET"]}}],"collection":[{"href":"https:\/\/red-lighttherapy.com\/it\/wp-json\/wp\/v2\/product"}],"about":[{"href":"https:\/\/red-lighttherapy.com\/it\/wp-json\/wp\/v2\/types\/product"}],"wp:featuredmedia":[{"embeddable":true,"href":"https:\/\/red-lighttherapy.com\/it\/wp-json\/wp\/v2\/media\/1018"}],"wp:attachment":[{"href":"https:\/\/red-lighttherapy.com\/it\/wp-json\/wp\/v2\/media?parent=1017"}],"wp:term":[{"taxonomy":"product_brand","embeddable":true,"href":"https:\/\/red-lighttherapy.com\/it\/wp-json\/wp\/v2\/product_brand?post=1017"},{"taxonomy":"product_cat","embeddable":true,"href":"https:\/\/red-lighttherapy.com\/it\/wp-json\/wp\/v2\/product_cat?post=1017"},{"taxonomy":"product_tag","embeddable":true,"href":"https:\/\/red-lighttherapy.com\/it\/wp-json\/wp\/v2\/product_tag?post=1017"}],"curies":[{"name":"wp","href":"https:\/\/api.w.org\/{rel}","templated":true}]}}