{"id":1011,"date":"2025-04-16T03:44:51","date_gmt":"2025-04-16T03:44:51","guid":{"rendered":"https:\/\/red-lighttherapy.com\/?post_type=product&#038;p=1011"},"modified":"2025-04-16T03:57:17","modified_gmt":"2025-04-16T03:57:17","slug":"valentines-day-heart-shaped-gift-box-packaging-for-jewelry","status":"publish","type":"product","link":"https:\/\/red-lighttherapy.com\/it\/valentines-day-heart-shaped-gift-box-packaging-for-jewelry\/","title":{"rendered":"San Valentino Cuore a forma di confezione regalo per gioielli"},"content":{"rendered":"<h2 id=\"valentine-s-day-heart-shaped-jewelry-gift-box-packaging-product-description\">San Valentino a forma di cuore gioielli confezione regalo Descrizione del prodotto<\/h2>\n<h2 id=\"-1-heart-shaped-top-and-bottom-design-perfect-fusion-of-vision-and-emotion-\"><strong>1. Design superiore e inferiore a forma di cuore: Perfetta fusione di visione ed emozione<\/strong><\/h2>\n<p>La scatola regalo adotta una struttura del coperchio superiore e inferiore a forma di cuore. Il coperchio e il corpo della scatola sono formati integralmente con un contorno liscio a forma di cuore, mostrando unit\u00e0 visiva e tensione emotiva tra l'apertura e la chiusura. L'interno del coperchio pu\u00f2 essere personalizzato con la tecnologia della stampa a caldo o della goffratura e, grazie al design della finestra vuota a forma di cuore, i gioielli incombono quando non sono completamente aperti, creando un senso di attesa simile al \"battito del cuore\".<\/p>\n<h2 id=\"-2-separate-opening-and-closing-structure-convenience-and-ritual-coexistence-\"><strong>2. Struttura di apertura e chiusura separata: comodit\u00e0 e coesistenza rituale<\/strong><\/h2>\n<p>Il coperchio e il fondo della scatola sono separati e la chiusura senza soluzione di continuit\u00e0 \u00e8 ottenuta grazie a fibbie precise o a dispositivi magnetici, che non solo assicurano la tenuta (a prova di polvere e umidit\u00e0), ma danno anche all'azione di apertura un elegante senso rituale. Il bordo della fodera adotta un processo di avvolgimento dei bordi per evitare l'attrito sulla superficie dei gioielli durante l'apertura e la chiusura, e i dettagli riflettono la protezione degli oggetti di valore.<\/p>\n<h2 id=\"-3-coated-paper-material-double-guarantee-of-firmness-and-beauty-\"><strong>3. Materiale cartaceo rivestito: doppia garanzia di solidit\u00e0 e bellezza.<\/strong><\/h2>\n<p>Il corpo principale della confezione regalo \u00e8 realizzato con 300 grammi di carta patinata ad alta grammatura, rivestita con una pellicola opaca, delicata al tatto e resistente ai graffi. Lo strato interno \u00e8 rinforzato con carta di cartone grigia, che ha una capacit\u00e0 di carico di oltre 5 kg e non \u00e8 facile da deformare durante il trasporto, garantendo che il regalo sia nuovo al disimballaggio dalla fabbrica della scatola.<\/p>\n<h2 id=\"-4-red-main-color-visual-communication-of-romantic-atmosphere-\"><strong>4. Colore principale rosso: comunicazione visiva di un'atmosfera romantica<\/strong><\/h2>\n<p>Il corpo della scatola adotta il colore standard della cartella Pantone, il rosso, e il processo di stampa in quadricromia presenta un effetto cromatico uniforme e brillante, con un processo di stampa UV locale o a caldo, che evidenzia il senso tridimensionale del contorno a forma di cuore. \u00c8 possibile utilizzare nastri opzionali o fiori eterni dello stesso colore per migliorare l'atmosfera di festa.<\/p>\n<h2 id=\"-5-high-resilience-sponge-lining-professional-grade-jewelry-protection-\"><strong>5. Fodera in spugna ad alta resistenza: protezione professionale per i gioielli.<\/strong><\/h2>\n<p>La fodera utilizza una spugna ad alta densit\u00e0 di 3 cm di spessore, tagliata da CNC per adattarsi alla sagoma a forma di cuore e la profondit\u00e0 della scanalatura pu\u00f2 essere personalizzata (adatta a diverse forme di gioielli come anelli e collane). La superficie della spugna \u00e8 ricoperta da una corta flanella, morbida e rispettosa della pelle, che evita di graffiare metalli preziosi e pietre preziose. Il test antisismico dimostra che pu\u00f2 resistere a un impatto di caduta di 1,2 metri ed \u00e8 adatto al trasporto transfrontaliero.<\/p>\n<h2 id=\"-6-customized-printing-service-deep-adaptation-of-brands-and-scenarios-\"><strong>6. Servizio di stampa personalizzato: adattamento profondo di marchi e scenari<\/strong><\/h2>\n<p>Supporta una variet\u00e0 di processi come la serigrafia, la stampa a caldo, l'incisione laser, ecc. e pu\u00f2 stampare sul coperchio della scatola contenuti personalizzati come il LOGO aziendale, nomi di coppie, date commemorative, ecc. I modelli personalizzati per il matrimonio possono essere stampati con promesse a caldo o motivi di rose in rilievo, mentre per i regali aziendali si consiglia di abbinare la visione principale e lo slogan del marchio per aumentare il valore aggiunto della confezione regalo.<\/p>\n<h2 id=\"-7-made-by-a-local-old-factory-dual-commitment-of-quality-and-production-capacity-\"><strong>7. Prodotto da un'antica fabbrica locale: duplice impegno di qualit\u00e0 e capacit\u00e0 produttiva<\/strong><\/h2>\n<p>Prodotto dalla Shenzhen Printing Factory con 16 anni di esperienza, utilizza macchine fustellatrici completamente automatiche e linee di ispezione della qualit\u00e0, con una capacit\u00e0 produttiva mensile di oltre 500.000 pezzi e supporta prove di stampa accelerate di 72 ore e consegna di ordini in blocco. Ogni lotto supera 12 test di controllo qualit\u00e0 (tra cui planarit\u00e0 degli angoli, differenza di colore, resistenza al carico, ecc.) per garantire che l'errore di consistenza della produzione di massa sia \u22641 mm.<\/p>\n<h2 id=\"-8-environmental-certification-sustainable-romantic-promise-\"><strong>8. Certificazione ambientale: Promessa romantica e sostenibile<\/strong><\/h2>\n<p>Il materiale della confezione regalo ha superato la certificazione FSC per la gestione delle foreste e la certificazione del sistema di gestione ISO, mentre l'inchiostro \u00e8 conforme alle norme REACH dell'UE, non \u00e8 tossico e biodegradabile. La spugna di rivestimento \u00e8 realizzata in materiale EVA alimentare, ha superato i test SGS ed \u00e8 sicura per il contatto con la pelle.<\/p>\n<h2 id=\"-product-application-scenarios-\"><strong>Scenari di applicazione del prodotto<\/strong><\/h2>\n<ul>\n<li><strong>Regalo personale<\/strong>: Abbinato a lettere d'amore personalizzate e fiori eterni, crea una confezione regalo a tema \"confessione del cuore\".<\/li>\n<li><strong>Gioielli da sposa<\/strong>: La scatola pu\u00f2 contenere una fessura per l'anello nuziale e l'anello pu\u00f2 essere visto non appena la scatola viene aperta, rafforzando il senso della cerimonia di proposta.<\/li>\n<li><strong>Co-branding del marchio<\/strong>: Le imprese possono personalizzare le edizioni limitate, combinando l'immagine IP e gli elementi a forma di cuore per aumentare la fedelt\u00e0 dei clienti.<\/li>\n<\/ul>","protected":false},"excerpt":{"rendered":"<p>Il coperchio a forma di cuore e il coperchio superiore e inferiore si adattano perfettamente alla scatola, con contorni a forma di cuore all'interno e all'esterno, visivamente unificati ed emotivamente attraenti. Il coperchio e il fondo sono separati, facili da aprire e chiudere, con una buona tenuta che protegge efficacemente il contenuto e aumenta il senso di cerimonia all'apertura della scatola.<\/p>","protected":false},"featured_media":1016,"template":"","meta":{"_kad_post_transparent":"default","_kad_post_title":"","_kad_post_layout":"default","_kad_post_sidebar_id":"","_kad_post_content_style":"default","_kad_post_vertical_padding":"default","_kad_post_feature":"","_kad_post_feature_position":"","_kad_post_header":false,"_kad_post_footer":false,"_kad_post_classname":""},"product_brand":[],"product_cat":[15,17],"product_tag":[383,384,385],"class_list":{"0":"post-1011","1":"product","2":"type-product","3":"status-publish","4":"has-post-thumbnail","6":"product_cat-red-light-therapy","7":"product_cat-services","8":"product_tag-heart-shaped-gift-box","9":"product_tag-jewelry-packaging-box","10":"product_tag-valentines-day-gift-box","12":"first","13":"instock","14":"shipping-taxable","15":"product-type-simple","16":"entry","17":"content-bg","18":"loop-entry"},"_links":{"self":[{"href":"https:\/\/red-lighttherapy.com\/it\/wp-json\/wp\/v2\/product\/1011","targetHints":{"allow":["GET"]}}],"collection":[{"href":"https:\/\/red-lighttherapy.com\/it\/wp-json\/wp\/v2\/product"}],"about":[{"href":"https:\/\/red-lighttherapy.com\/it\/wp-json\/wp\/v2\/types\/product"}],"wp:featuredmedia":[{"embeddable":true,"href":"https:\/\/red-lighttherapy.com\/it\/wp-json\/wp\/v2\/media\/1016"}],"wp:attachment":[{"href":"https:\/\/red-lighttherapy.com\/it\/wp-json\/wp\/v2\/media?parent=1011"}],"wp:term":[{"taxonomy":"product_brand","embeddable":true,"href":"https:\/\/red-lighttherapy.com\/it\/wp-json\/wp\/v2\/product_brand?post=1011"},{"taxonomy":"product_cat","embeddable":true,"href":"https:\/\/red-lighttherapy.com\/it\/wp-json\/wp\/v2\/product_cat?post=1011"},{"taxonomy":"product_tag","embeddable":true,"href":"https:\/\/red-lighttherapy.com\/it\/wp-json\/wp\/v2\/product_tag?post=1011"}],"curies":[{"name":"wp","href":"https:\/\/api.w.org\/{rel}","templated":true}]}}