{"id":1000,"date":"2025-04-16T03:15:01","date_gmt":"2025-04-16T03:15:01","guid":{"rendered":"https:\/\/red-lighttherapy.com\/?post_type=product&#038;p=1000"},"modified":"2025-04-16T03:25:59","modified_gmt":"2025-04-16T03:25:59","slug":"commercial-large-heart-shaped-gift-packaging-paper-boxes","status":"publish","type":"product","link":"https:\/\/red-lighttherapy.com\/it\/commercial-large-heart-shaped-gift-packaging-paper-boxes\/","title":{"rendered":"Scatole di carta per imballaggio regalo a forma di cuore grande commerciale"},"content":{"rendered":"<h2 id=\"-product-description-of-commercial-large-heart-shaped-gift-packaging-paper-box-\"><strong>Descrizione del prodotto di commerciale grande a forma di cuore regalo imballaggio scatola di carta<\/strong><\/h2>\n<h2 id=\"-1-structural-design-heart-shaped-top-and-bottom-cover-reshaping-emotional-expression-\"><strong>1. Design strutturale: Coperchio superiore e inferiore a forma di cuore, per dare forma all'espressione emotiva.<\/strong><\/h2>\n<p>Questo prodotto adotta\u00a0<strong>struttura del coperchio superiore e inferiore a forma di cuore<\/strong>Il design di questa scatola \u00e8 stato studiato per superare i limiti delle tradizionali scatole quadrate e per trasmettere romanticismo e amore con i suoi contorni morbidi e curvilinei. Il coperchio superiore e la scatola inferiore si incastrano saldamente grazie al design a scatto magnetico, e il momento dell'apertura e della chiusura porta una \"risonanza del battito del cuore\" con un forte senso di rituale, che soddisfa le esigenze emotive di San Valentino, matrimoni, anniversari e altre scene. L'interno della scatola adotta\u00a0<strong>design della partizione a strati<\/strong>che pu\u00f2 separare in modo flessibile cioccolatini, gioielli, regali personalizzati e altri oggetti di diverse dimensioni, tenendo conto sia della bellezza che della praticit\u00e0.<\/p>\n<h2 id=\"-2-material-and-environmental-protection-sustainable-forest-resources-global-certification-guarantee-\"><strong>2. Protezione dei materiali e dell'ambiente: risorse forestali sostenibili, garanzia di certificazione globale.<\/strong><\/h2>\n<p>Il prodotto utilizza\u00a0<strong>Materiali ecologici certificati FSC<\/strong>Il materiale di base \u00e8 una struttura composita di cartone bianco da 250 g e carta ondulata a tre\/cinque strati per garantire resistenza e durata. Tutta la carta proviene da foreste gestite in modo sostenibile, soddisfa gli standard ambientali dell'UE e i concetti di economia circolare, supporta il riciclaggio e il degrado dell'intero ciclo di vita e aiuta i marchi a trasmettere valori ecologici. La superficie della scatola \u00e8 ricoperta da\u00a0<strong>rivestimento in PE alimentare<\/strong>che ha una doppia protezione contro l'umidit\u00e0 e l'olio, ed \u00e8 adatto per confezioni regalo come alimenti e cosmetici che sono facilmente influenzati dall'ambiente.<\/p>\n<h2 id=\"-3-visual-design-pink-tones-and-geometric-aesthetics-upgraded-layering-\"><strong>3. Design visivo: toni rosa ed estetica geometrica, stratificazione aggiornata.<\/strong><\/h2>\n<p>Il corpo della scatola \u00e8 principalmente in\u00a0<strong>rosa nebbia tenue<\/strong>, con\u00a0<strong>motivi geometrici tridimensionali in rilievo<\/strong>che esaltano la stratificazione visiva attraverso l'intreccio di linee e il cambiamento di luci e ombre, mettendo in risalto la texture personalizzata di alto livello. Il design si ispira all'arte moderna minimalista. Gli elementi geometrici possono essere espressi astrattamente come flusso emozionale o personalizzati come simboli esclusivi del marchio (come i motivi di deformazione del LOGO) per migliorare il riconoscimento del marchio.<\/p>\n<h2 id=\"-4-functional-highlights-transparent-window-direct-consumer-decision-making-\"><strong>4. Caratteristiche funzionali: finestra trasparente, processo decisionale diretto al consumatore<\/strong><\/h2>\n<p>Il\u00a0<strong>Finestra ellittica in PET trasparente<\/strong>\u00a0\u00e8 incastonata al centro del coperchio della scatola e i consumatori possono vedere direttamente il contenuto (come cioccolato, flaconi di profumo, ecc.) senza disimballare, riducendo i costi di comunicazione e aumentando la fiducia nell'acquisto. Il bordo della finestra adotta\u00a0<strong>Tecnologia di bordatura con stampa a caldo UV<\/strong>che riprende il motivo della stampa a caldo del corpo della scatola, ed \u00e8 al tempo stesso funzionale e decorativo.<\/p>\n<h2 id=\"-5-process-details-three-dimensional-hot-stamping-luxurious-touch-\"><strong>5. Dettagli del processo: stampa a caldo tridimensionale, tocco lussuoso<\/strong><\/h2>\n<p>La superficie del coperchio della scatola utilizza\u00a0<strong>Tecnologia di stampa a caldo 3D<\/strong>La tecnologia di goffratura ad alta temperatura combina la lamina d'oro con la texture in rilievo per creare il logo del marchio o la benedizione con un tocco concavo e convesso, presentando visivamente una lucentezza metallica e un livello tridimensionale. La parte stampata a caldo \u00e8 resistente all'attrito e al peeling ed \u00e8 stata testata per resistere a pi\u00f9 di 1.000 aperture e chiusure, garantendo il mantenimento di una texture lussuosa anche dopo un uso prolungato.<\/p>\n<h2 id=\"-6-scene-adaptation-a-multi-scene-marketing-tool-\"><strong>6. Adattamento delle scene: uno strumento di marketing multi-scena<\/strong><\/h2>\n<ul>\n<li><strong>Marketing del festival<\/strong>: La forma a cuore e gli elementi di stampa a caldo si adattano perfettamente ai temi delle festivit\u00e0 come San Valentino, il Festival di Qixi e il Natale, e sono abbinati a nastri o fiori eterni per migliorare il senso della cerimonia di donazione.<\/li>\n<li><strong>Souvenir di nozze<\/strong>: Supporta la personalizzazione di testi stampati a caldo, come i nomi degli sposi e le date del matrimonio, e la fodera pu\u00f2 essere realizzata in materiale satinato per migliorare gli attributi di personalizzazione di alto livello.<\/li>\n<li><strong>Co-branding del marchio<\/strong>: Il design della finestra \u00e8 combinato con la stampa a caldo dell'immagine del marchio IP, adatta all'imballaggio di prodotti in edizione limitata nei settori della bellezza, del lusso e altri.<\/li>\n<\/ul>","protected":false},"excerpt":{"rendered":"<p>Questa confezione regalo a forma di cuore si basa su un design emozionale. Grazie all'integrazione di innovazione strutturale, materiali ecocompatibili e artigianato di alto livello, crea una soluzione di packaging commerciale che \u00e8 sia visivamente attraente che funzionale, aiutando i marchi a distinguersi nel mercato dell'economia romantica.<\/p>","protected":false},"featured_media":1001,"template":"","meta":{"_kad_post_transparent":"default","_kad_post_title":"","_kad_post_layout":"default","_kad_post_sidebar_id":"","_kad_post_content_style":"default","_kad_post_vertical_padding":"default","_kad_post_feature":"","_kad_post_feature_position":"","_kad_post_header":false,"_kad_post_footer":false,"_kad_post_classname":""},"product_brand":[],"product_cat":[15,19,17],"product_tag":[378,377,379],"class_list":{"0":"post-1000","1":"product","2":"type-product","3":"status-publish","4":"has-post-thumbnail","6":"product_cat-red-light-therapy","7":"product_cat-red-light-therapy-stand","8":"product_cat-services","9":"product_tag-jewelry-paper-gift-bag","10":"product_tag-luxury-jewelry-shopping-bag","11":"product_tag-sourcing-jewelry-gift-bag","13":"first","14":"instock","15":"shipping-taxable","16":"product-type-simple","17":"entry","18":"content-bg","19":"loop-entry"},"_links":{"self":[{"href":"https:\/\/red-lighttherapy.com\/it\/wp-json\/wp\/v2\/product\/1000","targetHints":{"allow":["GET"]}}],"collection":[{"href":"https:\/\/red-lighttherapy.com\/it\/wp-json\/wp\/v2\/product"}],"about":[{"href":"https:\/\/red-lighttherapy.com\/it\/wp-json\/wp\/v2\/types\/product"}],"wp:featuredmedia":[{"embeddable":true,"href":"https:\/\/red-lighttherapy.com\/it\/wp-json\/wp\/v2\/media\/1001"}],"wp:attachment":[{"href":"https:\/\/red-lighttherapy.com\/it\/wp-json\/wp\/v2\/media?parent=1000"}],"wp:term":[{"taxonomy":"product_brand","embeddable":true,"href":"https:\/\/red-lighttherapy.com\/it\/wp-json\/wp\/v2\/product_brand?post=1000"},{"taxonomy":"product_cat","embeddable":true,"href":"https:\/\/red-lighttherapy.com\/it\/wp-json\/wp\/v2\/product_cat?post=1000"},{"taxonomy":"product_tag","embeddable":true,"href":"https:\/\/red-lighttherapy.com\/it\/wp-json\/wp\/v2\/product_tag?post=1000"}],"curies":[{"name":"wp","href":"https:\/\/api.w.org\/{rel}","templated":true}]}}