{"id":994,"date":"2025-04-16T01:44:55","date_gmt":"2025-04-16T01:44:55","guid":{"rendered":"https:\/\/red-lighttherapy.com\/?post_type=product&#038;p=994"},"modified":"2025-04-16T02:03:53","modified_gmt":"2025-04-16T02:03:53","slug":"sourcing-luxury-jewelry-shopping-paper-gift-bag-with-ribbon","status":"publish","type":"product","link":"https:\/\/red-lighttherapy.com\/fr_fr\/sourcing-luxury-jewelry-shopping-paper-gift-bag-with-ribbon\/","title":{"rendered":"Sourcing Luxury Jewelry Shopping Paper Gift Bag with Ribbon (Sac \u00e0 cadeaux en papier avec ruban)"},"content":{"rendered":"<h2 id=\"product-description-of-luxury-jewelry-shopping-paper-gift-bag\">Description de la pochette de luxe en papier pour bijoux<\/h2>\n<h2 id=\"-1-double-rope-handle-design-a-balance-between-practicality-and-aesthetics-\"><strong>1. Poign\u00e9e \u00e0 double corde : un \u00e9quilibre entre la praticit\u00e9 et l'esth\u00e9tique<\/strong><\/h2>\n<p>La poign\u00e9e adopte une structure \u00e0 double corde tiss\u00e9e de haute densit\u00e9, et le corps de la corde est fait d'un ruban mat de la m\u00eame couleur que le corps du sac, ce qui permet de r\u00e9partir uniform\u00e9ment la force et de ne pas serrer la main lors de la traction. Bonne capacit\u00e9 de charge.<\/p>\n<h2 id=\"-2-stiff-angular-lines-three-dimensional-expression-of-high-end-tone-\"><strong>2. Lignes angulaires rigides : expression tridimensionnelle de la tonalit\u00e9 haut de gamme<\/strong><\/h2>\n<p>Le corps du sac adopte un processus brevet\u00e9 d'indentation tridimensionnelle et utilise la technologie de pliage en V \u00e0 120\u00b0 et de scellage des bords \u00e0 angle droit pour cr\u00e9er des bords tranchants comme ceux d'un bijou. Le papier est fabriqu\u00e9 \u00e0 partir de carton blanc \u00e9pais certifi\u00e9 FSC, et sa couche de fibres est trait\u00e9e avec une structure composite \u00e0 7 couches. La rigidit\u00e9 est augment\u00e9e de 23% par rapport \u00e0 un carton ordinaire, ce qui garantit que le corps du sac est tranchant et ne s'affaisse pas lorsqu'il est debout. La doublure est \u00e9quip\u00e9e d'une couche tampon EVA de 3 mm, qui renforce encore la duret\u00e9 de la ligne gr\u00e2ce \u00e0 un support physique et prot\u00e8ge les bijoux contre les pressions.<\/p>\n<h2 id=\"-3-symmetrical-mechanical-structure-high-value-support-stability-\"><strong>3. Structure m\u00e9canique sym\u00e9trique : stabilit\u00e9 du support de grande valeur<\/strong><\/h2>\n<p>La structure sym\u00e9trique de type bo\u00eete est con\u00e7ue sur la base du nombre d'or, et le fond adopte le processus de renforcement transversal \"en puits\", avec une capacit\u00e9 de charge de plus de 3 kg. Des feuilles de support en plastique ABS de qualit\u00e9 alimentaire sont int\u00e9gr\u00e9es aux quatre coins du sac, et la technologie de collage par pressage \u00e0 chaud ultrasonique est utilis\u00e9e pour \u00e9viter le risque de d\u00e9formation caus\u00e9 par le collage traditionnel. Selon des tests de simulation en laboratoire, l'angle d'inclinaison du corps du sac est \u22641,5\u00b0 apr\u00e8s une vibration continue de 2 heures \u00e0 pleine charge, ce qui est bien plus \u00e9lev\u00e9 que la norme industrielle.<\/p>\n<h2 id=\"-4-open-lacing-design-a-fusion-of-ritual-sense-and-convenience-\"><strong>4. Conception \u00e0 la\u00e7age ouvert : une fusion entre le sens du rituel et la commodit\u00e9<\/strong><\/h2>\n<p>Le haut adopte de mani\u00e8re innovante le syst\u00e8me de la\u00e7age ouvert \"double-track slide + magnetic buckle\" :<\/p>\n<ul>\n<li><strong>Fonctionnalit\u00e9<\/strong>: La glissi\u00e8re est dot\u00e9e d'aimants invisibles int\u00e9gr\u00e9s, qui peuvent \u00eatre ouverts et ferm\u00e9s en quelques secondes d'une simple pression, ce qui r\u00e9sout le probl\u00e8me encombrant de l'enroulement traditionnel du ruban ;<\/li>\n<li><strong>Sens du rituel<\/strong>: Avec un ruban de satin rose de 25 mm de large, le dispositif de fixation du n\u0153ud tridimensionnel (num\u00e9ro de brevet ZL20253001.2) permet de former rapidement un n\u0153ud 3D complet, avec une hauteur de n\u0153ud de 4 cm, et l'impact visuel est augment\u00e9 de 60%.<\/li>\n<\/ul>\n<h2 id=\"-5-sustainable-material-selection-fsc-certification-and-environmentally-friendly-technology-\"><strong>5. S\u00e9lection de mat\u00e9riaux durables : Certification FSC et technologie respectueuse de l'environnement<\/strong><\/h2>\n<ul>\n<li><strong>Mat\u00e9riau de base<\/strong>: 100% carton blanc certifi\u00e9 FSC, 90% blancheur et test d'odeur alimentaire LFGB, pas de risque de contamination au contact des bijoux ;<\/li>\n<li><strong>Rev\u00eatement<\/strong>: Un vernis \u00e9cologique \u00e0 base d'eau est utilis\u00e9, d'une brillance de 85GU (norme ISO 8254-1), permettant une impression UV invers\u00e9e sans craquelure ;<\/li>\n<li><strong>Recyclage<\/strong>: Le corps du sac peut \u00eatre enti\u00e8rement d\u00e9mont\u00e9 en trois composants : papier, plastique et m\u00e9tal, ce qui favorise le recyclage de la classification communautaire, et l'empreinte carbone est r\u00e9duite de 37% par rapport \u00e0 l'emballage traditionnel.<\/li>\n<\/ul>\n<h2 id=\"-6-brand-visual-enhancement-system-marketing-empowerment-of-pink-and-bow-\"><strong>6. Syst\u00e8me d'am\u00e9lioration visuelle de la marque : L'autonomisation marketing du rose et du n\u0153ud<\/strong><\/h2>\n<ul>\n<li><strong>Strat\u00e9gie de la couleur<\/strong>: La couleur principale est Pantone 13-2807TPX (rose mat doux). Le test de solidit\u00e9 des couleurs montre que la diff\u00e9rence de couleur \u0394E\u22641,2 apr\u00e8s 6 mois d'exposition \u00e0 la lumi\u00e8re, et le rev\u00eatement nacr\u00e9 pr\u00e9sente une texture de velours d\u00e9grad\u00e9e ;<\/li>\n<li><strong>Configuration de la proue<\/strong>: Le ruban contient de la soie de m\u00fbrier 32%, et la largeur est con\u00e7ue selon le rapport de la s\u00e9quence de Fibonacci (25 mm:15 mm:9 mm). Le corps est dot\u00e9 d'un squelette en fil d'acier \u00e0 m\u00e9moire int\u00e9gr\u00e9, qui peut conserver sa forme tridimensionnelle pendant 72 heures sans d\u00e9formation ;<\/li>\n<li><strong>Exposition de la marque<\/strong>: Le c\u00f4t\u00e9 du sac est r\u00e9serv\u00e9 aux rainures de marquage \u00e0 chaud et permet la gravure au laser de logos de marque (pr\u00e9cision de 0,1 mm). Une zone de puce NFC invisible est plac\u00e9e au dos, permettant de passer \u00e0 l'applet de la marque en la touchant.<\/li>\n<\/ul>\n<h2 id=\"-technical-parameters-\"><strong>Param\u00e8tres techniques<\/strong><\/h2>\n<table>\n<thead>\n<tr>\n<th>Projet<\/th>\n<th>Index<\/th>\n<th>Norme d'essai<\/th>\n<\/tr>\n<\/thead>\n<tbody>\n<tr>\n<td>Capacit\u00e9 de charge<\/td>\n<td>3,2 kg (statique)\/2,5 kg (dynamique)<\/td>\n<td>ASTM D5276<\/td>\n<\/tr>\n<tr>\n<td>Dur\u00e9e d'ouverture et de fermeture<\/td>\n<td>\u2265500 fois<\/td>\n<td>GB\/T 2679.7<\/td>\n<\/tr>\n<tr>\n<td>Solidit\u00e9 des couleurs<\/td>\n<td>Niveau 4-5 (l\u00e9ger)<\/td>\n<td>ISO 105-B02<\/td>\n<\/tr>\n<tr>\n<td>Certification environnementale<\/td>\n<td>FSC, LFGB, REACH<\/td>\n<td>Rapport d'essai d'un tiers<\/td>\n<\/tr>\n<\/tbody>\n<\/table>","protected":false},"excerpt":{"rendered":"<p>Ce sac cadeau en papier utilise le rose comme couleur principale et est \u00e9quip\u00e9 d'un ruban en forme de n\u0153ud pour cr\u00e9er un effet tridimensionnel complet. Il est dot\u00e9 de doubles poign\u00e9es en corde pour allier l'aspect pratique \u00e0 l'esth\u00e9tique artistique. La structure sym\u00e9trique garantit une force uniforme et peut supporter de mani\u00e8re stable des bijoux de grande valeur.<\/p>","protected":false},"featured_media":995,"template":"","meta":{"_kad_post_transparent":"default","_kad_post_title":"","_kad_post_layout":"default","_kad_post_sidebar_id":"","_kad_post_content_style":"default","_kad_post_vertical_padding":"default","_kad_post_feature":"","_kad_post_feature_position":"","_kad_post_header":false,"_kad_post_footer":false,"_kad_post_classname":""},"product_brand":[],"product_cat":[15,17],"product_tag":[378,377,379],"class_list":{"0":"post-994","1":"product","2":"type-product","3":"status-publish","4":"has-post-thumbnail","6":"product_cat-red-light-therapy","7":"product_cat-services","8":"product_tag-jewelry-paper-gift-bag","9":"product_tag-luxury-jewelry-shopping-bag","10":"product_tag-sourcing-jewelry-gift-bag","12":"first","13":"instock","14":"shipping-taxable","15":"product-type-simple","16":"entry","17":"content-bg","18":"loop-entry"},"_links":{"self":[{"href":"https:\/\/red-lighttherapy.com\/fr_fr\/wp-json\/wp\/v2\/product\/994","targetHints":{"allow":["GET"]}}],"collection":[{"href":"https:\/\/red-lighttherapy.com\/fr_fr\/wp-json\/wp\/v2\/product"}],"about":[{"href":"https:\/\/red-lighttherapy.com\/fr_fr\/wp-json\/wp\/v2\/types\/product"}],"wp:featuredmedia":[{"embeddable":true,"href":"https:\/\/red-lighttherapy.com\/fr_fr\/wp-json\/wp\/v2\/media\/995"}],"wp:attachment":[{"href":"https:\/\/red-lighttherapy.com\/fr_fr\/wp-json\/wp\/v2\/media?parent=994"}],"wp:term":[{"taxonomy":"product_brand","embeddable":true,"href":"https:\/\/red-lighttherapy.com\/fr_fr\/wp-json\/wp\/v2\/product_brand?post=994"},{"taxonomy":"product_cat","embeddable":true,"href":"https:\/\/red-lighttherapy.com\/fr_fr\/wp-json\/wp\/v2\/product_cat?post=994"},{"taxonomy":"product_tag","embeddable":true,"href":"https:\/\/red-lighttherapy.com\/fr_fr\/wp-json\/wp\/v2\/product_tag?post=994"}],"curies":[{"name":"wp","href":"https:\/\/api.w.org\/{rel}","templated":true}]}}