{"id":988,"date":"2025-04-16T01:18:51","date_gmt":"2025-04-16T01:18:51","guid":{"rendered":"https:\/\/red-lighttherapy.com\/?post_type=product&#038;p=988"},"modified":"2025-04-20T06:05:30","modified_gmt":"2025-04-20T06:05:30","slug":"luxury-paper-gift-bags-for-cosmetics-perfume-distributors","status":"publish","type":"product","link":"https:\/\/red-lighttherapy.com\/fr_fr\/luxury-paper-gift-bags-for-cosmetics-perfume-distributors\/","title":{"rendered":"Sacs cadeaux en papier de luxe pour les distributeurs de cosm\u00e9tiques et de parfums"},"content":{"rendered":"<h2 id=\"-product-description-of-high-end-perfume-gift-bag-\"><strong>Description du produit Sac en papier haut de gamme pour cosm\u00e9tiques et parfums<\/strong><\/h2>\n<h2 id=\"-1-double-strand-twisted-cotton-rope-handle-tensile-strength-and-ergonomic-design-\"><strong>1. Poign\u00e9e en corde de coton torsad\u00e9e \u00e0 double brin : r\u00e9sistance \u00e0 la traction et conception ergonomique<\/strong><\/h2>\n<p>Adopter\u00a0<strong>processus de torsion de la corde de coton haute densit\u00e9 \u00e0 deux torons<\/strong>La corde est fabriqu\u00e9e \u00e0 partir d'un entrelacement de plusieurs brins de fibres afin d'am\u00e9liorer la r\u00e9sistance \u00e0 la traction (peut supporter \u226510kg), tout en optimisant la sensation de prise en main. La surface de la corde est trait\u00e9e contre le glissement, combin\u00e9e \u00e0 une mesure pr\u00e9cise du diam\u00e8tre et de l'arc, pour garantir que la pression de la paume est uniform\u00e9ment r\u00e9partie, et qu'il n'y a pas de marque sur la prise \u00e0 long terme. Les deux extr\u00e9mit\u00e9s de la corde en coton sont fix\u00e9es \u00e0 l'aide d'une boucle en fer \u00e0 cheval, avec un rivet renforc\u00e9 pour \u00e9viter le risque de chute.<\/p>\n<h2 id=\"-2-artistic-visual-rhythm-geometric-relief-pattern-design-\"><strong>2. Rythme visuel artistique : motifs g\u00e9om\u00e9triques en relief<\/strong><\/h2>\n<p>Le visuel principal du corps du sac utilise\u00a0<strong>motif g\u00e9om\u00e9trique fluide en relief<\/strong>Le processus de gaufrage tridimensionnel pr\u00e9sente une texture ondul\u00e9e avec une alternance de profondeurs et de bas-fonds. Le motif s'inspire de la trajectoire des mol\u00e9cules de parfum, combin\u00e9e au processus de rev\u00eatement mat, et un rythme visuel dynamique se forme sous la r\u00e9fraction de la lumi\u00e8re et de l'ombre, renfor\u00e7ant la tonalit\u00e9 artistique de la marque. Le c\u00f4t\u00e9 est compl\u00e9t\u00e9 par un proc\u00e9d\u00e9 de maculage en d\u00e9grad\u00e9 pour relier le motif principal et la zone vierge, refl\u00e9tant ainsi l'\u00e9quilibre esth\u00e9tique haut de gamme.<\/p>\n<h2 id=\"-3-brand-logo-enhancement-dark-blue-base-and-hot-stamping-process-\"><strong>3. Mise en valeur du logo de la marque : base bleu fonc\u00e9 et processus de marquage \u00e0 chaud<\/strong><\/h2>\n<p>Les principaux\u00a0<strong>mod\u00e8le bleu profond<\/strong>\u00a0adopte le num\u00e9ro de couleur classique Pantone 19-4052, avec un logo central de marque marqu\u00e9 \u00e0 chaud. \u00c0 travers\u00a0<strong>Technologie d'estampage \u00e0 froid import\u00e9e d'Allemagne<\/strong>L'\u00e9paisseur de la couche de feuille m\u00e9tallique atteint 12\u03bcm, formant un fort contraste visuel sur la surface mate du sac. Selon des tests en laboratoire, la couche de marquage \u00e0 chaud ne s'est pas d\u00e9tach\u00e9e apr\u00e8s 5 000 frictions, r\u00e9pondant ainsi aux normes de durabilit\u00e9 des produits de luxe.<\/p>\n<h2 id=\"-4-hidden-triangular-support-structure-no-load-shape-management-\"><strong>4. Structure de soutien triangulaire cach\u00e9e : gestion de la forme sans charge<\/strong><\/h2>\n<p>Innovations int\u00e9gr\u00e9es\u00a0<strong>syst\u00e8me de doublure triangulaire pliable<\/strong>Le sac est fabriqu\u00e9 \u00e0 partir d'un carton gris de 1,2 mm d'\u00e9paisseur d\u00e9coup\u00e9 au laser. Lorsqu'il est vide, il se d\u00e9plie automatiquement pour former un cadre de support en forme de prisme triangulaire afin de maintenir la forme droite du sac ; apr\u00e8s le chargement, il se r\u00e9tr\u00e9cit en fonction du contenu. Le bord de la doublure est pr\u00e9-enfoui avec des fentes d'insertion sans colle. Une fois que les consommateurs l'ont retir\u00e9, ils peuvent \u00eatre r\u00e9assembl\u00e9s dans une bo\u00eete de rangement de bureau \u00e0 l'aide de boucles pour r\u00e9aliser un emballage secondaire.<\/p>\n<h2 id=\"-5-fsc-certified-environmentally-friendly-material-system-\"><strong>5. Syst\u00e8me de mat\u00e9riaux respectueux de l'environnement certifi\u00e9 FSC<\/strong><\/h2>\n<p>Le corps principal est compos\u00e9 de\u00a0<strong>Carton blanc certifi\u00e9 FSC Mix<\/strong>\u00a0(quantit\u00e9 300g\/\u33a1, \u00e9paisseur 0,4mm), et la surface est recouverte d'un rev\u00eatement \u00e0 base de plantes et d'eau, qui a pass\u00e9 les tests SGS et atteint les normes de s\u00e9curit\u00e9 en mati\u00e8re de contact alimentaire. La doublure est faite d'un film synth\u00e9tique d\u00e9gradable en amidon de ma\u00efs, et le cycle de d\u00e9gradation de l'ensemble du sac est \u2264180 jours, et l'empreinte carbone est r\u00e9duite de 42% par rapport \u00e0 l'emballage traditionnel.<\/p>\n<h2 id=\"-6-magnetic-safety-closure-system-\"><strong>6. Syst\u00e8me de fermeture magn\u00e9tique de s\u00e9curit\u00e9<\/strong><\/h2>\n<p>La partie sup\u00e9rieure est \u00e9quip\u00e9e de\u00a0<strong>Groupe de boutons magn\u00e9tiques NdFeB<\/strong>La force de fermeture est optimis\u00e9e \u00e0 0,8N-m par la simulation m\u00e9canique ANSYS. La conception de la disposition en quinconce des doubles p\u00f4les magn\u00e9tiques permet un alignement pr\u00e9cis, et le test de vibration de transport montre que la diminution de la force magn\u00e9tique est inf\u00e9rieure \u00e0 3% apr\u00e8s 10 000 ouvertures et fermetures. La partie d'ouverture et de fermeture est pr\u00e9-enfouie avec une doublure en velours anti-rayures pour prot\u00e9ger la bouteille de cosm\u00e9tique peinte.<\/p>\n<h2 id=\"-7-die-cutting-and-indentation-rapid-prototyping-technology-\"><strong>7. Technologie de prototypage rapide par d\u00e9coupage et indentation<\/strong><\/h2>\n<p>Le\u00a0<strong>syst\u00e8me de d\u00e9coupe num\u00e9rique<\/strong>\u00a0est utilis\u00e9 pour r\u00e9aliser la rainure en V pr\u00e9cise \u00e0 85\u00b0, compl\u00e9t\u00e9e par le rep\u00e8re de la ligne de pr\u00e9-pliage. Le personnel du distributeur peut r\u00e9aliser la mise en forme tridimensionnelle du sac en 30 secondes, ce qui r\u00e9duit les co\u00fbts de main-d'\u0153uvre de 60%. Un guide de transformation pour les bricoleurs est fourni. Apr\u00e8s avoir conserv\u00e9 le sac, les consommateurs peuvent le transformer en bo\u00eete de rangement pour bijoux \u00e0 six grilles en pliant les lignes pr\u00e9d\u00e9coup\u00e9es, ce qui prolonge le cycle de vie de l'emballage.<\/p>","protected":false},"excerpt":{"rendered":"<p>Ce sac cadeau en papier bleu fonc\u00e9 est orn\u00e9 d'un logo dor\u00e9 en feuille d'aluminium au centre de la face avant, afin de renforcer la m\u00e9moire de la marque. La corde de coton \u00e0 double torsion am\u00e9liore la r\u00e9sistance \u00e0 la traction et permet de r\u00e9partir uniform\u00e9ment la pression de la paume de la main lors du transport. Il s'agit d'un sac cadeau en papier haut de gamme pour les cosm\u00e9tiques et les parfums.<\/p>","protected":false},"featured_media":989,"template":"","meta":{"_kad_post_transparent":"default","_kad_post_title":"","_kad_post_layout":"default","_kad_post_sidebar_id":"","_kad_post_content_style":"default","_kad_post_vertical_padding":"default","_kad_post_feature":"","_kad_post_feature_position":"","_kad_post_header":false,"_kad_post_footer":false,"_kad_post_classname":""},"product_brand":[],"product_cat":[15,28,17],"product_tag":[376,374,375],"class_list":{"0":"post-988","1":"product","2":"type-product","3":"status-publish","4":"has-post-thumbnail","6":"product_cat-red-light-therapy","7":"product_cat-customize","8":"product_cat-services","9":"product_tag-luxury-cosmetics-perfume-gift-bags","10":"product_tag-paper-gift-bags-for-cosmetics","11":"product_tag-perfume-shopping-bags","13":"first","14":"instock","15":"shipping-taxable","16":"product-type-simple","17":"entry","18":"content-bg","19":"loop-entry"},"_links":{"self":[{"href":"https:\/\/red-lighttherapy.com\/fr_fr\/wp-json\/wp\/v2\/product\/988","targetHints":{"allow":["GET"]}}],"collection":[{"href":"https:\/\/red-lighttherapy.com\/fr_fr\/wp-json\/wp\/v2\/product"}],"about":[{"href":"https:\/\/red-lighttherapy.com\/fr_fr\/wp-json\/wp\/v2\/types\/product"}],"wp:featuredmedia":[{"embeddable":true,"href":"https:\/\/red-lighttherapy.com\/fr_fr\/wp-json\/wp\/v2\/media\/989"}],"wp:attachment":[{"href":"https:\/\/red-lighttherapy.com\/fr_fr\/wp-json\/wp\/v2\/media?parent=988"}],"wp:term":[{"taxonomy":"product_brand","embeddable":true,"href":"https:\/\/red-lighttherapy.com\/fr_fr\/wp-json\/wp\/v2\/product_brand?post=988"},{"taxonomy":"product_cat","embeddable":true,"href":"https:\/\/red-lighttherapy.com\/fr_fr\/wp-json\/wp\/v2\/product_cat?post=988"},{"taxonomy":"product_tag","embeddable":true,"href":"https:\/\/red-lighttherapy.com\/fr_fr\/wp-json\/wp\/v2\/product_tag?post=988"}],"curies":[{"name":"wp","href":"https:\/\/api.w.org\/{rel}","templated":true}]}}