{"id":975,"date":"2025-04-15T15:41:40","date_gmt":"2025-04-15T15:41:40","guid":{"rendered":"https:\/\/red-lighttherapy.com\/?post_type=product&#038;p=975"},"modified":"2025-04-15T15:55:15","modified_gmt":"2025-04-15T15:55:15","slug":"customized-slider-child-resistant-box-rigid-boxes-wholesale","status":"publish","type":"product","link":"https:\/\/red-lighttherapy.com\/fr_fr\/customized-slider-child-resistant-box-rigid-boxes-wholesale\/","title":{"rendered":"Bo\u00eetes rigides \u00e0 glissi\u00e8re personnalis\u00e9es Bo\u00eetes rigides Wholesale"},"content":{"rendered":"<h3 id=\"-1-box-design-flexible-push-pull-pull-out-structure-suitable-for-multiple-scenarios-\"><strong>1. Conception de la bo\u00eete : structure flexible \"push-pull\/pull-out\", adapt\u00e9e \u00e0 de multiples sc\u00e9narios.<\/strong><\/h3>\n<p>Ce produit adopte\u00a0<strong>type de bo\u00eete \u00e0 double mode push-pull ou pull-out<\/strong>Les bo\u00eetes sont con\u00e7ues de mani\u00e8re \u00e0 ce que le plaisir et l'aspect pratique soient pris en compte. La taille de la bo\u00eete peut \u00eatre personnalis\u00e9e en fonction des besoins du client, et le papier de surface est imprim\u00e9 avec\u00a0<strong>papier lisse \u00e0 haute brillance<\/strong>et assortis de\u00a0<strong>proc\u00e9d\u00e9 de collage de carton \u00e9pais<\/strong>\u00a0pour garantir la r\u00e9sistance \u00e0 la compression, la r\u00e9sistance \u00e0 l'usure et la texture visuelle. La conception de la structure push-pull r\u00e9pond aux normes de protection de l'enfance (se r\u00e9f\u00e9rer aux exigences de la FDA et aux normes nationales pour le CRP), tout en am\u00e9liorant l'agr\u00e9ment de l'utilisateur gr\u00e2ce \u00e0 une ouverture et une fermeture en douceur.<\/p>\n<h3 id=\"-2-brand-logo-technology-uv-hot-stamping-enhances-visual-impact-\"><strong>2. Technologie du logo de la marque : Le marquage UV\/\u00e0 chaud renforce l'impact visuel<\/strong><\/h3>\n<p>Le texte et les motifs peuvent utiliser\u00a0<strong>Gaufrage tridimensionnel UV, marquage \u00e0 chaud, marquage \u00e0 chaud en relief<\/strong>\u00a0et d'autres proc\u00e9d\u00e9s pour mettre en valeur le ton de la marque gr\u00e2ce \u00e0 des effets de texture m\u00e9tallique et de haute brillance. Par exemple, le proc\u00e9d\u00e9 UV peut cr\u00e9er un contraste entre le mat et la lumi\u00e8re vive, et le proc\u00e9d\u00e9 de marquage \u00e0 chaud donne au LOGO une impression de luxe, ce qui convient aux besoins des marques d'e-cigarettes haut de gamme.<\/p>\n<h3 id=\"-3-touch-optimization-soft-touch-coated-paper-improves-user-experience-\"><strong>3. Optimisation du toucher : le papier couch\u00e9 doux au toucher am\u00e9liore l'exp\u00e9rience de l'utilisateur<\/strong><\/h3>\n<p>Les couches interne et externe du papier sont constitu\u00e9es de\u00a0<strong>technologie de rev\u00eatement soft-touch<\/strong>Ce design est aussi d\u00e9licat que la soie et s'adapte \u00e0 la m\u00e9moire tactile du bout des doigts des consommateurs. Ce design renforce non seulement le sentiment de c\u00e9r\u00e9monie de d\u00e9ballage, mais aussi la reconnaissance de la marque gr\u00e2ce \u00e0 un retour d'information tactile diff\u00e9renci\u00e9, particuli\u00e8rement adapt\u00e9 aux produits d'e-cigarette qui mettent l'accent sur l'exp\u00e9rience de l'utilisateur.<\/p>\n<h3 id=\"-4-fusion-of-natural-elements-sea-water-droplet-theme-design-\"><strong>4. Fusion d'\u00e9l\u00e9ments naturels : conception du th\u00e8me des gouttelettes d'eau de mer<\/strong><\/h3>\n<p>La surface de la bo\u00eete comprend\u00a0<strong>gouttelettes d'eau dynamiques et imbrication de l'ombre et de la lumi\u00e8re<\/strong>\u00a0Il simule l'\u00e9coulement de gouttes d'eau gr\u00e2ce \u00e0 l'impression en d\u00e9grad\u00e9 et \u00e0 la technologie des films partiellement UV ou laser, v\u00e9hiculant ainsi le concept de protection de l'environnement et de puret\u00e9 de la marque. Ce design peut \u00eatre adapt\u00e9 \u00e0 des th\u00e8mes tels que la protection marine et un mode de vie sain, ce qui correspond \u00e0 la tendance de l'industrie de l'e-cigarette \u00e0 \u00e9voluer vers une orientation respectueuse de la nature.<\/p>\n<h3 id=\"-5-holiday-theme-customization-seasonal-elements-enhance-marketing-value-\"><strong>5. Personnalisation du th\u00e8me des f\u00eates : les \u00e9l\u00e9ments saisonniers renforcent la valeur marketing<\/strong><\/h3>\n<p>Soutien\u00a0<strong>Flocons de neige de No\u00ebl, lanternes de la f\u00eate du printemps, c\u0153urs de la Saint-Valentin<\/strong>\u00a0et d'autres th\u00e8mes de vacances, et permettent un remplacement rapide gr\u00e2ce \u00e0 des inserts rempla\u00e7ables, \u00e0 un marquage \u00e0 chaud au laser ou \u00e0 une impression partielle en couleur. Par exemple, le mod\u00e8le de No\u00ebl peut \u00eatre assorti d'un gaufrage de flocon de neige tridimensionnel et d'un fond rouge d\u00e9grad\u00e9, tandis que le mod\u00e8le de la F\u00eate du Printemps incorpore des lanternes marqu\u00e9es \u00e0 chaud et des motifs de nuages de bon augure pour renforcer les attributs des cadeaux de vacances.<\/p>\n<h3 id=\"-6-r-d-strength-innovative-ability-to-keep-up-with-industry-trends-\"><strong>6. Force de R&amp;D : capacit\u00e9 d'innovation pour suivre les tendances de l'industrie<\/strong><\/h3>\n<p>L'\u00e9quipe est compos\u00e9e de\u00a0<strong>des experts en conception d'emballages avec plus de 16 ans d'exp\u00e9rience<\/strong>Le produit est con\u00e7u par des sp\u00e9cialistes qui \u00e9tudient en profondeur les tendances de l'industrie de l'e-cigarette, telles que la structure d'ouverture \u00e0 l'\u00e9preuve des enfants et l'utilisation de mat\u00e9riaux respectueux de l'environnement. L'it\u00e9ration rapide est obtenue gr\u00e2ce \u00e0 la conception modulaire, par exemple en rempla\u00e7ant les couvercles sup\u00e9rieur et inf\u00e9rieur traditionnels par une boucle magn\u00e9tique cach\u00e9e, en tenant compte \u00e0 la fois de la s\u00e9curit\u00e9 et de l'aspect technologique.<\/p>\n<h3 id=\"-7-industry-cooperation-mature-supply-chain-and-reputation-guarantee-\"><strong>7. Coop\u00e9ration industrielle : cha\u00eene d'approvisionnement mature et garantie de r\u00e9putation<\/strong><\/h3>\n<p>Les clients de la coop\u00e9rative couvrent\u00a0<strong>RELX, MOTI, VAZO<\/strong>\u00a0et d'autres grandes marques, en offrant un service complet, de l'\u00e9preuve \u00e0 la production de masse.\u00a0<strong>Papier \u00e9cologique certifi\u00e9 FSC<\/strong>\u00a0et RoHS sont utilis\u00e9s pour garantir la conformit\u00e9 avec les exigences nationales et \u00e9trang\u00e8res en mati\u00e8re d'inspection de la qualit\u00e9. La personnalisation de petits lots est possible (minimum 500 pi\u00e8ces) et le cycle de livraison est r\u00e9duit \u00e0 12-15 jours.<\/p>","protected":false},"excerpt":{"rendered":"<p>Nous pouvons fournir<br \/>\n- Bo\u00eete cadeau pour le lancement d'une nouvelle marque d'e-cigarette<br \/>\n- Promotion pour les f\u00eates de fin d'ann\u00e9e : paquet en \u00e9dition limit\u00e9e<br \/>\n- Solutions d'emballage personnalis\u00e9es pour le commerce \u00e9lectronique transfrontalier, etc.<\/p>","protected":false},"featured_media":981,"template":"","meta":{"_kad_post_transparent":"default","_kad_post_title":"","_kad_post_layout":"default","_kad_post_sidebar_id":"","_kad_post_content_style":"default","_kad_post_vertical_padding":"default","_kad_post_feature":"","_kad_post_feature_position":"","_kad_post_header":false,"_kad_post_footer":false,"_kad_post_classname":""},"product_brand":[],"product_cat":[15,40,17],"product_tag":[295,366,367],"class_list":{"0":"post-975","1":"product","2":"type-product","3":"status-publish","4":"has-post-thumbnail","6":"product_cat-red-light-therapy","7":"product_cat-red-light-therapy-panel","8":"product_cat-services","9":"product_tag-child-resistant-box","10":"product_tag-customized-slider-box","11":"product_tag-rigid-boxes-wholesale","13":"first","14":"instock","15":"shipping-taxable","16":"product-type-simple","17":"entry","18":"content-bg","19":"loop-entry"},"_links":{"self":[{"href":"https:\/\/red-lighttherapy.com\/fr_fr\/wp-json\/wp\/v2\/product\/975","targetHints":{"allow":["GET"]}}],"collection":[{"href":"https:\/\/red-lighttherapy.com\/fr_fr\/wp-json\/wp\/v2\/product"}],"about":[{"href":"https:\/\/red-lighttherapy.com\/fr_fr\/wp-json\/wp\/v2\/types\/product"}],"wp:featuredmedia":[{"embeddable":true,"href":"https:\/\/red-lighttherapy.com\/fr_fr\/wp-json\/wp\/v2\/media\/981"}],"wp:attachment":[{"href":"https:\/\/red-lighttherapy.com\/fr_fr\/wp-json\/wp\/v2\/media?parent=975"}],"wp:term":[{"taxonomy":"product_brand","embeddable":true,"href":"https:\/\/red-lighttherapy.com\/fr_fr\/wp-json\/wp\/v2\/product_brand?post=975"},{"taxonomy":"product_cat","embeddable":true,"href":"https:\/\/red-lighttherapy.com\/fr_fr\/wp-json\/wp\/v2\/product_cat?post=975"},{"taxonomy":"product_tag","embeddable":true,"href":"https:\/\/red-lighttherapy.com\/fr_fr\/wp-json\/wp\/v2\/product_tag?post=975"}],"curies":[{"name":"wp","href":"https:\/\/api.w.org\/{rel}","templated":true}]}}