{"id":964,"date":"2025-04-15T13:02:38","date_gmt":"2025-04-15T13:02:38","guid":{"rendered":"https:\/\/red-lighttherapy.com\/?post_type=product&#038;p=964"},"modified":"2025-04-15T16:32:49","modified_gmt":"2025-04-15T16:32:49","slug":"exporter-unique-marble-paper-shopping-gift-bag-for-hair-wigs","status":"publish","type":"product","link":"https:\/\/red-lighttherapy.com\/fr_fr\/exporter-unique-marble-paper-shopping-gift-bag-for-hair-wigs\/","title":{"rendered":"Exporter Unique Marble Paper Shopping gift Bag for Hair Wigs (Sac cadeau en papier marbr\u00e9 pour perruques)"},"content":{"rendered":"<h2 id=\"-product-description-of-exporter-s-unique-marble-wig-special-eco-friendly-gift-bag-\"><strong>Description du produit Exporter's Unique Marble Wig Special Eco-friendly Gift Bag<\/strong><\/h2>\n<h2 id=\"-i-core-environmental-protection-concept-fsc-certification-and-degradable-characteristics-\"><strong>1. Concept fondamental de protection de l'environnement : Certification FSC et caract\u00e9ristiques d\u00e9gradables<\/strong><\/h2>\n<p>Ce produit est fabriqu\u00e9 \u00e0 partir de p\u00e2te \u00e0 papier \u00e9cologique certifi\u00e9e FSC, et les mati\u00e8res premi\u00e8res proviennent de for\u00eats g\u00e9r\u00e9es de mani\u00e8re continue afin de garantir que l'empreinte \u00e9cologique est inf\u00e9rieure \u00e0 la source. La p\u00e2te est fabriqu\u00e9e selon un processus de production propre et combin\u00e9e \u00e0 des additifs biod\u00e9gradables. Elle peut \u00eatre compl\u00e8tement d\u00e9compos\u00e9e en substances inoffensives en l'espace de 6 \u00e0 12 mois dans l'environnement naturel, \u00e9vitant ainsi le probl\u00e8me de pollution des plastiques traditionnels. Le corps du sac est imprim\u00e9 avec\u00a0<strong>encre v\u00e9g\u00e9tale \u00e0 base d'eau<\/strong>qui est non toxique et inoffensif, r\u00e9pond aux normes de protection de l'environnement REACH de l'UE et convient aux besoins d'emballage \u00e9cologique des produits de perruque haut de gamme.<\/p>\n<h2 id=\"-ii-innovative-process-die-cutting-creasing-and-flattening-design-\"><strong>2. Processus innovant : conception de la d\u00e9coupe, du rainage et de l'aplatissement<\/strong><\/h2>\n<ul>\n<li><strong>D\u00e9coupage et rainurage<\/strong>: Le bord du sac est parfaitement d\u00e9coup\u00e9 par un moule \u00e0 couteau en acier de haute pr\u00e9cision, combin\u00e9 \u00e0 une ligne de pr\u00e9-crispation pour garantir que le sac en papier s'ouvre et se ferme en douceur et que la structure est stable. La conception sp\u00e9ciale du sac \u00e0 fond carr\u00e9 am\u00e9liore la capacit\u00e9 de charge (peut transporter 5 kg de produits pond\u00e9reux), et l'\u00e9paisseur apr\u00e8s pliage n'est que de 2 cm, ce qui r\u00e9duit consid\u00e9rablement le volume de transport et permet d'\u00e9conomiser de l'argent.\u00a0<strong>plus de 40% des frais d'exp\u00e9dition<\/strong>.<\/li>\n<li><strong>Ligne de production automatis\u00e9e<\/strong>: Elle adopte une machine de d\u00e9coupe et de rainage enti\u00e8rement automatique, dot\u00e9e d'un syst\u00e8me de correction intelligent, et dispose d'une capacit\u00e9 de production horaire de\u00a0<strong>1,000,000<\/strong>Le syst\u00e8me de gestion de l'information de l'entreprise permet de passer rapidement d'une sp\u00e9cification \u00e0 l'autre afin de r\u00e9pondre aux besoins des commandes \u00e0 l'exportation \u00e0 grande \u00e9chelle.<\/li>\n<\/ul>\n<h2 id=\"-third-vision-and-touch-luxurious-marble-pattern-and-ergonomic-handle-\"><strong>3. Vision et toucher : motif en marbre luxueux et poign\u00e9e ergonomique<\/strong><\/h2>\n<ul>\n<li><strong>Motif de marbre blanc \u00e0 base de gris<\/strong>: Avec le gris mat comme base, il est assorti \u00e0 des textures blanches fluides. A travers\u00a0<strong>technologie d'impression \u00e0 plat<\/strong>Le sac en papier est recouvert d'un film mat respectueux de l'environnement, qui r\u00e9siste aux rayures, \u00e0 l'usure et \u00e0 la d\u00e9licatesse, et qui convient aux produits de perruque haut de gamme. La surface est recouverte d'un film mat respectueux de l'environnement, r\u00e9sistant aux rayures, \u00e0 l'usure et \u00e0 la d\u00e9licatesse, et adapt\u00e9 aux produits de perruque haut de gamme. Poign\u00e9e ergonomique : la poign\u00e9e est faite de fibres tiss\u00e9es, d'un diam\u00e8tre de 8 mm et d'une r\u00e9sistance \u00e0 la traction de 200 kg, ce qui est \u00e0 la fois doux et durable. La face interne de la poign\u00e9e adopte une texture antid\u00e9rapante ondul\u00e9e, qui s'adapte \u00e0 la courbe de la paume, et il n'y a pas de cicatrice lorsque l'on tient la poign\u00e9e pendant une longue p\u00e9riode, ce qui est con\u00e7u.<\/li>\n<\/ul>\n<h2 id=\"-fourth-efficient-production-and-quality-assurance-\"><strong>4. Production efficace et assurance de la qualit\u00e9<\/strong><\/h2>\n<ul>\n<li><strong>Technologie d'impression par imposition<\/strong>: Optimisation de l'utilisation de la mise en page gr\u00e2ce \u00e0 un logiciel de composition intelligent, r\u00e9duction de la g\u00e2che papier et augmentation du rendement d'impression d'une feuille \u00e0 99,5%. Prise en charge de l'impression combin\u00e9e de plusieurs lots de commandes, ce qui permet de r\u00e9duire le cycle de livraison \u00e0 72 heures.<\/li>\n<li><strong>Syst\u00e8me de contr\u00f4le de la qualit\u00e9<\/strong>: Inspection automatis\u00e9e de la qualit\u00e9 de l'ensemble du processus, y compris le contr\u00f4le de la tension, l'\u00e9talonnage de la diff\u00e9rence de couleur, les essais de r\u00e9sistance \u00e0 la charge, etc., afin de garantir que chaque lot de produits r\u00e9pond aux normes du syst\u00e8me de gestion de la qualit\u00e9 ISO 9001.<\/li>\n<\/ul>\n<h2 id=\"-application-scenarios-and-market-advantages-\"><strong>Sc\u00e9narios d'application et avantages commerciaux<\/strong><\/h2>\n<ul>\n<li><strong>Adaptabilit\u00e9 \u00e0 l'industrie de la perruque<\/strong>: La taille du sac peut \u00eatre personnalis\u00e9e et la doublure peut \u00eatre \u00e9quip\u00e9e d'une couche de coton anti-humidit\u00e9 pour prot\u00e9ger la forme et la brillance de la perruque.<\/li>\n<li><strong>Marque premium<\/strong>: La double b\u00e9n\u00e9diction des attributs de protection de l'environnement et de l'aspect luxueux aide la marque \u00e0 transmettre le concept de durabilit\u00e9 par le biais de l'emballage et \u00e0 renforcer la fid\u00e9lit\u00e9 des consommateurs finaux.<\/li>\n<\/ul>","protected":false},"excerpt":{"rendered":"<p>Le corps du sac est d\u00e9coup\u00e9 \u00e0 l'emporte-pi\u00e8ce et froiss\u00e9. Il est facile \u00e0 ouvrir et \u00e0 fermer et peut \u00eatre exp\u00e9di\u00e9 \u00e0 plat pour r\u00e9duire les frais d'exp\u00e9dition. Il est fabriqu\u00e9 en p\u00e2te \u00e0 papier \u00e9cologique certifi\u00e9e FSC, biod\u00e9gradable et respectueuse de l'environnement. Le motif marbr\u00e9 sur fond gris et les lignes blanches ajoutent une touche de luxe au sac en papier.<\/p>","protected":false},"featured_media":970,"template":"","meta":{"_kad_post_transparent":"default","_kad_post_title":"","_kad_post_layout":"default","_kad_post_sidebar_id":"","_kad_post_content_style":"default","_kad_post_vertical_padding":"default","_kad_post_feature":"","_kad_post_feature_position":"","_kad_post_header":false,"_kad_post_footer":false,"_kad_post_classname":""},"product_brand":[],"product_cat":[15,17],"product_tag":[373,371,372],"class_list":{"0":"post-964","1":"product","2":"type-product","3":"status-publish","4":"has-post-thumbnail","6":"product_cat-red-light-therapy","7":"product_cat-services","8":"product_tag-exporter-hair-wigs-bag","9":"product_tag-paper-shopping-bag-for-hair","10":"product_tag-unique-marble-paper-wigs-gift-bag","12":"first","13":"instock","14":"shipping-taxable","15":"product-type-simple","16":"entry","17":"content-bg","18":"loop-entry"},"_links":{"self":[{"href":"https:\/\/red-lighttherapy.com\/fr_fr\/wp-json\/wp\/v2\/product\/964","targetHints":{"allow":["GET"]}}],"collection":[{"href":"https:\/\/red-lighttherapy.com\/fr_fr\/wp-json\/wp\/v2\/product"}],"about":[{"href":"https:\/\/red-lighttherapy.com\/fr_fr\/wp-json\/wp\/v2\/types\/product"}],"wp:featuredmedia":[{"embeddable":true,"href":"https:\/\/red-lighttherapy.com\/fr_fr\/wp-json\/wp\/v2\/media\/970"}],"wp:attachment":[{"href":"https:\/\/red-lighttherapy.com\/fr_fr\/wp-json\/wp\/v2\/media?parent=964"}],"wp:term":[{"taxonomy":"product_brand","embeddable":true,"href":"https:\/\/red-lighttherapy.com\/fr_fr\/wp-json\/wp\/v2\/product_brand?post=964"},{"taxonomy":"product_cat","embeddable":true,"href":"https:\/\/red-lighttherapy.com\/fr_fr\/wp-json\/wp\/v2\/product_cat?post=964"},{"taxonomy":"product_tag","embeddable":true,"href":"https:\/\/red-lighttherapy.com\/fr_fr\/wp-json\/wp\/v2\/product_tag?post=964"}],"curies":[{"name":"wp","href":"https:\/\/api.w.org\/{rel}","templated":true}]}}