{"id":958,"date":"2025-04-15T12:25:07","date_gmt":"2025-04-15T12:25:07","guid":{"rendered":"https:\/\/red-lighttherapy.com\/?post_type=product&#038;p=958"},"modified":"2025-04-15T13:02:29","modified_gmt":"2025-04-15T13:02:29","slug":"distributor-eco-friendly-paper-shopping-bags-with-candle","status":"publish","type":"product","link":"https:\/\/red-lighttherapy.com\/fr_fr\/distributor-eco-friendly-paper-shopping-bags-with-candle\/","title":{"rendered":"Distributeur Sacs d'achat en papier \u00e9cologiques avec bougie"},"content":{"rendered":"<h2 id=\"-product-description-of-environmentally-friendly-candle-paper-shopping-bag-\"><strong>Description du sac \u00e0 provisions en papier \u00e9cologique pour bougies<\/strong><\/h2>\n<h2 id=\"1-color-and-texture-\">1.\u00a0<strong>Couleur et texture<\/strong><\/h2>\n<ul>\n<li><strong>Tonalit\u00e9 principale noir et or<\/strong>: L'utilisation d'une base noire mate, de lignes de marquage \u00e0 chaud et de textures g\u00e9om\u00e9triques, simulant l'effet de lumi\u00e8re et d'ombre tridimensionnel d'un motif de diamant de luxe, conf\u00e8re au sac en papier un sentiment de myst\u00e8re et de luxe.<\/li>\n<li><strong>Aspect l\u00e9ger et luxueux<\/strong>: Les lignes dor\u00e9es sont pr\u00e9sent\u00e9es gr\u00e2ce \u00e0 une technologie d'impression de pr\u00e9cision, contrastant avec la base noire. M\u00eame les sacs en papier abordables peuvent v\u00e9hiculer un luxe l\u00e9ger, adapt\u00e9 aux cadeaux de vacances et aux sc\u00e8nes de pr\u00e9sentation de bougies haut de gamme.<\/li>\n<\/ul>\n<h2 id=\"2-environmentally-friendly-materials-and-certification-\">2.\u00a0<strong>Mat\u00e9riaux respectueux de l'environnement et certification<\/strong><\/h2>\n<ul>\n<li><strong>Papier certifi\u00e9 FSC<\/strong>: S\u00e9lection de papier kraft ignifug\u00e9 certifi\u00e9 par les for\u00eats FSC, et les mati\u00e8res premi\u00e8res proviennent de for\u00eats g\u00e9r\u00e9es durablement afin de garantir que le processus de production respecte les normes de protection \u00e9cologique et de responsabilit\u00e9 sociale.<\/li>\n<li><strong>Garantie du syst\u00e8me de gestion ISO<\/strong>: L'usine a obtenu les certifications ISO 9001 (gestion de la qualit\u00e9) et ISO 14001 (gestion de l'environnement), et l'ensemble de la cha\u00eene, de l'approvisionnement en mati\u00e8res premi\u00e8res \u00e0 la production, est tra\u00e7able afin de garantir la s\u00e9curit\u00e9 des produits et la protection de l'environnement.<\/li>\n<\/ul>\n<h2 id=\"3-ergonomic-handle-design-\">3.\u00a0<strong>Poign\u00e9e ergonomique<\/strong><\/h2>\n<ul>\n<li><strong>Poign\u00e9e confortable<\/strong>: La largeur de la poign\u00e9e est optimis\u00e9e \u00e0 2,5 cm, et la couche interne de fibre composite \u00e9paissie s'adapte \u00e0 la courbe de la paume. Il n'y a pas de sensation de pincement lorsque la charge atteint 5 kg.<\/li>\n<li><strong>Structure renforc\u00e9e<\/strong>: La liaison entre la poign\u00e9e et le corps du sac adopte un processus de laminage \u00e0 double couche, qui a subi 2000 tests de charge afin de garantir qu'elle ne se brise pas facilement pendant le transport.<\/li>\n<\/ul>\n<h2 id=\"4-three-dimensional-decoration-and-practical-functions-\">4.\u00a0<strong>D\u00e9coration tridimensionnelle et fonctions pratiques<\/strong><\/h2>\n<ul>\n<li><strong>Accessoires pour rubans<\/strong>: Le ruban bicolore noir mat\/orchampagne peut \u00eatre enroul\u00e9 autour de la poign\u00e9e ou accroch\u00e9 \u00e0 la bouche du sac pour renforcer l'effet tridimensionnel et l'atmosph\u00e8re festive. Il convient aux mariages, \u00e0 Halloween et \u00e0 d'autres sc\u00e8nes.<\/li>\n<li><strong>Conception pliante et plate<\/strong>: L'\u00e9paisseur du sac en papier n'est que de 1,5 cm apr\u00e8s pliage, et le volume de chargement de 1000 pi\u00e8ces\/bo\u00eete r\u00e9duit 40% de l'espace par rapport \u00e0 l'emballage traditionnel, r\u00e9duisant ainsi les co\u00fbts de transport.<\/li>\n<\/ul>\n<h2 id=\"5-application-scenarios-and-advantages-\">5\u00a0<strong>Sc\u00e9narios d'application et avantages<\/strong><\/h2>\n<ul>\n<li><strong>Sc\u00e9narios applicables<\/strong>: Bo\u00eetes-cadeaux pour bougies de No\u00ebl, emballages de vente au d\u00e9tail haut de gamme, souvenirs de mariage, pr\u00e9sentoirs pour magasins pop-up de marque.<\/li>\n<li><strong>Avantages principaux<\/strong>:<\/li>\n<li><strong>Prime environnementale<\/strong>: La certification FSC et l'approbation du syst\u00e8me ISO, en accord avec les tendances de consommation ESG (environnement, soci\u00e9t\u00e9, gouvernance d'entreprise), renforcent l'image verte de la marque.<\/li>\n<li><strong>Optimisation des co\u00fbts<\/strong>: Les emballages plats r\u00e9duisent les co\u00fbts logistiques, les rubans et les processus d'impression permettent la personnalisation et r\u00e9pondent aux besoins des commandes de petits lots.<\/li>\n<\/ul>\n<h2 id=\"-fourth-technical-parameters-and-ordering-information-\"><strong>Quatri\u00e8mement, param\u00e8tres techniques et informations pour la commande<\/strong><\/h2>\n<table>\n<thead>\n<tr>\n<th>Projet<\/th>\n<th>D\u00e9tails des param\u00e8tres<\/th>\n<\/tr>\n<\/thead>\n<tbody>\n<tr>\n<td>Taille<\/td>\n<td>Personnalisation<\/td>\n<\/tr>\n<tr>\n<td>Support de charge<\/td>\n<td>\u22645kg<\/td>\n<\/tr>\n<tr>\n<td>Quantit\u00e9 minimale de commande<\/td>\n<td>500 (prend en charge les couleurs et les styles mixtes)<\/td>\n<\/tr>\n<tr>\n<td>Cycle de livraison<\/td>\n<td>7-15 jours (ajust\u00e9s en fonction des exigences de personnalisation)<\/td>\n<\/tr>\n<\/tbody>\n<\/table>","protected":false},"excerpt":{"rendered":"<p>Ce produit est bas\u00e9 sur le concept de base \"combiner l'esth\u00e9tique environnementale avec le pragmatisme\" et est con\u00e7u pour les marques de bougies haut de gamme, les cadeaux de No\u00ebl et les sc\u00e9narios de vente au d\u00e9tail de produits de luxe l\u00e9gers. Gr\u00e2ce \u00e0 l'harmonisation des couleurs noir et or et \u00e0 une fabrication respectueuse de l'environnement, il cr\u00e9e une solution d'emballage qui allie qualit\u00e9 visuelle et fonctionnalit\u00e9.<\/p>","protected":false},"featured_media":959,"template":"","meta":{"_kad_post_transparent":"default","_kad_post_title":"","_kad_post_layout":"default","_kad_post_sidebar_id":"","_kad_post_content_style":"default","_kad_post_vertical_padding":"default","_kad_post_feature":"","_kad_post_feature_position":"","_kad_post_header":false,"_kad_post_footer":false,"_kad_post_classname":""},"product_brand":[],"product_cat":[15,17],"product_tag":[365,364,363],"class_list":{"0":"post-958","1":"product","2":"type-product","3":"status-publish","4":"has-post-thumbnail","6":"product_cat-red-light-therapy","7":"product_cat-services","8":"product_tag-custom-candle-paper-bags-wholesale","9":"product_tag-eco-friendly-shopping-bags","10":"product_tag-paper-shopping-bags-with-candle","12":"first","13":"instock","14":"shipping-taxable","15":"product-type-simple","16":"entry","17":"content-bg","18":"loop-entry"},"_links":{"self":[{"href":"https:\/\/red-lighttherapy.com\/fr_fr\/wp-json\/wp\/v2\/product\/958","targetHints":{"allow":["GET"]}}],"collection":[{"href":"https:\/\/red-lighttherapy.com\/fr_fr\/wp-json\/wp\/v2\/product"}],"about":[{"href":"https:\/\/red-lighttherapy.com\/fr_fr\/wp-json\/wp\/v2\/types\/product"}],"wp:featuredmedia":[{"embeddable":true,"href":"https:\/\/red-lighttherapy.com\/fr_fr\/wp-json\/wp\/v2\/media\/959"}],"wp:attachment":[{"href":"https:\/\/red-lighttherapy.com\/fr_fr\/wp-json\/wp\/v2\/media?parent=958"}],"wp:term":[{"taxonomy":"product_brand","embeddable":true,"href":"https:\/\/red-lighttherapy.com\/fr_fr\/wp-json\/wp\/v2\/product_brand?post=958"},{"taxonomy":"product_cat","embeddable":true,"href":"https:\/\/red-lighttherapy.com\/fr_fr\/wp-json\/wp\/v2\/product_cat?post=958"},{"taxonomy":"product_tag","embeddable":true,"href":"https:\/\/red-lighttherapy.com\/fr_fr\/wp-json\/wp\/v2\/product_tag?post=958"}],"curies":[{"name":"wp","href":"https:\/\/api.w.org\/{rel}","templated":true}]}}