{"id":952,"date":"2025-04-15T11:34:00","date_gmt":"2025-04-15T11:34:00","guid":{"rendered":"https:\/\/red-lighttherapy.com\/?post_type=product&#038;p=952"},"modified":"2025-04-15T12:24:59","modified_gmt":"2025-04-15T12:24:59","slug":"dealers-custom-luxury-paper-shopping-gift-bags-for-clothing","status":"publish","type":"product","link":"https:\/\/red-lighttherapy.com\/fr_fr\/dealers-custom-luxury-paper-shopping-gift-bags-for-clothing\/","title":{"rendered":"Sacs cadeaux en papier personnalis\u00e9s pour v\u00eatements"},"content":{"rendered":"<h2>Sacs cadeaux en papier personnalis\u00e9s pour v\u00eatements<\/h2>\n<h2 id=\"1-color-and-visual-presentation-\">1.\u00a0<strong>Couleur et pr\u00e9sentation visuelle<\/strong><\/h2>\n<ul>\n<li>La couleur principale est\u00a0<strong>Carte de couleurs Pantone personnalis\u00e9e rose tendre<\/strong>\u00a0(prend en charge l'\u00e9talonnage des couleurs d'accompagnement CMYK\/Pantone), et l'option\u00a0<strong>proc\u00e9d\u00e9 d'impression offset en quadrichromie<\/strong>\u00a0permet une transition uniforme des couleurs, ce qui donne un effet visuel frais et \u00e9l\u00e9gant.<\/li>\n<li>La surface peut \u00eatre\u00a0<strong>rev\u00eatement mat\/brillant<\/strong>\u00a0pour am\u00e9liorer la r\u00e9sistance \u00e0 l'usure du papier tout en conservant un toucher d\u00e9licat.<\/li>\n<\/ul>\n<h2 id=\"2-light-luxury-craft-details-\">2.\u00a0<strong>D\u00e9tails de l'artisanat de luxe l\u00e9ger<\/strong><\/h2>\n<ul>\n<li><strong>Marquage \u00e0 chaud pr\u00e9cis de lignes dor\u00e9es sur le bord<\/strong>: Gr\u00e2ce \u00e0 l'utilisation d'une feuille de marquage \u00e0 chaud import\u00e9e d'Allemagne, l'erreur de ligne est contr\u00f4l\u00e9e \u00e0 0,5 mm pr\u00e8s pour am\u00e9liorer la texture micro-luxueuse.<\/li>\n<li><strong>Ruban en trois dimensions<\/strong>: Le contour tridimensionnel de l'arc est fa\u00e7onn\u00e9 par l'interm\u00e9diaire de l'outil d'enregistrement de l'arc.\u00a0<strong>Proc\u00e9d\u00e9 de gaufrage en 3D<\/strong>Le rev\u00eatement mat ou le proc\u00e9d\u00e9 UV local peuvent \u00eatre s\u00e9lectionn\u00e9s pour am\u00e9liorer le contraste de brillance, et il est plus avanc\u00e9 lorsqu'il est associ\u00e9 \u00e0 des lacets faits \u00e0 la main.<\/li>\n<\/ul>\n<h2 id=\"3-humanized-functional-design-\">3.\u00a0<strong>Conception fonctionnelle humanis\u00e9e<\/strong><\/h2>\n<ul>\n<li><strong>Poign\u00e9e antid\u00e9rapante en forme de vague<\/strong>: La corde est compos\u00e9e de\u00a0<strong>\u00e2me en nylon \u00e9pais + couche tress\u00e9e en fil de coton antid\u00e9rapant<\/strong>La zone de pr\u00e9hension est dot\u00e9e d'une rainure ondul\u00e9e pour disperser la pression de levage, et la capacit\u00e9 de charge peut atteindre 8 kg.<\/li>\n<li><strong>Structure de renforcement du fond<\/strong>: Cinq couches de carton composite (\u00e9paisseur 0,4-0,6 mm) avec\u00a0<strong>ligne d'adh\u00e9sif double couche<\/strong>\u00a0pour assurer la stabilit\u00e9 des objets lourds.<\/li>\n<\/ul>\n<h2 id=\"4-multiple-printing-processes-\">4.\u00a0<strong>Proc\u00e9d\u00e9s d'impression multiples<\/strong><\/h2>\n<ul>\n<li><strong>Gaufrage UV<\/strong>: Les images et les textes en relief sont tactiles et conviennent au renforcement du LOGO de la marque.<\/li>\n<li><strong>Proc\u00e9d\u00e9 de microperforation<\/strong>: Cr\u00e9e un effet de creux respirant, adapt\u00e9 aux besoins d'emballage des v\u00eatements d'\u00e9t\u00e9 l\u00e9gers et luxueux.<\/li>\n<li><strong>Technologie d'estampage \u00e0 froid<\/strong>: Les motifs de texture m\u00e9tallique peuvent \u00eatre r\u00e9alis\u00e9s sans temp\u00e9rature \u00e9lev\u00e9e, dans le respect de l'environnement et avec des papiers sp\u00e9ciaux.<\/li>\n<\/ul>\n<h2 id=\"5-suitable-for-multi-scene-design-\">5.\u00a0<strong>Convient \u00e0 la conception de sc\u00e8nes multiples<\/strong><\/h2>\n<ul>\n<li><strong>Souvenirs d'affaires<\/strong>: Il est possible d'imprimer des slogans d'entreprise et des num\u00e9ros par marquage \u00e0 chaud. Il est doubl\u00e9 de soie ou de flanelle pour renforcer le sens de la c\u00e9r\u00e9monie.<\/li>\n<li><strong>S\u00e9rie de mariages<\/strong>: Int\u00e8gre le gaufrage de la dentelle, le rev\u00eatement brillant des perles et d'autres \u00e9l\u00e9ments, permet le marquage \u00e0 chaud des noms des jeunes mari\u00e9s.<\/li>\n<\/ul>\n<h2 id=\"6-material-and-production-standards-\">6.\u00a0<strong>Normes en mati\u00e8re de mat\u00e9riaux et de production<\/strong><\/h2>\n<ul>\n<li><strong>S\u00e9lection du mat\u00e9riau de base<\/strong>Le carton blanc de 250 \u00e0 300 g (\u00e9paisseur de 0,31 \u00e0 0,4 mm) est recommand\u00e9, avec une reproduction \u00e9lev\u00e9e des couleurs ; ou le papier kraft blanc respectueux de l'environnement (120 \u00e0 200 g), qui convient aux marques de style naturel.<\/li>\n<li><strong>Normes de contr\u00f4le de la qualit\u00e9<\/strong>Les couleurs de l'impression peuvent \u00eatre diff\u00e9rentes de celles du papier : erreur \u22641mm, diff\u00e9rence de couleur d'impression \u0394E\u22643.0, certification ISO 12647-2 du syst\u00e8me de gestion de la couleur.<\/li>\n<li><strong>Cycle de production<\/strong>7-14 jours (y compris 3 confirmations d'avant-projet), pour une personnalisation acc\u00e9l\u00e9r\u00e9e.<\/li>\n<\/ul>","protected":false},"excerpt":{"rendered":"<p>Ce sac cadeau en papier pour v\u00eatements haut de gamme est con\u00e7u pour les marques de luxe l\u00e9g\u00e8res, le commerce de d\u00e9tail haut de gamme et les souvenirs d'entreprise. Il utilise\u00a0<strong>rose tendre fleur de cerisier<\/strong>\u00a0comme couleur principale, combin\u00e9e avec\u00a0<strong>lignes de marquage en or<\/strong>\u00a0et\u00a0<strong>n\u0153ud de ruban tridimensionnel<\/strong>\u00a0pour cr\u00e9er une solution d'emballage \u00e0 la fois artistique et pratique. Il prend en charge des services personnalis\u00e9s pour l'ensemble du processus et convient aux mariages, aux boutiques pop-up des marques, aux comptoirs de luxe et \u00e0 d'autres sc\u00e9narios.<\/p>","protected":false},"featured_media":957,"template":"","meta":{"_kad_post_transparent":"default","_kad_post_title":"","_kad_post_layout":"default","_kad_post_sidebar_id":"","_kad_post_content_style":"default","_kad_post_vertical_padding":"default","_kad_post_feature":"","_kad_post_feature_position":"","_kad_post_header":false,"_kad_post_footer":false,"_kad_post_classname":""},"product_brand":[],"product_cat":[15,30,17],"product_tag":[361,362,360],"class_list":{"0":"post-952","1":"product","2":"type-product","3":"status-publish","4":"has-post-thumbnail","6":"product_cat-red-light-therapy","7":"product_cat-dropshipping","8":"product_cat-services","9":"product_tag-custom-clothing-gift-bags","10":"product_tag-dealers-shopping-gift-bags","11":"product_tag-paper-shopping-bags-for-clothing","13":"first","14":"instock","15":"shipping-taxable","16":"product-type-simple","17":"entry","18":"content-bg","19":"loop-entry"},"_links":{"self":[{"href":"https:\/\/red-lighttherapy.com\/fr_fr\/wp-json\/wp\/v2\/product\/952","targetHints":{"allow":["GET"]}}],"collection":[{"href":"https:\/\/red-lighttherapy.com\/fr_fr\/wp-json\/wp\/v2\/product"}],"about":[{"href":"https:\/\/red-lighttherapy.com\/fr_fr\/wp-json\/wp\/v2\/types\/product"}],"wp:featuredmedia":[{"embeddable":true,"href":"https:\/\/red-lighttherapy.com\/fr_fr\/wp-json\/wp\/v2\/media\/957"}],"wp:attachment":[{"href":"https:\/\/red-lighttherapy.com\/fr_fr\/wp-json\/wp\/v2\/media?parent=952"}],"wp:term":[{"taxonomy":"product_brand","embeddable":true,"href":"https:\/\/red-lighttherapy.com\/fr_fr\/wp-json\/wp\/v2\/product_brand?post=952"},{"taxonomy":"product_cat","embeddable":true,"href":"https:\/\/red-lighttherapy.com\/fr_fr\/wp-json\/wp\/v2\/product_cat?post=952"},{"taxonomy":"product_tag","embeddable":true,"href":"https:\/\/red-lighttherapy.com\/fr_fr\/wp-json\/wp\/v2\/product_tag?post=952"}],"curies":[{"name":"wp","href":"https:\/\/api.w.org\/{rel}","templated":true}]}}